{"id":102,"date":"2019-05-29T10:59:38","date_gmt":"2019-05-29T13:59:38","guid":{"rendered":"http:\/\/uniremunicipios.com.ar\/manual\/?page_id=102"},"modified":"2021-08-17T16:39:45","modified_gmt":"2021-08-17T19:39:45","slug":"generalidades","status":"publish","type":"page","link":"https:\/\/uniremunicipios.com.ar\/manual\/?page_id=102","title":{"rendered":"Generalidades"},"content":{"rendered":"\r\n<p><iframe loading=\"lazy\" title=\"Tribunal de Faltas  - Clase I\" width=\"500\" height=\"281\" src=\"https:\/\/www.youtube.com\/embed\/ubpuo4OMhPs?feature=oembed\" frameborder=\"0\" allow=\"accelerometer; autoplay; clipboard-write; encrypted-media; gyroscope; picture-in-picture; web-share\" referrerpolicy=\"strict-origin-when-cross-origin\" allowfullscreen><\/iframe><\/p>\r\n<p><iframe loading=\"lazy\" title=\"Trib. de Faltas - Tipo de infraccion\" width=\"500\" height=\"281\" src=\"https:\/\/www.youtube.com\/embed\/fiSMFgiMvAw?feature=oembed\" frameborder=\"0\" allow=\"accelerometer; autoplay; clipboard-write; encrypted-media; gyroscope; picture-in-picture; web-share\" referrerpolicy=\"strict-origin-when-cross-origin\" allowfullscreen><\/iframe><\/p>\r\n<p>Cuando se ingresa a la ventana de este m\u00f3dulo se presenta los siguientes men\u00fas:<\/p>\r\n<p>&nbsp;<\/p>\r\n\r\n\r\n\r\n<figure class=\"wp-block-image\"><img decoding=\"async\" src=\"http:\/\/www.uniremunicipios.com.ar\/lib\/NewItem233.png\" alt=\"\" \/><img loading=\"lazy\" decoding=\"async\" width=\"363\" height=\"104\" class=\"alignnone wp-image-2837 size-full\" src=\"http:\/\/uniremunicipios.com.ar\/manual\/wp-content\/uploads\/2021\/08\/Pasted-into-Generalidades.png\" srcset=\"https:\/\/uniremunicipios.com.ar\/manual\/wp-content\/uploads\/2021\/08\/Pasted-into-Generalidades.png 363w, https:\/\/uniremunicipios.com.ar\/manual\/wp-content\/uploads\/2021\/08\/Pasted-into-Generalidades-300x86.png 300w\" sizes=\"auto, (max-width: 363px) 100vw, 363px\" \/><\/figure>\r\n\r\n\r\n\r\n<p>En la primer pesta\u00f1a es en el cual se laboran todas las infracciones que se registren en el Municipio, as\u00ed como tambi\u00e9n las funciones que le suceden a dichas actuaciones.<\/p>\r\n\r\n\r\n\r\n<figure class=\"wp-block-image\"><img decoding=\"async\" src=\"http:\/\/www.uniremunicipios.com.ar\/lib\/NewItem232.png\" alt=\"\" \/><\/figure>\r\n\r\n\r\n\r\n<p>En la segunda pesta\u00f1a se registran los distintos movimientos que se producen en el secuestro de veh\u00edculos y la entrega de los mismos.<\/p>\r\n\r\n\r\n\r\n<figure class=\"wp-block-image\"><img loading=\"lazy\" decoding=\"async\" width=\"237\" height=\"92\" class=\"alignnone wp-image-2838 size-full\" src=\"http:\/\/uniremunicipios.com.ar\/manual\/wp-content\/uploads\/2021\/08\/Pasted-into-Generalidades-1.png\" \/><img decoding=\"async\" src=\"http:\/\/www.uniremunicipios.com.ar\/lib\/NewItem231.png\" alt=\"\" \/><\/figure>\r\n\r\n\r\n\r\n<p>\u00a0el primer detalle es donde se registra el secuestro del veh\u00edculo, con los detalles correspondientes.<\/p>\r\n\r\n\r\n\r\n<p>Para el caso que el propietario y\/o infractor recupere su veh\u00edculo cambiando el ESTADO pasa al segundo men\u00fa, veh\u00edculos secuestrados (devueltos).<\/p>\r\n\r\n\r\n\r\n<p>Y la tercera opci\u00f3n es para dar de alta los lugares de dep\u00f3sito de los elementos secuestrados.<\/p>\r\n\r\n\r\n\r\n<p>En la tercer pesta\u00f1a (tablas) se clasifican los datos que se utilizar\u00e1n para los c\u00e1lculos y registraci\u00f3n de todas las infracciones inventariadas.<\/p>\r\n<p><img loading=\"lazy\" decoding=\"async\" width=\"221\" height=\"315\" class=\"alignnone wp-image-2840 size-full\" src=\"http:\/\/uniremunicipios.com.ar\/manual\/wp-content\/uploads\/2021\/08\/Pasted-into-Generalidades-3.png\" srcset=\"https:\/\/uniremunicipios.com.ar\/manual\/wp-content\/uploads\/2021\/08\/Pasted-into-Generalidades-3.png 221w, https:\/\/uniremunicipios.com.ar\/manual\/wp-content\/uploads\/2021\/08\/Pasted-into-Generalidades-3-210x300.png 210w\" sizes=\"auto, (max-width: 221px) 100vw, 221px\" \/><\/p>\r\n\r\n\r\n\r\n<p>En veh\u00edculos, se puede clasificar seg\u00fan la modalidad de uso del municipio.<\/p>\r\n\r\n\r\n\r\n<p>Los tipos de infracciones se define por lo general en TRANSITO, INMUEBLES, COMERCIOS, etc.<\/p>\r\n\r\n\r\n\r\n<p>Los motivos son aquellos que figuran en la ordenanza general y que se encuentran en concordancia con los art\u00edculos a nivel nacional.<\/p>\r\n\r\n\r\n\r\n<p>Para tener en cuenta:<\/p>\r\n\r\n\r\n\r\n<p>Una vez definido el tipo de infracci\u00f3n es necesario completar cada una de las pesta\u00f1as que presenta:<\/p>\r\n\r\n\r\n\r\n<figure class=\"wp-block-image\"><img decoding=\"async\" src=\"data:image\/png;base64,iVBORw0KGgoAAAANSUhEUgAAATAAAAGbCAYAAABDIMzeAAAgAElEQVR4Ae2dS7Akx1WG+8paEBjbYGOwjYMIXjYgGckGI+082nnphdZsWWDADx6GzcxsQLyMALFgy1oLLbWb8U4yYDRYAswzggAbGwx+YIKAgKFPd\/\/d557JqurqemVWfiX1zcyTJ0+e\/LL6v1V17+25evWVl+4\/8tgTGw4IQAACpRF4WAm\/du9lVSkhAAEIFEHgKGCW7Y8\/\/YfXkr66subuy86+b59s19pbt5OnDbtqbh8cjx6N7X2c3eRWtcrpi6vuA5zy2Tv69m6uwzy7Xhenub2Pc+q32vZoW9uu39I8THYsjpV9CH31Zpfwznz64tZ6iH0Yt59u27jW3lp9LBdn53\/03VdOrrG9j3N03092WltsHxwPUY45Jds745HSwTe2zbx13Aew2RJtM54cTtW9rbl9iHYauovjm\/upnWVbPWZ4MO+LXYdP83qsndNxpAXZHUeLbx\/q++y2X08L2A\/z7aPvvuK6bKAf+mB7O+Q4\/2Ey3z7F2jkq5V0ca+xntIHbY+t8bB8qR0tjez9uN96qVjlNemjvjPbFde0DyvWhXS9fIAABCBRIAAErcNNIGQIQ2BNAwDgTIACBYglcewY25Sq+8tqzu\/Df9shHHpjm3z7720fbW97zsWN9jsrn\/+iZ3TTf9eOfmGM65oAABEYkkBSwb\/z17++m+JZ3\/dQDU339c8\/tbG94908\/0Heu4d9f3YvZmx\/96ObfXt2L15vf89Htg7urzZc\/+8ldmLf8yLhC9oU\/+bVd3Lf\/2C8e05R4veP9n3APCY\/dVCAAgcwJJAVMOf\/HX\/3+5lve9WE1NxKvo+HCyrc9ur8KO\/6kwsXZXYEdfnLhzIOrb\/\/RrXCFuCZcHBCAQLkEWgXMlvUff\/XcTsSsTB1f+8vfu2Z+0w\/9zLH9lT\/\/nWPdV\/wVmOx2G2niFa\/A\/vXeb8llV7718Y\/vyn955Tev2b\/jvT9\/bH\/xM79xrFvlbT\/6C5t4Bfb5P9pfkclRt5D\/9OlflelYvvOJXz7WqUAAAvkQaHyI\/\/ofON0+Srze8O7T1ZgtQeL1xh\/8mc0bD8L11b\/43d3qvnoQr2\/94Z\/d2KvrsFvIePzrn+1vJ7\/9sY9v7PXW7UvHWx\/\/uc132Ou9P7czfelP96Il8frO9\/3CTrhMvOLxhT\/ei5ddgekq7J8+vX8WJt93PvFLG3vZ8Y8v\/4rMlBCAQEYEWq\/A7BmY3UbaYbeS+uWxHPKPV2A55EQOEIDAvARaBcxS8c\/A5k2teTaJl12B2XOtL\/3p9dvJ5pH0QAACayLQeAu5pkWyFghAYJ0EOq\/A2pb9xh\/86d1zsK\/95f65l\/nqIf6bts+97DlY04P8trjq+\/btr1LYczD\/IN8e4tvzL7sK+1J4kG\/jvvN9P7+x52Bf\/MyvK8zuWdixsa3Yr1LYczD9GoX17R\/ihx9T+kHUIQCB7Ahc6eN07NMo+GPuk4Cdnvftbaf2dg+3jZNnqm13tgePY3Gs7E6CfWv71ZvdJDvz6cve7ei7rRzqFmw317X2PqfdRMfqyeE0zd7W3N4PPo209mG+Y3DXPjgeou58zS3Z3hmPlA5OsX2IfYi7j7VtXGvbBCfDqbq3NbcP0U5Dd3F8s+9ar4+Na4ntw9r2adjX7XTbCC7IrnpawL7Lt4+++4rr2kc79h+i+\/a27jLazevbp1g7R5dWbNtUbuRhjqOlsb0fZ5nZsXM7TXpoH3vcFu8DypVbyB0+vkAAAiUSQMBK3DVyhgAEdgQQME4ECECgWAIIWLFbR+IQgMC1n0J++vmfgAgEIACBYghwBVbMVpEoBCAQCSBgkQhtCECgGAIIWDFbRaIQgEAkgIBFIrQhAIFiCCBgxWwViUIAApEAAhaJ0IYABIohgIAVs1UkCgEIRAIIWCRCGwIQKIYAAlbMVpEoBCAQCSBgkQhtCECgGAIIWDFbRaIQgEAkgIBFIrQhAIFiCCBgxWwViUIAApEAAhaJ0IYABIohgIAVs1UkCgEIRAIIWCRCGwIQKIYAAlbMVpEoBCAQCSBgkQhtCECgGAIIWDFbRaIQgEAkgIBFIrQhAIFiCCBgxWwViUIAApEAAhaJ0IYABIohgIAVs1UkCgEIRAIIWCRCGwIQKIYAAlbMVpEoBCAQCSBgkQhtCECgGAIIWDFbRaIQgEAkgIBFIrQhAIFiCCBgxWwViUIAApEAAhaJ0IYABIohgIAVs1UkCgEIRAIIWCRCGwIQKIYAAlbMVpEoBCAQCSBgkQhtCECgGAIIWDFbRaIQgEAkgIBFIrQhAIFiCCBgxWwViUIAApEAAhaJ0IYABIohgIAVs1UkCgEIRAIIWCRCGwIQKIYAAlbMVpEoBCAQCSBgkQhtCECgGAIIWDFbRaIQgEAkgIBFIrQhAIFiCCBgxWwViUIAApEAAhaJ0IYABIohgIAVs1UkCgEIRAIIWCRCGwIQKIYAAlbMVpEoBCAQCSBgkQhtCECgGAIIWDFbRaIQgEAkgIBFIrQhAIFiCCBgxWwViUIAApEAAhaJ0IYABIoh8PCcmT7y2BNzTnfxXK\/de\/nisQyEAATmIzCbgJl4lSIMH\/7IJzbPPfvMfLvATBCAwEUEZrmFLEm8jOKNGzc2pVwtXrTrDILASgjMImAlsnrqqadKTJucIVAVAQSsqu1msRBYF4HZnoF1YXv08ScfcHn1lZd2NutT\/QEnDBCAQLUEshEwCVRKrNRX7S6xcAhAIEmAW8gkFowQgEAJBLK5AmuDpauyeJvpr8x8n7e3xaUPAhAom0ARAuYRe3Hywpay+3HUIQCB9RHgFnJ9e8qKIFANAQSsmq1moRBYHwEEbH17yoogUA2B4p6BpR7W2\/OvlL2aXWShEKiUQHYC5h\/Ga0+8zdfVb2WT3ftQhwAE1kWAW8h17SergUBVBIoSMK6yqjo3WSwEOgkUJWCdq8EBAhCoigACVtV2s1gIrIsAArau\/WQ1EKiKQHY\/hcyJPp\/KmtNukAsEHiSAgD3IZPP0hz64e5XyGf6JJWCCQBUEuIWsYptZJATWSQABW+e+sioIVEEAAatim1kkBNZJAAFb576yKghUQQABq2KbWSQE1kkAAVvnvrIqCFRBAAGrYptZJATWSQABW+e+sioIVEGAX2Rd0TY\/\/8KLK1oNS4FANwEErJtRUR53794tKl+ShcAQAgjYEHqZjr1z506mmZEWBMYlwDOwcXkSDQIQmJEAAjYjbKaCAATGJcAt5Lg8s4t2dXX1QE7379\/f2dr6\/CDz0xjZz7H5+H68H+t9FDv6ym6l7\/N26nUSQMBWvu96w3vR8EtWv2xNfur3ZZtv7IttxdH8qf5zbYpFWR8BbiHr2\/NeK5aIWDnkkFANicFYCEQCCFgkQvtsAiZKQ4Xt7MlwhECCALeQCSg1maIA+SslXX0ZD4mV72\/jJH\/5nDtO\/pQQOIcAAnYOpRX7RGHxonXOsiVUMY6N9ba+cc+ZGx8IIGCcA60E4hVaylkilurDBoEpCSBgU9ItOHbTFVOTPS71XL84jjYE+hBAwPrQwreRQLwKS7UbBzd0xBjmZjYOCIgAAiYSKy9Tb\/w2W6rPEMmu0mOLttiWb8qesvn5NJYSAp7A6n6N4tHHn9z4l1\/sFHWb65IjNS5luyQ2YyBQC4FVXoG9+spLx\/0zUfDtY8dIlUtjx3FT5znScgkDgawIrO4KLNI1oSjhyiYKWlwHbQhA4EECq7wCe3CZ1y1e0LxwyJ6yWQTZvZ\/VzS6bZpKvtX2f7BrX1a+xGqf4Gpeyex\/qEFgzgeoEzAuHbazaKpts3m71lHB4m+KptDF29Gl7X1\/fR0rnoD5KCNRAoDoBs001MYiHiY9EwguR92uye5+uep8YfXy75qUfAmskUKWANQmD2SVia9xs1gSBtRFYvYB1CZL6VbaJmHyGnARjxGib\/7lnn9m8du\/lNhf6ILAaAqsUMBMJHfFqSwIV+71dY7zN\/GXX2Fim5u2K0dUf5\/DtKIY3b9703dQhsHoCV9s30P1HHnti0u\/aU8fPYZeimOSQEzlAYO0EVv97YGvfQNYHgZoJIGAj7X7X7eVI0xAGAhBwBBAwB4MqBCBQFgEErKz9IlsIQMARQMAcDKoQgEBZBBCwsvaLbCEAAUcAAXMwqEIAAmURQMDK2i+yhQAEHAEEzMGgCgEIlEUAAStrv8gWAhBwBBAwB4MqBCBQFgEErKz9IlsIQMARQMAcDKoQgEBZBBCwsvaLbCEAAUcAAXMwqEIAAmURWOUHGpa1BeNl+\/wLL44XjEgXEbAPlbz0E3Htc\/PmOm7fvr15+kMfnGu6yeZBwCZDu0zgu3fvLjMxs27s47yHHpeK39B5Sx2PgJW6cy1537lzp6WXrqkIzCE+usqOV09N9qnWmktcBCyXnSAPCHQQkEj5f\/vAbgX9YT5R3Hz\/2uo8xF\/bjrKeaghE8dLC53yWpjmXKrkCW4o882ZFYI7bvzEWrKuvJvEaY46SYnAFVtJukeuiBJ5\/\/MXkv+o+dVJ2W+hvDbvEtiZx4wosnH3+33ZUF\/9gh0jUW5p4bW5t\/7916yhic58XujXUs7C23ajhnzK09SNgibMgnphT\/5uPU8dPLBFTDwISLxMwO24dKvpmF8+Xvdc0X2u6ujqHIAJ2DiV8qiUQxcuDWFLIfB411xGwC3Zf33ltqL77epu3W933RX\/f9nUbZ4ds+9b+q8VL2b0P9eEEonjdvH\/rGHT32wu39m0TMonZ0YHKLAQQsARmLzjW7cUiiodvp\/x8v8Xybe+vuu+P\/ta2Q777Fl+nIBDFa\/vwayPRMiHb\/sXQ5vat\/cxTi5f9Xpc907LbR6s3PQOzn1Caj35SOQWX3GIiYIkdiQKREpXEsNFMNh\/HcgQeEC9LZStgT7+yFZKb+725fXVrl+Du2mvbZw\/3pzz0k0f9NDKKmMRLOchf7bWW\/BrFBTtrAudfF4RoHeJjRzFtHUjnYAJJ8dpGtauu5194cmPCFcVrrt981zwSMS02ildND\/oRMJ0FF5ZTXy1NHf\/CZa96mF1N2X\/+2ImWu8rSlZdEJfr7sVPU9SsVTbG7+pvGlWZ\/uLSEl87Xroi8qPgrpJS9zV9rkY+Vqvs+1VXaPObHMQ0B3Q4eyyBmUbzsqs1sT2+m\/3gaE0w9D9PqdcXlr8T0vEw+ay0RsLCzKWGItthWiD726Ovbvq7Yvuzq977ULyPgH4R7IWsSL\/lcNlu\/UfZ8S0LmR0q09Hws3mp637XUEbC17CTrGIXATqC2V1MmEl7ELLiJlL1026grL7MtccQH9ZaXRKsWEXt4CfBrnJOronXsqu2j3aKbKNnLRMELWS7i1UQ7JWJ2yxnFrml8aXYe4pe2Y+Q7OQETMXuZgJmY2a2ZvyJLXXlJ2CZP7swJanmIj4CdeULgVh+BlJCVIF4mpnoetvZd4xZy7TvM+gYTMCGzQz9ltiszHbldeSkvK+0qTM\/CvH1NdQRsTbu5XYv9wxJrfd6x9FZJyJbO45z5JawqzxlTog8CVuKuNeTsHzY3uGDOmIDd9o156OpL5Zixc4mFgOWyEyPkwZXXCBAXDLH2q6Up0PIQfwqqxIQABGYhgIDNgplJIACBKQggYFNQJSYEIDALAQRsFsxMAgEITEEAAZuCKjEhAIFZCCBgs2BmEghAYAoCCNgUVIkJAQjMQoDfA5sFM5NAYP0ElviFWQRs\/ecVK4TAbATu3r0721w2EQI2K24mg8D6Cdy5c2e2RfIMbDbUTAQBCIxNAAEbmyjxIACB2QggYLOhZiIIQGBsAjwDG5so8SAAgQcIXF1dbe7fv5+0e2P0SY0zmw6uwERiptI+1dO\/Zpo262n0SadLJan5VS6VxxTz5rwmiZOJll5enNp4yJ8rsDZKI\/fZyRQ\/1TNlG3na7MNFJnMnvPT8Wu8U50IOa5NQqdR6U6W\/ApO\/ypQ\/V2ApKjPacjjBZlwuU0FgVAJcgY2Kc1gwf7kvYZMttjVTyi6bfFQqltry83Zvs7r6ZLexsllddtli2\/tYXX7ebra2cerXWPlaDB2xT23r9\/4pu9nkk+q3GE1269MhH8Uyu2xWl91sVlef7PJXW\/19xpqvHT6Gr+97T\/1qW6m8vG1o3V892dWVb7fF9n6pcdZvBwLWRnHmPp1oNq0\/mWT3NvmolE+qnbLpzZGKqVi+T3WVFtMO39Y4s\/u6fFRavx192t7X1\/eR9l81Z+xXW6XGxLbZFcPq6ldpNjtiO9rUr3I3KIzzfb6u+b2tKb63t\/lrfsX249Rnpe\/39hzrutVEwDLaHTsJlzia5m06oZv8fe7n+DTF93FU7+NrY8aeX3k0lZafzWmlz7UpD+\/TFHPI2FT8pnhN849l19VS33jnjEPA+lKdyF8nv8LPebKlTnblkSq7\/Jdci\/LtylF+Y5Y2Z1z7kDyGjI3rinnNcX7520CfT5PdfCRausLqGsdDfE9ogfocJ1KfZfXNp6+\/z2XIWB+nq940T5O9K16qX7EkYm0+qb4um+J3+am\/r7\/GzVnq2ZaJll4p4WrLiSuwNjoj96VObn2XTfXF6Zt8ol0x\/fjoo75oT42Vr5Xn+EcfjY\/2OFdXv+J0lU1xmuw+nn\/jK79zxnmfPuP83IphperqV0y1Y9nlH\/vjeGvb2rvmSY1rsjWJkbf7uuKkbNYnu0qzXW0Tvm\/\/BPmU\/6bg1PFtITUeQ064IWNrZM2auwnY54HZx+nM+WkUXIF170s2Hv7qwJLq891yyNhsAJAIBAIBBCwAybnZR7DiOoaMjbFoQyAXAghYLjtBHhBYAYHnnn1m0sdRERECFonQhgAELiJw8+bNi8YNGYSADaHHWAhA4Ehgyh8EHicJFX4PLAChCQEIlEMAAStnr8gUAhAIBBCwAIQmBCBQDgEErJy9IlMIQCAQQMACEJoQgEA5BBCwcvaKTCEAgUAAAQtAaEIAAuUQQMDK2SsyhQAEAgEELAChCQEIlEMAAStnr8gUAhAIBBCwAIQmBCBQDgEErJy9IlMIQCAQQMACEJoQgEA5BBCwcvaKTCEAgUAAAQtAaEIAAuUQQMDK2SsyhQAEAgEELAChCQEIlEMAAStnr8gUAhAIBBCwAIQmBCBQDgEErJy9IlMIQCAQQMACEJoQgEA5BBCwcvaKTCEAgUAAAQtAaEIAAuUQQMDK2SsyhQAEAgEELAChCQEIlEMAAStnr8gUAhAIBB4ObZoFE3j+hRcLzp7UIdCfAALWn1nWI+7evZt1fiQHgTEJIGAX0Hz08SePo1595aVjvali\/uf4NY3va79z507fIfhDoEgCCFjPbYtiFNs9w+EOAQgMIMBD\/AHwbOicV1YDU2U4BFZHgCuwkbe06fYyZZdNIqi2pSSbT8\/6U3bvQx0CNRFAwHrutglIk9BEgfFtLzwpu7dZSrFtNh\/D2hwQqJ0AAnbBGeCFJCU0F4TcDbFYYx5XV1fHcPfv39\/49rEjVKJfV1vDzU9HnKcrRqpfsVT6mH4u61ef4sR+xTi3VDz5K160+\/5Un8bJTz6pPNVnvhoXbbFtvrJpjNl0+D6rN\/lEux+XitVms7628RrbNKf1+76mvBUHAROJDEovjGOkYyeCPwFi2\/fZfP7E831xnE4w76N8o61PzDi2LWYqB82lcZeWcb3KK9otvuZs6jsnT8VXvmorpuxqK6bZZZOPSsWwtnJUX1eZipmyWRyfi7U1b2rO6Gv+dmjMvtXvKw\/x+\/G6dvvYc2gv97Gvxtom18nWdIK1je3qmyJm05w211zzDWE2Zp568yufFJum+TQ2jpE9xrQ4ssknju3b7orj50zF5gosRaXFZldJXlz8VVNbX9MYTdU2Vj4Ww88ne1upE8CX3l8npLep3tYnn6VLrUt5WHvq4xIuQ\/LU2D5r0xix6DNWY1Kl4qbidYmRuMWxstt8sS+Vg7chYJ7GmfU2EUn1pWw2VbTHdkynqz\/6n9PWCZny9SeTP8lSvkvaYp6+PSQvrTnGs7b6YnxvT42Tv\/nFfvWNVfr4U8\/XFb8tl7a+LhbcQnYRqqDfn0C5LNcLwVI5GZcmNm32pr6x1yFGsRwyT4yltmJa29YX7dZvNr3U1ripSgRsKrIZxdUJ1\/XGSp2UQ5cxRUyfk3\/DeLuvn+Pj\/fvUm9Yn5oo1NIcYT3HNrpdsVg6ZT\/Gs9IfFlM1Kv3Y\/xvsoFx9nzDq3kGPSLCiWTj6VPnXZrPQnamzbGPn6k1Y265dd9aY+2VWavw6fg9l8TLU1Lvb5GKp3lYplpY\/n7TGG79MYK30MtW2sfFTXeLWtlM3HMLsdsS+2zadpPutLHTGGb6f8zWY+fi2yqbQ+n4fZvX9bn\/l2HQhYF6GV9PuTxpYU236Zsa+r7cf2ja2xcQ7ZVTb1y65S\/ir1JlT7nLIpVpPdYjb1yR7LmIf6vT3afNvXU\/OrX6WPq7r1eQGKvrGtcSqb+lP2lK0rjvX7\/OTvS24hPQ3qqyTQ9uZZ5YIrWhQCVtFm17hUxKt913Pn05UfAta+v\/RCAAIZE0DAMt4cUoMABNoJIGDtfOiFAAQyJoCAZbw5pAYBCLQTQMDa+dALAQhkTAABy3hzSA0CEGgngIC186EXAhDImAAClvHmkBoEINBOAAFr50MvBCCQMQEELOPNITUIQKCdAALWzodeCEAgYwIIWMabQ2oQgEA7AQSsnQ+9EIBAxgQQsIw3h9QgAIF2AghYOx96IQCBjAkgYBlvDqlBAALtBBCwdj70QgACGRNAwDLeHFKDAATaCSBg7XzohQAEMiaAgGW8OaQGAQi0E0DA2vnQCwEIZEwAAct4c0gNAhBoJ4CAtfOhFwIQyJgAApbx5pAaBCDQTgABa+dDLwQgkDEBBCzjzSE1CECgnQAC1s6HXghAIGMCCFjGm0NqEIBAO4GH27vpLY3Ac88+s3nt3sulpU2+ELiIAAJ2EbY8B928eTPPxMgKAhMRQMAmArtEWK68lqDOnEsS4BnYkvSZGwIQGEQAARuEj8EQgMCSBBCwJekzNwQgMIgAAjYIH4MhAIElCSBgS9JnbghAYBABBGwQPgZDAAJLEkDAlqTP3BCAwCACCNggfAyGAASWJICALUmfuSEAgUEEELBB+BgMAQgsSQABW5I+c0MAAoMIIGCD8DEYAhBYkgACtiR95oYABAYRQMAG4WMwBCCwJAEEbEn6zA0BCAwigIANwsdgCEBgSQII2JL0mRsCEBhEAAEbhI\/BEIDAkgQQsCXpMzcEIDCIAAI2CB+DIQCBJQkgYEvSZ24IQGAQAQRsED4GQwACSxJAwJakz9wQgMAgAgjYIHwMhgAEliSAgC1Jn7khAIFBBBCwQfgYDAEILEkAAVuSPnNDAAKDCCBgg\/AxGAIQWJIAArYkfeaGAAQGEUDABuFjMAQgsCQBBGxJ+swNAQgMIvDwoNE9Bj\/\/wos9vHGFAAQg0E1gFgF76qmnujPBAwIQgEBPArMI2HPPPtMzLdwhAAEIdBPgGVg3IzwgAIFMCSBgmW4MaUEAAt0EELBuRnhAAAKZEkDAMt0Y0oIABLoJIGDdjPCAAAQyJYCAZboxpAUBCHQTQMC6GeEBAQhkSmCW3wPLdO2kBYHRCDzy2BOjxVoy0Gv3Xl5y+t5zI2C9kTEAAtcJmHiV9sa\/voJT68Mf+cSmpF88X0TA1vLd6rTt59fiiQ6LE7tSWcQ9Pa2ovNqNGzc2JQny7AJW+x91++9wJZ0oU7wV18CiVNFt20\/72+VSrsJmfYhvm\/30hz7Yxm71ffYdzkS8dvGyjYbF6k\/3yRc4q4BNvppCJrh7924hmU6fZg0sHn38yU18jU3W4td4zH4LWSNk1gyBV1956WwIJkZ9\/M8OvELHbK7Aav0O0nROTf0du2le2XPZj6Y8muzKP5Z9\/eN42nkS4ArssC92gufyXS+VS8qW5ymVT1aeWS57m6Jjedrhc\/S5qz\/lsxsYvnT5+3nC0OKaCFhxW1Zfwv7NbKv3b9BSaPicvYD4tfm69\/F1+ajU+q1tR8pu473d1zW+1DJLARNgK+2IG+ht8tk5Nvh6f6v7MTG22ikf2dp8fHz5mW3MQ3kopp\/H98kuW2zbeNmsLj+r+8Pb5S9bbNs42awe\/cw2xaF5LHac39rW70vlILu122JYv49r7T5H01ifU5OPz6vPnN73nHm8fyn1LAXM4MUTy29A7Pcbr3EqtRFqq4x2ayvOEB8\/1tc131ilcrV4mkel5vBt7+\/r8lHpx\/rY3q7xKlNjrc\/bfV2xzi19LMWxUodsqbZyVF9T2RTD2329Kc4ldr++OD7Oae1Lj7Z5Lo259LhsBSx14vkNSPVHmOds9jlxYly1U\/H75qhYY5WpnGLsc3zimK52KubSLFI5+5ws56799\/5dvqn5umzKwc\/TNeaS\/rnmuSS3IWOyFbCmRfXZ6ClOOJ9XU\/w+Ofp4Y9SbclJsnci+rfqQsmnesViMFeeSNY4xt3H3h3gptvVFm7V9fxwfYyqGt8eY8vGxSq4XJWB682lTtTnnbIDGRt8me\/TraiuOykty7Jqjb79y6TtuqL\/mVZkDC7+mPvmMsYau8zTV722+Htfh26r39de4EsuiBMw2xk4oO\/wmyebt3reP3cY1jbU4Opp8vN3qlxw+hsbHWH3WrBhWpmL3scc8UmPl4+eSzfwvPZpi+HkstvxkV7ttXvnKR2O8XTb5UC5P4Gq7Kffn+ru8KebRd8jlUZ6Xgf0dpP35zJ07dy7+CJbS1txEZgwWTbHnsk9xTs+Ve2oe7Ql\/zJ2igw0CEIDAiASy+VOiS9dU42V9jWu+9Pxg3LoJFC9g694eVgcBCLQRmOUZmD0n4IDAWgms6RNZ9QzMntGWcMwmYGva5BI2lhwhUAMBbiFr2GXWCIGVEkDAVrqxLAsCNRBAwGrYZdYIgZUSQMBWurEsCwI1EEDAathl1giBlRJAwFa6sSwLAjUQQMBq2GXWCIGVEkDAVrqxLAsCNRBAwGrYZdYIgZUSQOHKZnUAAAckSURBVMBWurEsCwI1EMjqAw3t77A4IAABCJxLICsBs6Ttw\/44IAABCJxDIDsBs6Rv3LixuXnz5ub27dvnrAEfCECgUgJZCpj2wkRsquNvvvCNqUIf437\/21+\/q88x13HSDCq1rjsD9NWlkLWA\/fPXx9+PP\/jk7d3V3f\/+3\/3xg4eIdgVpIjzHXGHqRZu1rntR6JVOnrWATbkn\/zeDgCn\/OefSnDmUta47B\/a15FCtgM15VTTnXDmduLWuO6c9WHsu1QrYnFcHc86V0wlb67pz2oO151KtgJW2sY9977deS\/ne333lWrupYePO9W2KgR0CYxCI57DFHHpuVitg\/\/U\/\/9u5J0+8+y2blz\/35U6\/Lodz5mqLkcrDToZzcxs6f1tubX1LzduWE33LEojnbNs5kjrvY\/bVCthDD11FFsn2uX7JwQfjVDHOjXuuX9saLulbat5LcmXMPAT6nhNd\/tUK2OseevDPQN\/3ffvbtM\/87en27P0\/8OaN2uq3rZbN6k1267MjNde+5\/yvqRiyaX7lpLaiRz+ze1+ra4zsGjuk1LxDYjB2XQTazonUOdj1\/qtYwK5fgT32PW\/a3Pv7r+7OFl+XzTp8XT4q206z1515tdc3ho+r3GI+1ja\/lF1j7MRRPfq15dTV5\/Pr8qW\/DgISKVutzjmr+\/PO172Pr8unWgF76HXXr8A++w9f37znu9+wsdJeOryf9ftDfSp9n6939Xvfpnoqhrc11S2e+mzT\/SG7X6\/3976X1BX\/krGMWSeBeK5plWa\/5P1XrYClLmX\/\/B+\/sfnhd75+Y6UO+UW7tdWnUmNi2dUf\/VPtVAxva6pbLPX5dfk51C9bbMvetxwrTt958c+XQNs5ccn7r2IBu34L+e53fPPmc5\/\/z91LdTsN\/G2Qr\/u+aI+nT1d\/9E+1UzG8ranelGfTGr1\/Ko8+Np9Tn3H4rpdA0zmh89Heg6obBe\/v6+qrWMCu30L+zT\/\/1+b73\/ZNuzPH6nbIZqXqu47DF\/tuEu3Wjkfbd53om2rHOcwnzqM5Ur5deWqs5o5t2fuWY8XpOy\/++RIwcfKHzmN\/3kabtX2\/xtv5Va2ApZ7P\/N2\/\/LfYHEtv8\/Wjw7bSZJdPai71nVu2zRH7YltzpOzRFtsae0k5xrovmZcxeRLoOrdS\/d7m61phtQIWL0cFZIpyzrmmyP\/SmLWu+1JejOtPoGIBu34L2R\/d+SNqvZWqdd3nnxl4DiUw37t4aKaMhwAEIBAIXL36ykv3H3nsic1r914OXeM1z41v\/6iHfSb+jRs3xpucSBCAwGoJZHsLaZ9kOvYnsr5t+3uo9mmhP\/mxmxurT3nYPCbENf4jJbWue8rzidhpAtkKWDrdca0mMhwQgEC5BHgGVu7ekTkEqieAgFV\/CgAAAuUSKF7A3v7G638SVO5WkDkEINCXwCqegZmIfeFr4\/8zabc2t67xjO1rnRc0nv7QBzf2k9dajtR6o83a\/vB8Yp\/5qd\/HafLzPjY2+imW9dkR\/ffW5nHRvy1+9G2bT\/NSPkhgFQJmyxpbxFJiZbaU\/UGs7ZZ4Yrd7r6s39cbVClN93iaB8TaNjaV8o13tVIyUTf4qUz6X2lLjNA\/leQSKv4X0yxzrdrJNpNr6fC5tdXtzdb3B2sbTNw0BvycSFyu7Dj+uy5f+cQmsSsAMzVARO0egzvEZd5vWE83e7OeIwnpW3LwSWDSzObdndQJmCx8qYufCwy9fAiaSevXN0sbpqgqR6UtvXv9VCtgUD\/Tn3ZZ1zzaHKNgceuVMcw4WOa9\/aG6reYgvEIiXSORd5v7GnfM2N3cWOZ9JqxKwMcTLnm91PePq6s95w8mtmYBEywQlHv62sk9f9KU9LoHVCNgY4iW0bSKGeInS8DJeecS2zZASk+Ez7+NKsBQvNb\/6VKZ8Ujme69cWV32UzQSy\/Tidcz+Nos\/vf8VPo+j6Y+4oVrHdjHXfU+unMtS67q7zgf7xCRR\/BTbmlVfE21ew4njaEIDAtARW+VPIaZERHQIQyIUAApbLTpAHBCDQmwAC1hsZAyAAgVwIVCtgXQ\/wc9kg8oAABJoJZPsQf2qBsZ+UzXHMNc8ca+kzR63r7sMI3+EEshUw+zWKKQ4TRvt1ird94ANThL8W81Of+tTmAzPMc23SDBq1rjsD9NWlkK2A2U5M8a8SVbfDLBgCKyZQ7TOwFe8pS4NANQQQsGq2moVCYH0EELD17SkrgkA1BBCwaraahUJgfQQQsPXtKSuCQDUEELBqtpqFQmB9BBCw9e0pK4JANQQQsGq2moVCYH0EELD17SkrgkA1BBCwaraahUJgfQQQsPXtKSuCQDUEELBqtpqFQmB9BBCw9e0pK4JANQQQsGq2moVCYH0EELD17SkrgkA1BBCwaraahUJgfQQQsPXtKSuCQDUEELBqtpqFQmB9BBCw9e0pK4JANQT+Hw646UO4\/uqQAAAAAElFTkSuQmCC\" \/><\/figure>\r\n<p>&nbsp;<\/p>\r\n<p>En la pesta\u00f1a de carnet, se cargan para avisar mediante mail de los vencimientos con la anticipaci\u00f3n correspondiente, siendo un servicio m\u00e1s del municipio hacia el contribuyente.<\/p>\r\n<p>&nbsp;<\/p>\r\n","protected":false},"excerpt":{"rendered":"<p>Cuando se ingresa a la ventana de este m\u00f3dulo se presenta los siguientes men\u00fas: &nbsp; En la primer pesta\u00f1a es en el cual se laboran todas las infracciones que se registren en el Municipio, as\u00ed como tambi\u00e9n las funciones que le suceden a dichas actuaciones. En la segunda pesta\u00f1a se registran los distintos movimientos que [&hellip;]<\/p>\n","protected":false},"author":4,"featured_media":0,"parent":100,"menu_order":-1,"comment_status":"closed","ping_status":"closed","template":"","meta":{"footnotes":""},"class_list":["post-102","page","type-page","status-publish","hentry"],"_links":{"self":[{"href":"https:\/\/uniremunicipios.com.ar\/manual\/index.php?rest_route=\/wp\/v2\/pages\/102","targetHints":{"allow":["GET"]}}],"collection":[{"href":"https:\/\/uniremunicipios.com.ar\/manual\/index.php?rest_route=\/wp\/v2\/pages"}],"about":[{"href":"https:\/\/uniremunicipios.com.ar\/manual\/index.php?rest_route=\/wp\/v2\/types\/page"}],"author":[{"embeddable":true,"href":"https:\/\/uniremunicipios.com.ar\/manual\/index.php?rest_route=\/wp\/v2\/users\/4"}],"replies":[{"embeddable":true,"href":"https:\/\/uniremunicipios.com.ar\/manual\/index.php?rest_route=%2Fwp%2Fv2%2Fcomments&post=102"}],"version-history":[{"count":7,"href":"https:\/\/uniremunicipios.com.ar\/manual\/index.php?rest_route=\/wp\/v2\/pages\/102\/revisions"}],"predecessor-version":[{"id":2907,"href":"https:\/\/uniremunicipios.com.ar\/manual\/index.php?rest_route=\/wp\/v2\/pages\/102\/revisions\/2907"}],"up":[{"embeddable":true,"href":"https:\/\/uniremunicipios.com.ar\/manual\/index.php?rest_route=\/wp\/v2\/pages\/100"}],"wp:attachment":[{"href":"https:\/\/uniremunicipios.com.ar\/manual\/index.php?rest_route=%2Fwp%2Fv2%2Fmedia&parent=102"}],"curies":[{"name":"wp","href":"https:\/\/api.w.org\/{rel}","templated":true}]}}