{"id":1050,"date":"2019-10-07T11:36:30","date_gmt":"2019-10-07T14:36:30","guid":{"rendered":"http:\/\/uniremunicipios.com.ar\/manual\/?page_id=1050"},"modified":"2024-12-24T12:01:20","modified_gmt":"2024-12-24T15:01:20","slug":"fondo-fijo","status":"publish","type":"page","link":"https:\/\/uniremunicipios.com.ar\/manual\/?page_id=1050","title":{"rendered":"h. Fondo Fijo"},"content":{"rendered":"<p><iframe loading=\"lazy\" title=\"FONDO FIJO GENERAL\" width=\"500\" height=\"281\" src=\"https:\/\/www.youtube.com\/embed\/Otispp_zMRc?feature=oembed\" frameborder=\"0\" allow=\"accelerometer; autoplay; clipboard-write; encrypted-media; gyroscope; picture-in-picture; web-share\" referrerpolicy=\"strict-origin-when-cross-origin\" allowfullscreen><\/iframe><\/p>\n<p>El concepto de FONDO FIJO o CAJA CHICA\u00a0 es utilizado con distintos fines y de distintas formas, dependiendo del uso que el Municipio o Comuna determine.<\/p>\n<p>Por lo general, el fondo fijo lo dirige o controla gente de tesorer\u00eda o quien cumpla funciones tales. Tambi\u00e9n es com\u00fan ver fondos fijos para cada \u00e1rea, as\u00ed como tambi\u00e9n fondos fijos en la misma \u00e1rea pero con distintos fines.<\/p>\n<p>Al margen del destino u objetivo final de \u00e9ste, el uso y forma de aplicaci\u00f3n en UNIRE es similar pudiendo configurar particularidades para casos especiales.<\/p>\n<p>Para iniciar la configuraci\u00f3n es necesario acceder al m\u00f3dulo <strong>PROVEEDORES<\/strong>, y all\u00ed ir a TABLAS.<\/p>\n<p>En TABLAS, se debe definir el tipo de fondo fijo o nombre de fantas\u00eda que posee para identificarlo (para el caso que haya mas de uno).<\/p>\n<p>A partir de esta simple tarea, iniciar un fondo fijo es iniciar un requerimiento de compra; puesto que es de las mismas caracter\u00edsticas a excepci\u00f3n que no necesita pasar por etapas de la gesti\u00f3n de compras como puede ser \u201cpreventiva\u201d, \u201corden de compra\u201d, etc.; por lo que es sumamente simple su uso brindando informaci\u00f3n de gran importancia como lo puede ser controlar los gastos menores, los comprobantes, etc.<\/p>\n<p>El procedimiento se detalla a continuaci\u00f3n:<\/p>\n<p>Se ingresa un requerimiento y se elige <strong>\u201cfondo fijo\u201d<\/strong>, una vez dentro del browse se completan los datos requeridos en la cabecera. La diferencia es que solicita el \u201ctipo\u201d donde el operador debe buscar el nombre correspondiente (nombres registrados en tablas).<\/p>\n<p>Una de las diferencias que se producen seg\u00fan el municipio es que <strong>\u201cdestinatario\u201d<\/strong> puede llegar a ser el mismo municipio o puede ser el responsable del fondo fijo. Se debe tener particular cuidado, ya que a trav\u00e9s de este dato el tesorero emitir\u00e1 la reposici\u00f3n a dicho nombre.<\/p>\n<p><img loading=\"lazy\" decoding=\"async\" class=\"wp-image-5692 aligncenter\" src=\"http:\/\/uniremunicipios.com.ar\/manual\/wp-content\/uploads\/2024\/12\/image-44.png\" alt=\"\" width=\"698\" height=\"227\" srcset=\"https:\/\/uniremunicipios.com.ar\/manual\/wp-content\/uploads\/2024\/12\/image-44.png 1056w, https:\/\/uniremunicipios.com.ar\/manual\/wp-content\/uploads\/2024\/12\/image-44-300x98.png 300w, https:\/\/uniremunicipios.com.ar\/manual\/wp-content\/uploads\/2024\/12\/image-44-1024x334.png 1024w, https:\/\/uniremunicipios.com.ar\/manual\/wp-content\/uploads\/2024\/12\/image-44-768x250.png 768w\" sizes=\"auto, (max-width: 698px) 100vw, 698px\" \/><\/p>\n<p>La carga de datos se realiza por doble entrada, una de ellas es a trav\u00e9s de <img loading=\"lazy\" decoding=\"async\" width=\"125\" height=\"26\" class=\"alignnone wp-image-1052 size-full\" src=\"http:\/\/uniremunicipios.com.ar\/manual\/wp-content\/uploads\/2019\/10\/Pasted-into-1-1.png\" \/>\u00a0.<\/p>\n<p><img loading=\"lazy\" decoding=\"async\" width=\"557\" height=\"128\" class=\"wp-image-1053 size-full aligncenter\" src=\"http:\/\/uniremunicipios.com.ar\/manual\/wp-content\/uploads\/2019\/10\/Pasted-into-1-2.png\" srcset=\"https:\/\/uniremunicipios.com.ar\/manual\/wp-content\/uploads\/2019\/10\/Pasted-into-1-2.png 557w, https:\/\/uniremunicipios.com.ar\/manual\/wp-content\/uploads\/2019\/10\/Pasted-into-1-2-300x69.png 300w\" sizes=\"auto, (max-width: 557px) 100vw, 557px\" \/><\/p>\n<p>En este detalle se registran datos generales o espec\u00edficos del gasto, dependiendo si la imputaci\u00f3n contable es la misma o no de cada registro. La imputaci\u00f3n contable la puede hacer inmediatamente o se puede realizar en el paso de la \u201cafectaci\u00f3n definitiva\u201d, que es indispensable ya que en esta etapa se afecta el presupuesto definitivamente pero tambi\u00e9n se realizan los registros contables.<\/p>\n<p>El siguiente paso es realizar la carga de los datos de los comprobantes.<\/p>\n<p><img loading=\"lazy\" decoding=\"async\" width=\"557\" height=\"129\" class=\"wp-image-1054 size-full aligncenter\" src=\"http:\/\/uniremunicipios.com.ar\/manual\/wp-content\/uploads\/2019\/10\/Pasted-into-1-3.png\" srcset=\"https:\/\/uniremunicipios.com.ar\/manual\/wp-content\/uploads\/2019\/10\/Pasted-into-1-3.png 557w, https:\/\/uniremunicipios.com.ar\/manual\/wp-content\/uploads\/2019\/10\/Pasted-into-1-3-300x69.png 300w\" sizes=\"auto, (max-width: 557px) 100vw, 557px\" \/><\/p>\n<p>Cuando se halla registrado todo y se desee hacer el cierre de este fondo fijo es necesario controlar que los totales que arrojan las dos pantallas sean exactos, caso contrario el sistema no permite pasar al siguiente <img loading=\"lazy\" decoding=\"async\" width=\"77\" height=\"30\" class=\"alignnone wp-image-1055 size-full\" src=\"http:\/\/uniremunicipios.com.ar\/manual\/wp-content\/uploads\/2019\/10\/Pasted-into-1-4.png\" \/>. Una vez verificado los valores y datos se debe imprimir, pudiendo observar en la impresi\u00f3n las imputaciones contables y los datos de los comprobantes.<\/p>\n<p>El siguiente paso se halla en la <strong>\u201cafectaci\u00f3n definitiva\u201d<\/strong> , CONTADURIA, formando parte de la misma operatoria del m\u00f3dulo de PROVEEDORES.<\/p>\n","protected":false},"excerpt":{"rendered":"<p>El concepto de FONDO FIJO o CAJA CHICA\u00a0 es utilizado con distintos fines y de distintas formas, dependiendo del uso que el Municipio o Comuna determine. Por lo general, el fondo fijo lo dirige o controla gente de tesorer\u00eda o quien cumpla funciones tales. Tambi\u00e9n es com\u00fan ver fondos fijos para cada \u00e1rea, as\u00ed como [&hellip;]<\/p>\n","protected":false},"author":4,"featured_media":0,"parent":9,"menu_order":12,"comment_status":"closed","ping_status":"closed","template":"","meta":{"footnotes":""},"class_list":["post-1050","page","type-page","status-publish","hentry"],"_links":{"self":[{"href":"https:\/\/uniremunicipios.com.ar\/manual\/index.php?rest_route=\/wp\/v2\/pages\/1050","targetHints":{"allow":["GET"]}}],"collection":[{"href":"https:\/\/uniremunicipios.com.ar\/manual\/index.php?rest_route=\/wp\/v2\/pages"}],"about":[{"href":"https:\/\/uniremunicipios.com.ar\/manual\/index.php?rest_route=\/wp\/v2\/types\/page"}],"author":[{"embeddable":true,"href":"https:\/\/uniremunicipios.com.ar\/manual\/index.php?rest_route=\/wp\/v2\/users\/4"}],"replies":[{"embeddable":true,"href":"https:\/\/uniremunicipios.com.ar\/manual\/index.php?rest_route=%2Fwp%2Fv2%2Fcomments&post=1050"}],"version-history":[{"count":7,"href":"https:\/\/uniremunicipios.com.ar\/manual\/index.php?rest_route=\/wp\/v2\/pages\/1050\/revisions"}],"predecessor-version":[{"id":5693,"href":"https:\/\/uniremunicipios.com.ar\/manual\/index.php?rest_route=\/wp\/v2\/pages\/1050\/revisions\/5693"}],"up":[{"embeddable":true,"href":"https:\/\/uniremunicipios.com.ar\/manual\/index.php?rest_route=\/wp\/v2\/pages\/9"}],"wp:attachment":[{"href":"https:\/\/uniremunicipios.com.ar\/manual\/index.php?rest_route=%2Fwp%2Fv2%2Fmedia&parent=1050"}],"curies":[{"name":"wp","href":"https:\/\/api.w.org\/{rel}","templated":true}]}}