{"id":1060,"date":"2019-10-07T11:38:36","date_gmt":"2019-10-07T14:38:36","guid":{"rendered":"http:\/\/uniremunicipios.com.ar\/manual\/?page_id=1060"},"modified":"2024-12-24T12:33:17","modified_gmt":"2024-12-24T15:33:17","slug":"ordenes-de-compra-afectacion-definitiva","status":"publish","type":"page","link":"https:\/\/uniremunicipios.com.ar\/manual\/?page_id=1060","title":{"rendered":"i. Ordenes de compra"},"content":{"rendered":"<p>Al emitir una orden de compra e imprimirla, estamos generando un documento de mucha utilidad, ya que si la utilizamos para presentarla en\u00a0 el comercio o la industria a la que le vamos a comprar, sirve como constancia de lo que necesitamos (cantidad y descripci\u00f3n) y del precio pactado, en caso de haberlo estipulado con anterioridad.<\/p>\n<p>Cuando el proveedor entrega el bien puede utilizarla para que el empleado municipal firme el recibido. A<u>l momento de confeccionar la factura debe adjuntarla,<\/u> como demostraci\u00f3n de que ha cumplido con la misma.<\/p>\n<p>El municipio debe recibir la FACTURA y la orden de compra, favoreciendo el control de: cantidades, precios, firma de qui\u00e9n recibi\u00f3, etc.<\/p>\n<p>Cuando el operador ingresa en afectaci\u00f3n definitiva, toma la factura y la orden de compra, tipeando el <u>n\u00famero de esta \u00faltima<\/u> para agilizar el acceso: verificar los datos, (obligatoriamente deben estar ingresadas las imputaciones contables) \u00a0y cargar luego la factura. Terminando el proceso previo a la emisi\u00f3n de la orden de pago.<\/p>\n<p><img loading=\"lazy\" decoding=\"async\" width=\"453\" height=\"154\" class=\"wp-image-1061 size-full aligncenter\" src=\"http:\/\/uniremunicipios.com.ar\/manual\/wp-content\/uploads\/2019\/10\/Pasted-into-1-5.png\" srcset=\"https:\/\/uniremunicipios.com.ar\/manual\/wp-content\/uploads\/2019\/10\/Pasted-into-1-5.png 453w, https:\/\/uniremunicipios.com.ar\/manual\/wp-content\/uploads\/2019\/10\/Pasted-into-1-5-300x102.png 300w\" sizes=\"auto, (max-width: 453px) 100vw, 453px\" \/><\/p>\n<p>para la carga de la factura es necesario clickear sobre <img loading=\"lazy\" decoding=\"async\" width=\"28\" height=\"26\" class=\"alignnone wp-image-1062 size-full\" src=\"http:\/\/uniremunicipios.com.ar\/manual\/wp-content\/uploads\/2019\/10\/Pasted-into-1-6.png\" \/> \u00a0y con AGREGAR se registran los datos de la factura. Luego de la carga se presiona <img loading=\"lazy\" decoding=\"async\" width=\"57\" height=\"22\" class=\"alignnone wp-image-1063 size-full\" src=\"http:\/\/uniremunicipios.com.ar\/manual\/wp-content\/uploads\/2019\/10\/Pasted-into-1-7.png\" \/> \u00a0y OK. El sistema realiza el asiento contable y se debe corregir en caso de error o darle OK. Con estos actos finaliza todo lo referente a requerimientos y pasa a ser terminado, dejando el proceso en ORDEN DE PAGO.<\/p>\n","protected":false},"excerpt":{"rendered":"<p>Al emitir una orden de compra e imprimirla, estamos generando un documento de mucha utilidad, ya que si la utilizamos para presentarla en\u00a0 el comercio o la industria a la que le vamos a comprar, sirve como constancia de lo que necesitamos (cantidad y descripci\u00f3n) y del precio pactado, en caso de haberlo estipulado con [&hellip;]<\/p>\n","protected":false},"author":4,"featured_media":0,"parent":9,"menu_order":12,"comment_status":"closed","ping_status":"closed","template":"","meta":{"footnotes":""},"class_list":["post-1060","page","type-page","status-publish","hentry"],"_links":{"self":[{"href":"https:\/\/uniremunicipios.com.ar\/manual\/index.php?rest_route=\/wp\/v2\/pages\/1060","targetHints":{"allow":["GET"]}}],"collection":[{"href":"https:\/\/uniremunicipios.com.ar\/manual\/index.php?rest_route=\/wp\/v2\/pages"}],"about":[{"href":"https:\/\/uniremunicipios.com.ar\/manual\/index.php?rest_route=\/wp\/v2\/types\/page"}],"author":[{"embeddable":true,"href":"https:\/\/uniremunicipios.com.ar\/manual\/index.php?rest_route=\/wp\/v2\/users\/4"}],"replies":[{"embeddable":true,"href":"https:\/\/uniremunicipios.com.ar\/manual\/index.php?rest_route=%2Fwp%2Fv2%2Fcomments&post=1060"}],"version-history":[{"count":5,"href":"https:\/\/uniremunicipios.com.ar\/manual\/index.php?rest_route=\/wp\/v2\/pages\/1060\/revisions"}],"predecessor-version":[{"id":5622,"href":"https:\/\/uniremunicipios.com.ar\/manual\/index.php?rest_route=\/wp\/v2\/pages\/1060\/revisions\/5622"}],"up":[{"embeddable":true,"href":"https:\/\/uniremunicipios.com.ar\/manual\/index.php?rest_route=\/wp\/v2\/pages\/9"}],"wp:attachment":[{"href":"https:\/\/uniremunicipios.com.ar\/manual\/index.php?rest_route=%2Fwp%2Fv2%2Fmedia&parent=1060"}],"curies":[{"name":"wp","href":"https:\/\/api.w.org\/{rel}","templated":true}]}}