{"id":107,"date":"2019-05-29T11:10:07","date_gmt":"2019-05-29T14:10:07","guid":{"rendered":"http:\/\/uniremunicipios.com.ar\/manual\/?page_id=107"},"modified":"2021-08-04T15:41:15","modified_gmt":"2021-08-04T18:41:15","slug":"ingreso-de-infracciones","status":"publish","type":"page","link":"https:\/\/uniremunicipios.com.ar\/manual\/?page_id=107","title":{"rendered":"Ingreso de Infracciones"},"content":{"rendered":"\r\n\r\n\r\n<p>En este m\u00f3dulo se registran las actas de infracci\u00f3n generadas por las distintas inspecciones (Industria y Comercio, Inspecci\u00f3n General, Tr\u00e1nsito, Bromatolog\u00eda, etc.)<\/p>\r\n\r\n\r\n\r\n<p>En primer t\u00e9rmino en el men\u00fa de infracciones activas en reclamo\u00a0\u00a0, se accede a la pantalla correspondiente, y se comienza la carga con la tecla &#8220;AGREGAR&#8221; , \u00a0ingres\u00e1ndose las actas con todos los datos solicitados.<\/p>\r\n\r\n\r\n\r\n<p>Tambi\u00e9n se halla el &#8220;FACTOR&#8221; , que es un \u00edndice a aplicar o porcentaje para incrementar o reducir estos importes dependiendo de las decisiones o reglas que impone el municipio.<\/p>\r\n\r\n\r\n\r\n<p>Por ejemplo, por falta de respeto al inspector actuante se le recarga el 50% a las cifras resultantes.<\/p>\r\n\r\n\r\n\r\n<p>Al hallarse tabulada la informaci\u00f3n en forma autom\u00e1tica calcula los importes m\u00ednimos y m\u00e1ximos estipulados, as\u00ed como tambi\u00e9n el pago voluntario.<\/p>\r\n\r\n\r\n\r\n<p>Se puede observar las multas \u201c<strong>activas-en reclamo\u201d\u00a0<\/strong>o tambi\u00e9n<strong>\u00a0\u201ctodas\u201d<\/strong>. En el primer caso son aquellas que est\u00e1n pendientes de alg\u00fan tipo de resoluci\u00f3n o ejecuci\u00f3n. Las infracciones\u00a0<strong>todas<\/strong>, figuran en los listados aquellas que ya se han abonado, las anuladas, prescriptas y\/o pagas.<\/p>\r\n","protected":false},"excerpt":{"rendered":"<p>En este m\u00f3dulo se registran las actas de infracci\u00f3n generadas por las distintas inspecciones (Industria y Comercio, Inspecci\u00f3n General, Tr\u00e1nsito, Bromatolog\u00eda, etc.) En primer t\u00e9rmino en el men\u00fa de infracciones activas en reclamo\u00a0\u00a0, se accede a la pantalla correspondiente, y se comienza la carga con la tecla &#8220;AGREGAR&#8221; , \u00a0ingres\u00e1ndose las actas con todos los [&hellip;]<\/p>\n","protected":false},"author":4,"featured_media":0,"parent":100,"menu_order":4,"comment_status":"closed","ping_status":"closed","template":"","meta":{"footnotes":""},"class_list":["post-107","page","type-page","status-publish","hentry"],"_links":{"self":[{"href":"https:\/\/uniremunicipios.com.ar\/manual\/index.php?rest_route=\/wp\/v2\/pages\/107","targetHints":{"allow":["GET"]}}],"collection":[{"href":"https:\/\/uniremunicipios.com.ar\/manual\/index.php?rest_route=\/wp\/v2\/pages"}],"about":[{"href":"https:\/\/uniremunicipios.com.ar\/manual\/index.php?rest_route=\/wp\/v2\/types\/page"}],"author":[{"embeddable":true,"href":"https:\/\/uniremunicipios.com.ar\/manual\/index.php?rest_route=\/wp\/v2\/users\/4"}],"replies":[{"embeddable":true,"href":"https:\/\/uniremunicipios.com.ar\/manual\/index.php?rest_route=%2Fwp%2Fv2%2Fcomments&post=107"}],"version-history":[{"count":4,"href":"https:\/\/uniremunicipios.com.ar\/manual\/index.php?rest_route=\/wp\/v2\/pages\/107\/revisions"}],"predecessor-version":[{"id":2612,"href":"https:\/\/uniremunicipios.com.ar\/manual\/index.php?rest_route=\/wp\/v2\/pages\/107\/revisions\/2612"}],"up":[{"embeddable":true,"href":"https:\/\/uniremunicipios.com.ar\/manual\/index.php?rest_route=\/wp\/v2\/pages\/100"}],"wp:attachment":[{"href":"https:\/\/uniremunicipios.com.ar\/manual\/index.php?rest_route=%2Fwp%2Fv2%2Fmedia&parent=107"}],"curies":[{"name":"wp","href":"https:\/\/api.w.org\/{rel}","templated":true}]}}