{"id":11,"date":"2019-05-15T11:38:00","date_gmt":"2019-05-15T14:38:00","guid":{"rendered":"http:\/\/uniremunicipios.com.ar\/manual\/?page_id=11"},"modified":"2024-12-26T14:18:36","modified_gmt":"2024-12-26T17:18:36","slug":"requerimientos","status":"publish","type":"page","link":"https:\/\/uniremunicipios.com.ar\/manual\/?page_id=11","title":{"rendered":"q. An\u00e1lisis de gastos por grupos de compras"},"content":{"rendered":"<p class=\"rvps2\"><span class=\"rvts139\">Se puede ingresar a los reportes <img loading=\"lazy\" decoding=\"async\" class=\"wp-image-4977 alignnone \" src=\"http:\/\/uniremunicipios.com.ar\/manual\/wp-content\/uploads\/2024\/10\/image-70.png\" alt=\"\" width=\"61\" height=\"48\" \/><\/span><span class=\"rvts139\">, y seleccionar PROVEEDORES\/COMPRAS.<\/span><\/p>\n<p class=\"rvps12\"><span class=\"rvts139\">1- Eligiendo &#8220;An\u00e1lisis de REQUERIMIENTOS DE COMPRAS discriminado por ESTADO y GRUPO DE COMPRAS en un rango de fecha&#8221;.<\/span><\/p>\n<p><img loading=\"lazy\" decoding=\"async\" class=\"wp-image-4963 aligncenter\" src=\"http:\/\/uniremunicipios.com.ar\/manual\/wp-content\/uploads\/2024\/10\/image-57.png\" alt=\"\" width=\"513\" height=\"94\" srcset=\"https:\/\/uniremunicipios.com.ar\/manual\/wp-content\/uploads\/2024\/10\/image-57.png 596w, https:\/\/uniremunicipios.com.ar\/manual\/wp-content\/uploads\/2024\/10\/image-57-300x55.png 300w\" sizes=\"auto, (max-width: 513px) 100vw, 513px\" \/><\/p>\n<p class=\"rvps12\"><span class=\"rvts334\"><img loading=\"lazy\" decoding=\"async\" class=\"wp-image-4964 size-medium aligncenter\" src=\"http:\/\/uniremunicipios.com.ar\/manual\/wp-content\/uploads\/2024\/10\/image-58.png\" alt=\"\" width=\"300\" height=\"183\" srcset=\"https:\/\/uniremunicipios.com.ar\/manual\/wp-content\/uploads\/2024\/10\/image-58.png 372w, https:\/\/uniremunicipios.com.ar\/manual\/wp-content\/uploads\/2024\/10\/image-58-300x183.png 300w\" sizes=\"auto, (max-width: 300px) 100vw, 300px\" \/><\/span><\/p>\n<p class=\"rvps12\"><span class=\"rvts139\">El sistema informa los estados que poseen los requerimientos seg\u00fan la fecha seleccionada y seg\u00fan los grupos de compra. Tener en cuenta que si desea reporte mensual debe tener la fecha del mes elegido.<\/span><\/p>\n<p class=\"rvps3\"><img loading=\"lazy\" decoding=\"async\" class=\"wp-image-4965 aligncenter\" src=\"http:\/\/uniremunicipios.com.ar\/manual\/wp-content\/uploads\/2024\/10\/image-59.png\" alt=\"\" width=\"557\" height=\"236\" srcset=\"https:\/\/uniremunicipios.com.ar\/manual\/wp-content\/uploads\/2024\/10\/image-59.png 999w, https:\/\/uniremunicipios.com.ar\/manual\/wp-content\/uploads\/2024\/10\/image-59-300x127.png 300w, https:\/\/uniremunicipios.com.ar\/manual\/wp-content\/uploads\/2024\/10\/image-59-768x326.png 768w\" sizes=\"auto, (max-width: 557px) 100vw, 557px\" \/><\/p>\n<p class=\"rvps12\"><span class=\"rvts139\">Posicion\u00e1ndose sobre el registro y presionando el t\u00edtulo, por ejemplo,\u00a0<\/span><span class=\"rvts298\">Terminadas<\/span><span class=\"rvts139\">, UNIRE justifica la cifra del reporte.<\/span><\/p>\n<p class=\"rvps12\"><span class=\"rvts139\">\u00a0<\/span><\/p>\n<p class=\"rvps74\"><span class=\"rvts139\">2-\u00a0\u00a0\u00a0\u00a0 Utilizando\u00a0 el reporte &#8220;An\u00e1lisis de REQUERIMIENTOS DE COMPRAS POR TIPO discriminado por ESTADO y GRUPO DE COMPRA en un rango de fecha&#8221;.<\/span><\/p>\n<p class=\"rvps75\"><span class=\"rvts139\">\u00a0 <img loading=\"lazy\" decoding=\"async\" class=\"wp-image-4966 aligncenter\" src=\"http:\/\/uniremunicipios.com.ar\/manual\/wp-content\/uploads\/2024\/10\/image-60.png\" alt=\"\" width=\"439\" height=\"82\" srcset=\"https:\/\/uniremunicipios.com.ar\/manual\/wp-content\/uploads\/2024\/10\/image-60.png 586w, https:\/\/uniremunicipios.com.ar\/manual\/wp-content\/uploads\/2024\/10\/image-60-300x56.png 300w\" sizes=\"auto, (max-width: 439px) 100vw, 439px\" \/><\/span><span class=\"rvts139\">\u00a0<\/span><\/p>\n<p class=\"rvps74\"><span class=\"rvts139\">El sistema solicita el tipo de requerimiento.<\/span><\/p>\n<p class=\"rvps40\"><img loading=\"lazy\" decoding=\"async\" class=\"wp-image-4967 alignnone \" src=\"http:\/\/uniremunicipios.com.ar\/manual\/wp-content\/uploads\/2024\/10\/image-61.png\" alt=\"\" width=\"408\" height=\"121\" srcset=\"https:\/\/uniremunicipios.com.ar\/manual\/wp-content\/uploads\/2024\/10\/image-61.png 523w, https:\/\/uniremunicipios.com.ar\/manual\/wp-content\/uploads\/2024\/10\/image-61-300x89.png 300w\" sizes=\"auto, (max-width: 408px) 100vw, 408px\" \/><\/p>\n<p class=\"rvps29\"><span class=\"rvts139\">Tambi\u00e9n justifica presionando sobre el t\u00edtulo.<\/span><\/p>\n<p class=\"rvps29\"><span class=\"rvts139\">\u00a0<\/span><span class=\"rvts139\">\u00a0<\/span><\/p>\n<p class=\"rvps74\"><span class=\"rvts139\">3. Otra forma de analizar lo gastado seg\u00fan el grupo de compras, es posicion\u00e1ndose en TABLAS, en el m\u00f3dulo de PROVEEDORES, y en GRUPOS DE COMPRA, presionar bot\u00f3n derecho del mouse<\/span><span class=\"rvts139\">,<\/span><\/p>\n<p><img loading=\"lazy\" decoding=\"async\" class=\"wp-image-4968 alignnone \" src=\"http:\/\/uniremunicipios.com.ar\/manual\/wp-content\/uploads\/2024\/10\/image-62.png\" alt=\"\" width=\"351\" height=\"295\" srcset=\"https:\/\/uniremunicipios.com.ar\/manual\/wp-content\/uploads\/2024\/10\/image-62.png 376w, https:\/\/uniremunicipios.com.ar\/manual\/wp-content\/uploads\/2024\/10\/image-62-300x252.png 300w\" sizes=\"auto, (max-width: 351px) 100vw, 351px\" \/><\/p>\n<p class=\"rvps55\"><img loading=\"lazy\" decoding=\"async\" class=\"wp-image-4972 alignnone \" src=\"http:\/\/uniremunicipios.com.ar\/manual\/wp-content\/uploads\/2024\/10\/image-65.png\" alt=\"\" width=\"408\" height=\"174\" srcset=\"https:\/\/uniremunicipios.com.ar\/manual\/wp-content\/uploads\/2024\/10\/image-65.png 485w, https:\/\/uniremunicipios.com.ar\/manual\/wp-content\/uploads\/2024\/10\/image-65-300x128.png 300w\" sizes=\"auto, (max-width: 408px) 100vw, 408px\" \/><\/p>\n<p>Se pueden colocar filtros de fecha y filtros predeterminados<\/p>\n<p class=\"rvps29\"><img loading=\"lazy\" decoding=\"async\" class=\"wp-image-4974 alignnone \" src=\"http:\/\/uniremunicipios.com.ar\/manual\/wp-content\/uploads\/2024\/10\/image-67.png\" alt=\"\" width=\"471\" height=\"149\" srcset=\"https:\/\/uniremunicipios.com.ar\/manual\/wp-content\/uploads\/2024\/10\/image-67.png 598w, https:\/\/uniremunicipios.com.ar\/manual\/wp-content\/uploads\/2024\/10\/image-67-300x95.png 300w\" sizes=\"auto, (max-width: 471px) 100vw, 471px\" \/><\/p>\n<p>O utilizar an\u00e1lisis de requerimientos <img loading=\"lazy\" decoding=\"async\" class=\"wp-image-4976 alignnone size-medium\" src=\"http:\/\/uniremunicipios.com.ar\/manual\/wp-content\/uploads\/2024\/10\/image-69.png\" alt=\"\" width=\"79\" height=\"53\" \/><\/p>\n<p><img loading=\"lazy\" decoding=\"async\" class=\"wp-image-4975 alignnone \" src=\"http:\/\/uniremunicipios.com.ar\/manual\/wp-content\/uploads\/2024\/10\/image-68.png\" alt=\"\" width=\"420\" height=\"199\" srcset=\"https:\/\/uniremunicipios.com.ar\/manual\/wp-content\/uploads\/2024\/10\/image-68.png 682w, https:\/\/uniremunicipios.com.ar\/manual\/wp-content\/uploads\/2024\/10\/image-68-300x142.png 300w\" sizes=\"auto, (max-width: 420px) 100vw, 420px\" \/><\/p>\n<p class=\"rvps12\"><span class=\"rvts139\">Como se puede observar hay distintas maneras de llegar al resultado deseado.<\/span><\/p>\n<hr \/>\n<p class=\"rvps5\">\n","protected":false},"excerpt":{"rendered":"<p>Se puede ingresar a los reportes , y seleccionar PROVEEDORES\/COMPRAS. 1- Eligiendo &#8220;An\u00e1lisis de REQUERIMIENTOS DE COMPRAS discriminado por ESTADO y GRUPO DE COMPRAS en un rango de fecha&#8221;. El sistema informa los estados que poseen los requerimientos seg\u00fan la fecha seleccionada y seg\u00fan los grupos de compra. Tener en cuenta que si desea reporte [&hellip;]<\/p>\n","protected":false},"author":1,"featured_media":0,"parent":9,"menu_order":14,"comment_status":"closed","ping_status":"closed","template":"","meta":{"footnotes":""},"class_list":["post-11","page","type-page","status-publish","hentry"],"_links":{"self":[{"href":"https:\/\/uniremunicipios.com.ar\/manual\/index.php?rest_route=\/wp\/v2\/pages\/11","targetHints":{"allow":["GET"]}}],"collection":[{"href":"https:\/\/uniremunicipios.com.ar\/manual\/index.php?rest_route=\/wp\/v2\/pages"}],"about":[{"href":"https:\/\/uniremunicipios.com.ar\/manual\/index.php?rest_route=\/wp\/v2\/types\/page"}],"author":[{"embeddable":true,"href":"https:\/\/uniremunicipios.com.ar\/manual\/index.php?rest_route=\/wp\/v2\/users\/1"}],"replies":[{"embeddable":true,"href":"https:\/\/uniremunicipios.com.ar\/manual\/index.php?rest_route=%2Fwp%2Fv2%2Fcomments&post=11"}],"version-history":[{"count":18,"href":"https:\/\/uniremunicipios.com.ar\/manual\/index.php?rest_route=\/wp\/v2\/pages\/11\/revisions"}],"predecessor-version":[{"id":5766,"href":"https:\/\/uniremunicipios.com.ar\/manual\/index.php?rest_route=\/wp\/v2\/pages\/11\/revisions\/5766"}],"up":[{"embeddable":true,"href":"https:\/\/uniremunicipios.com.ar\/manual\/index.php?rest_route=\/wp\/v2\/pages\/9"}],"wp:attachment":[{"href":"https:\/\/uniremunicipios.com.ar\/manual\/index.php?rest_route=%2Fwp%2Fv2%2Fmedia&parent=11"}],"curies":[{"name":"wp","href":"https:\/\/api.w.org\/{rel}","templated":true}]}}