{"id":1112,"date":"2019-10-08T17:53:26","date_gmt":"2019-10-08T20:53:26","guid":{"rendered":"http:\/\/uniremunicipios.com.ar\/manual\/?page_id=1112"},"modified":"2024-09-17T14:01:34","modified_gmt":"2024-09-17T17:01:34","slug":"cierres-y-aperturas-ejercicios-contables","status":"publish","type":"page","link":"https:\/\/uniremunicipios.com.ar\/manual\/?page_id=1112","title":{"rendered":"Cierres y Aperturas ejercicios contables"},"content":{"rendered":"<p>Cuando se llega al final del a\u00f1o es importante tener en cuenta los movimientos a realizar en la contabilidad en los balances. Los asientos de <em>Determinaci\u00f3n de Resultados, Activaci\u00f3n de bienes de uso, Cierre, <\/em>y luego <em>Apertura<\/em> son las estrellas de este instructivo.<\/p>\n<p>UNIRE cuenta con la automatizaci\u00f3n de estos registros. Es necesario, obviamente, configurar los registros para que funcione en forma veloz y eficaz.<\/p>\n<p>&nbsp;<\/p>\n<p>Se debe ir a \u201c<strong>configuraci\u00f3n<\/strong>\u201d en CONTABILIDAD GENERAL,<\/p>\n<p>&nbsp;<\/p>\n<p><img loading=\"lazy\" decoding=\"async\" width=\"420\" height=\"113\" class=\"wp-image-1113 size-full aligncenter\" src=\"http:\/\/uniremunicipios.com.ar\/manual\/wp-content\/uploads\/2019\/10\/Pasted-into-1-25.png\" srcset=\"https:\/\/uniremunicipios.com.ar\/manual\/wp-content\/uploads\/2019\/10\/Pasted-into-1-25.png 420w, https:\/\/uniremunicipios.com.ar\/manual\/wp-content\/uploads\/2019\/10\/Pasted-into-1-25-300x81.png 300w\" sizes=\"auto, (max-width: 420px) 100vw, 420px\" \/><\/p>\n<p>&nbsp;<\/p>\n<p>En el primer \u00edtem \u201c<strong>activaci\u00f3n Bienes de Uso<\/strong>\u201d, se configuran las cuentas de Activo contra\u00a0 la de \u00a0Gasto en la que se registr\u00f3 la compra o inversi\u00f3n del BIEN.<\/p>\n<p><img loading=\"lazy\" decoding=\"async\" width=\"480\" height=\"220\" class=\"wp-image-1114 size-full aligncenter\" src=\"http:\/\/uniremunicipios.com.ar\/manual\/wp-content\/uploads\/2019\/10\/Pasted-into-1-26.png\" srcset=\"https:\/\/uniremunicipios.com.ar\/manual\/wp-content\/uploads\/2019\/10\/Pasted-into-1-26.png 480w, https:\/\/uniremunicipios.com.ar\/manual\/wp-content\/uploads\/2019\/10\/Pasted-into-1-26-300x138.png 300w\" sizes=\"auto, (max-width: 480px) 100vw, 480px\" \/><\/p>\n<p>Por lo general la cuenta de gasto tiene su contrapartida en la cuenta de Activo. Pero puede suceder que varias cuentas de gastos se imputen en una cuenta com\u00fan de activo.<\/p>\n<p>Este movimiento es utilizado cuando una compra de <strong>\u201cbienes\u201d <\/strong>se encuentra registrado en las cuentas de gastos (nivel 8) ya que se encuentra estipulado en el presupuesto; por lo que luego es necesario sacarlo de las cuentas de gastos y pasarlo al Activo.<\/p>\n<p>&nbsp;<\/p>\n<p>En <strong>Determinaci\u00f3n de Resultados <\/strong>se registra en la cuenta Patrimonial correspondiente los resultados de Ingresos y Egresos (nivel 7 y nivel 8)<\/p>\n<p>Se debe tener m\u00e1ximo cuidado sobre el Nivel 7 que except\u00fae los Asientos de Cr\u00e9dito de lo Percibido, ya que el resultado sino ser\u00eda \u201c0\u201d.<\/p>\n<p><img loading=\"lazy\" decoding=\"async\" width=\"552\" height=\"206\" class=\"wp-image-1115 size-full aligncenter\" src=\"http:\/\/uniremunicipios.com.ar\/manual\/wp-content\/uploads\/2019\/10\/Pasted-into-1-27.png\" srcset=\"https:\/\/uniremunicipios.com.ar\/manual\/wp-content\/uploads\/2019\/10\/Pasted-into-1-27.png 552w, https:\/\/uniremunicipios.com.ar\/manual\/wp-content\/uploads\/2019\/10\/Pasted-into-1-27-300x112.png 300w\" sizes=\"auto, (max-width: 552px) 100vw, 552px\" \/><\/p>\n<p>De igual manera se utiliza para los Resultados extrapresupuestarios<\/p>\n<p>En el <strong>Asiento de Cierre<\/strong> se registran los t\u00edtulos de cada nivel contable que se debe cerrar.<\/p>\n<p><img loading=\"lazy\" decoding=\"async\" width=\"444\" height=\"226\" class=\"wp-image-1116 size-full aligncenter\" src=\"http:\/\/uniremunicipios.com.ar\/manual\/wp-content\/uploads\/2019\/10\/Pasted-into-1-28.png\" srcset=\"https:\/\/uniremunicipios.com.ar\/manual\/wp-content\/uploads\/2019\/10\/Pasted-into-1-28.png 444w, https:\/\/uniremunicipios.com.ar\/manual\/wp-content\/uploads\/2019\/10\/Pasted-into-1-28-300x153.png 300w\" sizes=\"auto, (max-width: 444px) 100vw, 444px\" \/><\/p>\n<p>Una vez finalizada la configuraci\u00f3n de todos estos movimientos excepcionales se encuentra listo el sistema para ejecutar los procesos.<\/p>\n<p>&nbsp;<\/p>\n<p>&nbsp;<\/p>\n<p><strong>\u00a0<\/strong><\/p>\n<p><strong>\u00a0<\/strong><\/p>\n<p><strong>EJECUCION DE ASIENTOS ESPECIALES<\/strong><\/p>\n<p>Es necesario posicionarse en \u00a0el per\u00edodo contable respectivo y colocarlo como vigente, luego en el 3\u00ba bot\u00f3n se generan los asientos especiales. Se debe tener m\u00e1xime cuidado de ejecutarlos\u00a0 ya que debe hacerse en la forma ordenada como lo presenta el sistema.<\/p>\n<p><img loading=\"lazy\" decoding=\"async\" width=\"395\" height=\"250\" class=\"wp-image-1117 size-full aligncenter\" src=\"http:\/\/uniremunicipios.com.ar\/manual\/wp-content\/uploads\/2019\/10\/Pasted-into-1-29.png\" srcset=\"https:\/\/uniremunicipios.com.ar\/manual\/wp-content\/uploads\/2019\/10\/Pasted-into-1-29.png 395w, https:\/\/uniremunicipios.com.ar\/manual\/wp-content\/uploads\/2019\/10\/Pasted-into-1-29-300x190.png 300w\" sizes=\"auto, (max-width: 395px) 100vw, 395px\" \/><\/p>\n<p><img loading=\"lazy\" decoding=\"async\" width=\"240\" height=\"100\" class=\"wp-image-1118 size-full aligncenter\" src=\"http:\/\/uniremunicipios.com.ar\/manual\/wp-content\/uploads\/2019\/10\/Pasted-into-1-30.png\" \/><\/p>\n<p>La forma de ejecuci\u00f3n es procesal, o sea que debe ir por orden, una vez hecho el primero, \u00e9ste se puede consultar o anular, y habilita el segundo, y as\u00ed sucesivamente. No se puede saltear uno de los asientos, en todo caso si no hay nada configurado no hace nada.<\/p>\n<p>Para el caso que haya movimientos posteriores al cierre o procese de estos asientos hay que anular los asientos y hacerlos nuevamente. Para ello se retrocede en el mismo orden inverso que se hizo el marcha adelante.<\/p>\n<p>El asiento de apertura copia el Asiento de Cierre y lo invierte en forma autom\u00e1tica.<\/p>\n<p>Luego se debe ejecutar el asiento de Activaci\u00f3n de Bienes de Uso, luego el de Resultado Presupuestario, el de Resultados Extrapresupuestarios y por \u00faltimo el de Cierre del Ejercicio.<\/p>\n<p>Conclusi\u00f3n: es indispensable que haya asiento de cierre.<\/p>\n<p>En todos los casos se puede: <strong><em>generar, anular <\/em><\/strong>y<strong><em> consultar. <\/em><\/strong>Cuando se ha generado el primero, luego se puede anular y consultar. Cuando se genera el segundo, para el primero solo queda la consulta, y as\u00ed sucesivamente. Para anular asientos, se debe ir hacia atr\u00e1s en forma ordenada e inversa de c\u00f3mo ha sucedido la primera generaci\u00f3n.<\/p>\n<p>Una vez realizado todos los asientos y que el balance est\u00e9 finalizado y correcto se debe cambiar el <img loading=\"lazy\" decoding=\"async\" width=\"62\" height=\"25\" class=\"alignnone wp-image-1119 size-full\" src=\"http:\/\/uniremunicipios.com.ar\/manual\/wp-content\/uploads\/2019\/10\/Pasted-into-1-31.png\" \/>\u00a0al per\u00edodo ya finalizado.<\/p>\n<p>Y, entonces, el sistema permite realizar el asiento de apertura, copiando el asiento de cierre con la inversi\u00f3n natural de DEBE\/HABER.<\/p>\n<p>&nbsp;<\/p>\n","protected":false},"excerpt":{"rendered":"<p>Cuando se llega al final del a\u00f1o es importante tener en cuenta los movimientos a realizar en la contabilidad en los balances. Los asientos de Determinaci\u00f3n de Resultados, Activaci\u00f3n de bienes de uso, Cierre, y luego Apertura son las estrellas de este instructivo. UNIRE cuenta con la automatizaci\u00f3n de estos registros. Es necesario, obviamente, configurar [&hellip;]<\/p>\n","protected":false},"author":4,"featured_media":0,"parent":19,"menu_order":4,"comment_status":"closed","ping_status":"closed","template":"","meta":{"footnotes":""},"class_list":["post-1112","page","type-page","status-publish","hentry"],"_links":{"self":[{"href":"https:\/\/uniremunicipios.com.ar\/manual\/index.php?rest_route=\/wp\/v2\/pages\/1112","targetHints":{"allow":["GET"]}}],"collection":[{"href":"https:\/\/uniremunicipios.com.ar\/manual\/index.php?rest_route=\/wp\/v2\/pages"}],"about":[{"href":"https:\/\/uniremunicipios.com.ar\/manual\/index.php?rest_route=\/wp\/v2\/types\/page"}],"author":[{"embeddable":true,"href":"https:\/\/uniremunicipios.com.ar\/manual\/index.php?rest_route=\/wp\/v2\/users\/4"}],"replies":[{"embeddable":true,"href":"https:\/\/uniremunicipios.com.ar\/manual\/index.php?rest_route=%2Fwp%2Fv2%2Fcomments&post=1112"}],"version-history":[{"count":3,"href":"https:\/\/uniremunicipios.com.ar\/manual\/index.php?rest_route=\/wp\/v2\/pages\/1112\/revisions"}],"predecessor-version":[{"id":4585,"href":"https:\/\/uniremunicipios.com.ar\/manual\/index.php?rest_route=\/wp\/v2\/pages\/1112\/revisions\/4585"}],"up":[{"embeddable":true,"href":"https:\/\/uniremunicipios.com.ar\/manual\/index.php?rest_route=\/wp\/v2\/pages\/19"}],"wp:attachment":[{"href":"https:\/\/uniremunicipios.com.ar\/manual\/index.php?rest_route=%2Fwp%2Fv2%2Fmedia&parent=1112"}],"curies":[{"name":"wp","href":"https:\/\/api.w.org\/{rel}","templated":true}]}}