{"id":1121,"date":"2019-10-08T17:58:09","date_gmt":"2019-10-08T20:58:09","guid":{"rendered":"http:\/\/uniremunicipios.com.ar\/manual\/?page_id=1121"},"modified":"2024-09-17T14:24:11","modified_gmt":"2024-09-17T17:24:11","slug":"nuevo-periodo-contable","status":"publish","type":"page","link":"https:\/\/uniremunicipios.com.ar\/manual\/?page_id=1121","title":{"rendered":"Nuevo periodo contable"},"content":{"rendered":"<p>El primer d\u00eda h\u00e1bil del a\u00f1o \u00a0(o \u00faltimo d\u00eda del a\u00f1o a finalizar) es necesario e indispensable que el primer paso que se d\u00e9 se haga en el sector contable.<\/p>\n<p>El responsable del \u00e1rea contable DEBE crear el per\u00edodo nuevo \u201cA\u00d1O \u2026.\u201d en CONTABILIDAD-TABLAS-PERIODOS CONTABLES, y marcarlo como <strong><u>\u201dvigente\u201d.<\/u><\/strong><\/p>\n<p>&nbsp;<\/p>\n<p>Se debe tener en cuenta que todos los automatismos van a arrojar los movimientos hacia este per\u00edodo. Cada nuevo requerimiento, cada afectaci\u00f3n, cada pago, dep\u00f3sito, cobranza realizada a partir del 01 de enero DEBE ir al nuevo per\u00edodo contable.<\/p>\n<p>&nbsp;<\/p>\n<p>Para los movimientos no autom\u00e1ticos, asientos manuales, correcciones, asientos de ajustes, etc., cuando se pone fecha del a\u00f1o 2018 (siendo ya per\u00edodo 2019) nos avisa que pertenece al ejercicio anterior y lo guarda correctamente en el 2018.<\/p>\n<p>Con ACEPTAR permite pasar igualmente.<\/p>\n","protected":false},"excerpt":{"rendered":"<p>El primer d\u00eda h\u00e1bil del a\u00f1o \u00a0(o \u00faltimo d\u00eda del a\u00f1o a finalizar) es necesario e indispensable que el primer paso que se d\u00e9 se haga en el sector contable. El responsable del \u00e1rea contable DEBE crear el per\u00edodo nuevo \u201cA\u00d1O \u2026.\u201d en CONTABILIDAD-TABLAS-PERIODOS CONTABLES, y marcarlo como \u201dvigente\u201d. &nbsp; Se debe tener en cuenta [&hellip;]<\/p>\n","protected":false},"author":4,"featured_media":0,"parent":19,"menu_order":7,"comment_status":"closed","ping_status":"closed","template":"","meta":{"footnotes":""},"class_list":["post-1121","page","type-page","status-publish","hentry"],"_links":{"self":[{"href":"https:\/\/uniremunicipios.com.ar\/manual\/index.php?rest_route=\/wp\/v2\/pages\/1121","targetHints":{"allow":["GET"]}}],"collection":[{"href":"https:\/\/uniremunicipios.com.ar\/manual\/index.php?rest_route=\/wp\/v2\/pages"}],"about":[{"href":"https:\/\/uniremunicipios.com.ar\/manual\/index.php?rest_route=\/wp\/v2\/types\/page"}],"author":[{"embeddable":true,"href":"https:\/\/uniremunicipios.com.ar\/manual\/index.php?rest_route=\/wp\/v2\/users\/4"}],"replies":[{"embeddable":true,"href":"https:\/\/uniremunicipios.com.ar\/manual\/index.php?rest_route=%2Fwp%2Fv2%2Fcomments&post=1121"}],"version-history":[{"count":2,"href":"https:\/\/uniremunicipios.com.ar\/manual\/index.php?rest_route=\/wp\/v2\/pages\/1121\/revisions"}],"predecessor-version":[{"id":4596,"href":"https:\/\/uniremunicipios.com.ar\/manual\/index.php?rest_route=\/wp\/v2\/pages\/1121\/revisions\/4596"}],"up":[{"embeddable":true,"href":"https:\/\/uniremunicipios.com.ar\/manual\/index.php?rest_route=\/wp\/v2\/pages\/19"}],"wp:attachment":[{"href":"https:\/\/uniremunicipios.com.ar\/manual\/index.php?rest_route=%2Fwp%2Fv2%2Fmedia&parent=1121"}],"curies":[{"name":"wp","href":"https:\/\/api.w.org\/{rel}","templated":true}]}}