{"id":1127,"date":"2019-10-08T18:07:42","date_gmt":"2019-10-08T21:07:42","guid":{"rendered":"http:\/\/uniremunicipios.com.ar\/manual\/?page_id=1127"},"modified":"2019-10-08T18:07:42","modified_gmt":"2019-10-08T21:07:42","slug":"configuracion-caja-banco","status":"publish","type":"page","link":"https:\/\/uniremunicipios.com.ar\/manual\/?page_id=1127","title":{"rendered":"Configuracion Caja Banco"},"content":{"rendered":"<p>Ya sea en el m\u00f3dulo de caja o de banco se halla la configuraci\u00f3n de ingresos, que gracias a esto realiza la contabilidad en forma totalmente autom\u00e1tica.<\/p>\n<p>Para ello es necesario ingresar a uno de estos dos m\u00f3dulos (es indistinto y cambiando uno se cambia autom\u00e1ticamente el otro), e ingresar al men\u00fa TABLAS. Luego ir <img loading=\"lazy\" decoding=\"async\" width=\"166\" height=\"17\" class=\"alignnone wp-image-1128 size-full\" src=\"http:\/\/uniremunicipios.com.ar\/manual\/wp-content\/uploads\/2019\/10\/Pasted-into-Configuracion-Caja-Banco.png\" \/> , e ingresar la imputaci\u00f3n al cargo correspondiente.<\/p>\n<p><img loading=\"lazy\" decoding=\"async\" width=\"374\" height=\"30\" class=\"alignnone wp-image-1129 size-full\" src=\"http:\/\/uniremunicipios.com.ar\/manual\/wp-content\/uploads\/2019\/10\/Pasted-into-Configuracion-Caja-Banco-1.png\" srcset=\"https:\/\/uniremunicipios.com.ar\/manual\/wp-content\/uploads\/2019\/10\/Pasted-into-Configuracion-Caja-Banco-1.png 374w, https:\/\/uniremunicipios.com.ar\/manual\/wp-content\/uploads\/2019\/10\/Pasted-into-Configuracion-Caja-Banco-1-300x24.png 300w\" sizes=\"auto, (max-width: 374px) 100vw, 374px\" \/><\/p>\n<p>El nro. de cargo se da en el m\u00f3dulo de impuesto, dentro de cada tributo se encuentran los \u00edtem llamado cargos.<\/p>\n<p>La presentaci\u00f3n de la pantalla a registrar es la siguiente:<\/p>\n<p><img loading=\"lazy\" decoding=\"async\" width=\"321\" height=\"123\" class=\"alignnone wp-image-1130 size-full\" src=\"http:\/\/uniremunicipios.com.ar\/manual\/wp-content\/uploads\/2019\/10\/Pasted-into-Configuracion-Caja-Banco-2.png\" srcset=\"https:\/\/uniremunicipios.com.ar\/manual\/wp-content\/uploads\/2019\/10\/Pasted-into-Configuracion-Caja-Banco-2.png 321w, https:\/\/uniremunicipios.com.ar\/manual\/wp-content\/uploads\/2019\/10\/Pasted-into-Configuracion-Caja-Banco-2-300x115.png 300w\" sizes=\"auto, (max-width: 321px) 100vw, 321px\" \/><\/p>\n<p>en el \u00edcono del librito figuran las acotaciones correspondientes.<\/p>\n<p>Cuando una caja o banco da desbalanceado, es porque un cargo est\u00e1 imputado mal, o no imputado.<\/p>\n<p>Se debe tener en cuenta siempre que cuando se cobra un impuesto del a\u00f1o anterior es necesario registrar en esta configuraci\u00f3n el cargo con el nombre de CARGOA.<\/p>\n<p>Por ejemplo: cargo 150- tasa general<\/p>\n<p>En la imputaci\u00f3n ir\u00eda:<\/p>\n<p>(<em>nro.imputaci\u00f3n)<\/em> INGRESOS TASAS\u00a0\u00a0\u00a0\u00a0 CARGO [150]<\/p>\n<p>Para tasas cobradas de a\u00f1os anteriores:<\/p>\n<p>(<em>nro.imputaci\u00f3n)<\/em> INGRESOS TASAS EJERC. ANT.\u00a0\u00a0\u00a0 CARGOA [150]<\/p>\n","protected":false},"excerpt":{"rendered":"<p>Ya sea en el m\u00f3dulo de caja o de banco se halla la configuraci\u00f3n de ingresos, que gracias a esto realiza la contabilidad en forma totalmente autom\u00e1tica. Para ello es necesario ingresar a uno de estos dos m\u00f3dulos (es indistinto y cambiando uno se cambia autom\u00e1ticamente el otro), e ingresar al men\u00fa TABLAS. Luego ir [&hellip;]<\/p>\n","protected":false},"author":4,"featured_media":0,"parent":411,"menu_order":0,"comment_status":"closed","ping_status":"closed","template":"","meta":{"footnotes":""},"class_list":["post-1127","page","type-page","status-publish","hentry"],"_links":{"self":[{"href":"https:\/\/uniremunicipios.com.ar\/manual\/index.php?rest_route=\/wp\/v2\/pages\/1127","targetHints":{"allow":["GET"]}}],"collection":[{"href":"https:\/\/uniremunicipios.com.ar\/manual\/index.php?rest_route=\/wp\/v2\/pages"}],"about":[{"href":"https:\/\/uniremunicipios.com.ar\/manual\/index.php?rest_route=\/wp\/v2\/types\/page"}],"author":[{"embeddable":true,"href":"https:\/\/uniremunicipios.com.ar\/manual\/index.php?rest_route=\/wp\/v2\/users\/4"}],"replies":[{"embeddable":true,"href":"https:\/\/uniremunicipios.com.ar\/manual\/index.php?rest_route=%2Fwp%2Fv2%2Fcomments&post=1127"}],"version-history":[{"count":1,"href":"https:\/\/uniremunicipios.com.ar\/manual\/index.php?rest_route=\/wp\/v2\/pages\/1127\/revisions"}],"predecessor-version":[{"id":1131,"href":"https:\/\/uniremunicipios.com.ar\/manual\/index.php?rest_route=\/wp\/v2\/pages\/1127\/revisions\/1131"}],"up":[{"embeddable":true,"href":"https:\/\/uniremunicipios.com.ar\/manual\/index.php?rest_route=\/wp\/v2\/pages\/411"}],"wp:attachment":[{"href":"https:\/\/uniremunicipios.com.ar\/manual\/index.php?rest_route=%2Fwp%2Fv2%2Fmedia&parent=1127"}],"curies":[{"name":"wp","href":"https:\/\/api.w.org\/{rel}","templated":true}]}}