{"id":113,"date":"2019-05-29T11:29:37","date_gmt":"2019-05-29T14:29:37","guid":{"rendered":"http:\/\/uniremunicipios.com.ar\/manual\/?page_id=113"},"modified":"2021-08-23T16:14:01","modified_gmt":"2021-08-23T19:14:01","slug":"liquidacion-generacion-de-recibos","status":"publish","type":"page","link":"https:\/\/uniremunicipios.com.ar\/manual\/?page_id=113","title":{"rendered":"Liquidaci\u00f3n\/Generaci\u00f3n de Recibos"},"content":{"rendered":"\r\n<div class=\"wp-block-image\">\r\n<figure class=\"aligncenter\"><img decoding=\"async\" src=\"http:\/\/www.uniremunicipios.com.ar\/lib\/NewItem247.png\" alt=\"\" \/><\/figure>\r\n<\/div>\r\n\r\n\r\n\r\n<div class=\"wp-block-image\">\r\n<figure class=\"aligncenter\"><img decoding=\"async\" src=\"http:\/\/www.uniremunicipios.com.ar\/lib\/NewItem246.png\" alt=\"\" \/><\/figure>\r\n<\/div>\r\n\r\n\r\n\r\n<p style=\"text-align: left;\">El operador se debe posicionar en este men\u00fa para realizar las liquidaciones correspondientes.<\/p>\r\n\r\n\r\n\r\n<p>En\u00a0<strong>Ingreso-Liquidaciones Activas<\/strong>\u00a0con el bot\u00f3n<\/p>\r\n\r\n\r\n\r\n<div class=\"wp-block-image\">\r\n<figure class=\"aligncenter\"><img decoding=\"async\" src=\"http:\/\/www.uniremunicipios.com.ar\/lib\/NewItem245.png\" alt=\"\" \/><\/figure>\r\n<\/div>\r\n\r\n\r\n\r\n<p>\u00a0<em>\u00a0<\/em>realiza la carga y asociaci\u00f3n de todos los datos que van a formar parte de la liquidaci\u00f3n y generaci\u00f3n de recibos para su posterior impresi\u00f3n.<\/p>\r\n\r\n\r\n\r\n<p>Se pueden cargar N infracciones y definir N cantidad de cuotas.<\/p>\r\n\r\n\r\n\r\n<p>Se debe tener en cuenta que se pueden utilizar uno o varios cargos en el cobro de la multa. Estos se asocian en forma autom\u00e1tica en el cobro de los recibos generados. Por ejemplo si se cobra el cargo multa, y tambi\u00e9n el cargo estad\u00eda, en el an\u00e1lisis se podr\u00e1 verificar lo recaudado en cada concepto.<\/p>\r\n\r\n\r\n\r\n<p>Se debe tener en cuenta todas las pesta\u00f1as que presenta la pantalla, ya que figuran entre ellas \u201cagravantes\u201d y \u201catenuantes\u201d, herramientas que el responsable del \u00e1rea utiliza a diario para las definiciones y resoluciones de las desobediencias a procesar. Para generar los recibos y\/o cuotas se debe cambiar el ESTADO de la liquidaci\u00f3n.<\/p>\r\n\r\n\r\n\r\n<p>En los otros t\u00edtulos se pueden consultar los estados y datos particulares de cada infracci\u00f3n.<\/p>\r\n<p><iframe loading=\"lazy\" title=\"consulta de infracciones, liquidaciones, generaci\u00f3n recibos\" width=\"500\" height=\"375\" src=\"https:\/\/www.youtube.com\/embed\/YP5rL0ZWohc?feature=oembed\" frameborder=\"0\" allow=\"accelerometer; autoplay; clipboard-write; encrypted-media; gyroscope; picture-in-picture; web-share\" referrerpolicy=\"strict-origin-when-cross-origin\" allowfullscreen><\/iframe><\/p>\r\n","protected":false},"excerpt":{"rendered":"<p>El operador se debe posicionar en este men\u00fa para realizar las liquidaciones correspondientes. En\u00a0Ingreso-Liquidaciones Activas\u00a0con el bot\u00f3n \u00a0\u00a0realiza la carga y asociaci\u00f3n de todos los datos que van a formar parte de la liquidaci\u00f3n y generaci\u00f3n de recibos para su posterior impresi\u00f3n. Se pueden cargar N infracciones y definir N cantidad de cuotas. Se debe [&hellip;]<\/p>\n","protected":false},"author":4,"featured_media":0,"parent":100,"menu_order":0,"comment_status":"closed","ping_status":"closed","template":"","meta":{"footnotes":""},"class_list":["post-113","page","type-page","status-publish","hentry"],"_links":{"self":[{"href":"https:\/\/uniremunicipios.com.ar\/manual\/index.php?rest_route=\/wp\/v2\/pages\/113","targetHints":{"allow":["GET"]}}],"collection":[{"href":"https:\/\/uniremunicipios.com.ar\/manual\/index.php?rest_route=\/wp\/v2\/pages"}],"about":[{"href":"https:\/\/uniremunicipios.com.ar\/manual\/index.php?rest_route=\/wp\/v2\/types\/page"}],"author":[{"embeddable":true,"href":"https:\/\/uniremunicipios.com.ar\/manual\/index.php?rest_route=\/wp\/v2\/users\/4"}],"replies":[{"embeddable":true,"href":"https:\/\/uniremunicipios.com.ar\/manual\/index.php?rest_route=%2Fwp%2Fv2%2Fcomments&post=113"}],"version-history":[{"count":5,"href":"https:\/\/uniremunicipios.com.ar\/manual\/index.php?rest_route=\/wp\/v2\/pages\/113\/revisions"}],"predecessor-version":[{"id":2982,"href":"https:\/\/uniremunicipios.com.ar\/manual\/index.php?rest_route=\/wp\/v2\/pages\/113\/revisions\/2982"}],"up":[{"embeddable":true,"href":"https:\/\/uniremunicipios.com.ar\/manual\/index.php?rest_route=\/wp\/v2\/pages\/100"}],"wp:attachment":[{"href":"https:\/\/uniremunicipios.com.ar\/manual\/index.php?rest_route=%2Fwp%2Fv2%2Fmedia&parent=113"}],"curies":[{"name":"wp","href":"https:\/\/api.w.org\/{rel}","templated":true}]}}