{"id":1140,"date":"2019-10-09T09:13:17","date_gmt":"2019-10-09T12:13:17","guid":{"rendered":"http:\/\/uniremunicipios.com.ar\/manual\/?page_id=1140"},"modified":"2021-08-10T14:44:28","modified_gmt":"2021-08-10T17:44:28","slug":"caja-de-jubilaciones-de-entre-rios","status":"publish","type":"page","link":"https:\/\/uniremunicipios.com.ar\/manual\/?page_id=1140","title":{"rendered":"Caja de Jubilaciones de Entre Rios"},"content":{"rendered":"<p class=\"rvps4\"><span class=\"rvts232\">SICA<\/span><\/p>\n<p class=\"rvps5\"><span class=\"rvts58\">En el sistema SICA deber\u00e1n cargarse los conceptos tal como dice el manual de SICA, con el n\u00famero de concepto que utiliza el sistema UNIRE<\/span><\/p>\n<p class=\"rvps5\"><span class=\"rvts58\">Cuando se cierra la liquidaci\u00f3n dependiendo si es NORMAL, SAC , podemos generar el archivo de carga electr\u00f3nica.<\/span><\/p>\n<p class=\"rvps5\"><span class=\"rvts58\">Una vez cerrado el per\u00edodo de liquidaci\u00f3n, debemos elegir el per\u00edodo de liquidaci\u00f3n, el tipo de liquidaci\u00f3n e ingresar a<\/span><\/p>\n<p class=\"rvps5\"><span class=\"rvts58\">\u00a0<\/span><\/p>\n<p class=\"rvps5\"><img loading=\"lazy\" decoding=\"async\" src=\"http:\/\/uniremunicipios.com.ar\/manual-anterior\/lib\/CAJA%20JUBILACIONES%20DE%20ENTRE%20RIOS_archivosima16.jpg\" alt=\"\" width=\"589\" height=\"359\" \/><\/p>\n<p class=\"rvps5\"><img loading=\"lazy\" decoding=\"async\" src=\"http:\/\/uniremunicipios.com.ar\/manual-anterior\/lib\/CAJA%20JUBILACIONES%20DE%20ENTRE%20RIOS_archivosima14.png\" alt=\"\" width=\"587\" height=\"359\" \/><\/p>\n<p class=\"rvps5\"><span class=\"rvts58\">Debe generarse el archivo de pago de sueldos y luego en el bot\u00f3n\u00a0<\/span><img decoding=\"async\" src=\"http:\/\/uniremunicipios.com.ar\/manual-anterior\/lib\/NewItem201.png\" alt=\"\" \/><span class=\"rvts58\">\u00a0buscar el Reporte de Caja de Jubilaciones<\/span><\/p>\n<p class=\"rvps5\"><span class=\"rvts58\">\u00a0<\/span><\/p>\n<p class=\"rvps5\"><img loading=\"lazy\" decoding=\"async\" src=\"http:\/\/uniremunicipios.com.ar\/manual-anterior\/lib\/CAJA%20JUBILACIONES%20DE%20ENTRE%20RIOS_archivosima12.jpg\" alt=\"\" width=\"547\" height=\"107\" \/><\/p>\n<p class=\"rvps5\"><span class=\"rvts58\">\u00a0<\/span><\/p>\n<p class=\"rvps5\"><img loading=\"lazy\" decoding=\"async\" src=\"http:\/\/uniremunicipios.com.ar\/manual-anterior\/lib\/CAJA%20JUBILACIONES%20DE%20ENTRE%20RIOS_archivosima11.jpg\" alt=\"\" width=\"486\" height=\"286\" \/><\/p>\n<p class=\"rvps5\"><span class=\"rvts58\">All\u00ed elegimos<\/span><\/p>\n<p class=\"rvps5\"><img loading=\"lazy\" decoding=\"async\" src=\"http:\/\/uniremunicipios.com.ar\/manual-anterior\/lib\/CAJA%20JUBILACIONES%20DE%20ENTRE%20RIOS_archivosima10.png\" alt=\"\" width=\"300\" height=\"200\" \/><\/p>\n<p class=\"rvps5\"><img loading=\"lazy\" decoding=\"async\" src=\"http:\/\/uniremunicipios.com.ar\/manual-anterior\/lib\/CAJA%20JUBILACIONES%20DE%20ENTRE%20RIOS_archivosimag9.jpg\" alt=\"\" width=\"591\" height=\"31\" \/><\/p>\n<p class=\"rvps5\"><img loading=\"lazy\" decoding=\"async\" src=\"http:\/\/uniremunicipios.com.ar\/manual-anterior\/lib\/CAJA%20JUBILACIONES%20DE%20ENTRE%20RIOS_archivosimag8.png\" alt=\"Cuadro de texto:&amp;nbsp; \" width=\"493\" height=\"388\" \/><img loading=\"lazy\" decoding=\"async\" src=\"http:\/\/uniremunicipios.com.ar\/manual-anterior\/lib\/CAJA%20JUBILACIONES%20DE%20ENTRE%20RIOS_archivosimag7.jpg\" alt=\"\" width=\"52\" height=\"391\" \/><\/p>\n<p class=\"rvps5\"><span class=\"rvts58\">Una vez generado (demora unos minutos), vamos a exportar, archivo de texto<\/span><\/p>\n<p class=\"rvps5\"><img loading=\"lazy\" decoding=\"async\" src=\"http:\/\/uniremunicipios.com.ar\/manual-anterior\/lib\/CAJA%20JUBILACIONES%20DE%20ENTRE%20RIOS_archivosimag4.jpg\" alt=\"\" width=\"282\" height=\"291\" \/><\/p>\n<p class=\"rvps5\"><span class=\"rvts58\">\u00a0<\/span><\/p>\n<p class=\"rvps5\"><img loading=\"lazy\" decoding=\"async\" src=\"http:\/\/uniremunicipios.com.ar\/manual-anterior\/lib\/CAJA%20JUBILACIONES%20DE%20ENTRE%20RIOS_archivosimag2.jpg\" alt=\"\" width=\"219\" height=\"220\" \/><\/p>\n<p class=\"rvps5\"><span class=\"rvts58\">Sacamos el tilde en separador de l\u00ednea y le ponemos el nombre del archivo<\/span><\/p>\n<p class=\"rvps5\"><img loading=\"lazy\" decoding=\"async\" src=\"http:\/\/uniremunicipios.com.ar\/manual-anterior\/lib\/CAJA%20JUBILACIONES%20DE%20ENTRE%20RIOS_archivosimag1.png\" alt=\"\" width=\"562\" height=\"412\" \/><\/p>\n<p class=\"rvps5\">\n","protected":false},"excerpt":{"rendered":"<p>SICA En el sistema SICA deber\u00e1n cargarse los conceptos tal como dice el manual de SICA, con el n\u00famero de concepto que utiliza el sistema UNIRE Cuando se cierra la liquidaci\u00f3n dependiendo si es NORMAL, SAC , podemos generar el archivo de carga electr\u00f3nica. Una vez cerrado el per\u00edodo de liquidaci\u00f3n, debemos elegir el per\u00edodo [&hellip;]<\/p>\n","protected":false},"author":4,"featured_media":0,"parent":28,"menu_order":266,"comment_status":"closed","ping_status":"closed","template":"","meta":{"footnotes":""},"class_list":["post-1140","page","type-page","status-publish","hentry"],"_links":{"self":[{"href":"https:\/\/uniremunicipios.com.ar\/manual\/index.php?rest_route=\/wp\/v2\/pages\/1140","targetHints":{"allow":["GET"]}}],"collection":[{"href":"https:\/\/uniremunicipios.com.ar\/manual\/index.php?rest_route=\/wp\/v2\/pages"}],"about":[{"href":"https:\/\/uniremunicipios.com.ar\/manual\/index.php?rest_route=\/wp\/v2\/types\/page"}],"author":[{"embeddable":true,"href":"https:\/\/uniremunicipios.com.ar\/manual\/index.php?rest_route=\/wp\/v2\/users\/4"}],"replies":[{"embeddable":true,"href":"https:\/\/uniremunicipios.com.ar\/manual\/index.php?rest_route=%2Fwp%2Fv2%2Fcomments&post=1140"}],"version-history":[{"count":3,"href":"https:\/\/uniremunicipios.com.ar\/manual\/index.php?rest_route=\/wp\/v2\/pages\/1140\/revisions"}],"predecessor-version":[{"id":2747,"href":"https:\/\/uniremunicipios.com.ar\/manual\/index.php?rest_route=\/wp\/v2\/pages\/1140\/revisions\/2747"}],"up":[{"embeddable":true,"href":"https:\/\/uniremunicipios.com.ar\/manual\/index.php?rest_route=\/wp\/v2\/pages\/28"}],"wp:attachment":[{"href":"https:\/\/uniremunicipios.com.ar\/manual\/index.php?rest_route=%2Fwp%2Fv2%2Fmedia&parent=1140"}],"curies":[{"name":"wp","href":"https:\/\/api.w.org\/{rel}","templated":true}]}}