{"id":1155,"date":"2019-10-11T15:40:29","date_gmt":"2019-10-11T18:40:29","guid":{"rendered":"http:\/\/uniremunicipios.com.ar\/manual\/?page_id=1155"},"modified":"2025-01-16T13:51:54","modified_gmt":"2025-01-16T16:51:54","slug":"estudios-contables-acceso-desde-la-web","status":"publish","type":"page","link":"https:\/\/uniremunicipios.com.ar\/manual\/?page_id=1155","title":{"rendered":"h. Estudios Contables (Acceso desde la web)"},"content":{"rendered":"<p>Los estudios contables podr\u00e1n liquidar el DREI de todos sus clientes v\u00eda ON LINE.<\/p>\n<p>Para ello se debe dar de alta el ESTUDIO CONTABLE en:<\/p>\n<p>MODULO: <strong>UNIRE GENERAL<\/strong><\/p>\n<p>Men\u00fa: <em><strong>Personas\/Grupales \u2013 Jur\u00eddicas\/Especializaciones de Asociaciones-Grupos\/Estudios contables-Contadores<\/strong><\/em><\/p>\n<p><img loading=\"lazy\" decoding=\"async\" class=\"wp-image-5386 alignnone \" src=\"http:\/\/uniremunicipios.com.ar\/manual\/wp-content\/uploads\/2024\/11\/image-40.png\" alt=\"\" width=\"838\" height=\"201\" srcset=\"https:\/\/uniremunicipios.com.ar\/manual\/wp-content\/uploads\/2024\/11\/image-40.png 1173w, https:\/\/uniremunicipios.com.ar\/manual\/wp-content\/uploads\/2024\/11\/image-40-300x72.png 300w, https:\/\/uniremunicipios.com.ar\/manual\/wp-content\/uploads\/2024\/11\/image-40-1024x245.png 1024w, https:\/\/uniremunicipios.com.ar\/manual\/wp-content\/uploads\/2024\/11\/image-40-768x184.png 768w\" sizes=\"auto, (max-width: 838px) 100vw, 838px\" \/><\/p>\n<p>All\u00ed debemos dar de alta al estudio contable con su N\u00ba de CUIT.<\/p>\n<p>Tambi\u00e9n aqu\u00ed podemos asignar la contrase\u00f1a.<\/p>\n<p>Seleccionamos el Estudio Contable y luego clic en Fx Uno\/Asignaci\u00f3n y blanqueo de contrase\u00f1a (internet).<\/p>\n<p><img loading=\"lazy\" decoding=\"async\" class=\"wp-image-5391 alignnone \" src=\"http:\/\/uniremunicipios.com.ar\/manual\/wp-content\/uploads\/2024\/11\/image-43.png\" alt=\"\" width=\"337\" height=\"137\" srcset=\"https:\/\/uniremunicipios.com.ar\/manual\/wp-content\/uploads\/2024\/11\/image-43.png 365w, https:\/\/uniremunicipios.com.ar\/manual\/wp-content\/uploads\/2024\/11\/image-43-300x122.png 300w\" sizes=\"auto, (max-width: 337px) 100vw, 337px\" \/><\/p>\n<p>Luego en cada comercio debemos asignar el Estudio Contable haciendo doble clic sobre el comercio para modificar, y en la pesta\u00f1a Datos Comercio:<\/p>\n<p><img loading=\"lazy\" decoding=\"async\" class=\"wp-image-5389 alignnone \" src=\"http:\/\/uniremunicipios.com.ar\/manual\/wp-content\/uploads\/2024\/11\/image-42.png\" alt=\"\" width=\"423\" height=\"323\" srcset=\"https:\/\/uniremunicipios.com.ar\/manual\/wp-content\/uploads\/2024\/11\/image-42.png 588w, https:\/\/uniremunicipios.com.ar\/manual\/wp-content\/uploads\/2024\/11\/image-42-300x229.png 300w\" sizes=\"auto, (max-width: 423px) 100vw, 423px\" \/><\/p>\n<h3>WEB<\/h3>\n<p>Ingresando a Tr\u00e1mites desde la web del municipio, el estudio contable puede iniciar sesi\u00f3n y visualizar sus clientes<\/p>\n<p><img loading=\"lazy\" decoding=\"async\" class=\"wp-image-5799 aligncenter\" src=\"http:\/\/uniremunicipios.com.ar\/manual\/wp-content\/uploads\/2025\/01\/image-16.png\" alt=\"\" width=\"350\" height=\"280\" srcset=\"https:\/\/uniremunicipios.com.ar\/manual\/wp-content\/uploads\/2025\/01\/image-16.png 453w, https:\/\/uniremunicipios.com.ar\/manual\/wp-content\/uploads\/2025\/01\/image-16-300x240.png 300w\" sizes=\"auto, (max-width: 350px) 100vw, 350px\" \/><\/p>\n<p><img loading=\"lazy\" decoding=\"async\" class=\"wp-image-5800 alignnone \" src=\"http:\/\/uniremunicipios.com.ar\/manual\/wp-content\/uploads\/2025\/01\/image-17.png\" alt=\"\" width=\"660\" height=\"44\" srcset=\"https:\/\/uniremunicipios.com.ar\/manual\/wp-content\/uploads\/2025\/01\/image-17.png 1248w, https:\/\/uniremunicipios.com.ar\/manual\/wp-content\/uploads\/2025\/01\/image-17-300x20.png 300w, https:\/\/uniremunicipios.com.ar\/manual\/wp-content\/uploads\/2025\/01\/image-17-1024x69.png 1024w, https:\/\/uniremunicipios.com.ar\/manual\/wp-content\/uploads\/2025\/01\/image-17-768x52.png 768w\" sizes=\"auto, (max-width: 660px) 100vw, 660px\" \/><\/p>\n<p>En DDJJ por per\u00edodo aparecer\u00e1n todos su clientes y la situaci\u00f3n en la que se encuentran seg\u00fan el periodo seleccionado<\/p>\n<p><img loading=\"lazy\" decoding=\"async\" class=\"wp-image-5803 alignnone \" src=\"http:\/\/uniremunicipios.com.ar\/manual\/wp-content\/uploads\/2025\/01\/image-20.png\" alt=\"\" width=\"648\" height=\"67\" srcset=\"https:\/\/uniremunicipios.com.ar\/manual\/wp-content\/uploads\/2025\/01\/image-20.png 1066w, https:\/\/uniremunicipios.com.ar\/manual\/wp-content\/uploads\/2025\/01\/image-20-300x31.png 300w, https:\/\/uniremunicipios.com.ar\/manual\/wp-content\/uploads\/2025\/01\/image-20-1024x107.png 1024w, https:\/\/uniremunicipios.com.ar\/manual\/wp-content\/uploads\/2025\/01\/image-20-768x80.png 768w\" sizes=\"auto, (max-width: 648px) 100vw, 648px\" \/><\/p>\n<p>Tendr\u00e1 la opci\u00f3n de Imprimir aquello que fue declarado o Declarar<\/p>\n","protected":false},"excerpt":{"rendered":"<p>Los estudios contables podr\u00e1n liquidar el DREI de todos sus clientes v\u00eda ON LINE. Para ello se debe dar de alta el ESTUDIO CONTABLE en: MODULO: UNIRE GENERAL Men\u00fa: Personas\/Grupales \u2013 Jur\u00eddicas\/Especializaciones de Asociaciones-Grupos\/Estudios contables-Contadores All\u00ed debemos dar de alta al estudio contable con su N\u00ba de CUIT. Tambi\u00e9n aqu\u00ed podemos asignar la contrase\u00f1a. Seleccionamos [&hellip;]<\/p>\n","protected":false},"author":2,"featured_media":0,"parent":439,"menu_order":0,"comment_status":"closed","ping_status":"closed","template":"","meta":{"footnotes":""},"class_list":["post-1155","page","type-page","status-publish","hentry"],"_links":{"self":[{"href":"https:\/\/uniremunicipios.com.ar\/manual\/index.php?rest_route=\/wp\/v2\/pages\/1155","targetHints":{"allow":["GET"]}}],"collection":[{"href":"https:\/\/uniremunicipios.com.ar\/manual\/index.php?rest_route=\/wp\/v2\/pages"}],"about":[{"href":"https:\/\/uniremunicipios.com.ar\/manual\/index.php?rest_route=\/wp\/v2\/types\/page"}],"author":[{"embeddable":true,"href":"https:\/\/uniremunicipios.com.ar\/manual\/index.php?rest_route=\/wp\/v2\/users\/2"}],"replies":[{"embeddable":true,"href":"https:\/\/uniremunicipios.com.ar\/manual\/index.php?rest_route=%2Fwp%2Fv2%2Fcomments&post=1155"}],"version-history":[{"count":10,"href":"https:\/\/uniremunicipios.com.ar\/manual\/index.php?rest_route=\/wp\/v2\/pages\/1155\/revisions"}],"predecessor-version":[{"id":5830,"href":"https:\/\/uniremunicipios.com.ar\/manual\/index.php?rest_route=\/wp\/v2\/pages\/1155\/revisions\/5830"}],"up":[{"embeddable":true,"href":"https:\/\/uniremunicipios.com.ar\/manual\/index.php?rest_route=\/wp\/v2\/pages\/439"}],"wp:attachment":[{"href":"https:\/\/uniremunicipios.com.ar\/manual\/index.php?rest_route=%2Fwp%2Fv2%2Fmedia&parent=1155"}],"curies":[{"name":"wp","href":"https:\/\/api.w.org\/{rel}","templated":true}]}}