{"id":1163,"date":"2019-10-15T18:30:31","date_gmt":"2019-10-15T21:30:31","guid":{"rendered":"http:\/\/uniremunicipios.com.ar\/manual\/?page_id=1163"},"modified":"2025-05-28T14:13:22","modified_gmt":"2025-05-28T17:13:22","slug":"correccion-montos-descuento-en-requerimientos-adelanto","status":"publish","type":"page","link":"https:\/\/uniremunicipios.com.ar\/manual\/?page_id=1163","title":{"rendered":"Correccion montos descuento en requerimientos adelanto"},"content":{"rendered":"<p class=\"rvps2\"><span class=\"rvts50\">ADELANTOS AL PERSONAL POR REQUERIMIENTO<\/span><\/p>\n<p class=\"rvps2\"><span class=\"rvts50\">CORRECCI\u00d3N MONTOS DE DESCUENTO<\/span><\/p>\n<p class=\"rvps2\"><span class=\"rvts6\">Cuando utilizan este medio para entregar los adelantos y que autom\u00e1ticamente se descuenten en sueldos en uno o varios per\u00edodos de liquidaci\u00f3n,\u00a0<\/span><span class=\"rvts51\">deben tener especial cuidado para no cargar manualmente al momento de liquidar un monto en adelantos<\/span><span class=\"rvts6\">, ya que esta modificaci\u00f3n impide que se descuente lo que realmente corresponde.<\/span><\/p>\n<p class=\"rvps2\"><span class=\"rvts6\">En caso de tener que hacerlo si o s\u00ed porque al empleado no le alcanza el sueldo, deber\u00e1 notificar a la persona de c\u00f3mputos o al sistema, porque por los controles que el sistema realiza, al modificar manualmente el monto, se originar\u00e1n errores en la parte contable, y quedar\u00e1 un monto que figurar\u00e1 como descontado y no se le descont\u00f3 realmente al empleado.<\/span><\/p>\n<p class=\"rvps2\"><span class=\"rvts6\">NO TIENEN QUE INTERFERIR EN ESTOS PROCEDIMIENTOS QUE SON AUTOM\u00c1TICOS, Y EN CASO DE HACERLO AVISAR A QUIEN PUEDA NORMALIZAR LA SITUACI\u00d3N ANTES DEL CIERRE DEL PER\u00cdODO.<\/span><\/p>\n","protected":false},"excerpt":{"rendered":"<p>ADELANTOS AL PERSONAL POR REQUERIMIENTO CORRECCI\u00d3N MONTOS DE DESCUENTO Cuando utilizan este medio para entregar los adelantos y que autom\u00e1ticamente se descuenten en sueldos en uno o varios per\u00edodos de liquidaci\u00f3n,\u00a0deben tener especial cuidado para no cargar manualmente al momento de liquidar un monto en adelantos, ya que esta modificaci\u00f3n impide que se descuente lo [&hellip;]<\/p>\n","protected":false},"author":3,"featured_media":0,"parent":28,"menu_order":380,"comment_status":"closed","ping_status":"closed","template":"","meta":{"footnotes":""},"class_list":["post-1163","page","type-page","status-publish","hentry"],"_links":{"self":[{"href":"https:\/\/uniremunicipios.com.ar\/manual\/index.php?rest_route=\/wp\/v2\/pages\/1163","targetHints":{"allow":["GET"]}}],"collection":[{"href":"https:\/\/uniremunicipios.com.ar\/manual\/index.php?rest_route=\/wp\/v2\/pages"}],"about":[{"href":"https:\/\/uniremunicipios.com.ar\/manual\/index.php?rest_route=\/wp\/v2\/types\/page"}],"author":[{"embeddable":true,"href":"https:\/\/uniremunicipios.com.ar\/manual\/index.php?rest_route=\/wp\/v2\/users\/3"}],"replies":[{"embeddable":true,"href":"https:\/\/uniremunicipios.com.ar\/manual\/index.php?rest_route=%2Fwp%2Fv2%2Fcomments&post=1163"}],"version-history":[{"count":4,"href":"https:\/\/uniremunicipios.com.ar\/manual\/index.php?rest_route=\/wp\/v2\/pages\/1163\/revisions"}],"predecessor-version":[{"id":5950,"href":"https:\/\/uniremunicipios.com.ar\/manual\/index.php?rest_route=\/wp\/v2\/pages\/1163\/revisions\/5950"}],"up":[{"embeddable":true,"href":"https:\/\/uniremunicipios.com.ar\/manual\/index.php?rest_route=\/wp\/v2\/pages\/28"}],"wp:attachment":[{"href":"https:\/\/uniremunicipios.com.ar\/manual\/index.php?rest_route=%2Fwp%2Fv2%2Fmedia&parent=1163"}],"curies":[{"name":"wp","href":"https:\/\/api.w.org\/{rel}","templated":true}]}}