{"id":1183,"date":"2019-10-23T19:15:39","date_gmt":"2019-10-23T22:15:39","guid":{"rendered":"http:\/\/uniremunicipios.com.ar\/manual\/?page_id=1183"},"modified":"2024-10-25T14:38:16","modified_gmt":"2024-10-25T17:38:16","slug":"anulacion-convenios-con-recibos-pagos","status":"publish","type":"page","link":"https:\/\/uniremunicipios.com.ar\/manual\/?page_id=1183","title":{"rendered":"Anulacion convenios con recibos pagos"},"content":{"rendered":"<p>Si el convenio generado es por recibos de Unire, se puede anular dicho<br \/>\nconvenio incluso cuando tiene uno o m\u00e1s recibos pagos.<\/p>\n<p><img loading=\"lazy\" decoding=\"async\" width=\"474\" height=\"171\" class=\"wp-image-1184 size-full aligncenter\" src=\"http:\/\/uniremunicipios.com.ar\/manual\/wp-content\/uploads\/2019\/10\/Pasted-into-1-32.png\" srcset=\"https:\/\/uniremunicipios.com.ar\/manual\/wp-content\/uploads\/2019\/10\/Pasted-into-1-32.png 474w, https:\/\/uniremunicipios.com.ar\/manual\/wp-content\/uploads\/2019\/10\/Pasted-into-1-32-300x108.png 300w\" sizes=\"auto, (max-width: 474px) 100vw, 474px\" \/><\/p>\n<p>Al momento de anular el convenio, el sistema generar\u00e1 autom\u00e1ticamente un cr\u00e9dito equivalente al monto que la persona abon\u00f3. (Este cr\u00e9dito se puede utilizar para abonar recibos origen del bien).<\/p>\n<p><img loading=\"lazy\" decoding=\"async\" width=\"923\" height=\"241\" class=\"wp-image-1185 size-full aligncenter\" src=\"http:\/\/uniremunicipios.com.ar\/manual\/wp-content\/uploads\/2019\/10\/Pasted-into-1-33.png\" srcset=\"https:\/\/uniremunicipios.com.ar\/manual\/wp-content\/uploads\/2019\/10\/Pasted-into-1-33.png 923w, https:\/\/uniremunicipios.com.ar\/manual\/wp-content\/uploads\/2019\/10\/Pasted-into-1-33-300x78.png 300w, https:\/\/uniremunicipios.com.ar\/manual\/wp-content\/uploads\/2019\/10\/Pasted-into-1-33-768x201.png 768w\" sizes=\"auto, (max-width: 923px) 100vw, 923px\" \/><\/p>\n","protected":false},"excerpt":{"rendered":"<p>Si el convenio generado es por recibos de Unire, se puede anular dicho convenio incluso cuando tiene uno o m\u00e1s recibos pagos. Al momento de anular el convenio, el sistema generar\u00e1 autom\u00e1ticamente un cr\u00e9dito equivalente al monto que la persona abon\u00f3. (Este cr\u00e9dito se puede utilizar para abonar recibos origen del bien).<\/p>\n","protected":false},"author":4,"featured_media":0,"parent":515,"menu_order":0,"comment_status":"closed","ping_status":"closed","template":"","meta":{"footnotes":""},"class_list":["post-1183","page","type-page","status-publish","hentry"],"_links":{"self":[{"href":"https:\/\/uniremunicipios.com.ar\/manual\/index.php?rest_route=\/wp\/v2\/pages\/1183","targetHints":{"allow":["GET"]}}],"collection":[{"href":"https:\/\/uniremunicipios.com.ar\/manual\/index.php?rest_route=\/wp\/v2\/pages"}],"about":[{"href":"https:\/\/uniremunicipios.com.ar\/manual\/index.php?rest_route=\/wp\/v2\/types\/page"}],"author":[{"embeddable":true,"href":"https:\/\/uniremunicipios.com.ar\/manual\/index.php?rest_route=\/wp\/v2\/users\/4"}],"replies":[{"embeddable":true,"href":"https:\/\/uniremunicipios.com.ar\/manual\/index.php?rest_route=%2Fwp%2Fv2%2Fcomments&post=1183"}],"version-history":[{"count":3,"href":"https:\/\/uniremunicipios.com.ar\/manual\/index.php?rest_route=\/wp\/v2\/pages\/1183\/revisions"}],"predecessor-version":[{"id":5176,"href":"https:\/\/uniremunicipios.com.ar\/manual\/index.php?rest_route=\/wp\/v2\/pages\/1183\/revisions\/5176"}],"up":[{"embeddable":true,"href":"https:\/\/uniremunicipios.com.ar\/manual\/index.php?rest_route=\/wp\/v2\/pages\/515"}],"wp:attachment":[{"href":"https:\/\/uniremunicipios.com.ar\/manual\/index.php?rest_route=%2Fwp%2Fv2%2Fmedia&parent=1183"}],"curies":[{"name":"wp","href":"https:\/\/api.w.org\/{rel}","templated":true}]}}