{"id":1342,"date":"2019-11-20T16:03:08","date_gmt":"2019-11-20T19:03:08","guid":{"rendered":"http:\/\/uniremunicipios.com.ar\/manual\/?page_id=1342"},"modified":"2024-10-30T09:46:47","modified_gmt":"2024-10-30T12:46:47","slug":"clonar-recibos","status":"publish","type":"page","link":"https:\/\/uniremunicipios.com.ar\/manual\/?page_id=1342","title":{"rendered":"Clonar recibos"},"content":{"rendered":"<p>Si debemos generar una serie de recibos id\u00e9nticos en la mayor\u00eda de sus datos podemos utilizar una herramienta de CLONACI\u00d3N, que nos permite generar hasta 9 recibos iguales al elegido.<\/p>\n<p>Por ejemplo en Tasa General de Inmuebles, necesitamos generar unos recibos atrasados que tienen los mismos conceptos y los mismos importes.<\/p>\n<p>Buscamos el inmueble deseado<\/p>\n<p>Click en bot\u00f3n TB<\/p>\n<p>Luego Click en\u00a0 Recibos por bien imponible<\/p>\n<p>Ingresamos manualmente el primero que nos servir\u00e1 de base para generar los siguientes.<\/p>\n<p>Y para clonar elegimos el siguiente bot\u00f3n<\/p>\n<p><img loading=\"lazy\" decoding=\"async\" class=\"wp-image-4690 alignnone \" src=\"http:\/\/uniremunicipios.com.ar\/manual\/wp-content\/uploads\/2024\/09\/image-88.png\" alt=\"\" width=\"553\" height=\"94\" srcset=\"https:\/\/uniremunicipios.com.ar\/manual\/wp-content\/uploads\/2024\/09\/image-88.png 564w, https:\/\/uniremunicipios.com.ar\/manual\/wp-content\/uploads\/2024\/09\/image-88-300x51.png 300w\" sizes=\"auto, (max-width: 553px) 100vw, 553px\" \/><\/p>\n<p><img loading=\"lazy\" decoding=\"async\" class=\"wp-image-4692 alignnone \" src=\"http:\/\/uniremunicipios.com.ar\/manual\/wp-content\/uploads\/2024\/09\/image-89.png\" alt=\"\" width=\"479\" height=\"147\" srcset=\"https:\/\/uniremunicipios.com.ar\/manual\/wp-content\/uploads\/2024\/09\/image-89.png 452w, https:\/\/uniremunicipios.com.ar\/manual\/wp-content\/uploads\/2024\/09\/image-89-300x92.png 300w\" sizes=\"auto, (max-width: 479px) 100vw, 479px\" \/><\/p>\n<p>Recordar que se pueden clonar un m\u00e1ximo de 9 por vez<\/p>\n<p>Los recibos creados tendr\u00e1n la fecha actual. Solo debemos modificarlos y cambiarles las fechas, los per\u00edodos y las referencias a los que pertenecen.<\/p>\n<p>&nbsp;<\/p>\n<p>&nbsp;<\/p>\n","protected":false},"excerpt":{"rendered":"<p>Si debemos generar una serie de recibos id\u00e9nticos en la mayor\u00eda de sus datos podemos utilizar una herramienta de CLONACI\u00d3N, que nos permite generar hasta 9 recibos iguales al elegido. Por ejemplo en Tasa General de Inmuebles, necesitamos generar unos recibos atrasados que tienen los mismos conceptos y los mismos importes. Buscamos el inmueble deseado [&hellip;]<\/p>\n","protected":false},"author":2,"featured_media":0,"parent":515,"menu_order":0,"comment_status":"closed","ping_status":"closed","template":"","meta":{"footnotes":""},"class_list":["post-1342","page","type-page","status-publish","hentry"],"_links":{"self":[{"href":"https:\/\/uniremunicipios.com.ar\/manual\/index.php?rest_route=\/wp\/v2\/pages\/1342","targetHints":{"allow":["GET"]}}],"collection":[{"href":"https:\/\/uniremunicipios.com.ar\/manual\/index.php?rest_route=\/wp\/v2\/pages"}],"about":[{"href":"https:\/\/uniremunicipios.com.ar\/manual\/index.php?rest_route=\/wp\/v2\/types\/page"}],"author":[{"embeddable":true,"href":"https:\/\/uniremunicipios.com.ar\/manual\/index.php?rest_route=\/wp\/v2\/users\/2"}],"replies":[{"embeddable":true,"href":"https:\/\/uniremunicipios.com.ar\/manual\/index.php?rest_route=%2Fwp%2Fv2%2Fcomments&post=1342"}],"version-history":[{"count":5,"href":"https:\/\/uniremunicipios.com.ar\/manual\/index.php?rest_route=\/wp\/v2\/pages\/1342\/revisions"}],"predecessor-version":[{"id":5194,"href":"https:\/\/uniremunicipios.com.ar\/manual\/index.php?rest_route=\/wp\/v2\/pages\/1342\/revisions\/5194"}],"up":[{"embeddable":true,"href":"https:\/\/uniremunicipios.com.ar\/manual\/index.php?rest_route=\/wp\/v2\/pages\/515"}],"wp:attachment":[{"href":"https:\/\/uniremunicipios.com.ar\/manual\/index.php?rest_route=%2Fwp%2Fv2%2Fmedia&parent=1342"}],"curies":[{"name":"wp","href":"https:\/\/api.w.org\/{rel}","templated":true}]}}