{"id":1416,"date":"2019-12-23T09:55:18","date_gmt":"2019-12-23T12:55:18","guid":{"rendered":"http:\/\/uniremunicipios.com.ar\/manual\/?page_id=1416"},"modified":"2020-01-24T10:00:34","modified_gmt":"2020-01-24T13:00:34","slug":"errores-link-pagos","status":"publish","type":"page","link":"https:\/\/uniremunicipios.com.ar\/manual\/?page_id=1416","title":{"rendered":"Errores LINK PAGOS"},"content":{"rendered":"<p>Cuando un archivo de LINK PAGOS es procesado y se encuentran errores, el sistema UNIRE crea un archivo con el mismo nombre del archivo procesado y se le agrega &#8220;_ERRORES.ERR&#8221;. All\u00ed encontrar\u00e1 todos los registros que tuvieron problemas.<\/p>\n<ul>\n<li>Abrir el archivo con el Bloc de Notas o programa similar.<\/li>\n<li>Desde la posici\u00f3n 51 a la 66 encontraremos el ID del recibo de Unire. Por ejemplo:\u00a0 228190<span style=\"color: #ff0000;\">0101<\/span>094040<\/li>\n<li>A dicho N\u00ba debemos quitarle 4 n\u00fameros, los que est\u00e1n en la posici\u00f3n 7 a 10 y as\u00ed el N\u00ba final ser\u00eda: 228190094040<\/li>\n<li>Pruebe ingresar manualmente este recibo, si sigue dando error:<\/li>\n<li>Abrir UNIRE IMPUESTO GENERAL<\/li>\n<li>Men\u00fa: Impuestos \/ Buscar recibos por ID<\/li>\n<li>Escribe o pega el N\u00ba obtenido y nos mostrar\u00e1 el recibo que nos est\u00e1 dando problemas.<\/li>\n<li>Otro dato que podemos corroborar es el importe que se encuentra en la posici\u00f3n 29 a 40. Los \u00faltimos 2 n\u00fameros son los decimales: Por ejemplo: 000000041407 = 414,07<\/li>\n<\/ul>\n<p>&nbsp;<\/p>\n","protected":false},"excerpt":{"rendered":"<p>Cuando un archivo de LINK PAGOS es procesado y se encuentran errores, el sistema UNIRE crea un archivo con el mismo nombre del archivo procesado y se le agrega &#8220;_ERRORES.ERR&#8221;. All\u00ed encontrar\u00e1 todos los registros que tuvieron problemas. Abrir el archivo con el Bloc de Notas o programa similar. Desde la posici\u00f3n 51 a la [&hellip;]<\/p>\n","protected":false},"author":2,"featured_media":0,"parent":194,"menu_order":0,"comment_status":"closed","ping_status":"closed","template":"","meta":{"footnotes":""},"class_list":["post-1416","page","type-page","status-publish","hentry"],"_links":{"self":[{"href":"https:\/\/uniremunicipios.com.ar\/manual\/index.php?rest_route=\/wp\/v2\/pages\/1416","targetHints":{"allow":["GET"]}}],"collection":[{"href":"https:\/\/uniremunicipios.com.ar\/manual\/index.php?rest_route=\/wp\/v2\/pages"}],"about":[{"href":"https:\/\/uniremunicipios.com.ar\/manual\/index.php?rest_route=\/wp\/v2\/types\/page"}],"author":[{"embeddable":true,"href":"https:\/\/uniremunicipios.com.ar\/manual\/index.php?rest_route=\/wp\/v2\/users\/2"}],"replies":[{"embeddable":true,"href":"https:\/\/uniremunicipios.com.ar\/manual\/index.php?rest_route=%2Fwp%2Fv2%2Fcomments&post=1416"}],"version-history":[{"count":3,"href":"https:\/\/uniremunicipios.com.ar\/manual\/index.php?rest_route=\/wp\/v2\/pages\/1416\/revisions"}],"predecessor-version":[{"id":1480,"href":"https:\/\/uniremunicipios.com.ar\/manual\/index.php?rest_route=\/wp\/v2\/pages\/1416\/revisions\/1480"}],"up":[{"embeddable":true,"href":"https:\/\/uniremunicipios.com.ar\/manual\/index.php?rest_route=\/wp\/v2\/pages\/194"}],"wp:attachment":[{"href":"https:\/\/uniremunicipios.com.ar\/manual\/index.php?rest_route=%2Fwp%2Fv2%2Fmedia&parent=1416"}],"curies":[{"name":"wp","href":"https:\/\/api.w.org\/{rel}","templated":true}]}}