{"id":1426,"date":"2020-01-14T09:18:57","date_gmt":"2020-01-14T12:18:57","guid":{"rendered":"http:\/\/uniremunicipios.com.ar\/manual\/?page_id=1426"},"modified":"2020-01-14T09:19:28","modified_gmt":"2020-01-14T12:19:28","slug":"agregar-area-destino","status":"publish","type":"page","link":"https:\/\/uniremunicipios.com.ar\/manual\/?page_id=1426","title":{"rendered":"Agregar Area destino"},"content":{"rendered":"<p>El \u00e1rea destino ya debe estar creado en el organigrama del Sistema Unire.<\/p>\n<ul>\n<li>M\u00f3dulo: Unire Expedientes<\/li>\n<li>Men\u00fa: Expedientes\/Tablas de expedientes\/Definici\u00f3n expedientes<\/li>\n<li>Clic sobre el Tipo de expediente con el que queremos trabajar y<\/li>\n<li>Clic sobre el bot\u00f3n <strong><span style=\"color: #0000ff;\">Pe<\/span><\/strong><\/li>\n<li><img loading=\"lazy\" decoding=\"async\" width=\"341\" height=\"214\" class=\"alignnone wp-image-1427 size-full\" src=\"http:\/\/uniremunicipios.com.ar\/manual\/wp-content\/uploads\/2020\/01\/Pasted-into-Agregar-\u00e1rea-destino.png\" srcset=\"https:\/\/uniremunicipios.com.ar\/manual\/wp-content\/uploads\/2020\/01\/Pasted-into-Agregar-\u00e1rea-destino.png 341w, https:\/\/uniremunicipios.com.ar\/manual\/wp-content\/uploads\/2020\/01\/Pasted-into-Agregar-\u00e1rea-destino-300x188.png 300w\" sizes=\"auto, (max-width: 341px) 100vw, 341px\" \/><\/li>\n<\/ul>\n<p>En la siguiente ventana Clic en bot\u00f3n Ingresa en la parte de abajo, en \u00c1reas de ejecuci\u00f3n. all\u00ed<\/p>\n<p><img loading=\"lazy\" decoding=\"async\" width=\"644\" height=\"205\" class=\"alignnone wp-image-1428 size-full\" src=\"http:\/\/uniremunicipios.com.ar\/manual\/wp-content\/uploads\/2020\/01\/Pasted-into-Agregar-\u00e1rea-destino-1.png\" srcset=\"https:\/\/uniremunicipios.com.ar\/manual\/wp-content\/uploads\/2020\/01\/Pasted-into-Agregar-\u00e1rea-destino-1.png 644w, https:\/\/uniremunicipios.com.ar\/manual\/wp-content\/uploads\/2020\/01\/Pasted-into-Agregar-\u00e1rea-destino-1-300x95.png 300w\" sizes=\"auto, (max-width: 644px) 100vw, 644px\" \/><\/p>\n<p>All\u00ed incorporamos el \u00e1rea de destino deseado.<\/p>\n","protected":false},"excerpt":{"rendered":"<p>El \u00e1rea destino ya debe estar creado en el organigrama del Sistema Unire. M\u00f3dulo: Unire Expedientes Men\u00fa: Expedientes\/Tablas de expedientes\/Definici\u00f3n expedientes Clic sobre el Tipo de expediente con el que queremos trabajar y Clic sobre el bot\u00f3n Pe En la siguiente ventana Clic en bot\u00f3n Ingresa en la parte de abajo, en \u00c1reas de ejecuci\u00f3n. [&hellip;]<\/p>\n","protected":false},"author":2,"featured_media":0,"parent":551,"menu_order":0,"comment_status":"closed","ping_status":"closed","template":"","meta":{"footnotes":""},"class_list":["post-1426","page","type-page","status-publish","hentry"],"_links":{"self":[{"href":"https:\/\/uniremunicipios.com.ar\/manual\/index.php?rest_route=\/wp\/v2\/pages\/1426","targetHints":{"allow":["GET"]}}],"collection":[{"href":"https:\/\/uniremunicipios.com.ar\/manual\/index.php?rest_route=\/wp\/v2\/pages"}],"about":[{"href":"https:\/\/uniremunicipios.com.ar\/manual\/index.php?rest_route=\/wp\/v2\/types\/page"}],"author":[{"embeddable":true,"href":"https:\/\/uniremunicipios.com.ar\/manual\/index.php?rest_route=\/wp\/v2\/users\/2"}],"replies":[{"embeddable":true,"href":"https:\/\/uniremunicipios.com.ar\/manual\/index.php?rest_route=%2Fwp%2Fv2%2Fcomments&post=1426"}],"version-history":[{"count":2,"href":"https:\/\/uniremunicipios.com.ar\/manual\/index.php?rest_route=\/wp\/v2\/pages\/1426\/revisions"}],"predecessor-version":[{"id":1430,"href":"https:\/\/uniremunicipios.com.ar\/manual\/index.php?rest_route=\/wp\/v2\/pages\/1426\/revisions\/1430"}],"up":[{"embeddable":true,"href":"https:\/\/uniremunicipios.com.ar\/manual\/index.php?rest_route=\/wp\/v2\/pages\/551"}],"wp:attachment":[{"href":"https:\/\/uniremunicipios.com.ar\/manual\/index.php?rest_route=%2Fwp%2Fv2%2Fmedia&parent=1426"}],"curies":[{"name":"wp","href":"https:\/\/api.w.org\/{rel}","templated":true}]}}