{"id":1436,"date":"2020-01-20T10:36:26","date_gmt":"2020-01-20T13:36:26","guid":{"rendered":"http:\/\/uniremunicipios.com.ar\/manual\/?page_id=1436"},"modified":"2021-08-09T16:37:41","modified_gmt":"2021-08-09T19:37:41","slug":"mensura-subdivision","status":"publish","type":"page","link":"https:\/\/uniremunicipios.com.ar\/manual\/?page_id=1436","title":{"rendered":"Mensura subdivisi\u00f3n"},"content":{"rendered":"<p>M\u00f3dulo: UNIRE GENERAL<\/p>\n<p>Men\u00fa: Inmuebles \/ Mensuras \/ Ingreso<\/p>\n<p>Para una subdivisi\u00f3n puede previamente crear los inmuebles destino (o lotes destino)<\/p>\n<p>Clic en Agregar<\/p>\n<p><img loading=\"lazy\" decoding=\"async\" width=\"660\" height=\"604\" class=\"alignnone wp-image-1437 size-full\" src=\"http:\/\/uniremunicipios.com.ar\/manual\/wp-content\/uploads\/2020\/01\/Pasted-into-Mensura-subdivisi\u00f3n.png\" srcset=\"https:\/\/uniremunicipios.com.ar\/manual\/wp-content\/uploads\/2020\/01\/Pasted-into-Mensura-subdivisi\u00f3n.png 660w, https:\/\/uniremunicipios.com.ar\/manual\/wp-content\/uploads\/2020\/01\/Pasted-into-Mensura-subdivisi\u00f3n-300x275.png 300w\" sizes=\"auto, (max-width: 660px) 100vw, 660px\" \/><\/p>\n<p>En Tipo mensura: Subdivisi\u00f3n<\/p>\n<p>Elegir el Agrimensor que deber\u00e1 ser dado de alta en este mismo m\u00f3dulo, en el men\u00fa: Personas\/F\u00edsicas\/Especializaciones de F\u00edsicas\/Agrimensores-Top\u00f3grafos.<\/p>\n<p>En la pesta\u00f1a Lotes Origen (BAJA): se elige el lote a ser subdividido.<\/p>\n<p>En la pesta\u00f1a Lotes Destino (ALTA) se eligen los lotes en que se divide.<\/p>\n<p>Para un correcto control Unire exigen que el lote origen tenga un N\u00ba de Partida diferente a los que se subdivide.<\/p>\n<p>Clic en OK<\/p>\n<p>Luego click en el bot\u00f3n Estado y elegir (Terminado Verificado) para finalizar.<\/p>\n","protected":false},"excerpt":{"rendered":"<p>M\u00f3dulo: UNIRE GENERAL Men\u00fa: Inmuebles \/ Mensuras \/ Ingreso Para una subdivisi\u00f3n puede previamente crear los inmuebles destino (o lotes destino) Clic en Agregar En Tipo mensura: Subdivisi\u00f3n Elegir el Agrimensor que deber\u00e1 ser dado de alta en este mismo m\u00f3dulo, en el men\u00fa: Personas\/F\u00edsicas\/Especializaciones de F\u00edsicas\/Agrimensores-Top\u00f3grafos. En la pesta\u00f1a Lotes Origen (BAJA): se elige [&hellip;]<\/p>\n","protected":false},"author":2,"featured_media":0,"parent":419,"menu_order":0,"comment_status":"closed","ping_status":"closed","template":"","meta":{"footnotes":""},"class_list":["post-1436","page","type-page","status-publish","hentry"],"_links":{"self":[{"href":"https:\/\/uniremunicipios.com.ar\/manual\/index.php?rest_route=\/wp\/v2\/pages\/1436","targetHints":{"allow":["GET"]}}],"collection":[{"href":"https:\/\/uniremunicipios.com.ar\/manual\/index.php?rest_route=\/wp\/v2\/pages"}],"about":[{"href":"https:\/\/uniremunicipios.com.ar\/manual\/index.php?rest_route=\/wp\/v2\/types\/page"}],"author":[{"embeddable":true,"href":"https:\/\/uniremunicipios.com.ar\/manual\/index.php?rest_route=\/wp\/v2\/users\/2"}],"replies":[{"embeddable":true,"href":"https:\/\/uniremunicipios.com.ar\/manual\/index.php?rest_route=%2Fwp%2Fv2%2Fcomments&post=1436"}],"version-history":[{"count":5,"href":"https:\/\/uniremunicipios.com.ar\/manual\/index.php?rest_route=\/wp\/v2\/pages\/1436\/revisions"}],"predecessor-version":[{"id":2640,"href":"https:\/\/uniremunicipios.com.ar\/manual\/index.php?rest_route=\/wp\/v2\/pages\/1436\/revisions\/2640"}],"up":[{"embeddable":true,"href":"https:\/\/uniremunicipios.com.ar\/manual\/index.php?rest_route=\/wp\/v2\/pages\/419"}],"wp:attachment":[{"href":"https:\/\/uniremunicipios.com.ar\/manual\/index.php?rest_route=%2Fwp%2Fv2%2Fmedia&parent=1436"}],"curies":[{"name":"wp","href":"https:\/\/api.w.org\/{rel}","templated":true}]}}