{"id":1468,"date":"2020-01-22T10:19:02","date_gmt":"2020-01-22T13:19:02","guid":{"rendered":"http:\/\/uniremunicipios.com.ar\/manual\/?page_id=1468"},"modified":"2020-02-18T17:31:33","modified_gmt":"2020-02-18T20:31:33","slug":"devolucion-ganancia-formula-concepto","status":"publish","type":"page","link":"https:\/\/uniremunicipios.com.ar\/manual\/?page_id=1468","title":{"rendered":"DEVOLUCION GANANCIA-FORMULA CONCEPTO"},"content":{"rendered":"<p>Para que la devoluci\u00f3n de ganancias se muestre como corresponde en el recibo, debe existir un concepto . Ej<\/p>\n<p><img loading=\"lazy\" decoding=\"async\" width=\"606\" height=\"583\" class=\"alignnone wp-image-1469 size-full\" src=\"http:\/\/uniremunicipios.com.ar\/manual\/wp-content\/uploads\/2020\/01\/Pasted-into-DEVOLUCION-GANANCIA-FORMULA-CONCEPTO.png\" srcset=\"https:\/\/uniremunicipios.com.ar\/manual\/wp-content\/uploads\/2020\/01\/Pasted-into-DEVOLUCION-GANANCIA-FORMULA-CONCEPTO.png 606w, https:\/\/uniremunicipios.com.ar\/manual\/wp-content\/uploads\/2020\/01\/Pasted-into-DEVOLUCION-GANANCIA-FORMULA-CONCEPTO-300x289.png 300w\" sizes=\"auto, (max-width: 606px) 100vw, 606px\" \/><\/p>\n<p>la variable va[230] traer\u00e1 de corresponder el importe de la devoluci\u00f3n.<\/p>\n<p>Este concepto al igual que de la RETENCI\u00d3N DE GANANCIAS, debe cargarse <b><i>\u00fanicamente<\/i><\/b>\u00a0en la liquidaci\u00f3n o liquidaciones mensuales(en caso de estar separadas en Permanente, contratado, gabinete, etc)<\/p>\n","protected":false},"excerpt":{"rendered":"<p>Para que la devoluci\u00f3n de ganancias se muestre como corresponde en el recibo, debe existir un concepto . Ej la variable va[230] traer\u00e1 de corresponder el importe de la devoluci\u00f3n. Este concepto al igual que de la RETENCI\u00d3N DE GANANCIAS, debe cargarse \u00fanicamente\u00a0en la liquidaci\u00f3n o liquidaciones mensuales(en caso de estar separadas en Permanente, contratado, [&hellip;]<\/p>\n","protected":false},"author":3,"featured_media":0,"parent":28,"menu_order":427,"comment_status":"closed","ping_status":"closed","template":"","meta":{"footnotes":""},"class_list":["post-1468","page","type-page","status-publish","hentry"],"_links":{"self":[{"href":"https:\/\/uniremunicipios.com.ar\/manual\/index.php?rest_route=\/wp\/v2\/pages\/1468","targetHints":{"allow":["GET"]}}],"collection":[{"href":"https:\/\/uniremunicipios.com.ar\/manual\/index.php?rest_route=\/wp\/v2\/pages"}],"about":[{"href":"https:\/\/uniremunicipios.com.ar\/manual\/index.php?rest_route=\/wp\/v2\/types\/page"}],"author":[{"embeddable":true,"href":"https:\/\/uniremunicipios.com.ar\/manual\/index.php?rest_route=\/wp\/v2\/users\/3"}],"replies":[{"embeddable":true,"href":"https:\/\/uniremunicipios.com.ar\/manual\/index.php?rest_route=%2Fwp%2Fv2%2Fcomments&post=1468"}],"version-history":[{"count":1,"href":"https:\/\/uniremunicipios.com.ar\/manual\/index.php?rest_route=\/wp\/v2\/pages\/1468\/revisions"}],"predecessor-version":[{"id":1470,"href":"https:\/\/uniremunicipios.com.ar\/manual\/index.php?rest_route=\/wp\/v2\/pages\/1468\/revisions\/1470"}],"up":[{"embeddable":true,"href":"https:\/\/uniremunicipios.com.ar\/manual\/index.php?rest_route=\/wp\/v2\/pages\/28"}],"wp:attachment":[{"href":"https:\/\/uniremunicipios.com.ar\/manual\/index.php?rest_route=%2Fwp%2Fv2%2Fmedia&parent=1468"}],"curies":[{"name":"wp","href":"https:\/\/api.w.org\/{rel}","templated":true}]}}