{"id":1486,"date":"2020-01-24T15:37:03","date_gmt":"2020-01-24T18:37:03","guid":{"rendered":"http:\/\/uniremunicipios.com.ar\/manual\/?page_id=1486"},"modified":"2024-10-08T15:16:24","modified_gmt":"2024-10-08T18:16:24","slug":"adherir-a-debito-automatico-de-un-banco-o-tarjeta-de-credito","status":"publish","type":"page","link":"https:\/\/uniremunicipios.com.ar\/manual\/?page_id=1486","title":{"rendered":"Adherir a debito automatico de un banco o tarjeta de credito"},"content":{"rendered":"<p>M\u00f3dulo: <strong>UNIRE Impuesto General<\/strong><\/p>\n<p>Entrar al TB del bien imponible a adherir. Por ejemplo para el impuesto TGI.<\/p>\n<p><img loading=\"lazy\" decoding=\"async\" width=\"154\" height=\"119\" class=\"alignnone wp-image-1487 size-full\" src=\"http:\/\/uniremunicipios.com.ar\/manual\/wp-content\/uploads\/2020\/01\/Pasted-into-Adherir-a-debito-automatico-de-un-banco-o-tarjeta-de-credito.png\" \/><\/p>\n<p>Entramos a inmuebles urbanos y clic en bot\u00f3n <strong>TB<\/strong>.<\/p>\n<p>Elegir el impuesto Tasa General de Inmuebles, clic en bot\u00f3n <img loading=\"lazy\" decoding=\"async\" class=\"wp-image-4894 alignnone \" src=\"http:\/\/uniremunicipios.com.ar\/manual\/wp-content\/uploads\/2024\/10\/image-15.png\" alt=\"\" width=\"59\" height=\"43\" \/>\u00a0 y <em><strong>Adhesi\u00f3n d\u00e9bito autom\u00e1tico<\/strong><\/em><\/p>\n<p>Clic en Agregar y nos presenta la siguiente pantalla<\/p>\n<p><img loading=\"lazy\" decoding=\"async\" width=\"618\" height=\"356\" class=\"alignnone wp-image-1489 size-full\" src=\"http:\/\/uniremunicipios.com.ar\/manual\/wp-content\/uploads\/2020\/01\/Pasted-into-Adherir-a-debito-automatico-de-un-banco-o-tarjeta-de-credito-2.png\" srcset=\"https:\/\/uniremunicipios.com.ar\/manual\/wp-content\/uploads\/2020\/01\/Pasted-into-Adherir-a-debito-automatico-de-un-banco-o-tarjeta-de-credito-2.png 618w, https:\/\/uniremunicipios.com.ar\/manual\/wp-content\/uploads\/2020\/01\/Pasted-into-Adherir-a-debito-automatico-de-un-banco-o-tarjeta-de-credito-2-300x173.png 300w\" sizes=\"auto, (max-width: 618px) 100vw, 618px\" \/><\/p>\n<p>Completamos los datos solicitados.<\/p>\n<p>N\u00ba de Cuenta, sirve para ingresar el CBU o N\u00ba de Tarjeta de cr\u00e9dito (sin espacios, sin barras, sin guiones, de corrido).<\/p>\n<p>Bot\u00f3n Imprime para terminar. Si desea emitir un comprobante solicitar a Unire para que se configure.<\/p>\n","protected":false},"excerpt":{"rendered":"<p>M\u00f3dulo: UNIRE Impuesto General Entrar al TB del bien imponible a adherir. Por ejemplo para el impuesto TGI. Entramos a inmuebles urbanos y clic en bot\u00f3n TB. Elegir el impuesto Tasa General de Inmuebles, clic en bot\u00f3n \u00a0 y Adhesi\u00f3n d\u00e9bito autom\u00e1tico Clic en Agregar y nos presenta la siguiente pantalla Completamos los datos solicitados. [&hellip;]<\/p>\n","protected":false},"author":2,"featured_media":0,"parent":515,"menu_order":0,"comment_status":"closed","ping_status":"closed","template":"","meta":{"footnotes":""},"class_list":["post-1486","page","type-page","status-publish","hentry"],"_links":{"self":[{"href":"https:\/\/uniremunicipios.com.ar\/manual\/index.php?rest_route=\/wp\/v2\/pages\/1486","targetHints":{"allow":["GET"]}}],"collection":[{"href":"https:\/\/uniremunicipios.com.ar\/manual\/index.php?rest_route=\/wp\/v2\/pages"}],"about":[{"href":"https:\/\/uniremunicipios.com.ar\/manual\/index.php?rest_route=\/wp\/v2\/types\/page"}],"author":[{"embeddable":true,"href":"https:\/\/uniremunicipios.com.ar\/manual\/index.php?rest_route=\/wp\/v2\/users\/2"}],"replies":[{"embeddable":true,"href":"https:\/\/uniremunicipios.com.ar\/manual\/index.php?rest_route=%2Fwp%2Fv2%2Fcomments&post=1486"}],"version-history":[{"count":5,"href":"https:\/\/uniremunicipios.com.ar\/manual\/index.php?rest_route=\/wp\/v2\/pages\/1486\/revisions"}],"predecessor-version":[{"id":4895,"href":"https:\/\/uniremunicipios.com.ar\/manual\/index.php?rest_route=\/wp\/v2\/pages\/1486\/revisions\/4895"}],"up":[{"embeddable":true,"href":"https:\/\/uniremunicipios.com.ar\/manual\/index.php?rest_route=\/wp\/v2\/pages\/515"}],"wp:attachment":[{"href":"https:\/\/uniremunicipios.com.ar\/manual\/index.php?rest_route=%2Fwp%2Fv2%2Fmedia&parent=1486"}],"curies":[{"name":"wp","href":"https:\/\/api.w.org\/{rel}","templated":true}]}}