{"id":1491,"date":"2020-01-29T12:05:08","date_gmt":"2020-01-29T15:05:08","guid":{"rendered":"http:\/\/uniremunicipios.com.ar\/manual\/?page_id=1491"},"modified":"2026-03-19T08:41:15","modified_gmt":"2026-03-19T11:41:15","slug":"anular-convenios-sin-recibos-pagos","status":"publish","type":"page","link":"https:\/\/uniremunicipios.com.ar\/manual\/?page_id=1491","title":{"rendered":"Anular convenios sin recibos pagos"},"content":{"rendered":"<p>Ejemplo para TGI<\/p>\n<ul>\n<li>Buscar el inmueble deseado.<\/li>\n<li>Clic en Bot\u00f3n TB<\/li>\n<li>Nos aparecen los tributos del inmueble. Elegimos Tasas General de Inmuebles<\/li>\n<li>Y click en<\/li>\n<\/ul>\n<p><img loading=\"lazy\" decoding=\"async\" class=\"wp-image-5179 alignnone \" src=\"http:\/\/uniremunicipios.com.ar\/manual\/wp-content\/uploads\/2024\/10\/image-167.png\" alt=\"\" width=\"412\" height=\"202\" srcset=\"https:\/\/uniremunicipios.com.ar\/manual\/wp-content\/uploads\/2024\/10\/image-167.png 346w, https:\/\/uniremunicipios.com.ar\/manual\/wp-content\/uploads\/2024\/10\/image-167-300x147.png 300w\" sizes=\"auto, (max-width: 412px) 100vw, 412px\" \/><\/p>\n<p>Nos aparecen todos los convenios que tiene la cuenta. Elegimos la que queremos anular.<\/p>\n<p><img loading=\"lazy\" decoding=\"async\" width=\"320\" height=\"211\" class=\"alignnone wp-image-1493 size-full\" src=\"http:\/\/uniremunicipios.com.ar\/manual\/wp-content\/uploads\/2020\/01\/Pasted-into-Anular-convenios-sin-recibos-pagos-1.png\" srcset=\"https:\/\/uniremunicipios.com.ar\/manual\/wp-content\/uploads\/2020\/01\/Pasted-into-Anular-convenios-sin-recibos-pagos-1.png 320w, https:\/\/uniremunicipios.com.ar\/manual\/wp-content\/uploads\/2020\/01\/Pasted-into-Anular-convenios-sin-recibos-pagos-1-300x198.png 300w\" sizes=\"auto, (max-width: 320px) 100vw, 320px\" \/><\/p>\n<p>y Click en bot\u00f3n Estado. Aparece La opci\u00f3n Borrado. Aceptamos y se nos pide una confirmaci\u00f3n para finalizar.<\/p>\n<p>&nbsp;<\/p>\n<h1>Anular convenio<\/h1>\n<ul>\n<li>Posicionarse sobre la cuenta<\/li>\n<li>Bot\u00f3n TRIBUTOS<\/li>\n<li>Elijo el tributo correspondiente<\/li>\n<li>Bot\u00f3n PROCESOS\/CONVENIOS<\/li>\n<li>Elegir el Convenio a anular<\/li>\n<li>Bot\u00f3n ESTADO \u2013 BORRADO \u2013 OK<\/li>\n<\/ul>\n<p>&nbsp;<\/p>\n<p>Vea tambi\u00e9n: <a href=\"https:\/\/uniremunicipios.com.ar\/manual\/?page_id=1183\">Anular convenios con recibos pagos<\/a><\/p>\n","protected":false},"excerpt":{"rendered":"<p>Ejemplo para TGI Buscar el inmueble deseado. Clic en Bot\u00f3n TB Nos aparecen los tributos del inmueble. Elegimos Tasas General de Inmuebles Y click en Nos aparecen todos los convenios que tiene la cuenta. Elegimos la que queremos anular. y Click en bot\u00f3n Estado. Aparece La opci\u00f3n Borrado. Aceptamos y se nos pide una confirmaci\u00f3n [&hellip;]<\/p>\n","protected":false},"author":2,"featured_media":0,"parent":515,"menu_order":0,"comment_status":"closed","ping_status":"closed","template":"","meta":{"footnotes":""},"class_list":["post-1491","page","type-page","status-publish","hentry"],"_links":{"self":[{"href":"https:\/\/uniremunicipios.com.ar\/manual\/index.php?rest_route=\/wp\/v2\/pages\/1491","targetHints":{"allow":["GET"]}}],"collection":[{"href":"https:\/\/uniremunicipios.com.ar\/manual\/index.php?rest_route=\/wp\/v2\/pages"}],"about":[{"href":"https:\/\/uniremunicipios.com.ar\/manual\/index.php?rest_route=\/wp\/v2\/types\/page"}],"author":[{"embeddable":true,"href":"https:\/\/uniremunicipios.com.ar\/manual\/index.php?rest_route=\/wp\/v2\/users\/2"}],"replies":[{"embeddable":true,"href":"https:\/\/uniremunicipios.com.ar\/manual\/index.php?rest_route=%2Fwp%2Fv2%2Fcomments&post=1491"}],"version-history":[{"count":7,"href":"https:\/\/uniremunicipios.com.ar\/manual\/index.php?rest_route=\/wp\/v2\/pages\/1491\/revisions"}],"predecessor-version":[{"id":6251,"href":"https:\/\/uniremunicipios.com.ar\/manual\/index.php?rest_route=\/wp\/v2\/pages\/1491\/revisions\/6251"}],"up":[{"embeddable":true,"href":"https:\/\/uniremunicipios.com.ar\/manual\/index.php?rest_route=\/wp\/v2\/pages\/515"}],"wp:attachment":[{"href":"https:\/\/uniremunicipios.com.ar\/manual\/index.php?rest_route=%2Fwp%2Fv2%2Fmedia&parent=1491"}],"curies":[{"name":"wp","href":"https:\/\/api.w.org\/{rel}","templated":true}]}}