{"id":1564,"date":"2020-03-03T11:14:57","date_gmt":"2020-03-03T14:14:57","guid":{"rendered":"http:\/\/uniremunicipios.com.ar\/manual\/?page_id=1564"},"modified":"2025-01-20T12:12:57","modified_gmt":"2025-01-20T15:12:57","slug":"consulta-de-las-variables-para-el-calculo-de-los-impuesto","status":"publish","type":"page","link":"https:\/\/uniremunicipios.com.ar\/manual\/?page_id=1564","title":{"rendered":"Consulta de las variables para el c\u00e1lculo de los impuestos"},"content":{"rendered":"<p>Existe una funci\u00f3n muy \u00fatil para asegurarse de lo que est\u00e1 tomando el motor de c\u00e1lculo.<\/p>\n<p>La misma est\u00e1 en el proceso de liquidaci\u00f3n. Se pueden consultar los VA[ ] que usa el motor de c\u00e1lculo en el bien imponible que est\u00e1 posicionado<\/p>\n<p><em><strong>TRIBUTOS\/CALENDARIO\/Seleccionar el Per\u00edodo<\/strong><\/em><\/p>\n<p>Presiona la L de liquidaci\u00f3n<\/p>\n<p><img loading=\"lazy\" decoding=\"async\" class=\"wp-image-5856 alignnone \" src=\"http:\/\/uniremunicipios.com.ar\/manual\/wp-content\/uploads\/2025\/01\/image-28.png\" alt=\"\" width=\"467\" height=\"289\" srcset=\"https:\/\/uniremunicipios.com.ar\/manual\/wp-content\/uploads\/2025\/01\/image-28.png 599w, https:\/\/uniremunicipios.com.ar\/manual\/wp-content\/uploads\/2025\/01\/image-28-300x186.png 300w\" sizes=\"auto, (max-width: 467px) 100vw, 467px\" \/><\/p>\n<p>Buscar la cuenta del bien imponible<\/p>\n<p>En Fx UNO\u00a0 \u201cDetalle datos para el c\u00e1lculo del recibo\u201d<\/p>\n<p><img loading=\"lazy\" decoding=\"async\" class=\"wp-image-5857 alignnone \" src=\"http:\/\/uniremunicipios.com.ar\/manual\/wp-content\/uploads\/2025\/01\/image-29.png\" alt=\"\" width=\"663\" height=\"179\" srcset=\"https:\/\/uniremunicipios.com.ar\/manual\/wp-content\/uploads\/2025\/01\/image-29.png 984w, https:\/\/uniremunicipios.com.ar\/manual\/wp-content\/uploads\/2025\/01\/image-29-300x81.png 300w, https:\/\/uniremunicipios.com.ar\/manual\/wp-content\/uploads\/2025\/01\/image-29-768x208.png 768w\" sizes=\"auto, (max-width: 663px) 100vw, 663px\" \/><\/p>\n<p>Aparece una ventanita con todos los valores que se est\u00e1 utilizando para el c\u00e1lculo del tributo.<\/p>\n<p><img loading=\"lazy\" decoding=\"async\" class=\"wp-image-5858 alignnone \" src=\"http:\/\/uniremunicipios.com.ar\/manual\/wp-content\/uploads\/2025\/01\/image-30.png\" alt=\"\" width=\"521\" height=\"231\" srcset=\"https:\/\/uniremunicipios.com.ar\/manual\/wp-content\/uploads\/2025\/01\/image-30.png 928w, https:\/\/uniremunicipios.com.ar\/manual\/wp-content\/uploads\/2025\/01\/image-30-300x133.png 300w, https:\/\/uniremunicipios.com.ar\/manual\/wp-content\/uploads\/2025\/01\/image-30-768x339.png 768w\" sizes=\"auto, (max-width: 521px) 100vw, 521px\" \/><\/p>\n<h3>ARCHIVO EXCEL CON TODAS LAS CUENTAS Y CON DISTINTOS VA[ ]<\/h3>\n<p><em><strong>TRIBUTOS\/CALENDARIO\/Seleccionar el Per\u00edodo<\/strong><\/em><\/p>\n<p>Excel consulta sobre las liquidaciones seleccionando el bot\u00f3n <img loading=\"lazy\" decoding=\"async\" class=\"wp-image-5859 alignnone size-medium\" src=\"http:\/\/uniremunicipios.com.ar\/manual\/wp-content\/uploads\/2025\/01\/image-31.png\" alt=\"\" width=\"64\" height=\"44\" \/><\/p>\n<p>Se puede crear una nueva<\/p>\n<p><img loading=\"lazy\" decoding=\"async\" class=\"wp-image-5208 alignnone \" src=\"http:\/\/uniremunicipios.com.ar\/manual\/wp-content\/uploads\/2024\/10\/image-174.png\" alt=\"\" width=\"400\" height=\"288\" srcset=\"https:\/\/uniremunicipios.com.ar\/manual\/wp-content\/uploads\/2024\/10\/image-174.png 623w, https:\/\/uniremunicipios.com.ar\/manual\/wp-content\/uploads\/2024\/10\/image-174-300x216.png 300w\" sizes=\"auto, (max-width: 400px) 100vw, 400px\" \/><\/p>\n<p>Poner el <strong>NOMBRE DE LA CONSULTA<\/strong><\/p>\n<p>* se pueden agregar varias columnas de consulta con un <strong>TITULO y FORMULA<\/strong><\/p>\n<p>\u201cTOTAL DE DESCUENTOS\u201d &#8211; VA[480]<\/p>\n<p><img loading=\"lazy\" decoding=\"async\" class=\"wp-image-5860 alignnone \" src=\"http:\/\/uniremunicipios.com.ar\/manual\/wp-content\/uploads\/2025\/01\/image-32.png\" alt=\"\" width=\"460\" height=\"316\" srcset=\"https:\/\/uniremunicipios.com.ar\/manual\/wp-content\/uploads\/2025\/01\/image-32.png 597w, https:\/\/uniremunicipios.com.ar\/manual\/wp-content\/uploads\/2025\/01\/image-32-300x206.png 300w\" sizes=\"auto, (max-width: 460px) 100vw, 460px\" \/><\/p>\n<p><img loading=\"lazy\" decoding=\"async\" class=\"wp-image-5209 alignnone \" src=\"http:\/\/uniremunicipios.com.ar\/manual\/wp-content\/uploads\/2024\/10\/image-175.png\" alt=\"\" width=\"488\" height=\"288\" srcset=\"https:\/\/uniremunicipios.com.ar\/manual\/wp-content\/uploads\/2024\/10\/image-175.png 592w, https:\/\/uniremunicipios.com.ar\/manual\/wp-content\/uploads\/2024\/10\/image-175-300x177.png 300w\" sizes=\"auto, (max-width: 488px) 100vw, 488px\" \/><\/p>\n<p>Luego de darlo de Alta, presionar el <strong>BOTON DE EJECUCION\u2026 <\/strong>Es el primer bot\u00f3n <img loading=\"lazy\" decoding=\"async\" class=\"wp-image-5861 alignnone size-medium\" src=\"http:\/\/uniremunicipios.com.ar\/manual\/wp-content\/uploads\/2025\/01\/image-33.png\" alt=\"\" width=\"51\" height=\"45\" \/>. Y ah\u00ed se ejecutar\u00e1 la consulta y generar\u00e1 el Archivo Excel<\/p>\n","protected":false},"excerpt":{"rendered":"<p>Existe una funci\u00f3n muy \u00fatil para asegurarse de lo que est\u00e1 tomando el motor de c\u00e1lculo. La misma est\u00e1 en el proceso de liquidaci\u00f3n. Se pueden consultar los VA[ ] que usa el motor de c\u00e1lculo en el bien imponible que est\u00e1 posicionado TRIBUTOS\/CALENDARIO\/Seleccionar el Per\u00edodo Presiona la L de liquidaci\u00f3n Buscar la cuenta del [&hellip;]<\/p>\n","protected":false},"author":6,"featured_media":0,"parent":515,"menu_order":0,"comment_status":"closed","ping_status":"closed","template":"","meta":{"footnotes":""},"class_list":["post-1564","page","type-page","status-publish","hentry"],"_links":{"self":[{"href":"https:\/\/uniremunicipios.com.ar\/manual\/index.php?rest_route=\/wp\/v2\/pages\/1564","targetHints":{"allow":["GET"]}}],"collection":[{"href":"https:\/\/uniremunicipios.com.ar\/manual\/index.php?rest_route=\/wp\/v2\/pages"}],"about":[{"href":"https:\/\/uniremunicipios.com.ar\/manual\/index.php?rest_route=\/wp\/v2\/types\/page"}],"author":[{"embeddable":true,"href":"https:\/\/uniremunicipios.com.ar\/manual\/index.php?rest_route=\/wp\/v2\/users\/6"}],"replies":[{"embeddable":true,"href":"https:\/\/uniremunicipios.com.ar\/manual\/index.php?rest_route=%2Fwp%2Fv2%2Fcomments&post=1564"}],"version-history":[{"count":8,"href":"https:\/\/uniremunicipios.com.ar\/manual\/index.php?rest_route=\/wp\/v2\/pages\/1564\/revisions"}],"predecessor-version":[{"id":5862,"href":"https:\/\/uniremunicipios.com.ar\/manual\/index.php?rest_route=\/wp\/v2\/pages\/1564\/revisions\/5862"}],"up":[{"embeddable":true,"href":"https:\/\/uniremunicipios.com.ar\/manual\/index.php?rest_route=\/wp\/v2\/pages\/515"}],"wp:attachment":[{"href":"https:\/\/uniremunicipios.com.ar\/manual\/index.php?rest_route=%2Fwp%2Fv2%2Fmedia&parent=1564"}],"curies":[{"name":"wp","href":"https:\/\/api.w.org\/{rel}","templated":true}]}}