{"id":1585,"date":"2020-03-27T11:26:07","date_gmt":"2020-03-27T14:26:07","guid":{"rendered":"http:\/\/uniremunicipios.com.ar\/manual\/?page_id=1585"},"modified":"2025-01-17T09:52:30","modified_gmt":"2025-01-17T12:52:30","slug":"alta-de-tributos-impuestos","status":"publish","type":"page","link":"https:\/\/uniremunicipios.com.ar\/manual\/?page_id=1585","title":{"rendered":"Alta de Tributos &#8211; Impuestos"},"content":{"rendered":"<p>M\u00f3dulo: <strong>IMPUESTO GENERAL<\/strong><\/p>\n<p>Men\u00fa: <strong>Impuestos\/Tributos\/Tributos (todos)<\/strong><\/p>\n<p>Clic en bot\u00f3n <img loading=\"lazy\" decoding=\"async\" class=\"wp-image-5168 alignnone size-medium\" src=\"http:\/\/uniremunicipios.com.ar\/manual\/wp-content\/uploads\/2024\/10\/image-162.png\" alt=\"\" width=\"58\" height=\"48\" \/><\/p>\n<p><img loading=\"lazy\" decoding=\"async\" class=\"wp-image-5170 alignnone \" src=\"http:\/\/uniremunicipios.com.ar\/manual\/wp-content\/uploads\/2024\/10\/image-164.png\" alt=\"\" width=\"462\" height=\"305\" srcset=\"https:\/\/uniremunicipios.com.ar\/manual\/wp-content\/uploads\/2024\/10\/image-164.png 642w, https:\/\/uniremunicipios.com.ar\/manual\/wp-content\/uploads\/2024\/10\/image-164-300x198.png 300w\" sizes=\"auto, (max-width: 462px) 100vw, 462px\" \/><\/p>\n<ul>\n<li>Descripci\u00f3n: Se coloca el nombre del tributo.<\/li>\n<li>Abreviatura: se utiliza para una b\u00fasqueda simple.<\/li>\n<li>Color: Define si se desea identificar a los movimientos de este tributo con un color determinado.<\/li>\n<li>Tipo: Si es Tasa, contribuci\u00f3n de mejora, etc.<\/li>\n<li>Sobre: define el bien imponible involucrado en el impuesto: Persona, Inmuebles urbanos, Inmuebles rurales, Comercios, etc.<\/li>\n<li>Resarcitorios: define qu\u00e9 inter\u00e9s se utilizar\u00e1 para el c\u00e1lculo que se aplicar\u00e1 para el pago fuera de t\u00e9rmino. Ver como se define.<\/li>\n<li>Generaci\u00f3n boleta: A: autom\u00e1tica o M: Manual<\/li>\n<li>Libre deuda y Deuda: si est\u00e1 tildado se tomar\u00e1 en cuenta.<\/li>\n<li>Control ingreso recibo: Nos permite definir si queremos obligar a los operadores a que completen esta informaci\u00f3n al hacer un recibo, el bien imponible o el contribuyente.<\/li>\n<li>C\u00f3digo de dep\u00f3sito SAM: c\u00f3digo que identifica al tributo dentro del c\u00f3digo de barras.<\/li>\n<li>C\u00f3digo LINK: para configurar datos necesarios para LINK PAGOS.<\/li>\n<\/ul>\n<p>En la solapa <strong>OPERADORES<\/strong> que est\u00e1 en la parte de abajo, se deben cargar las personas autorizadas a utilizar dicho tributo, y que podr\u00e1n generar recibos.<\/p>\n<p>En la pesta\u00f1a de <strong>IMPRESI\u00d3N<\/strong><\/p>\n<p><img loading=\"lazy\" decoding=\"async\" class=\"wp-image-5171 alignnone \" src=\"http:\/\/uniremunicipios.com.ar\/manual\/wp-content\/uploads\/2024\/10\/image-165.png\" alt=\"\" width=\"532\" height=\"326\" srcset=\"https:\/\/uniremunicipios.com.ar\/manual\/wp-content\/uploads\/2024\/10\/image-165.png 643w, https:\/\/uniremunicipios.com.ar\/manual\/wp-content\/uploads\/2024\/10\/image-165-300x184.png 300w\" sizes=\"auto, (max-width: 532px) 100vw, 532px\" \/><\/p>\n<ul>\n<li>D\u00edas segundo vencimiento<\/li>\n<li>Generaci\u00f3n \/ Emisi\u00f3n: N\u00ba de d\u00edas sugerido para el segundo vencimiento.<\/li>\n<li>Reimpresi\u00f3n recibos vencidos: Cantidad de d\u00edas adicionales al d\u00eda en que se imprime nuevamente un recibo que se encuentra vencido. Para darle tiempo a la persona que lo reimprime a pagar. Esto hace que se calculen los intereses correspondientes.<\/li>\n<li>Impresi\u00f3n:<\/li>\n<\/ul>\n<p>&#8211; Incluye tributo en el proceso de impresi\u00f3n mensual: Todos los tributos que tengan este tilde se pueden combinar para que la impresi\u00f3n salga ordenada por direcci\u00f3n. As\u00ed los repartidores tendr\u00edan juntas todas las boletas del mismo domicilio.<\/p>\n<p>&#8211; Formato: seleccionar el formato de impresi\u00f3n.<\/p>\n<p>Se deben crear:<\/p>\n<ul>\n<li><a href=\"http:\/\/uniremunicipios.com.ar\/manual\/?page_id=1592\" target=\"_blank\" rel=\"noopener noreferrer\">Los cargos<\/a> que se utilizar\u00e1n.<\/li>\n<li>El formato de impresi\u00f3n.<\/li>\n<li>Las <a href=\"http:\/\/uniremunicipios.com.ar\/manual\/?page_id=1604\" target=\"_blank\" rel=\"noopener noreferrer\">imputaciones de los cargos<\/a> a las cuentas contables.<\/li>\n<\/ul>\n<p>&nbsp;<\/p>\n<p>&nbsp;<\/p>\n","protected":false},"excerpt":{"rendered":"<p>M\u00f3dulo: IMPUESTO GENERAL Men\u00fa: Impuestos\/Tributos\/Tributos (todos) Clic en bot\u00f3n Descripci\u00f3n: Se coloca el nombre del tributo. Abreviatura: se utiliza para una b\u00fasqueda simple. Color: Define si se desea identificar a los movimientos de este tributo con un color determinado. Tipo: Si es Tasa, contribuci\u00f3n de mejora, etc. Sobre: define el bien imponible involucrado en el [&hellip;]<\/p>\n","protected":false},"author":2,"featured_media":0,"parent":515,"menu_order":0,"comment_status":"closed","ping_status":"closed","template":"","meta":{"footnotes":""},"class_list":["post-1585","page","type-page","status-publish","hentry"],"_links":{"self":[{"href":"https:\/\/uniremunicipios.com.ar\/manual\/index.php?rest_route=\/wp\/v2\/pages\/1585","targetHints":{"allow":["GET"]}}],"collection":[{"href":"https:\/\/uniremunicipios.com.ar\/manual\/index.php?rest_route=\/wp\/v2\/pages"}],"about":[{"href":"https:\/\/uniremunicipios.com.ar\/manual\/index.php?rest_route=\/wp\/v2\/types\/page"}],"author":[{"embeddable":true,"href":"https:\/\/uniremunicipios.com.ar\/manual\/index.php?rest_route=\/wp\/v2\/users\/2"}],"replies":[{"embeddable":true,"href":"https:\/\/uniremunicipios.com.ar\/manual\/index.php?rest_route=%2Fwp%2Fv2%2Fcomments&post=1585"}],"version-history":[{"count":15,"href":"https:\/\/uniremunicipios.com.ar\/manual\/index.php?rest_route=\/wp\/v2\/pages\/1585\/revisions"}],"predecessor-version":[{"id":5843,"href":"https:\/\/uniremunicipios.com.ar\/manual\/index.php?rest_route=\/wp\/v2\/pages\/1585\/revisions\/5843"}],"up":[{"embeddable":true,"href":"https:\/\/uniremunicipios.com.ar\/manual\/index.php?rest_route=\/wp\/v2\/pages\/515"}],"wp:attachment":[{"href":"https:\/\/uniremunicipios.com.ar\/manual\/index.php?rest_route=%2Fwp%2Fv2%2Fmedia&parent=1585"}],"curies":[{"name":"wp","href":"https:\/\/api.w.org\/{rel}","templated":true}]}}