{"id":159,"date":"2019-05-31T14:03:40","date_gmt":"2019-05-31T17:03:40","guid":{"rendered":"http:\/\/uniremunicipios.com.ar\/manual\/?page_id=159"},"modified":"2024-09-23T15:29:29","modified_gmt":"2024-09-23T18:29:29","slug":"introduccion","status":"publish","type":"page","link":"https:\/\/uniremunicipios.com.ar\/manual\/?page_id=159","title":{"rendered":"Introducci\u00f3n tr\u00e1nsito"},"content":{"rendered":"<p class=\"rvps12\"><span class=\"rvts139\">Todo Municipio necesita informaci\u00f3n sobre los servicios con que cuenta la ciudad, y actuar conforme corresponda retribuyendo la confianza que los ciudadanos han depositado oportunamente.<\/span><\/p>\n<p class=\"rvps12\"><span class=\"rvts139\">UNIRE brinda las herramientas necesarias y espec\u00edficas para realizar el contralor de los servicios de tr\u00e1nsito.<\/span><\/p>\n<p class=\"rvps12\"><span class=\"rvts139\">\u00a0<\/span><\/p>\n<p class=\"rvps12\"><span class=\"rvts139\">Es vital definir los datos que solicita el sistema para realizar los controles sobre las personas y veh\u00edculos que circulan por la zona brindando servicios a la comunidad.<\/span><\/p>\n<p class=\"rvps12\"><span class=\"rvts139\">\u00a0<\/span><\/p>\n<p class=\"rvps12\"><span class=\"rvts139\">Los men\u00fas que ofrece el sistema son:<\/span><\/p>\n<p class=\"rvps3\"><img loading=\"lazy\" decoding=\"async\" width=\"543\" height=\"138\" class=\"alignnone wp-image-2500 size-full\" src=\"http:\/\/uniremunicipios.com.ar\/manual\/wp-content\/uploads\/2021\/07\/Pasted-into-Introduccion.png\" srcset=\"https:\/\/uniremunicipios.com.ar\/manual\/wp-content\/uploads\/2021\/07\/Pasted-into-Introduccion.png 543w, https:\/\/uniremunicipios.com.ar\/manual\/wp-content\/uploads\/2021\/07\/Pasted-into-Introduccion-300x76.png 300w\" sizes=\"auto, (max-width: 543px) 100vw, 543px\" \/><\/p>\n<p class=\"rvps12\"><span class=\"rvts139\">\u00a0<\/span><\/p>\n<p class=\"rvps12\"><span class=\"rvts98\">REMISES \/ TAXIS<\/span><\/p>\n<p class=\"rvps12\"><span class=\"rvts120\">\u00a0<\/span><img decoding=\"async\" src=\"data:image\/png;base64,iVBORw0KGgoAAAANSUhEUgAAAOIAAABwCAYAAAADvqyfAAANLklEQVR4Ae1du3JdxxEEXIicOvMviFVSJv8e\/8eBQ4cM6Ux0iV\/gKmd26JRGE2qyNZh9nbPniT5V1O7Oo2emdwd7cYELPf76y8cvD37MgBk4lIE\/HBrdwc2AGfjKwOO\/\/\/M\/34iDh+G\/\/\/rnoIfNzUCdAd+IdX6sNQO7MOBG3IVmBzEDdQYu2Yh\/\/tMf61VdSPvup78Us63pMqdR+wzjirI71P0UiY+H\/Pl7yGgyvAbmDJwYOOYK\/ZI4M\/PDoXh+J\/pbqnH9TdGYLPVrwE5Tx8OvNU8LMggUc4L7UXmN7t+rRkTyephnHFLFA\/6sh7hrcyTOrLxm4Bx1gHpyHz1kPZizbM7MW63GtBFrDnoL8QBHGdeq1znxazLYEAdzteUc8tLT4wsbYHEEVuZXijEq16\/YemAyuR72qFcdcohryphfKxbtesYslvrFXKFTGdatfNS+x1ZtgB8fxYNO7VUHOdZRz3W0BZbKStg1f2IMNaIeWADoms2hMp1He6zxlGyi\/MW6\/7\/MR2No02X4maw\/4oulbqZuqs5hqWtuVJRna8haj2LDlmuOLf+l+oiv66xG1TNmlHHNkXalEXZ8NKbOicWR9rUx2uo6wwaWyuOa\/hzTRsSB5KMHGjLV0WZkzA57CTOz7Y1VwtRmzLDWxMzwVAbSj3648VvlMVrjSD49tvHwz6xztLYYu+QPedqIbL7sMFMXg\/Ss6UtcrjkqBmXRVm1K89hMxCjZU74mJjFq45aHpBaXOsbngeCa+hnjCCZte\/IZsZ1RR4bBHDJdS4Ya1T\/WXP3xBQ5m7RDXdLXEeOAzm4hZs838WzLgt+paGxOER+JjXtyIKN9jrQdiNB5r6\/HrrXEknxHbnhyX2vTW1ouf3ojqzEOLkXPqRw+sNhl9S5iZLZuI8UtjxKSd+tOGecAmi0nftWM8wL0HKvOLsphb1DOWHh7Kom\/POuLDB7Iob8XI8ilhZLaQxRhqx7xKNWWxooy+UR7j0o6j2mOua9pgZL6X+l1TbSQtZu+5f9d0b8bzeFkj5pbnl766EfVWiOnr7RF1Xr8wwK9wkY\/WV9Bof9Z1qT7ke5caj+D+UjfiEQRlMX0jZqxYtoaBJx+qNfTZ1wzMYaD6rumcEEYxA2agxYAbscWQ9WZgBwYevzw\/O8RxCDNgBgoMvH\/\/\/uHp86d\/FNQWmwEzsBcDfmm6F9OOYwYqDLgRK+RYZQb2YsCNuBfTjmMGKgy4ESvkWGUG9mLAjbgX045jBioMuBEr5JxFVfv9zizHUfsMoyTbErsU8y3ID29EbKz+m0167eDUdDPymIEPjNovU0NfilOSl2ojFsfMrvRxnszWsn4GXn36ot91nqUeNBwCXa+NUsOq6dbGhf\/W+GtyLPGsOZds1sS1b87AKRoxT+37hyah5wHh4dCR\/rCBPLOHjDrqiZHpoow+GPFELMqYg47UYcTDWjDPcCDHo\/m9SH7\/X9XrXK2IrzFVv2Qea1uCYZ\/fM3DaRowHS9c6Rzk8ZCrXOWziGjI+UadrYsO2R642LfzMlj6zRs1\/FqZx5jNwikbEgeSjB0fl1GNUG5W35jMP\/qzcZubUU7\/aaA3kNJOpj+fbMHCKRuQhiCWW5NGuZ00sHjSue3yjTWweYka71po50J\/rlh\/09OFIWQ1DdfDTNWNmMuo8bsfA4e+a9pamB67XJ7M740FbmhP89F9Wr2XXYOAUN2JGFQ6YNt\/Sw0rsGtZorGjPGKUx2rOWWk7Aoh\/tS\/glOf2JVbIblSPvpTmNxnor9o\/PhPrziCfe7TMe+jPmdOItbKb217\/9Pf9L303PiQZ6Kyisv+K+sMFb7Sx8uAn1lM6b+0acx6WRzMAiBnAjXubNmkUV2skMXIQBN+JFNspp3psBN+K999fVXYQBN+JFNspp3psBN+K999fVXYSBqY347qefn38I\/\/NFSneaZuA8DExrRDbgr7\/476SeZ3udyVUY6GpENlmpKOrdhCWGLDcDdQa6GhEQbLYIR7mbMDLjtRnoZ6CrEdlkbDrCc0095XcbS7+Gt1edvfFLdiX5kvx7sHpsNPaovfr2zLfG78mhZdP96Qs0GxoP\/zgH+NomjCTN+J1KYM7AieTFXF\/q\/xjNmuuR\/DJbzWOLOmsFIF6WE31qOtgw9yzvli9jcCQW1xkmdK2c6X\/k2N2ILwV9b0auZySvBI5uRhZf8TL9Uhlx1+ZInCV5xNhxvQTzCj6lOpXLks0V6htqRBTE23DtTdhLDsjlQ9KjjGvV67zlTz1xsFZ\/zmmXjT2+sAEWR+BkfsRXO9rGXEbwiEF8xSrlkcljTOLFfCnnqHqdU4+R8TQ31S+dl3Jeijfbb7gRkcCeTagboptHucp0jjzjOpPRhiNsljzMB77E0s2nTLEzmeqXzLM8iBPj6TrzUz0xth41j61jnQl\/USP+ILeUFvP5+av9kgcbziduhOpoMzJmh6mEmdn2xiphop4abk3XG3vErpRnTR73ZCTeGtuYk66ZUyZbE\/Mo36FGfPfjy2\/NzP5If0YqCaGO65GRvtwsrjkqFmXRVm1Kc\/jQHzbEKNlTTh\/ac039FmMWo5Q\/bWfkRwyOqC3GjfUyfs2WNoobca6w7vrxxV6FgNQaoTVdLUduVmYTMWu2mX9LBvxWXb0xMxzit\/LI9LH2zAay3vxK\/pQDR\/9RPmPMuJmBuxfG0I24R1IklBumhwWykSfzJT5xiJnZQkY97bMxYtJG\/WmjeFlM+mLMfCijneJBVsMs+UY5sUtYWhdtMRIn5qQ2tTn9iVWzzXT0z+KXcs5wjpA1\/1RG6fvBLNml3yNmWGeQnWHzzpBD3ItaTjVdxNlzfda8wEHfH4\/CN4SP21EGgkpP9pWtZHtXee2r\/BE1tw702fIFR62cj+AxxmzfiD8+N0pnI97tRoxkeW0GtmCg70b8rQm1F\/muaSbbIlFjmoG7M9B8s+bbLScvIauyuzPm+szABgw0G5Exs+\/XMhntPZoBM9DPwKl+jtifti3NwL0YcCPeaz9dzUUZ6H5pyvrwVvCXL18eHh8fv46fP\/lv1JAbj2ZgKQPDN6I2IZrxh99+\/3RpAvYzA2bgYez\/fYGm402oo5vRR8kMrGOg66VpfDmqTag3pF+mrtsMe79dBpovTXubcIuXqYg9+sBnid9oHLXvjVeyK8k1Ru+8B6vHRuON2qtvz3xr\/J4cjrZp3ojP78ukL0f1Jow35JKbMW7Gkp9RAmOJ35pNyGJqLXvng3hZTqyxpoMNc8\/ybvkyRhyJSXnEbuVMvzuPzUZE8b3NCEKXNmHcnKuSHg9rXF+1rlbepTpL8hbeW9M3G\/Hzp4\/P74ziRxbtm3GLJsRG8tFmbclpm9nxcHAEfmZXk1PHONkaMuh74sAWz2gemX2M+YLc\/hRCzFNrUwzMMx1tOCoeZaWxlHPJ\/m7yZiOi4N5m7NmcUQIVkxvLkVi6zuwzO\/XROWy55kj\/GWNvfpoH5pnfFvm1atQ8WrbW9zPQ1YiAKzUjNgY34Vk3CIc1e2K+Jbu9D3stj6yOvfPTHGKuuo78qp\/nrxnobkS4xma8Atm9OWZ2lPGAcf2axnmSLEZstphPXC\/JhhgcgYF5lg\/xVdeypY\/HnIHmjy+iG5oRD75nnPFgM3XzZ2CWMHrjRDs9cCVsyLNa1hzQmEcpdm9+JX\/KgaP\/KF86Znwsxbq739CNSDJ4M+JNHDYmdUvGbMMgKz3RvmS71k4bIYtBfNVRxtxVB1kNs+Qb5cQuYUEe48KHOJmOmLWR\/sSq2VKnPirjnGMpZ+rvPjb\/VEaNADQinhnNWItzZt0ZD1Atp5ruSJ7PmtcenOBPZaxqRCS5thmxAaVn6VfuEt5W8jMdop5cemy24irDPVs+WY5byqY0IhJc24xbFmlsM3B2BtCIw2\/WZEW95ZemGR+WmYFRBqY0IoK6GUept70Z+M7AtEb8DumZGTADowy4EUcZs70Z2IABN+IGpBrSDIwy4EYcZcz2ZmADBr7+Zo3\/5swGzBrSDHQwwI8Ofm1ELjr8bGIGzMAGDPil6QakGtIMjDLgRhxlzPZmYAMG3IgbkGpIMzDKgBtxlDHbm4ENGLhcI+I39bOnJM9sLTMDZ2Ng0QeDZxaRNdBVPv40kwdj3YuB0Y92HX4jounYeDq\/17a4mrfIQHbJlHg4\/EYsJQa5FsJmrcmJtdSP\/h7NwCwGem\/GUzdibD6uOYKsrNBMn9nNIts4ZqDGQM\/ZO3UjooAlT8mvh5Al8exjBmoM6MVQsjttI8amKTVXLKzkRzKIw3X099oMzGSg95wd\/mbNzKJ7sHqJ6cGyjRmoMTBy1k57I6II3l6xWJXHYkt+NZ+I77UZWMtAPJctvNV\/TrEVwHozYAbqDOCvuB1+I+pNpemOfkVRX8\/NwNUYOLwR3XBXOzLOdwsG3tybNVuQaEwzsJYBN+JaBu1vBiYw4EacQKIhzMBaBtyIaxm0vxmYwIAbcQKJhjADaxl4ws8w\/JgBM3AsA08fPnw4NgNHNwNm4OH\/4\/cuSOvH+q0AAAAASUVORK5CYII=\" \/><\/p>\n<p class=\"rvps12\"><span class=\"rvts120\">\u00a0<\/span><\/p>\n<p class=\"rvps12\"><span class=\"rvts177\">Permisionarios.\u00a0<\/span><span class=\"rvts139\">Es el espacio donde se registran los datos de las empresas que tienen a su cargo veh\u00edculos para el servicio de transporte de personas. Se deben ingresar los datos de todos los veh\u00edculos que componen el denominado servicio, ya que luego se utilizar\u00e1 en distintos reportes.<\/span><\/p>\n<p><img loading=\"lazy\" decoding=\"async\" width=\"428\" height=\"124\" class=\"alignnone wp-image-2504 size-full\" src=\"http:\/\/uniremunicipios.com.ar\/manual\/wp-content\/uploads\/2021\/07\/Pasted-into-Introduccion-4.png\" srcset=\"https:\/\/uniremunicipios.com.ar\/manual\/wp-content\/uploads\/2021\/07\/Pasted-into-Introduccion-4.png 428w, https:\/\/uniremunicipios.com.ar\/manual\/wp-content\/uploads\/2021\/07\/Pasted-into-Introduccion-4-300x87.png 300w\" sizes=\"auto, (max-width: 428px) 100vw, 428px\" \/>\u00a0 \u00a0 \u00a0con agregar<\/p>\n<p><img loading=\"lazy\" decoding=\"async\" width=\"652\" height=\"584\" class=\"alignnone wp-image-2503 size-full\" src=\"http:\/\/uniremunicipios.com.ar\/manual\/wp-content\/uploads\/2021\/07\/Pasted-into-Introduccion-3.png\" srcset=\"https:\/\/uniremunicipios.com.ar\/manual\/wp-content\/uploads\/2021\/07\/Pasted-into-Introduccion-3.png 652w, https:\/\/uniremunicipios.com.ar\/manual\/wp-content\/uploads\/2021\/07\/Pasted-into-Introduccion-3-300x269.png 300w\" sizes=\"auto, (max-width: 652px) 100vw, 652px\" \/><\/p>\n<p><img loading=\"lazy\" decoding=\"async\" width=\"63\" height=\"52\" class=\"alignnone wp-image-2506 size-full\" src=\"http:\/\/uniremunicipios.com.ar\/manual\/wp-content\/uploads\/2021\/07\/Pasted-into-Introduccion-6.png\" \/> se puede colocar una fecha de control por los vencimientos<\/p>\n<p class=\"rvps12\"><span class=\"rvts139\">\u00a0<\/span><\/p>\n<p class=\"rvps12\"><span class=\"rvts139\"><img loading=\"lazy\" decoding=\"async\" width=\"204\" height=\"28\" class=\"alignnone wp-image-2501 size-full\" src=\"http:\/\/uniremunicipios.com.ar\/manual\/wp-content\/uploads\/2021\/07\/Pasted-into-Introduccion-1.png\" \/> En esta pantalla se cargan los datos propios de las habilitaciones que hacen a la oblea, veh\u00edculo y empresa propietaria del servicio. Detalla los componentes legales a cumplimentar, sus fechas de otorgamiento y de vencimiento. A su vez permite las modificaciones que se realizan peri\u00f3dicamente, guardando siempre el hist\u00f3rico del veh\u00edculo correspondiente.\u00a0<\/span><\/p>\n<p><img loading=\"lazy\" decoding=\"async\" width=\"645\" height=\"567\" class=\"alignnone wp-image-2507 size-full\" src=\"http:\/\/uniremunicipios.com.ar\/manual\/wp-content\/uploads\/2021\/07\/Pasted-into-Introduccion-7.png\" srcset=\"https:\/\/uniremunicipios.com.ar\/manual\/wp-content\/uploads\/2021\/07\/Pasted-into-Introduccion-7.png 645w, https:\/\/uniremunicipios.com.ar\/manual\/wp-content\/uploads\/2021\/07\/Pasted-into-Introduccion-7-300x264.png 300w\" sizes=\"auto, (max-width: 645px) 100vw, 645px\" \/><\/p>\n<p class=\"rvps12\"><span class=\"rvts139\">\u00a0figuran los choferes que estuvieron afectados al veh\u00edculo guardando el historial respectivo.<\/span><\/p>\n<p class=\"rvps12\"><span class=\"rvts139\">\u00a0<\/span><\/p>\n<p class=\"rvps12\">Carga choferes<\/p>\n<p class=\"rvps3\"><img loading=\"lazy\" decoding=\"async\" width=\"812\" height=\"576\" class=\"alignnone wp-image-2508 size-full\" src=\"http:\/\/uniremunicipios.com.ar\/manual\/wp-content\/uploads\/2021\/07\/Pasted-into-Introduccion-8.png\" srcset=\"https:\/\/uniremunicipios.com.ar\/manual\/wp-content\/uploads\/2021\/07\/Pasted-into-Introduccion-8.png 812w, https:\/\/uniremunicipios.com.ar\/manual\/wp-content\/uploads\/2021\/07\/Pasted-into-Introduccion-8-300x213.png 300w, https:\/\/uniremunicipios.com.ar\/manual\/wp-content\/uploads\/2021\/07\/Pasted-into-Introduccion-8-768x545.png 768w\" sizes=\"auto, (max-width: 812px) 100vw, 812px\" \/><\/p>\n<p class=\"rvps12\"><span class=\"rvts139\">\u00a0<\/span><\/p>\n<p class=\"rvps3\"><span class=\"rvts139\">\u00a0<\/span><\/p>\n<p class=\"rvps3\"><span class=\"rvts301\">\u00a0<\/span><\/p>\n<p class=\"rvps12\"><span class=\"rvts177\">Choferes \/ obleas.\u00a0<\/span><span class=\"rvts139\">Es este browse se despliega la informaci\u00f3n sobre los datos personales de los conductores de los veh\u00edculos que prestan los servicios de taxis y\/o remises, con el detalle de los tr\u00e1mites que lo declaran aptos para esa actividad. Tambi\u00e9n supervisa las fechas de vencimientos, etc. Se puede incorporar la foto del chofer, para disponer de m\u00e1s informaci\u00f3n.<\/span><\/p>\n<p class=\"rvps12\"><span class=\"rvts139\">\u00a0<\/span><\/p>\n<p class=\"rvps12\"><span class=\"rvts139\">\u00a0<\/span><\/p>\n<p class=\"rvps12\"><span class=\"rvts139\">\u00a0<\/span><\/p>\n<p class=\"rvps12\"><span class=\"rvts177\">Veh\u00edculos<\/span><\/p>\n<p class=\"rvps12\"><img decoding=\"async\" src=\"data:image\/png;base64,iVBORw0KGgoAAAANSUhEUgAAAR8AAACNCAYAAACOjn6xAAAN+ElEQVR4Ae2dv48cSRXHZ9FIhyBBiJQMIq84RxwJskOH1skSGX8AnNCFl5w8q\/sb4A8gtk4OTWZnPhJsZEeQkZOBdMFprt+u38zb2qqZ6u7qrl+flsZV9arq1atPdX9d0zPTe\/Huzev9xhw\/\/fmvTKmd7H\/\/8892JsNMINAAga07By5SlwhlCEBgCQI\/WMIpPiEAAQicI4D4nCNEfRYCn33+RZZxGXQ9Attnz18cRnvy+NHm3sefHMpkIJCDwNXV1fWw9tzMEQdjLktg+\/Tp08MI799+c53X9FBBBgIZCNhzM8PwDLkwgS1CszBh3E8mwLk5GV0VHbnnU8UyESQE2iOA+LS3pswIAlUQQHyqWCaChEB7BO58yXDsFC8\/fDq2v7jwdn3\/5rXXjhECEOibQBM7n8v7vwmu4qk6X6ex7X0+xJbKj\/pP6S+lL42PFAJjCRQpPu7F4ZZjJyn9ht+uxTZP1u7cuFJvXzKwlFMcrh+3LGMIE589xfj4gEAsgdlvu2IHytEuh\/Ccm6dc9KniSunrXNzUQyA1gSJ3PqcmKRecvmw7tUmqh5vXNlJv63xltdk+YpNDba4PrQuJi7QP1Wlf9emmUp\/ykDh0jJR+8dUWgXv3l\/vFw6Sdzz1zgd96Hkci7nph2FRcuxevLduL2tp9\/WLCDPlw7TG+YtvYOUyN2zJbMtbYOdGubgJXm6vN7r68VX+UfCJbOUH1cE9+td9JRXH8H27daZraYONN7TvW31oXtW893Pnbsq997Jxotw6BGtbrcvi957vhd57HQ36CdfPTq8thJ\/TuzU3+WD8tt93vj3uXGr7OnvsC0\/H1JNLyNPzje9nxJAZbHu+NHmsS0HNGxyx2\/XZPN5e7K7PbkR\/6PtqIKG12w2vIpzim3fNZYdcjF9W5xXEXMwWQWB9TLnqdU+wYU9vpOFNinDrmEv3s2\/sl\/K\/pU89VWZNa1uXZfRGaQW+Gl+QlTXls9buBZgMU7d9qkO6ffLZoh2ca6kWlzWIX0dfPtalPTd16HUtPImmnNu2jtlOi6frVPtbu82vHSJE\/FWMK\/0l8yEn1Nomn7E7cNdVyaesgb6t8x06M8gSM4XEn8qgTefzO3GPSDefDt5bN\/aKTtolR6gLZ7jE2baOp9Ld59XfOdq5e\/YxNfX7Fh7XbvFun47lt1B5qb+vJl0Fgl3w\/kW5eu8GVvK6P\/Y3waDFFOtzzSeEmrQ+7u7CeT11stl3uvMRZ2v9olknJsdk4JX\/5\/OYDkXePX7tVlCsnMOttl08MfLaxjFL4GDtm6vYlz6Hk2FKvQ05\/es\/kifmYOtaWLe7hRvNmuOE8vMcaXkN+OHbX\/x7\/2Q31Tx7P\/8Rr0tuuYxjkIFAXAd+uGjHOs4bTPu3KEyujQmA2AVdo3PLsAT440B2O9eez2fre8ohPbyvOfA839nMLT5FidP2WS06S4\/d8dgudM9uXL19du341JD\/7yQ8XGga3EJhGYDet29leOYTn6fV9FLmsh4+rh+\/NaFmCFVupx24I7N3wxyUuEwd4MXzD+fB5l3zDWf50Tg3fdE7MAXcQgMCKBOTvsh1uOL8atj7sfFakz1C3CPD34m7haLqgf5dtK6Lz4MGDO8LDydD0+hc1Od1pa1pUcASzGIHtw4cPN+ad12EgToQDCjIQgMACBLZy4+3iww+83Jtwv37y1wWGxCUEbhP4+7Pf3zZQ6oLA9T0fV3S6mDmThAAEshLgez5Z8TM4BPolgPj0u\/bMHAJZCTQhPv\/\/91+8EEN2b2OMEIDAqgQO3\/NZddQzg\/lE40e\/+MOZXlSXTOB\/\/\/rz5se\/\/GPJIXr\/mofcD63pESRFA3aCK1J8VGhEhDTvxE2xQgKlC5B+8OKKjdorRF50yEWKzylidldkhSlkV1+h+pBd+5GmJVC6APlmq2LkPo7DipKti7H7xunNVp34uIKjZU1lAUVQbFlstqz1mko9x3oEahQgpeMKi5RVnLSNljVVO+ltAtWJj92p3J7K6VKoHwJ0mtsStaXf+0k5ZwQoTLMq8XGFIiQo7nRD\/XQ3pH607PannI5AT8KjuyQRIDm0nI5m3Z6a+Kh97hIgOnMJxvXvSXgsEUTH0jjmq9r5iEjoLuU4hZuctbtiEup3qo\/rn\/I8Aq0Ij+5ihIaKiqQ+u882j2JbvbfyB8D0SPGHwNRXitQVEfEZa3PbjumXInZ81EtARUVnYMs2r\/WS+uw+m+3Te3672+0ODEoRH7sjOQQ3ZHwCYuvJQ2AOAbtTsX4QEUsjXX775dffGm\/\/MPl8WUQmH\/ueRz4nMufqe2Y3Ze7ccJ5CjT4QgMBsAojPbIQ4gAAEphBAfKZQow8EIDCbwMmP2nm85Wy+OIAABAIE2PkEwGCGAASWJXBn56N\/U2fZYfEOgSOBUr7icYyI3BoEbomP\/BVBDgisTQDxWZt4GePdEp\/f\/ulvZURFFJ0RKOP7ZZ1Bzz5d7vlkXwICgECfBBCfPtedWY8kEPrpxUg3NDcEbr3tMnayEOiWgCs0\/KximVMB8VmGK14rJSDCg9iss3iIzzqcGaUCArHCY3dGVqh8dp9NUITsFWBKFiLikwwljnoh4AqOlEVMrF1YuDYta9oLr9A8EZ8QGewQCBAQ8fAdPlEZ09bns2Ub4tPy6jK35ARcgVFx0V2PW1a7DURtblvbpoc8H7X3sMrMMYqAiIIKQlQHTyMVFk\/VHd+n2vr6t2Zj59PaijKfWQR8AmRFwlcvA1rR0vZuW7X72s4KutLOiE+lC0fYyxFQkbAjWJvNaxufTep8dp9N\/fSUIj49rTZzPUnA7kjchgiGS2R+GfGZzxAPjRBAYNZdSG44r8ub0SAAgQ8EEB9OBQhAIAsBxCcLdgaFAAS458M5kIXAV59+dBj3d8P3azj6I8DOp781L2bG+\/13G3lx9EkA8elz3Zk1BLIT4G1X9iXoN4D9ft\/v5Jn5hp0PJwEEIJCFADufLNgZ9IYA\/\/f1fCaw+j2vPnOHQEYC7Hwywu996IuLi6IQ6G+77M8sfLaigq44GHY+FS8eoUOgZgKIT82rR+zJCciuR3c7ktpdkAwmNn3p4La9tfnaubaQT\/XTcsrbrpZXl7klJ2DFSIREy6G8DUDbik3ba2rb9ZJHfHpZaeYZTUBEIiQKYvcdVlh89WIL9Q2NFfLTih3xaWUlmcfiBFyRCImJL5BQXxUt9aVln4\/WbNzzaW1FmU8SAmuLwNrjJYE00wk7n5kA6d4PAREI3aGcmrXbTsquTftbf9KmpwPx6Wm1metJAqGL39ptXp2ltqnf1lPEp\/UVZn7RBOwuxNfJJzK+dtjiCCA+cZxo1QEBxGXdReaG87q8GQ0CEPhAAPHhVIAABLIQQHyyYGdQCEAA8eEcgAAEshBAfLJgZ1AIQADx4RyAAASyEEB8smBnUAhAAPHhHMhKgL9gkRV\/1sERn6z4GRwC\/RJAfPpd+yJmXtpznFNAOfczjXP1KWKowQfiU8MqEeMqBEQUXGHw2VYJpoNBEJ8OFpkpQqBEAvywtMRVIaZsBOTHpbLbcVMNyO6M7A9RrV3bSmrttr22CdWH7NqvhRTxaWEVmcMqBEQQrIBoWVMNQoXDZ\/f1t\/2k3u2n9a2liE9rK8p8ZhNIKQAqRGOD6kGAEJ+xZwXtITCCgN3pxHbTPipcWo7tX0s7bjjXslLEuSqBJS54FZPYiSwRQ+zYa7Rj57MGZcZogoCIgRUQFQfXrpN17dr+XL1vDO3TUor4tLSazGUWAVcc1Jm127zWSzrGbtvavPrz2bSupRTxaWk1mcuiBOyOxA7Ui1jYOafIIz4pKOKjCwKITNpl5oZzWp54gwAEIgkgPpGgaAYBCKQlwNuutDzxNoIAz\/IZAavBpux8GlxUpgSBGgggPjWsEjFCoEECiE+Di8qUIFADAe751LBKjcYoTzF07\/vc+\/iTRmfLtITA+7ffHEAgPgcUZEogYE\/OEuIhhuUI8LZrObZ4hgAEThBAfE7Aoap8AveGB3zJi6M+AohPfWvWVMQt\/vWKphZowckgPgvCxTUEIBAmgPiE2VADAQgsSADxWRAurusiII\/MsC8bfehxGrbNlPxSfqfEMqfPlHkgPnOI07c5AvLYDH3ZC2qpx2ks5TfHwlheMePzPZ8YSrQpioDv0y1rez8ISIpDhEEuqFOpjGMvOismPrtrU\/8hP7a9tDnnP+RH7Gscdj7nxkN8zhGifjEC+4meRVys2Fg3qYTH+nTz9gKzeWmnZU1tX59N6906W3YFx4qh29\/207q109gYEJ+1V4bxkhDwCdAawiPBWzGQslxsOY7QuLEX\/1Ixu3xC4yA+ITLYiyJwef\/FcNE\/uo5J81aAVHi0Thra\/JKTib3YUsfgG1dtKkxaTj12yN+Y8bjhHKKIvXsCU3YQetGvDc8dd4wIpIp17JjsfFKRx89oAheRPWQH4x5H2+6mytNGKsbufuxFHHMxSRtfH5\/dZ7sJ\/uatnM+P1rtpyNcYH67POWWJZ+xx8eXX30697zd2LNpD4EDgq08\/OjxOQ37JLo\/S4BftBzxNZ549f7F5+fLlhrddTS9zG5PT\/82nprEUxH\/oFeuDdvEE2PnEs6JlQgLsfBLCrMyV7ny451PZwvUYrt7fsZ92neLgttPyqT7UrU8A8VmfOSOOJCDioQKkXUOCEttO\/ZDmI8A9n3zsGRkCXRNAfLpe\/nomb3c6Nu\/OwNbZvNuOcn4CiE\/+NSACCHRJgHs+XS57eZO+uroqLygiWpQA4rMoXpzHEPjs8y9imtGmMQLfA7YXB9SRpazqAAAAAElFTkSuQmCC\" \/><\/p>\n<p class=\"rvps12\"><span class=\"rvts177\">\u00a0<\/span><\/p>\n<p class=\"rvps12\"><span class=\"rvts139\">En esta pesta\u00f1a se despliega un submen\u00fa en el cual se hallan todas las tablas que componen la clasificaci\u00f3n de los veh\u00edculos y los domicilios a los que se asocian los rodados. Por lo tanto se pueden encontrar desde localidades, calles, modelos de veh\u00edculos, tipo, marcas, etc.<\/span><\/p>\n<p><img loading=\"lazy\" decoding=\"async\" width=\"334\" height=\"153\" class=\"alignnone wp-image-2510 size-full\" src=\"http:\/\/uniremunicipios.com.ar\/manual\/wp-content\/uploads\/2021\/07\/Pasted-into-Introduccion-10.png\" srcset=\"https:\/\/uniremunicipios.com.ar\/manual\/wp-content\/uploads\/2021\/07\/Pasted-into-Introduccion-10.png 334w, https:\/\/uniremunicipios.com.ar\/manual\/wp-content\/uploads\/2021\/07\/Pasted-into-Introduccion-10-300x137.png 300w\" sizes=\"auto, (max-width: 334px) 100vw, 334px\" \/><\/p>\n<p class=\"rvps12\"><span class=\"rvts139\">En la pesta\u00f1a\u00a0<\/span><span class=\"rvts177\">veh\u00edculos<\/span> <span class=\"rvts139\">figura el padr\u00f3n de veh\u00edculos que se halla asentado en el Municipio, con los datos respectivos del rodado y su \u00faltimo propietario. Ubic\u00e1ndose sobre el \u00edtem deseado se pueden ver distintos antecedentes relacionados, como ser, movimientos que se han tramitado por el rodado, las infracciones del mismo, certificados de libre deuda, expedientes que afecten al veh\u00edculo, etc.<\/span><\/p>\n<p><img loading=\"lazy\" decoding=\"async\" width=\"472\" height=\"259\" class=\"alignnone wp-image-2509 size-full\" src=\"http:\/\/uniremunicipios.com.ar\/manual\/wp-content\/uploads\/2021\/07\/Pasted-into-Introduccion-9.png\" srcset=\"https:\/\/uniremunicipios.com.ar\/manual\/wp-content\/uploads\/2021\/07\/Pasted-into-Introduccion-9.png 472w, https:\/\/uniremunicipios.com.ar\/manual\/wp-content\/uploads\/2021\/07\/Pasted-into-Introduccion-9-300x165.png 300w\" sizes=\"auto, (max-width: 472px) 100vw, 472px\" \/><\/p>\n<p class=\"rvps12\"><span class=\"rvts139\">\u00a0<\/span><\/p>\n<p class=\"rvps12\"><span class=\"rvts139\">\u00a0<\/span><\/p>\n<p class=\"rvps12\"><span class=\"rvts177\">Censos\u00a0 <img loading=\"lazy\" decoding=\"async\" width=\"214\" height=\"66\" class=\"alignnone wp-image-2511 size-full\" src=\"http:\/\/uniremunicipios.com.ar\/manual\/wp-content\/uploads\/2021\/07\/Pasted-into-Introduccion-11.png\" \/><\/span><\/p>\n<p class=\"rvps12\"><span class=\"rvts139\">Este sector del m\u00f3dulo es para registrar censos relacionados a los accidentes, as\u00ed como tambi\u00e9n relevar distintos informes que atiendan a la necesidad de organizar el tr\u00e1nsito y los vaivenes sociales que produce. Se presenta la primera pantalla donde se deben ingresar los datos espec\u00edficos del lugar del siniestro, el o los veh\u00edculo\/s interviniente\/s, las personas involucradas, etc.<\/span><\/p>\n<p>&nbsp;<\/p>\n<p><img loading=\"lazy\" decoding=\"async\" width=\"248\" height=\"99\" class=\"alignnone wp-image-2512 size-full\" src=\"http:\/\/uniremunicipios.com.ar\/manual\/wp-content\/uploads\/2021\/07\/Pasted-into-Introduccion-12.png\" \/><\/p>\n<p>&nbsp;<\/p>\n","protected":false},"excerpt":{"rendered":"<p>Todo Municipio necesita informaci\u00f3n sobre los servicios con que cuenta la ciudad, y actuar conforme corresponda retribuyendo la confianza que los ciudadanos han depositado oportunamente. UNIRE brinda las herramientas necesarias y espec\u00edficas para realizar el contralor de los servicios de tr\u00e1nsito. \u00a0 Es vital definir los datos que solicita el sistema para realizar los controles [&hellip;]<\/p>\n","protected":false},"author":4,"featured_media":0,"parent":162,"menu_order":0,"comment_status":"closed","ping_status":"closed","template":"","meta":{"footnotes":""},"class_list":["post-159","page","type-page","status-publish","hentry"],"_links":{"self":[{"href":"https:\/\/uniremunicipios.com.ar\/manual\/index.php?rest_route=\/wp\/v2\/pages\/159","targetHints":{"allow":["GET"]}}],"collection":[{"href":"https:\/\/uniremunicipios.com.ar\/manual\/index.php?rest_route=\/wp\/v2\/pages"}],"about":[{"href":"https:\/\/uniremunicipios.com.ar\/manual\/index.php?rest_route=\/wp\/v2\/types\/page"}],"author":[{"embeddable":true,"href":"https:\/\/uniremunicipios.com.ar\/manual\/index.php?rest_route=\/wp\/v2\/users\/4"}],"replies":[{"embeddable":true,"href":"https:\/\/uniremunicipios.com.ar\/manual\/index.php?rest_route=%2Fwp%2Fv2%2Fcomments&post=159"}],"version-history":[{"count":7,"href":"https:\/\/uniremunicipios.com.ar\/manual\/index.php?rest_route=\/wp\/v2\/pages\/159\/revisions"}],"predecessor-version":[{"id":4825,"href":"https:\/\/uniremunicipios.com.ar\/manual\/index.php?rest_route=\/wp\/v2\/pages\/159\/revisions\/4825"}],"up":[{"embeddable":true,"href":"https:\/\/uniremunicipios.com.ar\/manual\/index.php?rest_route=\/wp\/v2\/pages\/162"}],"wp:attachment":[{"href":"https:\/\/uniremunicipios.com.ar\/manual\/index.php?rest_route=%2Fwp%2Fv2%2Fmedia&parent=159"}],"curies":[{"name":"wp","href":"https:\/\/api.w.org\/{rel}","templated":true}]}}