{"id":1592,"date":"2020-03-27T11:14:36","date_gmt":"2020-03-27T14:14:36","guid":{"rendered":"http:\/\/uniremunicipios.com.ar\/manual\/?page_id=1592"},"modified":"2025-01-17T09:26:03","modified_gmt":"2025-01-17T12:26:03","slug":"alta-de-cargos-o-conceptos-para-un-tributo","status":"publish","type":"page","link":"https:\/\/uniremunicipios.com.ar\/manual\/?page_id=1592","title":{"rendered":"Alta de cargos o Conceptos para un tributo"},"content":{"rendered":"<p>M\u00f3dulo: <strong>UNIRE Impuestos General<\/strong><\/p>\n<p>Men\u00fa: <strong>Impuestos \/ Tributos \/ Tributos (todos)<\/strong><\/p>\n<p>Seleccionar el Tributo en donde queremos agregar cargos-conceptos.<\/p>\n<p>Clic en el bot\u00f3n:<\/p>\n<p><img loading=\"lazy\" decoding=\"async\" class=\"wp-image-5164 alignnone \" src=\"http:\/\/uniremunicipios.com.ar\/manual\/wp-content\/uploads\/2024\/10\/image-159.png\" alt=\"\" width=\"82\" height=\"65\" \/><\/p>\n<p>Aparece la siguiente ventana<\/p>\n<p><img loading=\"lazy\" decoding=\"async\" class=\"wp-image-5165 alignnone \" src=\"http:\/\/uniremunicipios.com.ar\/manual\/wp-content\/uploads\/2024\/10\/image-160.png\" alt=\"\" width=\"439\" height=\"79\" srcset=\"https:\/\/uniremunicipios.com.ar\/manual\/wp-content\/uploads\/2024\/10\/image-160.png 911w, https:\/\/uniremunicipios.com.ar\/manual\/wp-content\/uploads\/2024\/10\/image-160-300x54.png 300w, https:\/\/uniremunicipios.com.ar\/manual\/wp-content\/uploads\/2024\/10\/image-160-768x138.png 768w\" sizes=\"auto, (max-width: 439px) 100vw, 439px\" \/><\/p>\n<p>Con el bot\u00f3n <strong>AGREGAR<\/strong> podemos incorporar nuevos cargos-conceptos.<\/p>\n<p><img loading=\"lazy\" decoding=\"async\" class=\"wp-image-5166 alignnone \" src=\"http:\/\/uniremunicipios.com.ar\/manual\/wp-content\/uploads\/2024\/10\/image-161.png\" alt=\"\" width=\"404\" height=\"276\" srcset=\"https:\/\/uniremunicipios.com.ar\/manual\/wp-content\/uploads\/2024\/10\/image-161.png 814w, https:\/\/uniremunicipios.com.ar\/manual\/wp-content\/uploads\/2024\/10\/image-161-300x205.png 300w, https:\/\/uniremunicipios.com.ar\/manual\/wp-content\/uploads\/2024\/10\/image-161-768x524.png 768w\" sizes=\"auto, (max-width: 404px) 100vw, 404px\" \/><\/p>\n<ul>\n<li><span style=\"mso-ansi-language: ES;\">Referencia: n\u00famero para asignarle al cargo.<\/span><\/li>\n<li><span style=\"mso-ansi-language: ES;\">Precio: puede ser una f\u00f3rmula o un valor fijo.<\/span><\/li>\n<li><span style=\"mso-ansi-language: ES;\">Cantidad: puede ser una f\u00f3rmula (consultada en el s\u00edmbolo de libro) o un valor fijo.<\/span><\/li>\n<li><span style=\"mso-ansi-language: ES;\">Cargo: Selecciona el tipo de cargo.<\/span><\/li>\n<\/ul>\n<p>El sistema asigna autom\u00e1ticamente un N\u00ba de cargo que se lo denomina C\u00f3digo y que nos sirve para relacionarlo con la contabilidad. <a href=\"http:\/\/uniremunicipios.com.ar\/manual\/?page_id=1604\" target=\"_blank\" rel=\"noopener noreferrer\">Ver aqu\u00ed<\/a>.<\/p>\n<h3>Actualizar valores de cargos<\/h3>\n<p>Selecciono el tributo a trabajar<\/p>\n<p>Clic en el bot\u00f3n <img loading=\"lazy\" decoding=\"async\" class=\"wp-image-5162 alignnone size-medium\" src=\"http:\/\/uniremunicipios.com.ar\/manual\/wp-content\/uploads\/2024\/10\/image-158.png\" alt=\"\" width=\"67\" height=\"45\" \/><\/p>\n<p>Selecciono el cargo que necesito modificar y clic en bot\u00f3n MODIFICAR o doble clic sobre el cargo.<\/p>\n<p>All\u00ed podremos modificar el valor del cargo.<\/p>\n","protected":false},"excerpt":{"rendered":"<p>M\u00f3dulo: UNIRE Impuestos General Men\u00fa: Impuestos \/ Tributos \/ Tributos (todos) Seleccionar el Tributo en donde queremos agregar cargos-conceptos. Clic en el bot\u00f3n: Aparece la siguiente ventana Con el bot\u00f3n AGREGAR podemos incorporar nuevos cargos-conceptos. Referencia: n\u00famero para asignarle al cargo. Precio: puede ser una f\u00f3rmula o un valor fijo. Cantidad: puede ser una f\u00f3rmula [&hellip;]<\/p>\n","protected":false},"author":2,"featured_media":0,"parent":515,"menu_order":0,"comment_status":"closed","ping_status":"closed","template":"","meta":{"footnotes":""},"class_list":["post-1592","page","type-page","status-publish","hentry"],"_links":{"self":[{"href":"https:\/\/uniremunicipios.com.ar\/manual\/index.php?rest_route=\/wp\/v2\/pages\/1592","targetHints":{"allow":["GET"]}}],"collection":[{"href":"https:\/\/uniremunicipios.com.ar\/manual\/index.php?rest_route=\/wp\/v2\/pages"}],"about":[{"href":"https:\/\/uniremunicipios.com.ar\/manual\/index.php?rest_route=\/wp\/v2\/types\/page"}],"author":[{"embeddable":true,"href":"https:\/\/uniremunicipios.com.ar\/manual\/index.php?rest_route=\/wp\/v2\/users\/2"}],"replies":[{"embeddable":true,"href":"https:\/\/uniremunicipios.com.ar\/manual\/index.php?rest_route=%2Fwp%2Fv2%2Fcomments&post=1592"}],"version-history":[{"count":6,"href":"https:\/\/uniremunicipios.com.ar\/manual\/index.php?rest_route=\/wp\/v2\/pages\/1592\/revisions"}],"predecessor-version":[{"id":6246,"href":"https:\/\/uniremunicipios.com.ar\/manual\/index.php?rest_route=\/wp\/v2\/pages\/1592\/revisions\/6246"}],"up":[{"embeddable":true,"href":"https:\/\/uniremunicipios.com.ar\/manual\/index.php?rest_route=\/wp\/v2\/pages\/515"}],"wp:attachment":[{"href":"https:\/\/uniremunicipios.com.ar\/manual\/index.php?rest_route=%2Fwp%2Fv2%2Fmedia&parent=1592"}],"curies":[{"name":"wp","href":"https:\/\/api.w.org\/{rel}","templated":true}]}}