{"id":1609,"date":"2020-03-27T12:28:17","date_gmt":"2020-03-27T15:28:17","guid":{"rendered":"http:\/\/uniremunicipios.com.ar\/manual\/?page_id=1609"},"modified":"2020-03-27T12:37:17","modified_gmt":"2020-03-27T15:37:17","slug":"exportar-a-excel","status":"publish","type":"page","link":"https:\/\/uniremunicipios.com.ar\/manual\/?page_id=1609","title":{"rendered":"Exportar a excel"},"content":{"rendered":"<p>En la mayor\u00eda de las ventanas de UNIRE encontrar\u00e1 el bot\u00f3n FX TODOS.<\/p>\n<p>Y la opci\u00f3n de Imprime la lista en EXCEL, le permitir\u00e1 exportar a EXCEL todo el contenido de la ventana.<\/p>\n<p><img loading=\"lazy\" decoding=\"async\" width=\"190\" height=\"200\" class=\"alignnone wp-image-1610 size-full\" src=\"http:\/\/uniremunicipios.com.ar\/manual\/wp-content\/uploads\/2020\/03\/Pasted-into-Exportar-a-excel.png\" \/><\/p>\n<p>Puede agregar o quitar columnas de la ventana haciendo clic sobre los TITULOS DE LAS COLUMNAS con el bot\u00f3n derecho del rat\u00f3n.<\/p>\n<p>Unire genera planillas EXCEL con la extensi\u00f3n .XLS que se guardan en la carpeta C:\\PSPUESTO\\PLANILLA.<\/p>\n<h2>Si la planilla EXCEL no se visualiza correctamente<\/h2>\n<p>Abrir el archivo y copiar todo el contenido y pegarlo en una hoja nueva.<\/p>\n<p>Guardarlo y trabajar con la nueva planilla.<\/p>\n","protected":false},"excerpt":{"rendered":"<p>En la mayor\u00eda de las ventanas de UNIRE encontrar\u00e1 el bot\u00f3n FX TODOS. Y la opci\u00f3n de Imprime la lista en EXCEL, le permitir\u00e1 exportar a EXCEL todo el contenido de la ventana. Puede agregar o quitar columnas de la ventana haciendo clic sobre los TITULOS DE LAS COLUMNAS con el bot\u00f3n derecho del rat\u00f3n. [&hellip;]<\/p>\n","protected":false},"author":2,"featured_media":0,"parent":787,"menu_order":0,"comment_status":"closed","ping_status":"closed","template":"","meta":{"footnotes":""},"class_list":["post-1609","page","type-page","status-publish","hentry"],"_links":{"self":[{"href":"https:\/\/uniremunicipios.com.ar\/manual\/index.php?rest_route=\/wp\/v2\/pages\/1609","targetHints":{"allow":["GET"]}}],"collection":[{"href":"https:\/\/uniremunicipios.com.ar\/manual\/index.php?rest_route=\/wp\/v2\/pages"}],"about":[{"href":"https:\/\/uniremunicipios.com.ar\/manual\/index.php?rest_route=\/wp\/v2\/types\/page"}],"author":[{"embeddable":true,"href":"https:\/\/uniremunicipios.com.ar\/manual\/index.php?rest_route=\/wp\/v2\/users\/2"}],"replies":[{"embeddable":true,"href":"https:\/\/uniremunicipios.com.ar\/manual\/index.php?rest_route=%2Fwp%2Fv2%2Fcomments&post=1609"}],"version-history":[{"count":4,"href":"https:\/\/uniremunicipios.com.ar\/manual\/index.php?rest_route=\/wp\/v2\/pages\/1609\/revisions"}],"predecessor-version":[{"id":1615,"href":"https:\/\/uniremunicipios.com.ar\/manual\/index.php?rest_route=\/wp\/v2\/pages\/1609\/revisions\/1615"}],"up":[{"embeddable":true,"href":"https:\/\/uniremunicipios.com.ar\/manual\/index.php?rest_route=\/wp\/v2\/pages\/787"}],"wp:attachment":[{"href":"https:\/\/uniremunicipios.com.ar\/manual\/index.php?rest_route=%2Fwp%2Fv2%2Fmedia&parent=1609"}],"curies":[{"name":"wp","href":"https:\/\/api.w.org\/{rel}","templated":true}]}}