{"id":1632,"date":"2020-04-20T09:41:02","date_gmt":"2020-04-20T12:41:02","guid":{"rendered":"http:\/\/uniremunicipios.com.ar\/manual\/?page_id=1632"},"modified":"2020-04-20T10:03:36","modified_gmt":"2020-04-20T13:03:36","slug":"funcionamiento-impresion-recibos-de-sueldos-desde-la-web","status":"publish","type":"page","link":"https:\/\/uniremunicipios.com.ar\/manual\/?page_id=1632","title":{"rendered":"FUNCIONAMIENTO IMPRESI\u00d3N RECIBOS DE SUELDOS DESDE LA WEB"},"content":{"rendered":"<p>FUNCIONAMIENTO IMPRESI\u00d3N RECIBOS DE SUELDOS DESDE LA WEB<\/p>\n<p>&nbsp;<\/p>\n<p>1) V\u00eda ingreso por P\u00e1gina Web<\/p>\n<p>Cada empleado para acceder al servicio de recibo de sueldo digital deber\u00e1 previamente tramitar su usuario (nro. de documento) y contrase\u00f1a privada.<\/p>\n<p>El empleado solicita su contrase\u00f1a en RRHH, o bien aquel que tenga una direcci\u00f3n de mail cargada en el sistema, puede ingresar directamente a la p\u00e1gina con su n\u00famero de documento y el sistema permite solicitar una nueva contrase\u00f1a, que le llega a la direcci\u00f3n de mail en cuesti\u00f3n.<\/p>\n<p>Dicha contrase\u00f1a es requisito indispensable para operar el servicio, la que deber\u00e1 ser personal e intransferible, de forma tal de garantizar la seguridad de las comunicaciones y otorgar validez a todo el proceso.<\/p>\n<p>En la p\u00e1gina web del Municipio, o en un enlace especial, lo que determine el municipio, se coloca la opci\u00f3n de impresi\u00f3n de recibos de sueldos<\/p>\n<p>&nbsp;<\/p>\n<p><img loading=\"lazy\" decoding=\"async\" width=\"352\" height=\"198\" class=\"alignnone wp-image-1633 size-full\" src=\"http:\/\/uniremunicipios.com.ar\/manual\/wp-content\/uploads\/2020\/04\/Pasted-into-FUNCIONAMIENTO-IMPRESI\u00d3N-RECIBOS-DE-SUELDOS-DESDE-LA-WEB.png\" srcset=\"https:\/\/uniremunicipios.com.ar\/manual\/wp-content\/uploads\/2020\/04\/Pasted-into-FUNCIONAMIENTO-IMPRESI\u00d3N-RECIBOS-DE-SUELDOS-DESDE-LA-WEB.png 352w, https:\/\/uniremunicipios.com.ar\/manual\/wp-content\/uploads\/2020\/04\/Pasted-into-FUNCIONAMIENTO-IMPRESI\u00d3N-RECIBOS-DE-SUELDOS-DESDE-LA-WEB-300x169.png 300w\" sizes=\"auto, (max-width: 352px) 100vw, 352px\" \/><\/p>\n<p>&nbsp;<\/p>\n<p>El empleado puede consultar y\/o imprimir los recibos de sueldos cuya liquidaci\u00f3n est\u00e9 cerrada, o bien por per\u00edodo terminado, lo que el Municipio decida hacer.<\/p>\n<p>El sistema guarda registro de los empleados que ingresan por la web, la fecha y la hora correspondiente, para cualquier consulta que se necesite, mayormente casos de empleados que manifiesten no poder ingresar v\u00eda internet, y podamos de esta manera ratificar que no han ingresado.<\/p>\n<p>2) V\u00eda env\u00edo por E-mail<\/p>\n<p>Tambi\u00e9n puede enviarse el recibo al mail que el empleado comunique a la Municipalidad<\/p>\n<p>Men\u00fa RRHH, Empleados (en cada uno): en solapa Empleado se registra en e-Mail el correo electr\u00f3nico particular declarado por el empleado ante el empleador y en solapa RRHH se tilda la opci\u00f3n lo env\u00eda por mail.<\/p>\n<p>3) Formato del Recibo de Sueldo Digital<\/p>\n<p>Incorpora datos requeridos por el Municipio. Incorpora foto de firma y sello de autoridad competente, editado en PDF (no permite modificaciones). No suprime al recibo de sueldo papel y no lleva firma digital (no tiene validez para determinados tr\u00e1mites)<\/p>\n<p>4) Aspectos T\u00e9cnicos<\/p>\n<p>Para la parte t\u00e9cnica se necesita un enlace a la p\u00e1gina web o un enlace que la Municipalidad resuelva para tal fin.<\/p>\n<p>El operador ejecuta la opci\u00f3n de imprimir el recibo y el sistema genera un PDF, con un nombre aleatorio y lo guarda en una carpeta del servidor, creada para tal fin, estos PDF se eliminan con la periodicidad que se configure, si el empleado vuelve a imprimir el mismo recibo se genera un nuevo PDF. A la carpeta alojada en el servidor no tiene acceso personal alguno.<\/p>\n<p>Es decir que la informaci\u00f3n que solicita el empleado, llega \u00fanicamente a dicha persona y a nadie m\u00e1s, y el tr\u00e1mite termina en la consulta y\/o la impresi\u00f3n. Sin quedar grabada en ning\u00fan otro lugar m\u00e1s que el equipo personal del empleado para su archivo si as\u00ed lo dispone.<\/p>\n<p>5) Ventajas<\/p>\n<p>Este servicio evita consultas que realizan los empleados para conocer que se le liquid\u00f3 y poder ver en el recibo los conceptos liquidados evitando p\u00e9rdida de tiempo con dichas consultas.<\/p>\n<p>A la vez que descomprime la entrega de recibos papel, ya que el empleado lo ve o lo imprime cuando quiere.<\/p>\n<p>&nbsp;<\/p>\n<p>Notas: Cabe aclarar que pueden agregarse a este enlace web algunas planillas para que el empleado las imprima directamente desde ah\u00ed, sin tener que presentarse en el Municipio, tambi\u00e9n pueden presentarse a la vista del empleado sus datos personales y los de su familia, para que realice el reclamo de cambio, en caso de existir alg\u00fan dato incorrecto (principalmente para empleados nuevos, los datos de los dem\u00e1s ya deben estar por dem\u00e1s de chequeados)<\/p>\n<p>El uso de un tipo de impresi\u00f3n no inhabilita la otra, es decir, puede darse un h\u00edbrido entre impresi\u00f3n en papel, env\u00edo por mail, o por la web.<\/p>\n","protected":false},"excerpt":{"rendered":"<p>FUNCIONAMIENTO IMPRESI\u00d3N RECIBOS DE SUELDOS DESDE LA WEB &nbsp; 1) V\u00eda ingreso por P\u00e1gina Web Cada empleado para acceder al servicio de recibo de sueldo digital deber\u00e1 previamente tramitar su usuario (nro. de documento) y contrase\u00f1a privada. El empleado solicita su contrase\u00f1a en RRHH, o bien aquel que tenga una direcci\u00f3n de mail cargada en [&hellip;]<\/p>\n","protected":false},"author":3,"featured_media":0,"parent":28,"menu_order":520,"comment_status":"closed","ping_status":"closed","template":"","meta":{"footnotes":""},"class_list":["post-1632","page","type-page","status-publish","hentry"],"_links":{"self":[{"href":"https:\/\/uniremunicipios.com.ar\/manual\/index.php?rest_route=\/wp\/v2\/pages\/1632","targetHints":{"allow":["GET"]}}],"collection":[{"href":"https:\/\/uniremunicipios.com.ar\/manual\/index.php?rest_route=\/wp\/v2\/pages"}],"about":[{"href":"https:\/\/uniremunicipios.com.ar\/manual\/index.php?rest_route=\/wp\/v2\/types\/page"}],"author":[{"embeddable":true,"href":"https:\/\/uniremunicipios.com.ar\/manual\/index.php?rest_route=\/wp\/v2\/users\/3"}],"replies":[{"embeddable":true,"href":"https:\/\/uniremunicipios.com.ar\/manual\/index.php?rest_route=%2Fwp%2Fv2%2Fcomments&post=1632"}],"version-history":[{"count":1,"href":"https:\/\/uniremunicipios.com.ar\/manual\/index.php?rest_route=\/wp\/v2\/pages\/1632\/revisions"}],"predecessor-version":[{"id":1634,"href":"https:\/\/uniremunicipios.com.ar\/manual\/index.php?rest_route=\/wp\/v2\/pages\/1632\/revisions\/1634"}],"up":[{"embeddable":true,"href":"https:\/\/uniremunicipios.com.ar\/manual\/index.php?rest_route=\/wp\/v2\/pages\/28"}],"wp:attachment":[{"href":"https:\/\/uniremunicipios.com.ar\/manual\/index.php?rest_route=%2Fwp%2Fv2%2Fmedia&parent=1632"}],"curies":[{"name":"wp","href":"https:\/\/api.w.org\/{rel}","templated":true}]}}