{"id":1656,"date":"2020-05-04T15:43:55","date_gmt":"2020-05-04T18:43:55","guid":{"rendered":"http:\/\/uniremunicipios.com.ar\/manual\/?page_id=1656"},"modified":"2025-01-20T15:01:43","modified_gmt":"2025-01-20T18:01:43","slug":"formatos-de-impresion-para-impuestos","status":"publish","type":"page","link":"https:\/\/uniremunicipios.com.ar\/manual\/?page_id=1656","title":{"rendered":"Formatos de impresi\u00f3n para impuestos"},"content":{"rendered":"<p>M\u00f3dulo: <strong>UNIRE Impuestos General<\/strong><\/p>\n<p>Men\u00fa: <em><strong>Impuestos\/Tablas\/Formatos de Impresi\u00f3n\/Formatos de Impresi\u00f3n<\/strong><\/em><\/p>\n<p><img loading=\"lazy\" decoding=\"async\" width=\"413\" height=\"360\" class=\"alignnone wp-image-1657 size-full\" src=\"http:\/\/uniremunicipios.com.ar\/manual\/wp-content\/uploads\/2020\/04\/Pasted-into-Formatos-de-impresi\u00f3n-para-impuestos.png\" srcset=\"https:\/\/uniremunicipios.com.ar\/manual\/wp-content\/uploads\/2020\/04\/Pasted-into-Formatos-de-impresi\u00f3n-para-impuestos.png 413w, https:\/\/uniremunicipios.com.ar\/manual\/wp-content\/uploads\/2020\/04\/Pasted-into-Formatos-de-impresi\u00f3n-para-impuestos-300x262.png 300w\" sizes=\"auto, (max-width: 413px) 100vw, 413px\" \/><\/p>\n<p>En esta ventana tenemos todos los formatos de impresi\u00f3n.<\/p>\n<p>Con el bot\u00f3n F1 se accede a la configuraci\u00f3n de cada uno.<\/p>\n<p><span style=\"color: #800000;\"><strong>En la pantalla de configuraci\u00f3n de cada impuesto podr\u00e1 elegir qu\u00e9 formato utilizar.<\/strong><\/span><\/p>\n<p>Por ejemplo:<\/p>\n<p><img loading=\"lazy\" decoding=\"async\" class=\"wp-image-5881 alignnone \" src=\"http:\/\/uniremunicipios.com.ar\/manual\/wp-content\/uploads\/2025\/01\/image-41.png\" alt=\"\" width=\"457\" height=\"273\" srcset=\"https:\/\/uniremunicipios.com.ar\/manual\/wp-content\/uploads\/2025\/01\/image-41.png 637w, https:\/\/uniremunicipios.com.ar\/manual\/wp-content\/uploads\/2025\/01\/image-41-300x179.png 300w\" sizes=\"auto, (max-width: 457px) 100vw, 457px\" \/><\/p>\n<h3>Elegir formatos para los convenios<\/h3>\n<p>Para acceder a la configuraci\u00f3n del formato de impresi\u00f3n ir a:<\/p>\n<p>M\u00f3dulo: <strong>UNIRE Impuesto General<\/strong><\/p>\n<p>Men\u00fa:<em> <strong>Impuestos\/Tributos\/Todos los tributos<\/strong><\/em><\/p>\n<p>Me posiciono sobre el tributo deseado y clic sobre el bot\u00f3n Impositivo<\/p>\n<p><img loading=\"lazy\" decoding=\"async\" class=\"wp-image-5252 alignnone \" src=\"http:\/\/uniremunicipios.com.ar\/manual\/wp-content\/uploads\/2024\/10\/image-185.png\" alt=\"\" width=\"326\" height=\"114\" srcset=\"https:\/\/uniremunicipios.com.ar\/manual\/wp-content\/uploads\/2024\/10\/image-185.png 351w, https:\/\/uniremunicipios.com.ar\/manual\/wp-content\/uploads\/2024\/10\/image-185-300x105.png 300w\" sizes=\"auto, (max-width: 326px) 100vw, 326px\" \/><\/p>\n<p>Elegimos Definici\u00f3n de convenios por Tributo. Nos aparece una ventana con una lista de los Tipos de convenios.<\/p>\n<p>Doble clic o clic sobre modifica y se abre la configuraci\u00f3n.<\/p>\n<p>En la pesta\u00f1a de impresi\u00f3n tendremos la opci\u00f3n para elegir el formato de impresi\u00f3n.<\/p>\n<p><img loading=\"lazy\" decoding=\"async\" class=\"wp-image-5253 alignnone \" src=\"http:\/\/uniremunicipios.com.ar\/manual\/wp-content\/uploads\/2024\/10\/image-186.png\" alt=\"\" width=\"446\" height=\"253\" srcset=\"https:\/\/uniremunicipios.com.ar\/manual\/wp-content\/uploads\/2024\/10\/image-186.png 647w, https:\/\/uniremunicipios.com.ar\/manual\/wp-content\/uploads\/2024\/10\/image-186-300x170.png 300w\" sizes=\"auto, (max-width: 446px) 100vw, 446px\" \/><\/p>\n<p>&nbsp;<\/p>\n<p>&nbsp;<\/p>\n","protected":false},"excerpt":{"rendered":"<p>M\u00f3dulo: UNIRE Impuestos General Men\u00fa: Impuestos\/Tablas\/Formatos de Impresi\u00f3n\/Formatos de Impresi\u00f3n En esta ventana tenemos todos los formatos de impresi\u00f3n. Con el bot\u00f3n F1 se accede a la configuraci\u00f3n de cada uno. En la pantalla de configuraci\u00f3n de cada impuesto podr\u00e1 elegir qu\u00e9 formato utilizar. Por ejemplo: Elegir formatos para los convenios Para acceder a la [&hellip;]<\/p>\n","protected":false},"author":2,"featured_media":0,"parent":515,"menu_order":0,"comment_status":"closed","ping_status":"closed","template":"","meta":{"footnotes":""},"class_list":["post-1656","page","type-page","status-publish","hentry"],"_links":{"self":[{"href":"https:\/\/uniremunicipios.com.ar\/manual\/index.php?rest_route=\/wp\/v2\/pages\/1656","targetHints":{"allow":["GET"]}}],"collection":[{"href":"https:\/\/uniremunicipios.com.ar\/manual\/index.php?rest_route=\/wp\/v2\/pages"}],"about":[{"href":"https:\/\/uniremunicipios.com.ar\/manual\/index.php?rest_route=\/wp\/v2\/types\/page"}],"author":[{"embeddable":true,"href":"https:\/\/uniremunicipios.com.ar\/manual\/index.php?rest_route=\/wp\/v2\/users\/2"}],"replies":[{"embeddable":true,"href":"https:\/\/uniremunicipios.com.ar\/manual\/index.php?rest_route=%2Fwp%2Fv2%2Fcomments&post=1656"}],"version-history":[{"count":7,"href":"https:\/\/uniremunicipios.com.ar\/manual\/index.php?rest_route=\/wp\/v2\/pages\/1656\/revisions"}],"predecessor-version":[{"id":5882,"href":"https:\/\/uniremunicipios.com.ar\/manual\/index.php?rest_route=\/wp\/v2\/pages\/1656\/revisions\/5882"}],"up":[{"embeddable":true,"href":"https:\/\/uniremunicipios.com.ar\/manual\/index.php?rest_route=\/wp\/v2\/pages\/515"}],"wp:attachment":[{"href":"https:\/\/uniremunicipios.com.ar\/manual\/index.php?rest_route=%2Fwp%2Fv2%2Fmedia&parent=1656"}],"curies":[{"name":"wp","href":"https:\/\/api.w.org\/{rel}","templated":true}]}}