{"id":1674,"date":"2020-05-13T11:55:36","date_gmt":"2020-05-13T14:55:36","guid":{"rendered":"http:\/\/uniremunicipios.com.ar\/manual\/?page_id=1674"},"modified":"2020-10-28T09:03:17","modified_gmt":"2020-10-28T12:03:17","slug":"ganancias-provision-sac","status":"publish","type":"page","link":"https:\/\/uniremunicipios.com.ar\/manual\/?page_id=1674","title":{"rendered":"GANANCIAS: Provisi\u00f3n SAC"},"content":{"rendered":"<p><strong>Descuento montos acumulados c\u00e1lculo anticipado SAC<\/strong><\/p>\n<p><strong>A los montos que acumulamos para el c\u00e1lculo de GANANCIAS debemos sumar un 8.33333% M\u00c1S por mes que representa el monto mensual anticipado del SAC, para que no impacte tanto en junio como en diciembre. Es decir que al resultante de la f\u00f3rmula debemos multiplicarlo por 1,0833333<\/strong><\/p>\n<p><strong>Dicho monto agregado en enero, febrero, marzo, abril, mayo y junio debe descontarse en este \u00faltimo mes,\u00a0 junio (mes en que se le liquida la primer cuota del sac) ya que se agrega a la liquidaci\u00f3n mensual, la del SAC PROPIAMENTE DICHO.<\/strong><\/p>\n<p><strong>Despu\u00e9s de liquidado junio, comienza nuevamente a agregarse en julio, agosto, setiembre, octubre, noviembre y diciembre, para descontarse en diciembre mismo,\u00a0 en que se liquida un nuevo SAC<\/strong><\/p>\n<p>Es decir que si multiplicamos 8.33333%(provisi\u00f3n mensual) * 6 (meses) = 50%(porcentaje del SAC con relaci\u00f3n al sueldo)<\/p>\n<p>La provisi\u00f3n mensual de ese porcentaje anticipa al afip el monto correspondiente al proporcional del SAC, acumulamos hasta junio, en ese mes<strong> descontamos dicha provisi\u00f3n y sumamos el SAC propiamente dicho<\/strong> (descontamos la provisi\u00f3n que se calcula sobre cada sueldo liquidado y sumamos el 50% del mejor sueldo a trav\u00e9s del SAC), de julio a diciembre igual.<\/p>\n<p>En caso de sueldos que no var\u00edan, el monto que descontamos y el que sumamos es igual, es decir vamos sumando <strong>10<\/strong> todos los meses, descontamos en junio<strong> 60<\/strong> y sumamos por el sac tambi\u00e9n <strong>60<\/strong>. Pero es necesario hacerlo porque por aumentos paritarios o en caso de sueldos en que var\u00edan muchos los adicionales u horas extras de mes en mes, el total de la provisi\u00f3n resulta menor al SAC propiamente dicho.<\/p>\n<hr \/>\n<p>Nota: La consulta de dicha provisi\u00f3n, se puede encontrar :<\/p>\n<p>Sobre consulta de recibos, FX Uno, Detalle datos para el calculo de recibos (aparecen todas las variables).<\/p>\n<p>La variable &#8221; VA[226][1] &#8220;, muestra la provisi\u00f3n del mes en cuesti\u00f3n<\/p>\n<p>La variable &#8221; VA[226][2]&#8221;, muestra la provisi\u00f3n acumulada.<\/p>\n","protected":false},"excerpt":{"rendered":"<p>Descuento montos acumulados c\u00e1lculo anticipado SAC A los montos que acumulamos para el c\u00e1lculo de GANANCIAS debemos sumar un 8.33333% M\u00c1S por mes que representa el monto mensual anticipado del SAC, para que no impacte tanto en junio como en diciembre. Es decir que al resultante de la f\u00f3rmula debemos multiplicarlo por 1,0833333 Dicho monto [&hellip;]<\/p>\n","protected":false},"author":3,"featured_media":0,"parent":28,"menu_order":525,"comment_status":"closed","ping_status":"closed","template":"","meta":{"footnotes":""},"class_list":["post-1674","page","type-page","status-publish","hentry"],"_links":{"self":[{"href":"https:\/\/uniremunicipios.com.ar\/manual\/index.php?rest_route=\/wp\/v2\/pages\/1674","targetHints":{"allow":["GET"]}}],"collection":[{"href":"https:\/\/uniremunicipios.com.ar\/manual\/index.php?rest_route=\/wp\/v2\/pages"}],"about":[{"href":"https:\/\/uniremunicipios.com.ar\/manual\/index.php?rest_route=\/wp\/v2\/types\/page"}],"author":[{"embeddable":true,"href":"https:\/\/uniremunicipios.com.ar\/manual\/index.php?rest_route=\/wp\/v2\/users\/3"}],"replies":[{"embeddable":true,"href":"https:\/\/uniremunicipios.com.ar\/manual\/index.php?rest_route=%2Fwp%2Fv2%2Fcomments&post=1674"}],"version-history":[{"count":5,"href":"https:\/\/uniremunicipios.com.ar\/manual\/index.php?rest_route=\/wp\/v2\/pages\/1674\/revisions"}],"predecessor-version":[{"id":2352,"href":"https:\/\/uniremunicipios.com.ar\/manual\/index.php?rest_route=\/wp\/v2\/pages\/1674\/revisions\/2352"}],"up":[{"embeddable":true,"href":"https:\/\/uniremunicipios.com.ar\/manual\/index.php?rest_route=\/wp\/v2\/pages\/28"}],"wp:attachment":[{"href":"https:\/\/uniremunicipios.com.ar\/manual\/index.php?rest_route=%2Fwp%2Fv2%2Fmedia&parent=1674"}],"curies":[{"name":"wp","href":"https:\/\/api.w.org\/{rel}","templated":true}]}}