{"id":1677,"date":"2020-05-15T11:26:32","date_gmt":"2020-05-15T14:26:32","guid":{"rendered":"http:\/\/uniremunicipios.com.ar\/manual\/?page_id=1677"},"modified":"2021-08-06T12:00:27","modified_gmt":"2021-08-06T15:00:27","slug":"instalar-pdfcreator","status":"publish","type":"page","link":"https:\/\/uniremunicipios.com.ar\/manual\/?page_id=1677","title":{"rendered":"Instalar y configurar PdfCreator"},"content":{"rendered":"<p><img loading=\"lazy\" decoding=\"async\" width=\"255\" height=\"39\" class=\"alignnone wp-image-1678 size-full\" src=\"http:\/\/uniremunicipios.com.ar\/manual\/wp-content\/uploads\/2020\/05\/Pasted-into-Instalar-pdfcreator.png\" \/><\/p>\n<p>NO instale PDF ARCHITECT<\/p>\n<p><img loading=\"lazy\" decoding=\"async\" width=\"501\" height=\"388\" class=\"alignnone wp-image-1680 size-full\" src=\"http:\/\/uniremunicipios.com.ar\/manual\/wp-content\/uploads\/2020\/05\/Pasted-into-Instalar-pdfcreator-1.png\" srcset=\"https:\/\/uniremunicipios.com.ar\/manual\/wp-content\/uploads\/2020\/05\/Pasted-into-Instalar-pdfcreator-1.png 501w, https:\/\/uniremunicipios.com.ar\/manual\/wp-content\/uploads\/2020\/05\/Pasted-into-Instalar-pdfcreator-1-300x232.png 300w\" sizes=\"auto, (max-width: 501px) 100vw, 501px\" \/><\/p>\n<p>La pantalla anterior debe quedar as\u00ed. Solo un tilde en Images2PDF.<\/p>\n<p>Continue<\/p>\n<p>Le saldr\u00e1 un cartel de descarga fallida, no hay problema, siga y termine la instalaci\u00f3n.<\/p>\n<h2>Configurar PdfCreator<\/h2>\n<p>Abrir el programa desde todos los programas o desde el link que se cre\u00f3 en el escritorio.<\/p>\n<p>Saldr\u00e1n carteles para actualizar la versi\u00f3n, ign\u00f3relos.<\/p>\n<p>Entrar en AJUSTES\u00a0 DE APLICACI\u00d3N<\/p>\n<ul>\n<li>Buscar Actualizaciones: NUNCA<\/li>\n<li>y clic en GUARDAR<\/li>\n<\/ul>\n<p>Entrar en AJUSTES DE PERFIL<\/p>\n<p>En la pesta\u00f1a GUARDAR muy importante que quede como la siguiente foto.<\/p>\n<p><img loading=\"lazy\" decoding=\"async\" width=\"774\" height=\"611\" class=\"alignnone wp-image-2625 size-full\" src=\"http:\/\/uniremunicipios.com.ar\/manual\/wp-content\/uploads\/2021\/08\/Pasted-into-Instalar-y-configurar-PdfCreator.png\" srcset=\"https:\/\/uniremunicipios.com.ar\/manual\/wp-content\/uploads\/2021\/08\/Pasted-into-Instalar-y-configurar-PdfCreator.png 774w, https:\/\/uniremunicipios.com.ar\/manual\/wp-content\/uploads\/2021\/08\/Pasted-into-Instalar-y-configurar-PdfCreator-300x237.png 300w, https:\/\/uniremunicipios.com.ar\/manual\/wp-content\/uploads\/2021\/08\/Pasted-into-Instalar-y-configurar-PdfCreator-768x606.png 768w\" sizes=\"auto, (max-width: 774px) 100vw, 774px\" \/><\/p>\n<ul>\n<li>Elegir Auto-Guardar &#8211; debe quedar as\u00ed.<\/li>\n<\/ul>\n<p><img loading=\"lazy\" decoding=\"async\" width=\"333\" height=\"210\" class=\"alignnone wp-image-1681 size-full\" src=\"http:\/\/uniremunicipios.com.ar\/manual\/wp-content\/uploads\/2020\/05\/Pasted-into-Instalar-pdfcreator-2.png\" srcset=\"https:\/\/uniremunicipios.com.ar\/manual\/wp-content\/uploads\/2020\/05\/Pasted-into-Instalar-pdfcreator-2.png 333w, https:\/\/uniremunicipios.com.ar\/manual\/wp-content\/uploads\/2020\/05\/Pasted-into-Instalar-pdfcreator-2-300x189.png 300w\" sizes=\"auto, (max-width: 333px) 100vw, 333px\" \/><\/p>\n<ul>\n<li>Y en Acciones &#8211; Destildar abrir documento.<\/li>\n<li>Clic en GUARDAR y listo<\/li>\n<\/ul>\n","protected":false},"excerpt":{"rendered":"<p>NO instale PDF ARCHITECT La pantalla anterior debe quedar as\u00ed. Solo un tilde en Images2PDF. Continue Le saldr\u00e1 un cartel de descarga fallida, no hay problema, siga y termine la instalaci\u00f3n. Configurar PdfCreator Abrir el programa desde todos los programas o desde el link que se cre\u00f3 en el escritorio. Saldr\u00e1n carteles para actualizar la [&hellip;]<\/p>\n","protected":false},"author":2,"featured_media":0,"parent":787,"menu_order":0,"comment_status":"closed","ping_status":"closed","template":"","meta":{"footnotes":""},"class_list":["post-1677","page","type-page","status-publish","hentry"],"_links":{"self":[{"href":"https:\/\/uniremunicipios.com.ar\/manual\/index.php?rest_route=\/wp\/v2\/pages\/1677","targetHints":{"allow":["GET"]}}],"collection":[{"href":"https:\/\/uniremunicipios.com.ar\/manual\/index.php?rest_route=\/wp\/v2\/pages"}],"about":[{"href":"https:\/\/uniremunicipios.com.ar\/manual\/index.php?rest_route=\/wp\/v2\/types\/page"}],"author":[{"embeddable":true,"href":"https:\/\/uniremunicipios.com.ar\/manual\/index.php?rest_route=\/wp\/v2\/users\/2"}],"replies":[{"embeddable":true,"href":"https:\/\/uniremunicipios.com.ar\/manual\/index.php?rest_route=%2Fwp%2Fv2%2Fcomments&post=1677"}],"version-history":[{"count":7,"href":"https:\/\/uniremunicipios.com.ar\/manual\/index.php?rest_route=\/wp\/v2\/pages\/1677\/revisions"}],"predecessor-version":[{"id":2628,"href":"https:\/\/uniremunicipios.com.ar\/manual\/index.php?rest_route=\/wp\/v2\/pages\/1677\/revisions\/2628"}],"up":[{"embeddable":true,"href":"https:\/\/uniremunicipios.com.ar\/manual\/index.php?rest_route=\/wp\/v2\/pages\/787"}],"wp:attachment":[{"href":"https:\/\/uniremunicipios.com.ar\/manual\/index.php?rest_route=%2Fwp%2Fv2%2Fmedia&parent=1677"}],"curies":[{"name":"wp","href":"https:\/\/api.w.org\/{rel}","templated":true}]}}