{"id":1688,"date":"2020-05-21T10:35:44","date_gmt":"2020-05-21T13:35:44","guid":{"rendered":"http:\/\/uniremunicipios.com.ar\/manual\/?page_id=1688"},"modified":"2025-06-10T12:14:32","modified_gmt":"2025-06-10T15:14:32","slug":"configuracion","status":"publish","type":"page","link":"https:\/\/uniremunicipios.com.ar\/manual\/?page_id=1688","title":{"rendered":"Tr\u00e1mites: Configuracion y operaci\u00f3n"},"content":{"rendered":"<h1>Introducci\u00f3n.<\/h1>\n<p>En UNIRE, la gesti\u00f3n de turnos se centra alrededor del concepto de <strong>Tr\u00e1mite<\/strong>.<\/p>\n<p>Podemos entender como tr\u00e1mite, a toda gesti\u00f3n que un ciudadano deba realizar con atenci\u00f3n de personal municipal, y que requiera de un turno para su atenci\u00f3n.<\/p>\n<p>Puede referirse tanto a:<\/p>\n<ul>\n<li>Una gesti\u00f3n en particular (ej. Licencia de conducir, donde se saca turno de forma espec\u00edfica para ese tr\u00e1mite).<\/li>\n<li>Un \u00e1rea u oficina que atiende un conjunto de tr\u00e1mites (ej. Rentas, donde en esa oficina se realizan tr\u00e1mites diversos).<\/li>\n<\/ul>\n<p>Para cada <strong>Tr\u00e1mite<\/strong> definido, a su vez, se pueden brindar las siguientes modalidades para solicitar turnos.<\/p>\n<ul>\n<li>Desde la p\u00e1gina Web del municipio.<\/li>\n<li>Por T\u00f3tem electr\u00f3nico, ubicado en la municipalidad.<\/li>\n<li>En forma presencial, desde cualquier computadora con UNIRE.<\/li>\n<\/ul>\n<p>En cuanto al anuncio o llamado, puede realizarse de las siguientes maneras.<\/p>\n<ul>\n<li>Por uno o varios monitores (Pantallas), en computadoras con el m\u00f3dulo UNIRE correspondiente (generalmente, con un TV de dimensiones adecuadas).<\/li>\n<li>A viva voz desde cualquier puesto de trabajo de UNIRE.<\/li>\n<\/ul>\n<h1>Configuraci\u00f3n.<\/h1>\n<p>Todas las opciones para configurar el sistema de turnos, est\u00e1n dentro del m\u00f3dulo <strong>Unire TURNOS<\/strong>.<\/p>\n<p>Una vez en el mismo, desplegando el men\u00fa, tendemos las principales opciones de configuraci\u00f3n.<\/p>\n<p><img loading=\"lazy\" decoding=\"async\" class=\"wp-image-3853 aligncenter\" src=\"http:\/\/uniremunicipios.com.ar\/manual\/wp-content\/uploads\/2022\/08\/Pasted-into-Configuracion.png\" width=\"423\" height=\"183\" srcset=\"https:\/\/uniremunicipios.com.ar\/manual\/wp-content\/uploads\/2022\/08\/Pasted-into-Configuracion.png 573w, https:\/\/uniremunicipios.com.ar\/manual\/wp-content\/uploads\/2022\/08\/Pasted-into-Configuracion-300x130.png 300w\" sizes=\"auto, (max-width: 423px) 100vw, 423px\" \/><\/p>\n<h2>Display-Turnos.<\/h2>\n<p>Con esta opci\u00f3n, se configura cada pantalla en la que se convocar\u00e1n los turnos.<\/p>\n<p>En la siguiente imagen, vemos tres diferentes pantallas configuradas.<\/p>\n<p><img loading=\"lazy\" decoding=\"async\" class=\"wp-image-3854 aligncenter\" src=\"http:\/\/uniremunicipios.com.ar\/manual\/wp-content\/uploads\/2022\/08\/Pasted-into-Configuracion-1.png\" width=\"604\" height=\"227\" srcset=\"https:\/\/uniremunicipios.com.ar\/manual\/wp-content\/uploads\/2022\/08\/Pasted-into-Configuracion-1.png 886w, https:\/\/uniremunicipios.com.ar\/manual\/wp-content\/uploads\/2022\/08\/Pasted-into-Configuracion-1-300x113.png 300w, https:\/\/uniremunicipios.com.ar\/manual\/wp-content\/uploads\/2022\/08\/Pasted-into-Configuracion-1-768x289.png 768w\" sizes=\"auto, (max-width: 604px) 100vw, 604px\" \/><\/p>\n<p>La columna c\u00f3digo, es de especial importancia. Con el mismo, se configura la computadora que tendr\u00e1 conectado el monitor donde se exhibir\u00e1n las convocatorias.<\/p>\n<p>Este c\u00f3digo lo asigna UNIRE de forma autom\u00e1tica, cuando se agrega un nuevo Display.<\/p>\n<p>Con el bot\u00f3n 3, se puede visualizar como se ver\u00e1 el display, en base a los par\u00e1metros cargados.<\/p>\n<p>Con los botones 1 y 2, accederemos a los datos de configuraci\u00f3n que describiremos a continuaci\u00f3n.<\/p>\n<p><img loading=\"lazy\" decoding=\"async\" class=\"wp-image-3855 aligncenter\" src=\"http:\/\/uniremunicipios.com.ar\/manual\/wp-content\/uploads\/2022\/08\/Pasted-into-Configuracion-2.png\" width=\"609\" height=\"506\" srcset=\"https:\/\/uniremunicipios.com.ar\/manual\/wp-content\/uploads\/2022\/08\/Pasted-into-Configuracion-2.png 878w, https:\/\/uniremunicipios.com.ar\/manual\/wp-content\/uploads\/2022\/08\/Pasted-into-Configuracion-2-300x249.png 300w, https:\/\/uniremunicipios.com.ar\/manual\/wp-content\/uploads\/2022\/08\/Pasted-into-Configuracion-2-768x639.png 768w\" sizes=\"auto, (max-width: 609px) 100vw, 609px\" \/><\/p>\n<p><strong>Descripci\u00f3n<\/strong>: puede ser cualquier texto descriptivo. Se recomienda que sea el que indique el lugar f\u00edsico donde ir\u00e1 ubicado el display.<\/p>\n<p><strong>Carpeta Videos:<\/strong> una de las opciones disponibles, es que en la parte izquierda del monitor se exhiban uno o m\u00e1s videos (institucionales, entretenimiento, etc.)<\/p>\n<p>En este campo se indica la carpeta donde se ubican los archivos de dichos videos.<\/p>\n<p>Si se deja en blanco, no se proyecta ning\u00fan video, y el \u00e1rea que ocupar\u00eda se aprovecha para mostrar lo llamados en un tama\u00f1o mayor.<\/p>\n<p><strong>Colores:<\/strong> puede seleccionarse el color de cada uno de los elementos en pantalla. Para ello se acciona cada uno de los botones <img loading=\"lazy\" decoding=\"async\" width=\"33\" height=\"30\" class=\"alignnone wp-image-3856 size-full\" src=\"http:\/\/uniremunicipios.com.ar\/manual\/wp-content\/uploads\/2022\/08\/Pasted-into-Configuracion-3.png\" \/>, lo que nos conducir\u00e1 a una paleta de colores seleccionables.<\/p>\n<p><strong>Mensaje: <\/strong>se indica un texto que se desplazar\u00e1 en la parte inferior de la pantalla. Por ejemplo, los horarios de atenci\u00f3n.<\/p>\n<h1>T\u00f3tem.<\/h1>\n<p>En esta opci\u00f3n, se configuran los t\u00f3tems electr\u00f3nicos para solicitud de turnos.<\/p>\n<p><img loading=\"lazy\" decoding=\"async\" class=\"wp-image-3857 aligncenter\" src=\"http:\/\/uniremunicipios.com.ar\/manual\/wp-content\/uploads\/2022\/08\/Pasted-into-Configuracion-4.png\" width=\"533\" height=\"233\" srcset=\"https:\/\/uniremunicipios.com.ar\/manual\/wp-content\/uploads\/2022\/08\/Pasted-into-Configuracion-4.png 723w, https:\/\/uniremunicipios.com.ar\/manual\/wp-content\/uploads\/2022\/08\/Pasted-into-Configuracion-4-300x131.png 300w\" sizes=\"auto, (max-width: 533px) 100vw, 533px\" \/><\/p>\n<p>La columna c\u00f3digo tambi\u00e9n asigna UNIRE de forma autom\u00e1tica. Con este, se configura la computadora que internamente tiene cada T\u00f3tem.<\/p>\n<p>Con el bot\u00f3n 3, se puede visualizar como se ver\u00e1 el T\u00f3tem, en base a los par\u00e1metros cargados.<\/p>\n<p>Con los botones 1 y 2, accederemos a los datos de configuraci\u00f3n que describiremos a continuaci\u00f3n.<\/p>\n<p><img loading=\"lazy\" decoding=\"async\" class=\"wp-image-3858 aligncenter\" src=\"http:\/\/uniremunicipios.com.ar\/manual\/wp-content\/uploads\/2022\/08\/Pasted-into-Configuracion-5.png\" width=\"574\" height=\"219\" srcset=\"https:\/\/uniremunicipios.com.ar\/manual\/wp-content\/uploads\/2022\/08\/Pasted-into-Configuracion-5.png 734w, https:\/\/uniremunicipios.com.ar\/manual\/wp-content\/uploads\/2022\/08\/Pasted-into-Configuracion-5-300x114.png 300w\" sizes=\"auto, (max-width: 574px) 100vw, 574px\" \/><\/p>\n<p><strong>Descripci\u00f3n<\/strong>: puede ser cualquier texto descriptivo. Se recomienda que sea el que indique el lugar f\u00edsico donde ir\u00e1 ubicado el T\u00f3tem.<\/p>\n<p><strong>Color fondo de la pantalla:<\/strong> mediante el bot\u00f3n <img loading=\"lazy\" decoding=\"async\" width=\"33\" height=\"30\" class=\"alignnone wp-image-3859 size-full\" src=\"http:\/\/uniremunicipios.com.ar\/manual\/wp-content\/uploads\/2022\/08\/Pasted-into-Configuracion-6.png\" \/> , accederemos a una paleta de colores, desde donde especificaremos el correspondiente al fondo de pantalla del T\u00f3tem.<\/p>\n<h2>Tr\u00e1mite.<\/h2>\n<p>Como se mencion\u00f3 en la introducci\u00f3n, la gesti\u00f3n de turnos se centra alrededor del concepto de <strong>Tr\u00e1mite<\/strong>.<\/p>\n<p>Entre otras cosas, en el mismo se especificar\u00e1 por donde se pueden otorgar turnos para el mismo, en que pantalla se har\u00e1 el llamado, etc.<\/p>\n<p><img loading=\"lazy\" decoding=\"async\" class=\"wp-image-4033 aligncenter\" src=\"http:\/\/uniremunicipios.com.ar\/manual\/wp-content\/uploads\/2023\/03\/Pasted-into-Manual-Configuracion-y-operacion-OK.png\" width=\"588\" height=\"528\" srcset=\"https:\/\/uniremunicipios.com.ar\/manual\/wp-content\/uploads\/2023\/03\/Pasted-into-Manual-Configuracion-y-operacion-OK.png 885w, https:\/\/uniremunicipios.com.ar\/manual\/wp-content\/uploads\/2023\/03\/Pasted-into-Manual-Configuracion-y-operacion-OK-300x269.png 300w, https:\/\/uniremunicipios.com.ar\/manual\/wp-content\/uploads\/2023\/03\/Pasted-into-Manual-Configuracion-y-operacion-OK-768x690.png 768w\" sizes=\"auto, (max-width: 588px) 100vw, 588px\" \/><\/p>\n<h2>Secci\u00f3n 1:<\/h2>\n<p><img loading=\"lazy\" decoding=\"async\" class=\"wp-image-3861 aligncenter\" src=\"http:\/\/uniremunicipios.com.ar\/manual\/wp-content\/uploads\/2022\/08\/Pasted-into-Configuracion-8.png\" width=\"479\" height=\"153\" srcset=\"https:\/\/uniremunicipios.com.ar\/manual\/wp-content\/uploads\/2022\/08\/Pasted-into-Configuracion-8.png 573w, https:\/\/uniremunicipios.com.ar\/manual\/wp-content\/uploads\/2022\/08\/Pasted-into-Configuracion-8-300x96.png 300w\" sizes=\"auto, (max-width: 479px) 100vw, 479px\" \/><\/p>\n<ol>\n<li>Cualquier texto descriptivo que sirva para individualizar el tr\u00e1mite.<\/li>\n<li>En el caso de que se requiera que el Display emita un sonido cuando se llama al siguiente turno, aqu\u00ed debe ponerse la ruta del archivo de sonido.<\/li>\n<\/ol>\n<p>Se despliega la lista, y se selecciona el Display por el que se deban llamar los turnos de este tr\u00e1mite.<\/p>\n<p><img loading=\"lazy\" decoding=\"async\" width=\"361\" height=\"134\" class=\"wp-image-3862 size-full aligncenter\" src=\"http:\/\/uniremunicipios.com.ar\/manual\/wp-content\/uploads\/2022\/08\/Pasted-into-Configuracion-9.png\" srcset=\"https:\/\/uniremunicipios.com.ar\/manual\/wp-content\/uploads\/2022\/08\/Pasted-into-Configuracion-9.png 361w, https:\/\/uniremunicipios.com.ar\/manual\/wp-content\/uploads\/2022\/08\/Pasted-into-Configuracion-9-300x111.png 300w\" sizes=\"auto, (max-width: 361px) 100vw, 361px\" \/><\/p>\n<h2>Secci\u00f3n 2 \u2013 Solicitud de turnos.<\/h2>\n<p>En esta \u00e1rea se especifican los medios, de los que dispondr\u00e1 el tr\u00e1mite, para que el ciudadano solicite turnos.<\/p>\n<p>Desde la web, podemos configurar si la solicitud la hacemos dentro de un men\u00fa especifico ( Comercio; Estudios Contables, o desde un men\u00fa general\u00a0 ( en este caso dejar SIN ASIGNAR))<\/p>\n<p><img loading=\"lazy\" decoding=\"async\" class=\"wp-image-4034 aligncenter\" src=\"http:\/\/uniremunicipios.com.ar\/manual\/wp-content\/uploads\/2023\/03\/Pasted-into-Manual-Configuracion-y-operacion-OK-1.png\" width=\"312\" height=\"187\" srcset=\"https:\/\/uniremunicipios.com.ar\/manual\/wp-content\/uploads\/2023\/03\/Pasted-into-Manual-Configuracion-y-operacion-OK-1.png 514w, https:\/\/uniremunicipios.com.ar\/manual\/wp-content\/uploads\/2023\/03\/Pasted-into-Manual-Configuracion-y-operacion-OK-1-300x180.png 300w\" sizes=\"auto, (max-width: 312px) 100vw, 312px\" \/><\/p>\n<p>Por Caracol, con la posibilidad de elegir desde que numero comenzar.<\/p>\n<p><img loading=\"lazy\" decoding=\"async\" class=\"wp-image-4035 aligncenter\" src=\"http:\/\/uniremunicipios.com.ar\/manual\/wp-content\/uploads\/2023\/03\/Pasted-into-Manual-Configuracion-y-operacion-OK-2.png\" width=\"382\" height=\"136\" srcset=\"https:\/\/uniremunicipios.com.ar\/manual\/wp-content\/uploads\/2023\/03\/Pasted-into-Manual-Configuracion-y-operacion-OK-2.png 514w, https:\/\/uniremunicipios.com.ar\/manual\/wp-content\/uploads\/2023\/03\/Pasted-into-Manual-Configuracion-y-operacion-OK-2-300x107.png 300w\" sizes=\"auto, (max-width: 382px) 100vw, 382px\" \/><\/p>\n<p>O por t\u00f3tem, con la posibilidad de elegir entre 1 (si tiene varios) de los t\u00f3tem.<\/p>\n<p><img loading=\"lazy\" decoding=\"async\" class=\"wp-image-4036 aligncenter\" src=\"http:\/\/uniremunicipios.com.ar\/manual\/wp-content\/uploads\/2023\/03\/Pasted-into-Manual-Configuracion-y-operacion-OK-3.png\" width=\"380\" height=\"214\" srcset=\"https:\/\/uniremunicipios.com.ar\/manual\/wp-content\/uploads\/2023\/03\/Pasted-into-Manual-Configuracion-y-operacion-OK-3.png 481w, https:\/\/uniremunicipios.com.ar\/manual\/wp-content\/uploads\/2023\/03\/Pasted-into-Manual-Configuracion-y-operacion-OK-3-300x169.png 300w\" sizes=\"auto, (max-width: 380px) 100vw, 380px\" \/><\/p>\n<h2>Secci\u00f3n 3 \u2013 Color de los tr\u00e1mites.<\/h2>\n<p>Se definen los colores que utilizar\u00e1 el tr\u00e1mite en los Display.<\/p>\n<p><img loading=\"lazy\" decoding=\"async\" class=\"wp-image-3870 aligncenter\" src=\"http:\/\/uniremunicipios.com.ar\/manual\/wp-content\/uploads\/2022\/08\/Pasted-into-Configuracion-17.png\" width=\"461\" height=\"111\" srcset=\"https:\/\/uniremunicipios.com.ar\/manual\/wp-content\/uploads\/2022\/08\/Pasted-into-Configuracion-17.png 648w, https:\/\/uniremunicipios.com.ar\/manual\/wp-content\/uploads\/2022\/08\/Pasted-into-Configuracion-17-300x72.png 300w\" sizes=\"auto, (max-width: 461px) 100vw, 461px\" \/><\/p>\n<ol>\n<li>Llamando: son los colores con los que se exhibir\u00e1, por un instante, al momento de llamar un turno (a fines de que resalte).<\/li>\n<li>Est\u00e1tico: es el color en que quedar\u00e1, luego del instante anterior.<\/li>\n<\/ol>\n<p>En ambos, presionando <img loading=\"lazy\" decoding=\"async\" width=\"33\" height=\"30\" class=\"alignnone wp-image-3869 size-full\" src=\"http:\/\/uniremunicipios.com.ar\/manual\/wp-content\/uploads\/2022\/08\/Pasted-into-Configuracion-16.png\" \/>, accederemos a una paleta de colores.<\/p>\n<h2>Secci\u00f3n 4 \u2013 Horarios.<\/h2>\n<p><img loading=\"lazy\" decoding=\"async\" class=\"wp-image-3868 aligncenter\" src=\"http:\/\/uniremunicipios.com.ar\/manual\/wp-content\/uploads\/2022\/08\/Pasted-into-Configuracion-15.png\" width=\"209\" height=\"122\" \/><\/p>\n<ol>\n<li>Especifica el rango horario en que se atender\u00e1.<\/li>\n<li>Demora: indica cada cuantos minutos se llamar\u00e1 un turno.<\/li>\n<\/ol>\n<p>&nbsp;<\/p>\n<p>Estos par\u00e1metros son muy importantes, pues en base a estos se confecciona la grilla de horarios desde la cual se otorgan los turnos.<\/p>\n<p>Est\u00e1 la posibilidad de poder elegir que d\u00edas opera este tipo de tramite.<\/p>\n<p>2 \u2013 lunes<\/p>\n<p>3 \u2013 martes<\/p>\n<p>4 \u2013 mi\u00e9rcoles<\/p>\n<p>5 \u2013 jueves<\/p>\n<p>6 \u2013 viernes<\/p>\n<p>Tambien se puede limitar cuantos turnos una misma persona puede sacar por dia ( esto evita que alguien ocupe muchos turnos)<\/p>\n<p><img loading=\"lazy\" decoding=\"async\" class=\"wp-image-4037 aligncenter\" src=\"http:\/\/uniremunicipios.com.ar\/manual\/wp-content\/uploads\/2023\/03\/Pasted-into-Manual-Configuracion-y-operacion-OK-4.png\" width=\"150\" height=\"130\" \/><\/p>\n<h2>Secci\u00f3n 5 \u2013 Equipos \u2013 Computadoras.<\/h2>\n<p>En esta secci\u00f3n se indican los puestos de trabajo desde donde se llamar\u00e1n los turnos para su atenci\u00f3n.<\/p>\n<p><img loading=\"lazy\" decoding=\"async\" class=\"wp-image-3867 aligncenter\" src=\"http:\/\/uniremunicipios.com.ar\/manual\/wp-content\/uploads\/2022\/08\/Pasted-into-Configuracion-14.png\" width=\"585\" height=\"209\" srcset=\"https:\/\/uniremunicipios.com.ar\/manual\/wp-content\/uploads\/2022\/08\/Pasted-into-Configuracion-14.png 886w, https:\/\/uniremunicipios.com.ar\/manual\/wp-content\/uploads\/2022\/08\/Pasted-into-Configuracion-14-300x107.png 300w, https:\/\/uniremunicipios.com.ar\/manual\/wp-content\/uploads\/2022\/08\/Pasted-into-Configuracion-14-768x275.png 768w\" sizes=\"auto, (max-width: 585px) 100vw, 585px\" \/><\/p>\n<h1>Solicitud de turnos.<\/h1>\n<h2>Desde la p\u00e1gina web del municipio.<\/h2>\n<p>Si se habilita esta opci\u00f3n, cualquier persona podr\u00e1 solicitar un turno de atenci\u00f3n, desde cualquier dispositivo con acceso a Internet.<\/p>\n<ol>\n<li>En el men\u00fa de tr\u00e1mites, se deber\u00e1 accionar el bot\u00f3n correspondiente.<br \/>\n<img loading=\"lazy\" decoding=\"async\" class=\"wp-image-3866 aligncenter\" src=\"http:\/\/uniremunicipios.com.ar\/manual\/wp-content\/uploads\/2022\/08\/Pasted-into-Configuracion-13.png\" width=\"539\" height=\"243\" srcset=\"https:\/\/uniremunicipios.com.ar\/manual\/wp-content\/uploads\/2022\/08\/Pasted-into-Configuracion-13.png 623w, https:\/\/uniremunicipios.com.ar\/manual\/wp-content\/uploads\/2022\/08\/Pasted-into-Configuracion-13-300x135.png 300w\" sizes=\"auto, (max-width: 539px) 100vw, 539px\" \/><\/li>\n<li>Esto conducir\u00e1 al siguiente paso, donde el ciudadano deber\u00e1 especificar su n\u00famero de documento, el tr\u00e1mite que desea realizar, y la fecha en que quiere solicitar el turno.<br \/>\n<img decoding=\"async\" class=\"aligncenter\" src=\"http:\/\/uniremunicipios.com.ar\/manual\/wp-content\/uploads\/2023\/03\/Pasted-into-AYUDA-WEB-SOLICITUD-DE-TURNOS.png\" \/><\/li>\n<li>Por \u00faltimo, deber\u00e1 completar los siguientes datos:<\/li>\n<\/ol>\n<p><img decoding=\"async\" class=\"aligncenter\" src=\"http:\/\/uniremunicipios.com.ar\/manual\/wp-content\/uploads\/2023\/03\/Pasted-into-AYUDA-WEB-SOLICITUD-DE-TURNOS-1.png\" \/><\/p>\n<p><img decoding=\"async\" class=\"aligncenter\" src=\"http:\/\/uniremunicipios.com.ar\/manual\/wp-content\/uploads\/2023\/03\/Pasted-into-AYUDA-WEB-SOLICITUD-DE-TURNOS-2.png\" \/><\/p>\n<p><img decoding=\"async\" class=\"aligncenter\" src=\"http:\/\/uniremunicipios.com.ar\/manual\/wp-content\/uploads\/2023\/03\/Pasted-into-AYUDA-WEB-SOLICITUD-DE-TURNOS-3.png\" \/><\/p>\n<p>En Observaci\u00f3n puede ir informaci\u00f3n sobre una explicaci\u00f3n sobre el tramite que el solicitante quiere realizar.<\/p>\n<p><img loading=\"lazy\" decoding=\"async\" width=\"219\" height=\"320\" class=\"wp-image-1697 size-full aligncenter\" src=\"http:\/\/uniremunicipios.com.ar\/manual\/wp-content\/uploads\/2020\/05\/Pasted-into-Configuracion-8.png\" srcset=\"https:\/\/uniremunicipios.com.ar\/manual\/wp-content\/uploads\/2020\/05\/Pasted-into-Configuracion-8.png 219w, https:\/\/uniremunicipios.com.ar\/manual\/wp-content\/uploads\/2020\/05\/Pasted-into-Configuracion-8-205x300.png 205w\" sizes=\"auto, (max-width: 219px) 100vw, 219px\" \/><\/p>\n","protected":false},"excerpt":{"rendered":"<p>Introducci\u00f3n. En UNIRE, la gesti\u00f3n de turnos se centra alrededor del concepto de Tr\u00e1mite. Podemos entender como tr\u00e1mite, a toda gesti\u00f3n que un ciudadano deba realizar con atenci\u00f3n de personal municipal, y que requiera de un turno para su atenci\u00f3n. Puede referirse tanto a: Una gesti\u00f3n en particular (ej. Licencia de conducir, donde se saca [&hellip;]<\/p>\n","protected":false},"author":4,"featured_media":0,"parent":562,"menu_order":0,"comment_status":"closed","ping_status":"closed","template":"","meta":{"footnotes":""},"class_list":["post-1688","page","type-page","status-publish","hentry"],"_links":{"self":[{"href":"https:\/\/uniremunicipios.com.ar\/manual\/index.php?rest_route=\/wp\/v2\/pages\/1688","targetHints":{"allow":["GET"]}}],"collection":[{"href":"https:\/\/uniremunicipios.com.ar\/manual\/index.php?rest_route=\/wp\/v2\/pages"}],"about":[{"href":"https:\/\/uniremunicipios.com.ar\/manual\/index.php?rest_route=\/wp\/v2\/types\/page"}],"author":[{"embeddable":true,"href":"https:\/\/uniremunicipios.com.ar\/manual\/index.php?rest_route=\/wp\/v2\/users\/4"}],"replies":[{"embeddable":true,"href":"https:\/\/uniremunicipios.com.ar\/manual\/index.php?rest_route=%2Fwp%2Fv2%2Fcomments&post=1688"}],"version-history":[{"count":11,"href":"https:\/\/uniremunicipios.com.ar\/manual\/index.php?rest_route=\/wp\/v2\/pages\/1688\/revisions"}],"predecessor-version":[{"id":6022,"href":"https:\/\/uniremunicipios.com.ar\/manual\/index.php?rest_route=\/wp\/v2\/pages\/1688\/revisions\/6022"}],"up":[{"embeddable":true,"href":"https:\/\/uniremunicipios.com.ar\/manual\/index.php?rest_route=\/wp\/v2\/pages\/562"}],"wp:attachment":[{"href":"https:\/\/uniremunicipios.com.ar\/manual\/index.php?rest_route=%2Fwp%2Fv2%2Fmedia&parent=1688"}],"curies":[{"name":"wp","href":"https:\/\/api.w.org\/{rel}","templated":true}]}}