{"id":1705,"date":"2020-05-28T08:18:46","date_gmt":"2020-05-28T11:18:46","guid":{"rendered":"http:\/\/uniremunicipios.com.ar\/manual\/?page_id=1705"},"modified":"2025-07-10T09:52:55","modified_gmt":"2025-07-10T12:52:55","slug":"coneccion-google-meet","status":"publish","type":"page","link":"https:\/\/uniremunicipios.com.ar\/manual\/?page_id=1705","title":{"rendered":"Conexi\u00f3n Google Meet"},"content":{"rendered":"<h2>Para iniciar en PC<\/h2>\n<p><img loading=\"lazy\" decoding=\"async\" width=\"224\" height=\"328\" class=\"wp-image-1706 size-full aligncenter\" src=\"http:\/\/uniremunicipios.com.ar\/manual\/wp-content\/uploads\/2020\/05\/Pasted-into-Coneccion-Google-Meet.png\" srcset=\"https:\/\/uniremunicipios.com.ar\/manual\/wp-content\/uploads\/2020\/05\/Pasted-into-Coneccion-Google-Meet.png 224w, https:\/\/uniremunicipios.com.ar\/manual\/wp-content\/uploads\/2020\/05\/Pasted-into-Coneccion-Google-Meet-205x300.png 205w\" sizes=\"auto, (max-width: 224px) 100vw, 224px\" \/><\/p>\n<p>Entrar a <a href=\"http:\/\/www.google.com.ar\">www.google.com.ar<\/a> y en las aplicaciones, ingresar al Meet.<\/p>\n<p><img loading=\"lazy\" decoding=\"async\" width=\"217\" height=\"209\" class=\"wp-image-1707 size-full aligncenter\" src=\"http:\/\/uniremunicipios.com.ar\/manual\/wp-content\/uploads\/2020\/05\/Pasted-into-Coneccion-Google-Meet-1.png\" \/><\/p>\n<p>El encargado de realizar la reuni\u00f3n (personal de Unire), iniciara una reuni\u00f3n y les facilitara por alg\u00fan medio el c\u00f3digo\/id de la llamada. Ej: <strong><em><u>kno-kaiq-zxu<\/u><\/em><\/strong><\/p>\n<p><img loading=\"lazy\" decoding=\"async\" width=\"335\" height=\"204\" class=\"wp-image-1708 size-full aligncenter\" src=\"http:\/\/uniremunicipios.com.ar\/manual\/wp-content\/uploads\/2020\/05\/Pasted-into-Coneccion-Google-Meet-2.png\" srcset=\"https:\/\/uniremunicipios.com.ar\/manual\/wp-content\/uploads\/2020\/05\/Pasted-into-Coneccion-Google-Meet-2.png 335w, https:\/\/uniremunicipios.com.ar\/manual\/wp-content\/uploads\/2020\/05\/Pasted-into-Coneccion-Google-Meet-2-300x183.png 300w\" sizes=\"auto, (max-width: 335px) 100vw, 335px\" \/><\/p>\n<p>Lo introducen en el campo seleccionado y clic en Unirse. Si se pudo ingresar satisfactoriamente, hacer clic en \u201cUnirse ahora\u201d<\/p>\n<p>Cabe destacar que los participantes para interactuar necesitaran un micr\u00f3fono como m\u00ednimo.<\/p>\n<p><img loading=\"lazy\" decoding=\"async\" width=\"480\" height=\"175\" class=\"wp-image-1709 size-full aligncenter\" src=\"http:\/\/uniremunicipios.com.ar\/manual\/wp-content\/uploads\/2020\/05\/Pasted-into-Coneccion-Google-Meet-3.png\" srcset=\"https:\/\/uniremunicipios.com.ar\/manual\/wp-content\/uploads\/2020\/05\/Pasted-into-Coneccion-Google-Meet-3.png 480w, https:\/\/uniremunicipios.com.ar\/manual\/wp-content\/uploads\/2020\/05\/Pasted-into-Coneccion-Google-Meet-3-300x109.png 300w\" sizes=\"auto, (max-width: 480px) 100vw, 480px\" \/><\/p>\n<p>Recomendamos entrar por el explorador de web \u201cFirefox \u201c. <img loading=\"lazy\" decoding=\"async\" width=\"58\" height=\"77\" class=\"alignnone wp-image-1724 size-full\" src=\"http:\/\/uniremunicipios.com.ar\/manual\/wp-content\/uploads\/2020\/05\/Pasted-into-Coneccion-Google-Meet-4.png\" \/><\/p>\n<p>&nbsp;<\/p>\n<p>Luego de iniciar la reuni\u00f3n, Firefox no pregunta si permitimos a meet para utilizar el micr\u00f3fono, clic en Permitir (podemos recordar esta decisi\u00f3n para que no nos vuelva a preguntar)<\/p>\n<p><img loading=\"lazy\" decoding=\"async\" width=\"379\" height=\"197\" class=\"alignnone wp-image-1726 size-full\" src=\"http:\/\/uniremunicipios.com.ar\/manual\/wp-content\/uploads\/2020\/05\/Pasted-into-Coneccion-Google-Meet-5.png\" srcset=\"https:\/\/uniremunicipios.com.ar\/manual\/wp-content\/uploads\/2020\/05\/Pasted-into-Coneccion-Google-Meet-5.png 379w, https:\/\/uniremunicipios.com.ar\/manual\/wp-content\/uploads\/2020\/05\/Pasted-into-Coneccion-Google-Meet-5-300x156.png 300w\" sizes=\"auto, (max-width: 379px) 100vw, 379px\" \/><\/p>\n<p>&nbsp;<\/p>\n<h2>Para iniciar en Android.<\/h2>\n<p>Entrar al Play Store y buscar la app Google Meet y la instalamos<\/p>\n<p>Iniciar la aplicaci\u00f3n (nos pedir\u00e1 sincronizarla con un correo electr\u00f3nico)<\/p>\n<p><img loading=\"lazy\" decoding=\"async\" width=\"211\" height=\"426\" class=\"wp-image-1727 size-full aligncenter\" src=\"http:\/\/uniremunicipios.com.ar\/manual\/wp-content\/uploads\/2020\/05\/Pasted-into-Coneccion-Google-Meet-6.png\" srcset=\"https:\/\/uniremunicipios.com.ar\/manual\/wp-content\/uploads\/2020\/05\/Pasted-into-Coneccion-Google-Meet-6.png 211w, https:\/\/uniremunicipios.com.ar\/manual\/wp-content\/uploads\/2020\/05\/Pasted-into-Coneccion-Google-Meet-6-149x300.png 149w\" sizes=\"auto, (max-width: 211px) 100vw, 211px\" \/><\/p>\n<p>Ingresar el codigo\/id de la llamada .<\/p>\n<p><img loading=\"lazy\" decoding=\"async\" width=\"206\" height=\"162\" class=\"wp-image-1728 size-full aligncenter\" src=\"http:\/\/uniremunicipios.com.ar\/manual\/wp-content\/uploads\/2020\/05\/Pasted-into-Coneccion-Google-Meet-7.png\" \/><\/p>\n<p>Si el enlace se lo envian por whatsapp:<\/p>\n<p>Para unirte a la videollamada, haz clic en este enlace: <a href=\"https:\/\/meet.google.com\/ter-tjmu-nzz\" target=\"_blank\" rel=\"noopener noreferrer\">https:\/\/meet.google.com\/ter-tjmu-nzz<\/a><\/p>\n","protected":false},"excerpt":{"rendered":"<p>Para iniciar en PC Entrar a www.google.com.ar y en las aplicaciones, ingresar al Meet. El encargado de realizar la reuni\u00f3n (personal de Unire), iniciara una reuni\u00f3n y les facilitara por alg\u00fan medio el c\u00f3digo\/id de la llamada. Ej: kno-kaiq-zxu Lo introducen en el campo seleccionado y clic en Unirse. Si se pudo ingresar satisfactoriamente, hacer [&hellip;]<\/p>\n","protected":false},"author":4,"featured_media":0,"parent":1703,"menu_order":0,"comment_status":"closed","ping_status":"closed","template":"","meta":{"footnotes":""},"class_list":["post-1705","page","type-page","status-publish","hentry"],"_links":{"self":[{"href":"https:\/\/uniremunicipios.com.ar\/manual\/index.php?rest_route=\/wp\/v2\/pages\/1705","targetHints":{"allow":["GET"]}}],"collection":[{"href":"https:\/\/uniremunicipios.com.ar\/manual\/index.php?rest_route=\/wp\/v2\/pages"}],"about":[{"href":"https:\/\/uniremunicipios.com.ar\/manual\/index.php?rest_route=\/wp\/v2\/types\/page"}],"author":[{"embeddable":true,"href":"https:\/\/uniremunicipios.com.ar\/manual\/index.php?rest_route=\/wp\/v2\/users\/4"}],"replies":[{"embeddable":true,"href":"https:\/\/uniremunicipios.com.ar\/manual\/index.php?rest_route=%2Fwp%2Fv2%2Fcomments&post=1705"}],"version-history":[{"count":5,"href":"https:\/\/uniremunicipios.com.ar\/manual\/index.php?rest_route=\/wp\/v2\/pages\/1705\/revisions"}],"predecessor-version":[{"id":6093,"href":"https:\/\/uniremunicipios.com.ar\/manual\/index.php?rest_route=\/wp\/v2\/pages\/1705\/revisions\/6093"}],"up":[{"embeddable":true,"href":"https:\/\/uniremunicipios.com.ar\/manual\/index.php?rest_route=\/wp\/v2\/pages\/1703"}],"wp:attachment":[{"href":"https:\/\/uniremunicipios.com.ar\/manual\/index.php?rest_route=%2Fwp%2Fv2%2Fmedia&parent=1705"}],"curies":[{"name":"wp","href":"https:\/\/api.w.org\/{rel}","templated":true}]}}