{"id":1732,"date":"2020-06-04T11:17:30","date_gmt":"2020-06-04T14:17:30","guid":{"rendered":"http:\/\/uniremunicipios.com.ar\/manual\/?page_id=1732"},"modified":"2020-06-04T11:17:30","modified_gmt":"2020-06-04T14:17:30","slug":"instalar-impresoras-para-escritorio-remoto","status":"publish","type":"page","link":"https:\/\/uniremunicipios.com.ar\/manual\/?page_id=1732","title":{"rendered":"Instalar impresoras para escritorio remoto"},"content":{"rendered":"<p>Abrir el Panel de Control<\/p>\n<p>Clic en Hardware \/ Ver dispositivos e impresoras<\/p>\n<p>Hacemos clic en cualquier impresora y nos aparece arriba: Propiedades del servidor de impresi\u00f3n, hace clic all\u00ed.<\/p>\n<p><img loading=\"lazy\" decoding=\"async\" width=\"742\" height=\"435\" class=\"alignnone wp-image-1733 size-full\" src=\"http:\/\/uniremunicipios.com.ar\/manual\/wp-content\/uploads\/2020\/06\/Pasted-into-Instalar-impresoras-para-escritorio-remoto-.png\" srcset=\"https:\/\/uniremunicipios.com.ar\/manual\/wp-content\/uploads\/2020\/06\/Pasted-into-Instalar-impresoras-para-escritorio-remoto-.png 742w, https:\/\/uniremunicipios.com.ar\/manual\/wp-content\/uploads\/2020\/06\/Pasted-into-Instalar-impresoras-para-escritorio-remoto--300x176.png 300w\" sizes=\"auto, (max-width: 742px) 100vw, 742px\" \/><\/p>\n<p>En la siguiente pantalla vamos a la pesta\u00f1a Controladores y all\u00ed agregamos las impresoras que necesitamos.<\/p>\n<p><img loading=\"lazy\" decoding=\"async\" width=\"495\" height=\"471\" class=\"alignnone wp-image-1734 size-full\" src=\"http:\/\/uniremunicipios.com.ar\/manual\/wp-content\/uploads\/2020\/06\/Pasted-into-Instalar-impresoras-para-escritorio-remoto-1-1.png\" srcset=\"https:\/\/uniremunicipios.com.ar\/manual\/wp-content\/uploads\/2020\/06\/Pasted-into-Instalar-impresoras-para-escritorio-remoto-1-1.png 495w, https:\/\/uniremunicipios.com.ar\/manual\/wp-content\/uploads\/2020\/06\/Pasted-into-Instalar-impresoras-para-escritorio-remoto-1-1-300x285.png 300w\" sizes=\"auto, (max-width: 495px) 100vw, 495px\" \/><\/p>\n<p>&nbsp;<\/p>\n","protected":false},"excerpt":{"rendered":"<p>Abrir el Panel de Control Clic en Hardware \/ Ver dispositivos e impresoras Hacemos clic en cualquier impresora y nos aparece arriba: Propiedades del servidor de impresi\u00f3n, hace clic all\u00ed. En la siguiente pantalla vamos a la pesta\u00f1a Controladores y all\u00ed agregamos las impresoras que necesitamos. &nbsp;<\/p>\n","protected":false},"author":2,"featured_media":0,"parent":787,"menu_order":0,"comment_status":"closed","ping_status":"closed","template":"","meta":{"footnotes":""},"class_list":["post-1732","page","type-page","status-publish","hentry"],"_links":{"self":[{"href":"https:\/\/uniremunicipios.com.ar\/manual\/index.php?rest_route=\/wp\/v2\/pages\/1732","targetHints":{"allow":["GET"]}}],"collection":[{"href":"https:\/\/uniremunicipios.com.ar\/manual\/index.php?rest_route=\/wp\/v2\/pages"}],"about":[{"href":"https:\/\/uniremunicipios.com.ar\/manual\/index.php?rest_route=\/wp\/v2\/types\/page"}],"author":[{"embeddable":true,"href":"https:\/\/uniremunicipios.com.ar\/manual\/index.php?rest_route=\/wp\/v2\/users\/2"}],"replies":[{"embeddable":true,"href":"https:\/\/uniremunicipios.com.ar\/manual\/index.php?rest_route=%2Fwp%2Fv2%2Fcomments&post=1732"}],"version-history":[{"count":1,"href":"https:\/\/uniremunicipios.com.ar\/manual\/index.php?rest_route=\/wp\/v2\/pages\/1732\/revisions"}],"predecessor-version":[{"id":1735,"href":"https:\/\/uniremunicipios.com.ar\/manual\/index.php?rest_route=\/wp\/v2\/pages\/1732\/revisions\/1735"}],"up":[{"embeddable":true,"href":"https:\/\/uniremunicipios.com.ar\/manual\/index.php?rest_route=\/wp\/v2\/pages\/787"}],"wp:attachment":[{"href":"https:\/\/uniremunicipios.com.ar\/manual\/index.php?rest_route=%2Fwp%2Fv2%2Fmedia&parent=1732"}],"curies":[{"name":"wp","href":"https:\/\/api.w.org\/{rel}","templated":true}]}}