{"id":1739,"date":"2020-06-05T11:02:20","date_gmt":"2020-06-05T14:02:20","guid":{"rendered":"http:\/\/uniremunicipios.com.ar\/manual\/?page_id=1739"},"modified":"2024-11-11T09:23:38","modified_gmt":"2024-11-11T12:23:38","slug":"crear-nota-de-credito","status":"publish","type":"page","link":"https:\/\/uniremunicipios.com.ar\/manual\/?page_id=1739","title":{"rendered":"Crear Nota de Credito"},"content":{"rendered":"<p>&nbsp;<\/p>\n<p>M\u00f3dulo: <strong>IMPUESTOS GENERAL<\/strong><\/p>\n<p>Ejemplo para cuenta de Tasa General de Inmuebles.<\/p>\n<ul>\n<li>Buscar el inmueble deseado<\/li>\n<li>Click en Bot\u00f3n TB<\/li>\n<li>Elegir el tributo y click en Recibos por Tributo<\/li>\n<\/ul>\n<p><img loading=\"lazy\" decoding=\"async\" width=\"317\" height=\"115\" class=\"alignnone wp-image-1740 size-full\" src=\"http:\/\/uniremunicipios.com.ar\/manual\/wp-content\/uploads\/2020\/06\/Pasted-into-Crear-Nota-de-Credito.png\" srcset=\"https:\/\/uniremunicipios.com.ar\/manual\/wp-content\/uploads\/2020\/06\/Pasted-into-Crear-Nota-de-Credito.png 317w, https:\/\/uniremunicipios.com.ar\/manual\/wp-content\/uploads\/2020\/06\/Pasted-into-Crear-Nota-de-Credito-300x109.png 300w\" sizes=\"auto, (max-width: 317px) 100vw, 317px\" \/><\/p>\n<ul>\n<li>En la pr\u00f3xima pantalla click en AGREGAR<\/li>\n<li>Se completan los datos del recibo.<\/li>\n<li>En Referencia escribir NOTA DE CREDITO y el motivo.<\/li>\n<li>Ingresar un cargo y en la Cantidad darle el valor: -1 (menos uno)<\/li>\n<\/ul>\n<p><img loading=\"lazy\" decoding=\"async\" width=\"649\" height=\"526\" class=\"alignnone wp-image-1742 size-full\" src=\"http:\/\/uniremunicipios.com.ar\/manual\/wp-content\/uploads\/2020\/06\/Pasted-into-Crear-Nota-de-Credito-2.png\" srcset=\"https:\/\/uniremunicipios.com.ar\/manual\/wp-content\/uploads\/2020\/06\/Pasted-into-Crear-Nota-de-Credito-2.png 649w, https:\/\/uniremunicipios.com.ar\/manual\/wp-content\/uploads\/2020\/06\/Pasted-into-Crear-Nota-de-Credito-2-300x243.png 300w\" sizes=\"auto, (max-width: 649px) 100vw, 649px\" \/><\/p>\n<p><strong>Para que sea utilizada hay que incorporarla en una liquidaci\u00f3n de pago o en un convenio.<\/strong><\/p>\n<p>&nbsp;<\/p>\n","protected":false},"excerpt":{"rendered":"<p>&nbsp; M\u00f3dulo: IMPUESTOS GENERAL Ejemplo para cuenta de Tasa General de Inmuebles. Buscar el inmueble deseado Click en Bot\u00f3n TB Elegir el tributo y click en Recibos por Tributo En la pr\u00f3xima pantalla click en AGREGAR Se completan los datos del recibo. En Referencia escribir NOTA DE CREDITO y el motivo. Ingresar un cargo y [&hellip;]<\/p>\n","protected":false},"author":2,"featured_media":0,"parent":515,"menu_order":0,"comment_status":"closed","ping_status":"closed","template":"","meta":{"footnotes":""},"class_list":["post-1739","page","type-page","status-publish","hentry"],"_links":{"self":[{"href":"https:\/\/uniremunicipios.com.ar\/manual\/index.php?rest_route=\/wp\/v2\/pages\/1739","targetHints":{"allow":["GET"]}}],"collection":[{"href":"https:\/\/uniremunicipios.com.ar\/manual\/index.php?rest_route=\/wp\/v2\/pages"}],"about":[{"href":"https:\/\/uniremunicipios.com.ar\/manual\/index.php?rest_route=\/wp\/v2\/types\/page"}],"author":[{"embeddable":true,"href":"https:\/\/uniremunicipios.com.ar\/manual\/index.php?rest_route=\/wp\/v2\/users\/2"}],"replies":[{"embeddable":true,"href":"https:\/\/uniremunicipios.com.ar\/manual\/index.php?rest_route=%2Fwp%2Fv2%2Fcomments&post=1739"}],"version-history":[{"count":7,"href":"https:\/\/uniremunicipios.com.ar\/manual\/index.php?rest_route=\/wp\/v2\/pages\/1739\/revisions"}],"predecessor-version":[{"id":5311,"href":"https:\/\/uniremunicipios.com.ar\/manual\/index.php?rest_route=\/wp\/v2\/pages\/1739\/revisions\/5311"}],"up":[{"embeddable":true,"href":"https:\/\/uniremunicipios.com.ar\/manual\/index.php?rest_route=\/wp\/v2\/pages\/515"}],"wp:attachment":[{"href":"https:\/\/uniremunicipios.com.ar\/manual\/index.php?rest_route=%2Fwp%2Fv2%2Fmedia&parent=1739"}],"curies":[{"name":"wp","href":"https:\/\/api.w.org\/{rel}","templated":true}]}}