{"id":1745,"date":"2020-06-11T13:36:58","date_gmt":"2020-06-11T16:36:58","guid":{"rendered":"http:\/\/uniremunicipios.com.ar\/manual\/?page_id=1745"},"modified":"2025-01-20T13:36:06","modified_gmt":"2025-01-20T16:36:06","slug":"datos-adicionales-en-impuestos","status":"publish","type":"page","link":"https:\/\/uniremunicipios.com.ar\/manual\/?page_id=1745","title":{"rendered":"Datos adicionales en impuestos"},"content":{"rendered":"<p>M\u00f3dulo: <strong>UNIRE IMPUESTO GENERAL<\/strong><\/p>\n<p>Men\u00fa:<em> <strong>Impuestos\/Tablas\/Bienes imponibles<\/strong><\/em><\/p>\n<p>Seleccionar el bien imponible donde se desea crear el Dato Adicional y clic en el bot\u00f3n.<\/p>\n<p><img loading=\"lazy\" decoding=\"async\" width=\"213\" height=\"262\" class=\"alignnone wp-image-1746 size-full\" src=\"http:\/\/uniremunicipios.com.ar\/manual\/wp-content\/uploads\/2020\/06\/Pasted-into-Datos-adicionales-en-impuestos.png\" \/><\/p>\n<p>Clic en Agregar, nos presenta la siguiente pantalla:<\/p>\n<p><img loading=\"lazy\" decoding=\"async\" width=\"511\" height=\"278\" class=\"alignnone wp-image-1748 size-full\" src=\"http:\/\/uniremunicipios.com.ar\/manual\/wp-content\/uploads\/2020\/06\/Pasted-into-Datos-adicionales-en-impuestos-2.png\" srcset=\"https:\/\/uniremunicipios.com.ar\/manual\/wp-content\/uploads\/2020\/06\/Pasted-into-Datos-adicionales-en-impuestos-2.png 511w, https:\/\/uniremunicipios.com.ar\/manual\/wp-content\/uploads\/2020\/06\/Pasted-into-Datos-adicionales-en-impuestos-2-300x163.png 300w\" sizes=\"auto, (max-width: 511px) 100vw, 511px\" \/><\/p>\n<p>Los datos cargados son de ejemplo.<\/p>\n<h3>Carga de los datos<\/h3>\n<p>Para cargar los datos debemos entrar a la ventana del bien imponible, por ejemplo Inmuebles Cementerio, seleccionar el inmueble deseado, presionar el bot\u00f3n TB y clic en:<\/p>\n<p><img loading=\"lazy\" decoding=\"async\" class=\"wp-image-5221 alignnone size-medium\" src=\"http:\/\/uniremunicipios.com.ar\/manual\/wp-content\/uploads\/2024\/10\/image-177.png\" alt=\"\" width=\"300\" height=\"254\" srcset=\"https:\/\/uniremunicipios.com.ar\/manual\/wp-content\/uploads\/2024\/10\/image-177.png 332w, https:\/\/uniremunicipios.com.ar\/manual\/wp-content\/uploads\/2024\/10\/image-177-300x254.png 300w\" sizes=\"auto, (max-width: 300px) 100vw, 300px\" \/><\/p>\n<p>Nos aparece el listado de datos adicionales y podemos modificar sus valores si tenemos los permisos para tal fin.<\/p>\n<p>Si cuentan con un listado excel con N\u00ba de Partida y el dato adicional correspondiente pueden consultar con el personal de Unire para que realice la migraci\u00f3n de los datos en forma masiva, en el caso de que sea una gran cantidad de informaci\u00f3n.<\/p>\n<h3>Uso del dato adicional<\/h3>\n<p>Los datos adicionales nos sirven para agregar alg\u00fan tipo de informaci\u00f3n que necesitamos para un bien imponible y que no est\u00e9 contemplado en el sistema.<\/p>\n<p>Estos datos se podr\u00e1n usar en las f\u00f3rmulas para el c\u00e1lculo de los diferentes impuestos del bien imponible asociado.<\/p>\n<p>Para consultar qu\u00e9 variable hace referencia a ese dato adicional, al editar la f\u00f3rmula, haga clic en el bot\u00f3n <img loading=\"lazy\" decoding=\"async\" width=\"29\" height=\"24\" class=\"alignnone wp-image-1751 size-full\" src=\"http:\/\/uniremunicipios.com.ar\/manual\/wp-content\/uploads\/2020\/06\/Pasted-into-Datos-adicionales-en-impuestos-4.png\" \/><\/p>\n<p><img loading=\"lazy\" decoding=\"async\" width=\"212\" height=\"252\" class=\"alignnone wp-image-1752 size-full\" src=\"http:\/\/uniremunicipios.com.ar\/manual\/wp-content\/uploads\/2020\/06\/Pasted-into-Datos-adicionales-en-impuestos-5.png\" \/><\/p>\n<p>As\u00ed que en nuestra f\u00f3rmula para cantidad podr\u00eda ser:<\/p>\n<p>IF( VA[220][8] = 1; 0; 1 )<\/p>\n<p>Con lo cual le decimos que si el DATO ADICIONAL es igual a 1, la cantidad ser\u00e1 cero y sino uno.<\/p>\n<p>&nbsp;<\/p>\n","protected":false},"excerpt":{"rendered":"<p>M\u00f3dulo: UNIRE IMPUESTO GENERAL Men\u00fa: Impuestos\/Tablas\/Bienes imponibles Seleccionar el bien imponible donde se desea crear el Dato Adicional y clic en el bot\u00f3n. Clic en Agregar, nos presenta la siguiente pantalla: Los datos cargados son de ejemplo. Carga de los datos Para cargar los datos debemos entrar a la ventana del bien imponible, por ejemplo [&hellip;]<\/p>\n","protected":false},"author":2,"featured_media":0,"parent":515,"menu_order":0,"comment_status":"closed","ping_status":"closed","template":"","meta":{"footnotes":""},"class_list":["post-1745","page","type-page","status-publish","hentry"],"_links":{"self":[{"href":"https:\/\/uniremunicipios.com.ar\/manual\/index.php?rest_route=\/wp\/v2\/pages\/1745","targetHints":{"allow":["GET"]}}],"collection":[{"href":"https:\/\/uniremunicipios.com.ar\/manual\/index.php?rest_route=\/wp\/v2\/pages"}],"about":[{"href":"https:\/\/uniremunicipios.com.ar\/manual\/index.php?rest_route=\/wp\/v2\/types\/page"}],"author":[{"embeddable":true,"href":"https:\/\/uniremunicipios.com.ar\/manual\/index.php?rest_route=\/wp\/v2\/users\/2"}],"replies":[{"embeddable":true,"href":"https:\/\/uniremunicipios.com.ar\/manual\/index.php?rest_route=%2Fwp%2Fv2%2Fcomments&post=1745"}],"version-history":[{"count":7,"href":"https:\/\/uniremunicipios.com.ar\/manual\/index.php?rest_route=\/wp\/v2\/pages\/1745\/revisions"}],"predecessor-version":[{"id":5870,"href":"https:\/\/uniremunicipios.com.ar\/manual\/index.php?rest_route=\/wp\/v2\/pages\/1745\/revisions\/5870"}],"up":[{"embeddable":true,"href":"https:\/\/uniremunicipios.com.ar\/manual\/index.php?rest_route=\/wp\/v2\/pages\/515"}],"wp:attachment":[{"href":"https:\/\/uniremunicipios.com.ar\/manual\/index.php?rest_route=%2Fwp%2Fv2%2Fmedia&parent=1745"}],"curies":[{"name":"wp","href":"https:\/\/api.w.org\/{rel}","templated":true}]}}