{"id":1786,"date":"2020-06-29T08:52:58","date_gmt":"2020-06-29T11:52:58","guid":{"rendered":"http:\/\/uniremunicipios.com.ar\/manual\/?page_id=1786"},"modified":"2020-07-23T09:55:18","modified_gmt":"2020-07-23T12:55:18","slug":"error-al-importar-pago-banelco","status":"publish","type":"page","link":"https:\/\/uniremunicipios.com.ar\/manual\/?page_id=1786","title":{"rendered":"Error al importar pago Banelco"},"content":{"rendered":"<p>Cuando un archivo de BANELCO \/ PAGO MIS CUENTAS es procesado y se encuentran errores, el sistema UNIRE crea tres archivos:<\/p>\n<p><img loading=\"lazy\" decoding=\"async\" width=\"205\" height=\"70\" class=\"alignnone wp-image-1825 size-full\" src=\"http:\/\/uniremunicipios.com.ar\/manual\/wp-content\/uploads\/2020\/07\/Pasted-into-Error-al-importar-pago-Banelco-1.png\" \/><\/p>\n<ul>\n<li>El archivo BIEN, que contiene todos los recibos que ya pueden ser importados;<\/li>\n<li>El archivo ERRORES, que contiene todos los recibos con alg\u00fan problema.<\/li>\n<li>El archivo ORIGINAL, es una copia del original que se proces\u00f3.<\/li>\n<\/ul>\n<p>Para analizar los errores<\/p>\n<ul>\n<li>Abrir el archivo con el Bloc de Notas o programa similar.<\/li>\n<li>Desde la posici\u00f3n 23 a la 38 encontraremos el ID del recibo de Unire. Por ejemplo:\u00a0 2281900101094040<\/li>\n<li>A dicho N\u00ba debemos quitarle 4 n\u00fameros, los que est\u00e1n en la posici\u00f3n 7 a 10 y as\u00ed el N\u00ba final ser\u00eda: 228190094040<\/li>\n<li>Pruebe ingresar manualmente este recibo, si sigue dando error:<\/li>\n<li>Abrir UNIRE IMPUESTO GENERAL<\/li>\n<li>Men\u00fa: Impuestos \/ Buscar recibos por ID<\/li>\n<li>Escribe o pega el N\u00ba obtenido y nos mostrar\u00e1 el recibo que nos est\u00e1 dando problemas.<\/li>\n<li>Otro dato que podemos corroborar es el importe que se encuentra en la posici\u00f3n 58 a 68. Los \u00faltimos 2 n\u00fameros son los decimales: Por ejemplo: 000000041407 = 414,07<\/li>\n<\/ul>\n<p>Si al importar nos aparece una ventana informando de diferencias en algunos recibos como el ejemplo siguiente:<\/p>\n<p><img loading=\"lazy\" decoding=\"async\" width=\"765\" height=\"93\" class=\"alignnone wp-image-1822 size-full\" src=\"http:\/\/uniremunicipios.com.ar\/manual\/wp-content\/uploads\/2020\/07\/Pasted-into-Error-al-importar-pago-Banelco.png\" srcset=\"https:\/\/uniremunicipios.com.ar\/manual\/wp-content\/uploads\/2020\/07\/Pasted-into-Error-al-importar-pago-Banelco.png 765w, https:\/\/uniremunicipios.com.ar\/manual\/wp-content\/uploads\/2020\/07\/Pasted-into-Error-al-importar-pago-Banelco-300x36.png 300w\" sizes=\"auto, (max-width: 765px) 100vw, 765px\" \/><\/p>\n<ul>\n<li>Copiar este informe y pegarlo en el archivo de ERRORES que generar\u00e1 el sistema.<\/li>\n<li>En el ejemplo el archivo ERRORES tiene el nombre de 01_07_2020_ERRORES.ERR<\/li>\n<li>Luego importar el archivo<\/li>\n<li>Luego intentar cargar manualmente adicionando cada uno de los ID que fueron copiados.<\/li>\n<li>Si no deja importar el recibo de la forma anterior, buscar el recibo a trav\u00e9s del ID en el m\u00f3dulo IMPUESTOS GENERAL, men\u00fa: Impuestos \/ Buscar recibos por ID y podr\u00e1 verificar el estado de este recibo: puede ser que est\u00e9 pagado, o anulado, o tomado por alg\u00fan convenio, etc.<\/li>\n<li>Si ya estuviera pagado adicionar el recibo en la pesta\u00f1a de Recibos Cobros Duplicados.<\/li>\n<\/ul>\n<p>&nbsp;<\/p>\n","protected":false},"excerpt":{"rendered":"<p>Cuando un archivo de BANELCO \/ PAGO MIS CUENTAS es procesado y se encuentran errores, el sistema UNIRE crea tres archivos: El archivo BIEN, que contiene todos los recibos que ya pueden ser importados; El archivo ERRORES, que contiene todos los recibos con alg\u00fan problema. El archivo ORIGINAL, es una copia del original que se [&hellip;]<\/p>\n","protected":false},"author":2,"featured_media":0,"parent":194,"menu_order":0,"comment_status":"closed","ping_status":"closed","template":"","meta":{"footnotes":""},"class_list":["post-1786","page","type-page","status-publish","hentry"],"_links":{"self":[{"href":"https:\/\/uniremunicipios.com.ar\/manual\/index.php?rest_route=\/wp\/v2\/pages\/1786","targetHints":{"allow":["GET"]}}],"collection":[{"href":"https:\/\/uniremunicipios.com.ar\/manual\/index.php?rest_route=\/wp\/v2\/pages"}],"about":[{"href":"https:\/\/uniremunicipios.com.ar\/manual\/index.php?rest_route=\/wp\/v2\/types\/page"}],"author":[{"embeddable":true,"href":"https:\/\/uniremunicipios.com.ar\/manual\/index.php?rest_route=\/wp\/v2\/users\/2"}],"replies":[{"embeddable":true,"href":"https:\/\/uniremunicipios.com.ar\/manual\/index.php?rest_route=%2Fwp%2Fv2%2Fcomments&post=1786"}],"version-history":[{"count":4,"href":"https:\/\/uniremunicipios.com.ar\/manual\/index.php?rest_route=\/wp\/v2\/pages\/1786\/revisions"}],"predecessor-version":[{"id":1826,"href":"https:\/\/uniremunicipios.com.ar\/manual\/index.php?rest_route=\/wp\/v2\/pages\/1786\/revisions\/1826"}],"up":[{"embeddable":true,"href":"https:\/\/uniremunicipios.com.ar\/manual\/index.php?rest_route=\/wp\/v2\/pages\/194"}],"wp:attachment":[{"href":"https:\/\/uniremunicipios.com.ar\/manual\/index.php?rest_route=%2Fwp%2Fv2%2Fmedia&parent=1786"}],"curies":[{"name":"wp","href":"https:\/\/api.w.org\/{rel}","templated":true}]}}