{"id":180,"date":"2019-05-31T14:58:23","date_gmt":"2019-05-31T17:58:23","guid":{"rendered":"http:\/\/uniremunicipios.com.ar\/manual\/?page_id=180"},"modified":"2019-05-31T14:58:23","modified_gmt":"2019-05-31T17:58:23","slug":"conceptos","status":"publish","type":"page","link":"https:\/\/uniremunicipios.com.ar\/manual\/?page_id=180","title":{"rendered":"Conceptos"},"content":{"rendered":"<p><strong><u>INTERNET<\/u><\/strong><\/p>\n<p>La p\u00e1gina de internet de UNIRE se muestra de la siguiente manera:<\/p>\n<p>En el primer men\u00fa, COMERCIOS, se puede encontrar:<\/p>\n<p>&nbsp;<\/p>\n<p><strong>COMERCIO<\/strong><\/p>\n<p>Ingresar nro. de CUIT o nro. de cuenta. La contrase\u00f1a podr\u00e1 solicitarla en el Municipio. Puede contener n\u00fameros y letras, y no debe superar los 8 d\u00edgitos.<\/p>\n<p>&nbsp;<\/p>\n<p><strong>DECLARACION JURADA MENSUAL<\/strong><\/p>\n<p>Disponibles \u00fanicamente las pendiente de declarar.<\/p>\n<p>&nbsp;<\/p>\n<p><strong>RECTIFICATIVAS IMPAGAS<\/strong><\/p>\n<p>\u00danicamente para rectificar\/modificar lo declarado en la DDJJ y no pagado.<\/p>\n<p>&nbsp;<\/p>\n<p><strong>DECLARACION JURADA ANUAL<\/strong><\/p>\n<p>Se puede ir completando parcialmente y modificar hasta el momento de ser presentada<\/p>\n<p>&nbsp;<\/p>\n<p><strong>REIMPRESION DE RECIBO<\/strong><\/p>\n<p>Todo recibo no pago se puede reimprimir sin necesidad de realizar Rectificativa Impaga.<\/p>\n<p>&nbsp;<\/p>\n<p><strong>ESTADO DE CUENTA<\/strong><\/p>\n<p>&nbsp;<\/p>\n<p><strong>CAMBIO DE CONTRASE\u00d1A<\/strong><\/p>\n<p>Se puede cambiar siempre que lo necesite. Si olvid\u00f3 su contrase\u00f1a solic\u00edtela en el Municipio. Letras y n\u00fameros hasta 8 d\u00edgitos.<\/p>\n","protected":false},"excerpt":{"rendered":"<p>INTERNET La p\u00e1gina de internet de UNIRE se muestra de la siguiente manera: En el primer men\u00fa, COMERCIOS, se puede encontrar: &nbsp; COMERCIO Ingresar nro. de CUIT o nro. de cuenta. La contrase\u00f1a podr\u00e1 solicitarla en el Municipio. Puede contener n\u00fameros y letras, y no debe superar los 8 d\u00edgitos. &nbsp; DECLARACION JURADA MENSUAL Disponibles [&hellip;]<\/p>\n","protected":false},"author":4,"featured_media":0,"parent":177,"menu_order":0,"comment_status":"closed","ping_status":"closed","template":"","meta":{"footnotes":""},"class_list":["post-180","page","type-page","status-publish","hentry"],"_links":{"self":[{"href":"https:\/\/uniremunicipios.com.ar\/manual\/index.php?rest_route=\/wp\/v2\/pages\/180","targetHints":{"allow":["GET"]}}],"collection":[{"href":"https:\/\/uniremunicipios.com.ar\/manual\/index.php?rest_route=\/wp\/v2\/pages"}],"about":[{"href":"https:\/\/uniremunicipios.com.ar\/manual\/index.php?rest_route=\/wp\/v2\/types\/page"}],"author":[{"embeddable":true,"href":"https:\/\/uniremunicipios.com.ar\/manual\/index.php?rest_route=\/wp\/v2\/users\/4"}],"replies":[{"embeddable":true,"href":"https:\/\/uniremunicipios.com.ar\/manual\/index.php?rest_route=%2Fwp%2Fv2%2Fcomments&post=180"}],"version-history":[{"count":1,"href":"https:\/\/uniremunicipios.com.ar\/manual\/index.php?rest_route=\/wp\/v2\/pages\/180\/revisions"}],"predecessor-version":[{"id":181,"href":"https:\/\/uniremunicipios.com.ar\/manual\/index.php?rest_route=\/wp\/v2\/pages\/180\/revisions\/181"}],"up":[{"embeddable":true,"href":"https:\/\/uniremunicipios.com.ar\/manual\/index.php?rest_route=\/wp\/v2\/pages\/177"}],"wp:attachment":[{"href":"https:\/\/uniremunicipios.com.ar\/manual\/index.php?rest_route=%2Fwp%2Fv2%2Fmedia&parent=180"}],"curies":[{"name":"wp","href":"https:\/\/api.w.org\/{rel}","templated":true}]}}