{"id":1813,"date":"2020-07-01T10:47:49","date_gmt":"2020-07-01T13:47:49","guid":{"rendered":"http:\/\/uniremunicipios.com.ar\/manual\/?page_id=1813"},"modified":"2020-07-01T18:09:41","modified_gmt":"2020-07-01T21:09:41","slug":"errores-al-importar-archivos-del-caixa","status":"publish","type":"page","link":"https:\/\/uniremunicipios.com.ar\/manual\/?page_id=1813","title":{"rendered":"Errores al importar archivos del CAIXA"},"content":{"rendered":"<p>Cuando un archivo generado con el sistema CAIXA, que normalmente lo utilizan las mutuales, es procesado y se encuentran errores, el sistema UNIRE genera 3 archivos utilizando el mismo nombre del original. Como est\u00e1 en el siguiente ejemplo:<\/p>\n<p><img loading=\"lazy\" decoding=\"async\" width=\"320\" height=\"64\" class=\"alignnone wp-image-1814 size-full\" src=\"http:\/\/uniremunicipios.com.ar\/manual\/wp-content\/uploads\/2020\/07\/Pasted-into-Errores-al-importar-archivos-del-CAIXA.png\" srcset=\"https:\/\/uniremunicipios.com.ar\/manual\/wp-content\/uploads\/2020\/07\/Pasted-into-Errores-al-importar-archivos-del-CAIXA.png 320w, https:\/\/uniremunicipios.com.ar\/manual\/wp-content\/uploads\/2020\/07\/Pasted-into-Errores-al-importar-archivos-del-CAIXA-300x60.png 300w\" sizes=\"auto, (max-width: 320px) 100vw, 320px\" \/><\/p>\n<ul>\n<li>El archivo BIEN ya puede ser importado a bancos;<\/li>\n<li>El archivo ERRORES contiene los registros que dieron alg\u00fan problema. Debemos abrirlo con el Bloc de Notas y nos mostrar\u00e1 algo similar a lo siguiente:<\/li>\n<li>El archivo ORIGINAL guarda una copia de c\u00f3mo era originalmente.<\/li>\n<\/ul>\n<p>El c\u00f3digo del recibo se compone de la siguiente forma:<\/p>\n<ul>\n<li>6 d\u00edgitos<\/li>\n<li>4 d\u00edgitos (que se descartan, en el ejemplo es el 0001, puede variar)<\/li>\n<li>6 d\u00edgitos (normalmente termina en 040)<\/li>\n<\/ul>\n<p><img loading=\"lazy\" decoding=\"async\" width=\"702\" height=\"28\" class=\"alignnone wp-image-1819 size-full\" src=\"http:\/\/uniremunicipios.com.ar\/manual\/wp-content\/uploads\/2020\/07\/Pasted-into-Errores-al-importar-archivos-del-CAIXA-3.png\" srcset=\"https:\/\/uniremunicipios.com.ar\/manual\/wp-content\/uploads\/2020\/07\/Pasted-into-Errores-al-importar-archivos-del-CAIXA-3.png 702w, https:\/\/uniremunicipios.com.ar\/manual\/wp-content\/uploads\/2020\/07\/Pasted-into-Errores-al-importar-archivos-del-CAIXA-3-300x12.png 300w\" sizes=\"auto, (max-width: 702px) 100vw, 702px\" \/><\/p>\n<p><img loading=\"lazy\" decoding=\"async\" width=\"652\" height=\"49\" class=\"alignnone wp-image-1820 size-full\" src=\"http:\/\/uniremunicipios.com.ar\/manual\/wp-content\/uploads\/2020\/07\/Pasted-into-Errores-al-importar-archivos-del-CAIXA-4.png\" srcset=\"https:\/\/uniremunicipios.com.ar\/manual\/wp-content\/uploads\/2020\/07\/Pasted-into-Errores-al-importar-archivos-del-CAIXA-4.png 652w, https:\/\/uniremunicipios.com.ar\/manual\/wp-content\/uploads\/2020\/07\/Pasted-into-Errores-al-importar-archivos-del-CAIXA-4-300x23.png 300w\" sizes=\"auto, (max-width: 652px) 100vw, 652px\" \/><\/p>\n<p>Para extraer el c\u00f3digo del recibo buscamos la terminaci\u00f3n 040. En el ejemplo anterior tiene 044044 (Tendr\u00eda que ser 044040), fue un error de lectura del c\u00f3digo de barras o el c\u00f3digo de barras fue impreso en una impresora no muy buena o con poco toner y caus\u00f3 que leyera mal el n\u00famero.<\/p>\n<p>As\u00ed que en nuestrao ejemplo obtenemos el c\u00f3digo:<\/p>\n<p>127113 0001 044044<\/p>\n<p>Descartamos el 0001\u00a0 y nos queda <strong>127113 044044<\/strong><\/p>\n<ul>\n<li>Pruebe ingresar manualmente este recibo, si sigue dando error:<\/li>\n<li>Abrir UNIRE IMPUESTO GENERAL<\/li>\n<li>Men\u00fa: Impuestos \/ Buscar recibos por ID<\/li>\n<li>Escribe o pega el N\u00ba obtenido y nos mostrar\u00e1 el recibo que nos est\u00e1 dando problemas.<\/li>\n<li>Si el recibo no existe, y en este caso fue as\u00ed, pruebe cambiar la terminaci\u00f3n a y le queda el N\u00ba 127113 044040.<\/li>\n<li>Si lo encuentra coteje el importe cobrado, que en nuestro ejemplo es el N\u00ba a continuaci\u00f3n de la fecha de cobro, $ 1048,00.<\/li>\n<li>Si el recibo ya est\u00e1 pagado puede ingresarlo en la pesta\u00f1a de Recibos cobros duplicados.<\/li>\n<li><img loading=\"lazy\" decoding=\"async\" width=\"835\" height=\"360\" class=\"alignnone wp-image-1816 size-full\" src=\"http:\/\/uniremunicipios.com.ar\/manual\/wp-content\/uploads\/2020\/07\/Pasted-into-Errores-al-importar-archivos-del-CAIXA-2.png\" srcset=\"https:\/\/uniremunicipios.com.ar\/manual\/wp-content\/uploads\/2020\/07\/Pasted-into-Errores-al-importar-archivos-del-CAIXA-2.png 835w, https:\/\/uniremunicipios.com.ar\/manual\/wp-content\/uploads\/2020\/07\/Pasted-into-Errores-al-importar-archivos-del-CAIXA-2-300x129.png 300w, https:\/\/uniremunicipios.com.ar\/manual\/wp-content\/uploads\/2020\/07\/Pasted-into-Errores-al-importar-archivos-del-CAIXA-2-768x331.png 768w\" sizes=\"auto, (max-width: 835px) 100vw, 835px\" \/><\/li>\n<\/ul>\n<p>&nbsp;<\/p>\n","protected":false},"excerpt":{"rendered":"<p>Cuando un archivo generado con el sistema CAIXA, que normalmente lo utilizan las mutuales, es procesado y se encuentran errores, el sistema UNIRE genera 3 archivos utilizando el mismo nombre del original. Como est\u00e1 en el siguiente ejemplo: El archivo BIEN ya puede ser importado a bancos; El archivo ERRORES contiene los registros que dieron [&hellip;]<\/p>\n","protected":false},"author":2,"featured_media":0,"parent":194,"menu_order":0,"comment_status":"closed","ping_status":"closed","template":"","meta":{"footnotes":""},"class_list":["post-1813","page","type-page","status-publish","hentry"],"_links":{"self":[{"href":"https:\/\/uniremunicipios.com.ar\/manual\/index.php?rest_route=\/wp\/v2\/pages\/1813","targetHints":{"allow":["GET"]}}],"collection":[{"href":"https:\/\/uniremunicipios.com.ar\/manual\/index.php?rest_route=\/wp\/v2\/pages"}],"about":[{"href":"https:\/\/uniremunicipios.com.ar\/manual\/index.php?rest_route=\/wp\/v2\/types\/page"}],"author":[{"embeddable":true,"href":"https:\/\/uniremunicipios.com.ar\/manual\/index.php?rest_route=\/wp\/v2\/users\/2"}],"replies":[{"embeddable":true,"href":"https:\/\/uniremunicipios.com.ar\/manual\/index.php?rest_route=%2Fwp%2Fv2%2Fcomments&post=1813"}],"version-history":[{"count":3,"href":"https:\/\/uniremunicipios.com.ar\/manual\/index.php?rest_route=\/wp\/v2\/pages\/1813\/revisions"}],"predecessor-version":[{"id":1821,"href":"https:\/\/uniremunicipios.com.ar\/manual\/index.php?rest_route=\/wp\/v2\/pages\/1813\/revisions\/1821"}],"up":[{"embeddable":true,"href":"https:\/\/uniremunicipios.com.ar\/manual\/index.php?rest_route=\/wp\/v2\/pages\/194"}],"wp:attachment":[{"href":"https:\/\/uniremunicipios.com.ar\/manual\/index.php?rest_route=%2Fwp%2Fv2%2Fmedia&parent=1813"}],"curies":[{"name":"wp","href":"https:\/\/api.w.org\/{rel}","templated":true}]}}