{"id":1827,"date":"2020-07-02T09:25:05","date_gmt":"2020-07-02T12:25:05","guid":{"rendered":"http:\/\/uniremunicipios.com.ar\/manual\/?page_id=1827"},"modified":"2025-01-22T09:24:39","modified_gmt":"2025-01-22T12:24:39","slug":"prescripciones","status":"publish","type":"page","link":"https:\/\/uniremunicipios.com.ar\/manual\/?page_id=1827","title":{"rendered":"Prescripciones"},"content":{"rendered":"<p class=\"rvps12\"><span class=\"rvts139\">Los municipios toman distintas decisiones con respecto a las <span class=\"highlight\">prescripcion<\/span>es. Est\u00e1n los que s\u00f3lo las ejecutan por solicitud del contribuyente, otros luego de varios per\u00edodos ya \u201cte\u00f3ricamente prescriptos\u201d y luego de la aprobaci\u00f3n del concejo o comisi\u00f3n, y los que poseen la modalidad directa de prescribir en los plazos estipulados.<\/span><\/p>\n<p class=\"rvps12\"><span class=\"rvts139\">La prescripci\u00f3n puede ser individual o grupal<\/span><\/p>\n<h2 class=\"rvps12\"><span class=\"rvts181\">Prescripci\u00f3n Individual<\/span><\/h2>\n<p class=\"rvps12\"><span class=\"rvts139\">Ubicarse en la cuenta o partida correspondiente del contribuyente<\/span><\/p>\n<p>Click en\u00a0 <img loading=\"lazy\" decoding=\"async\" width=\"45\" height=\"48\" class=\"alignnone wp-image-1828 size-full\" src=\"http:\/\/uniremunicipios.com.ar\/manual\/wp-content\/uploads\/2020\/07\/Pasted-into-Prescripciones.png\" \/><\/p>\n<p>Click en<\/p>\n<p><img loading=\"lazy\" decoding=\"async\" class=\"wp-image-4733 alignnone size-medium\" src=\"http:\/\/uniremunicipios.com.ar\/manual\/wp-content\/uploads\/2024\/09\/image-109.png\" alt=\"\" width=\"294\" height=\"280\" \/><\/p>\n<p class=\"rvps12\"><span class=\"rvts139\">Nos aparece una pantalla que debe tener el bot\u00f3n AGREGAR. Si no est\u00e1 el bot\u00f3n debe solicitar se le active el permiso.<br \/>\n<\/span><\/p>\n<p class=\"rvps12\"><span class=\"rvts139\">Click en AGREGAR y el sistema solicita los per\u00edodos.<br \/>\n<\/span><\/p>\n<p><img loading=\"lazy\" decoding=\"async\" class=\"wp-image-5909 alignnone size-medium\" src=\"http:\/\/uniremunicipios.com.ar\/manual\/wp-content\/uploads\/2025\/01\/image-50.png\" alt=\"\" width=\"300\" height=\"187\" srcset=\"https:\/\/uniremunicipios.com.ar\/manual\/wp-content\/uploads\/2025\/01\/image-50.png 369w, https:\/\/uniremunicipios.com.ar\/manual\/wp-content\/uploads\/2025\/01\/image-50-300x187.png 300w\" sizes=\"auto, (max-width: 300px) 100vw, 300px\" \/><\/p>\n<p>Y nos muestra lo siguiente<\/p>\n<p><img loading=\"lazy\" decoding=\"async\" class=\"wp-image-5910 alignnone \" src=\"http:\/\/uniremunicipios.com.ar\/manual\/wp-content\/uploads\/2025\/01\/image-51.png\" alt=\"\" width=\"589\" height=\"461\" srcset=\"https:\/\/uniremunicipios.com.ar\/manual\/wp-content\/uploads\/2025\/01\/image-51.png 819w, https:\/\/uniremunicipios.com.ar\/manual\/wp-content\/uploads\/2025\/01\/image-51-300x235.png 300w, https:\/\/uniremunicipios.com.ar\/manual\/wp-content\/uploads\/2025\/01\/image-51-768x602.png 768w\" sizes=\"auto, (max-width: 589px) 100vw, 589px\" \/><\/p>\n<p class=\"rvps12\"><span class=\"rvts139\">Clic en Imprime o en OK para terminar.<\/span><\/p>\n<p class=\"rvps12\"><span class=\"rvts139\">Si desea imprimir y no se imprime nada, debe solicitar se agregue el reporte a Unire.<\/span><\/p>\n<p class=\"rvps12\"><span class=\"rvts139\">Luego pasa el proceso a \u201cTERMINADO\u201d, quedando los recibos originales anulados por prescripci\u00f3n.<\/span><\/p>\n<h2 class=\"rvps12\"><span class=\"rvts139\">Prescripci\u00f3n <\/span><span class=\"rvts181\">Grupal<\/span><\/h2>\n<p class=\"rvps12\"><span class=\"rvts139\"> La prescripci\u00f3n de este tipo se maneja desde Intimaciones<\/span><\/p>\n<p>&nbsp;<\/p>\n<p class=\"rvps12\">\n","protected":false},"excerpt":{"rendered":"<p>Los municipios toman distintas decisiones con respecto a las prescripciones. Est\u00e1n los que s\u00f3lo las ejecutan por solicitud del contribuyente, otros luego de varios per\u00edodos ya \u201cte\u00f3ricamente prescriptos\u201d y luego de la aprobaci\u00f3n del concejo o comisi\u00f3n, y los que poseen la modalidad directa de prescribir en los plazos estipulados. La prescripci\u00f3n puede ser individual [&hellip;]<\/p>\n","protected":false},"author":2,"featured_media":0,"parent":515,"menu_order":0,"comment_status":"closed","ping_status":"closed","template":"","meta":{"footnotes":""},"class_list":["post-1827","page","type-page","status-publish","hentry"],"_links":{"self":[{"href":"https:\/\/uniremunicipios.com.ar\/manual\/index.php?rest_route=\/wp\/v2\/pages\/1827","targetHints":{"allow":["GET"]}}],"collection":[{"href":"https:\/\/uniremunicipios.com.ar\/manual\/index.php?rest_route=\/wp\/v2\/pages"}],"about":[{"href":"https:\/\/uniremunicipios.com.ar\/manual\/index.php?rest_route=\/wp\/v2\/types\/page"}],"author":[{"embeddable":true,"href":"https:\/\/uniremunicipios.com.ar\/manual\/index.php?rest_route=\/wp\/v2\/users\/2"}],"replies":[{"embeddable":true,"href":"https:\/\/uniremunicipios.com.ar\/manual\/index.php?rest_route=%2Fwp%2Fv2%2Fcomments&post=1827"}],"version-history":[{"count":9,"href":"https:\/\/uniremunicipios.com.ar\/manual\/index.php?rest_route=\/wp\/v2\/pages\/1827\/revisions"}],"predecessor-version":[{"id":5911,"href":"https:\/\/uniremunicipios.com.ar\/manual\/index.php?rest_route=\/wp\/v2\/pages\/1827\/revisions\/5911"}],"up":[{"embeddable":true,"href":"https:\/\/uniremunicipios.com.ar\/manual\/index.php?rest_route=\/wp\/v2\/pages\/515"}],"wp:attachment":[{"href":"https:\/\/uniremunicipios.com.ar\/manual\/index.php?rest_route=%2Fwp%2Fv2%2Fmedia&parent=1827"}],"curies":[{"name":"wp","href":"https:\/\/api.w.org\/{rel}","templated":true}]}}