{"id":1838,"date":"2020-07-03T15:52:17","date_gmt":"2020-07-03T18:52:17","guid":{"rendered":"http:\/\/uniremunicipios.com.ar\/manual\/?page_id=1838"},"modified":"2024-08-19T10:16:10","modified_gmt":"2024-08-19T13:16:10","slug":"caixa-configuracion","status":"publish","type":"page","link":"https:\/\/uniremunicipios.com.ar\/manual\/?page_id=1838","title":{"rendered":"CAIXA &#8211; instala y configura"},"content":{"rendered":"<h3>Instala<\/h3>\n<p>Descargue la \u00faltima versi\u00f3n del <strong>CAIXA<\/strong><\/p>\n<p><a href=\"https:\/\/www.uniremunicipios.com.ar\/app\/CAIXA.rar\" target=\"_blank\" rel=\"noopener\"><img loading=\"lazy\" decoding=\"async\" class=\"wp-image-4436 alignnone\" src=\"http:\/\/uniremunicipios.com.ar\/manual\/wp-content\/uploads\/2024\/08\/image-18.png\" alt=\"\" width=\"44\" height=\"44\" srcset=\"https:\/\/uniremunicipios.com.ar\/manual\/wp-content\/uploads\/2024\/08\/image-18.png 360w, https:\/\/uniremunicipios.com.ar\/manual\/wp-content\/uploads\/2024\/08\/image-18-300x300.png 300w, https:\/\/uniremunicipios.com.ar\/manual\/wp-content\/uploads\/2024\/08\/image-18-150x150.png 150w\" sizes=\"auto, (max-width: 44px) 100vw, 44px\" \/><\/a><\/p>\n<p>Descomprime el programa en el disco C:\\<\/p>\n<p>Te debe quedar C:\\CAIXA<\/p>\n<p>y dentro de la misma se deben visualizar las siguiente carpetas y archivos:<\/p>\n<p><img loading=\"lazy\" decoding=\"async\" class=\"wp-image-4437 alignnone \" src=\"http:\/\/uniremunicipios.com.ar\/manual\/wp-content\/uploads\/2024\/08\/image-19.png\" alt=\"\" width=\"299\" height=\"378\" srcset=\"https:\/\/uniremunicipios.com.ar\/manual\/wp-content\/uploads\/2024\/08\/image-19.png 307w, https:\/\/uniremunicipios.com.ar\/manual\/wp-content\/uploads\/2024\/08\/image-19-237x300.png 237w\" sizes=\"auto, (max-width: 299px) 100vw, 299px\" \/><\/p>\n<h3>Configura<\/h3>\n<p>El archivo C:\\CAIXA\\CAIXA.INI contiene la configuraci\u00f3n del sistema y de algunos datos que ayudar\u00e1n en la impresi\u00f3n del Ticket.<\/p>\n<p>[Generales]<br \/>\nNombre=Nombre Mutual\/Oficina<br \/>\nDireccion=direcci\u00f3n de la mutual<br \/>\nTelefono=nnnnn-nnnnnnnn<br \/>\nEnte=9877 (Este dato es muy importante, es el N\u00ba de Ente dado por el banco de Santa Fe, y act\u00faa como filtro para que no se puedan cobrar boletas de otros municipios). Lo puede conocer entrando a UNIRE CONFIG en el men\u00fa: Configuraciones\/Variables Generales\/Modificaci\u00f3n valores variables generales, en el c\u00f3digo N\u00ba 022.<\/p>\n<p><img loading=\"lazy\" decoding=\"async\" class=\"wp-image-4438 alignnone \" src=\"http:\/\/uniremunicipios.com.ar\/manual\/wp-content\/uploads\/2024\/08\/image-20.png\" alt=\"\" width=\"445\" height=\"172\" srcset=\"https:\/\/uniremunicipios.com.ar\/manual\/wp-content\/uploads\/2024\/08\/image-20.png 474w, https:\/\/uniremunicipios.com.ar\/manual\/wp-content\/uploads\/2024\/08\/image-20-300x116.png 300w\" sizes=\"auto, (max-width: 445px) 100vw, 445px\" \/><br \/>\nCaja=Caja N\u00ba 1 &#8211; Nombre del Operador<br \/>\nIngreso=N (Variable autom\u00e1tica, no tocar. Muestra si se sali\u00f3 del sistema correctamente o no. Si fue incorrecto har\u00e1 que el CAIXA se reindexe parar evitar problemas de inconsistencia de datos).<\/p>\n<p>[Archivo]<br \/>\nNombreArchivo=Mutual_xxx_Caja1_\u00a0 (Con el nombre que indiquemos se crear\u00e1n los archivos a enviar al municipio y se le agregar\u00e1 el N\u00ba de Caja enviado: Ejemplo: Mutual_xxx_Caja1_C1.txt)<br \/>\nUbicacion=C:\\caixa\\archivos\\ (Ubicaci\u00f3n de los archivos que se van a enviar al municipio)<\/p>\n<h3>Modelo de Ticket que emite<\/h3>\n<p><img loading=\"lazy\" decoding=\"async\" width=\"363\" height=\"426\" class=\"alignnone wp-image-3897 size-full\" src=\"http:\/\/uniremunicipios.com.ar\/manual\/wp-content\/uploads\/2022\/09\/Pasted-into-Caixa-configuracion.png\" srcset=\"https:\/\/uniremunicipios.com.ar\/manual\/wp-content\/uploads\/2022\/09\/Pasted-into-Caixa-configuracion.png 363w, https:\/\/uniremunicipios.com.ar\/manual\/wp-content\/uploads\/2022\/09\/Pasted-into-Caixa-configuracion-256x300.png 256w\" sizes=\"auto, (max-width: 363px) 100vw, 363px\" \/><\/p>\n<h3>Configuraci\u00f3n del e-mail de env\u00edo<\/h3>\n<p>Si se utiliza una cuenta de Gmail se deber\u00e1 completar la seguridad de dos pasos y obtener una contrase\u00f1a de aplicaci\u00f3n para que funcione correctamente.<\/p>\n<p>Correo=muni@rentas.com (esta es la direcci\u00f3n de correo a donde se env\u00eda el archivo para la municipalidad)<\/p>\n<h3>Cuenta de e-mail de la\u00a0 mutual o entidad cobradora<\/h3>\n<p>Server=smtp.gmail.com<br \/>\nCuentaEnvio=mutual@gmail.com<br \/>\nPassword=Unire-3080<br \/>\nPuerto=465<\/p>\n<p>[Ticket]<br \/>\nImprime=S\u00a0 \u00a0(S o N, imprime o no )<br \/>\nNombre=EPSON TM-T20II Receipt<br \/>\nFormato=1\u00a0 (Para diferentes formatos de impresi\u00f3n)<\/p>\n<p>[Recibo]<br \/>\nprefijo=xxx\u00a0 \u00a0(ver Variable 021 de Unire &#8211; Prefijo SAM)<br \/>\nEnteros=6\u00a0 \u00a0(ver Variable 429 de Unire &#8211;\u00a0 Cantidad de enteros en el c\u00f3digo SAM)<br \/>\nTributos=<\/p>\n<h3>Emitir recibos<\/h3>\n<p>Si quiere que CAIXA emita recibos impositivos del sistema UNIRE, debe copiar los archivos<\/p>\n<ul>\n<li>TTRIBUTO.*<\/li>\n<li>TCARGOS.*<\/li>\n<\/ul>\n<p>desde las bases de datos del sistema UNIRE (Solo administradores)<\/p>\n<p>El sistema respeta la configuraci\u00f3n del cargo trayendo el precio y dej\u00e1ndolo modificar si as\u00ed esta configurado en UNIRE.<br \/>\nCAIXA puede emitir recibos de mas de un tributo, se debe configurar en CAIXA.INI la variable tributos<br \/>\nEjemplo de varios tributos:<\/p>\n<ul>\n<li>tributos=; 32; 1<\/li>\n<\/ul>\n<p>Si emite solo de un tributo es suficiente<\/p>\n<ul>\n<li>tributos= 32<\/li>\n<\/ul>\n<p>El id del tributo se lo obtiene del sistema UNIRE.<\/p>\n","protected":false},"excerpt":{"rendered":"<p>Instala Descargue la \u00faltima versi\u00f3n del CAIXA Descomprime el programa en el disco C:\\ Te debe quedar C:\\CAIXA y dentro de la misma se deben visualizar las siguiente carpetas y archivos: Configura El archivo C:\\CAIXA\\CAIXA.INI contiene la configuraci\u00f3n del sistema y de algunos datos que ayudar\u00e1n en la impresi\u00f3n del Ticket. [Generales] Nombre=Nombre Mutual\/Oficina Direccion=direcci\u00f3n [&hellip;]<\/p>\n","protected":false},"author":2,"featured_media":0,"parent":1835,"menu_order":0,"comment_status":"closed","ping_status":"closed","template":"","meta":{"footnotes":""},"class_list":["post-1838","page","type-page","status-publish","hentry"],"_links":{"self":[{"href":"https:\/\/uniremunicipios.com.ar\/manual\/index.php?rest_route=\/wp\/v2\/pages\/1838","targetHints":{"allow":["GET"]}}],"collection":[{"href":"https:\/\/uniremunicipios.com.ar\/manual\/index.php?rest_route=\/wp\/v2\/pages"}],"about":[{"href":"https:\/\/uniremunicipios.com.ar\/manual\/index.php?rest_route=\/wp\/v2\/types\/page"}],"author":[{"embeddable":true,"href":"https:\/\/uniremunicipios.com.ar\/manual\/index.php?rest_route=\/wp\/v2\/users\/2"}],"replies":[{"embeddable":true,"href":"https:\/\/uniremunicipios.com.ar\/manual\/index.php?rest_route=%2Fwp%2Fv2%2Fcomments&post=1838"}],"version-history":[{"count":8,"href":"https:\/\/uniremunicipios.com.ar\/manual\/index.php?rest_route=\/wp\/v2\/pages\/1838\/revisions"}],"predecessor-version":[{"id":4442,"href":"https:\/\/uniremunicipios.com.ar\/manual\/index.php?rest_route=\/wp\/v2\/pages\/1838\/revisions\/4442"}],"up":[{"embeddable":true,"href":"https:\/\/uniremunicipios.com.ar\/manual\/index.php?rest_route=\/wp\/v2\/pages\/1835"}],"wp:attachment":[{"href":"https:\/\/uniremunicipios.com.ar\/manual\/index.php?rest_route=%2Fwp%2Fv2%2Fmedia&parent=1838"}],"curies":[{"name":"wp","href":"https:\/\/api.w.org\/{rel}","templated":true}]}}