{"id":184,"date":"2019-05-31T15:08:30","date_gmt":"2019-05-31T18:08:30","guid":{"rendered":"http:\/\/uniremunicipios.com.ar\/manual\/?page_id=184"},"modified":"2019-11-11T11:08:41","modified_gmt":"2019-11-11T14:08:41","slug":"analisis-de-visitas","status":"publish","type":"page","link":"https:\/\/uniremunicipios.com.ar\/manual\/?page_id=184","title":{"rendered":"Analisis de Visitas"},"content":{"rendered":"<p>Visitas<\/p>\n<p>El control de visitas es un factor importante para el trabajo organizado del \u00e1rea de Acci\u00f3n Social.<\/p>\n<p>El responsable de atender a los recurrentes puede a trav\u00e9s de este men\u00fa controlar el orden y cantidad de visitas que recibe de las distintas personas.<\/p>\n<p><img loading=\"lazy\" decoding=\"async\" width=\"272\" height=\"76\" class=\"wp-image-734 size-full aligncenter\" src=\"http:\/\/uniremunicipios.com.ar\/manual\/wp-content\/uploads\/2019\/09\/Pasted-into-An\u00e1lisis-de-Visitas-2.png\" \/><\/p>\n<p>Ingresando al men\u00fa VISITAS, se comienzan a registrar los datos de las personas que atender\u00e1n en el d\u00eda.<\/p>\n<p>La idea es, antes de seguir atendiendo a la persona, ver quien le recibi\u00f3 las consultas o los pedidos, para que en la medida de las posibilidades sea esta persona quien siempre lo atienda, para evitar la p\u00e9rdida de tiempo en explicaciones reiterativas sobre la misma problem\u00e1tica.<\/p>\n<p>&nbsp;<\/p>\n<h2>An\u00e1lisis de visitas<\/h2>\n<p>Muestra toda la informaci\u00f3n del recurrente y su grupo familiar que lo liga a la ayuda social que se le ha brindado. Es el men\u00fa por el que se ingresan las visitas o solicitudes de los recurrentes para la asistencia social.<\/p>\n<p><img loading=\"lazy\" decoding=\"async\" class=\"wp-image-731 aligncenter\" src=\"http:\/\/uniremunicipios.com.ar\/manual\/wp-content\/uploads\/2019\/09\/Pasted-into-An%C3%A1lisis-de-Visitas.png\" width=\"470\" height=\"124\" \/><\/p>\n<p><img loading=\"lazy\" decoding=\"async\" class=\"wp-image-732 aligncenter\" src=\"http:\/\/uniremunicipios.com.ar\/manual\/wp-content\/uploads\/2019\/09\/Pasted-into-An\u00e1lisis-de-Visitas-1.png\" width=\"461\" height=\"340\" srcset=\"https:\/\/uniremunicipios.com.ar\/manual\/wp-content\/uploads\/2019\/09\/Pasted-into-An\u00e1lisis-de-Visitas-1.png 688w, https:\/\/uniremunicipios.com.ar\/manual\/wp-content\/uploads\/2019\/09\/Pasted-into-An\u00e1lisis-de-Visitas-1-300x221.png 300w\" sizes=\"auto, (max-width: 461px) 100vw, 461px\" \/><\/p>\n<p>A su vez, si se posiciona sobre la persona correspondiente y presiona el bot\u00f3n derecho del mouse, se puede observar el historial de los recurrentes.<\/p>\n<p>Tambi\u00e9n se observar\u00e1n los datos del resto del grupo familiar y sus historiales.<\/p>\n<p>Cabe recordar que por lo general los datos utilizados en Acci\u00f3n Social son o deben ser confidenciales.<\/p>\n","protected":false},"excerpt":{"rendered":"<p>Visitas El control de visitas es un factor importante para el trabajo organizado del \u00e1rea de Acci\u00f3n Social. El responsable de atender a los recurrentes puede a trav\u00e9s de este men\u00fa controlar el orden y cantidad de visitas que recibe de las distintas personas. Ingresando al men\u00fa VISITAS, se comienzan a registrar los datos de [&hellip;]<\/p>\n","protected":false},"author":4,"featured_media":0,"parent":182,"menu_order":0,"comment_status":"closed","ping_status":"closed","template":"","meta":{"footnotes":""},"class_list":["post-184","page","type-page","status-publish","hentry"],"_links":{"self":[{"href":"https:\/\/uniremunicipios.com.ar\/manual\/index.php?rest_route=\/wp\/v2\/pages\/184","targetHints":{"allow":["GET"]}}],"collection":[{"href":"https:\/\/uniremunicipios.com.ar\/manual\/index.php?rest_route=\/wp\/v2\/pages"}],"about":[{"href":"https:\/\/uniremunicipios.com.ar\/manual\/index.php?rest_route=\/wp\/v2\/types\/page"}],"author":[{"embeddable":true,"href":"https:\/\/uniremunicipios.com.ar\/manual\/index.php?rest_route=\/wp\/v2\/users\/4"}],"replies":[{"embeddable":true,"href":"https:\/\/uniremunicipios.com.ar\/manual\/index.php?rest_route=%2Fwp%2Fv2%2Fcomments&post=184"}],"version-history":[{"count":9,"href":"https:\/\/uniremunicipios.com.ar\/manual\/index.php?rest_route=\/wp\/v2\/pages\/184\/revisions"}],"predecessor-version":[{"id":1255,"href":"https:\/\/uniremunicipios.com.ar\/manual\/index.php?rest_route=\/wp\/v2\/pages\/184\/revisions\/1255"}],"up":[{"embeddable":true,"href":"https:\/\/uniremunicipios.com.ar\/manual\/index.php?rest_route=\/wp\/v2\/pages\/182"}],"wp:attachment":[{"href":"https:\/\/uniremunicipios.com.ar\/manual\/index.php?rest_route=%2Fwp%2Fv2%2Fmedia&parent=184"}],"curies":[{"name":"wp","href":"https:\/\/api.w.org\/{rel}","templated":true}]}}