{"id":1851,"date":"2020-07-06T07:57:12","date_gmt":"2020-07-06T10:57:12","guid":{"rendered":"http:\/\/uniremunicipios.com.ar\/manual\/?page_id=1851"},"modified":"2022-09-27T17:08:50","modified_gmt":"2022-09-27T20:08:50","slug":"descripcion","status":"publish","type":"page","link":"https:\/\/uniremunicipios.com.ar\/manual\/?page_id=1851","title":{"rendered":"Descripcion Caixa"},"content":{"rendered":"<p><span style=\"color: #000000;\">Es un peque\u00f1o sistema para que alguna entidad financiera, por ejemplo mutuales, puedan cobrar los recibos del municipio y enviar la informaci\u00f3n de lo cobrado por medio electr\u00f3nico.<\/span><\/p>\n<p><span style=\"color: #000000;\">Tambi\u00e9n puede ser \u00fatil para el cobro de tickets en lugares alejados de la municipalidad\/comuna, que no cuenten con internet o que no puedan estar conectados al sistema central.<\/span><\/p>\n<hr \/>\n<p><span style=\"color: #000000;\"><strong>Solicite a Unire el link de descarga<\/strong><\/span><\/p>\n<hr \/>\n<p><span style=\"color: #000000;\">El sistema debe estar instalado en el disco C en la carpeta CAIXA<\/span><\/p>\n<p><span style=\"color: #000000;\">C:\\CAIXA<\/span><\/p>\n<h2><span style=\"color: #000000;\">Archivos que contiene<\/span><\/h2>\n<p><span style=\"color: #000000;\">Caixa.exe -&gt; sistema<\/span><br \/>\n<span style=\"color: #000000;\">asistencia.exe -&gt; Comunicaci\u00f3n por AnyDesk<\/span><br \/>\n<span style=\"color: #000000;\">caixa.ini -&gt; <a style=\"color: #000000;\" href=\"http:\/\/uniremunicipios.com.ar\/manual\/?page_id=1838\">Configuraci\u00f3n de instalaci\u00f3n<\/a><\/span><\/p>\n<h2><span style=\"color: #000000;\">Carpetas<\/span><\/h2>\n<p><span style=\"color: #000000;\"><img loading=\"lazy\" decoding=\"async\" width=\"157\" height=\"138\" class=\"alignnone wp-image-3895 size-full\" src=\"http:\/\/uniremunicipios.com.ar\/manual\/wp-content\/uploads\/2022\/09\/Pasted-into-Descripcion-Caixa-1.png\" \/><\/span><\/p>\n<p><span style=\"color: #000000;\">C:\\CAIXA\\ARCHIVOS<\/span><\/p>\n<p><span style=\"color: #000000;\">Archivos generados por el sistema para enviar a la municipalidad\/comuna.<\/span><br \/>\n<span style=\"color: #000000;\">Se genera un archivo por cada cierre de caja. ( formato .TXT )<\/span><\/p>\n<p><span style=\"color: #000000;\">C:\\CAIXA\\BACKUP<\/span><\/p>\n<p><span style=\"color: #000000;\">Carpeta donde se van almacenando los backups.<\/span><br \/>\n<span style=\"color: #000000;\">Todos los lunes hace un backup en forma autom\u00e1tica. ( al Ejecutar el software )<\/span><br \/>\n<span style=\"color: #000000;\">Hay un link que llama el programa para hacer un backup en la carpeta C:\\CAIXA\\LNK<\/span><\/p>\n<p><span style=\"color: #000000;\">C:\\CAIXA\\BDD<\/span><\/p>\n<p><span style=\"color: #000000;\">Archivos que conforman la Base de Datos<\/span><\/p>\n<p><span style=\"color: #000000;\">C:\\CAIXA\\BMP<\/span><\/p>\n<p><span style=\"color: #000000;\">BMP e ICONOS que utiliza el sistema.<\/span><\/p>\n<h2><span style=\"color: #000000;\">Formas de llamar el sistema<\/span><\/h2>\n<p><span style=\"color: #000000;\">C:\\CAIXA\\LNK<\/span><\/p>\n<p><span style=\"color: #000000;\"><img loading=\"lazy\" decoding=\"async\" width=\"282\" height=\"134\" class=\"alignnone wp-image-3894 size-full\" src=\"http:\/\/uniremunicipios.com.ar\/manual\/wp-content\/uploads\/2022\/09\/Pasted-into-Descripcion-Caixa.png\" \/><\/span><\/p>\n<p>&nbsp;<\/p>\n<ul>\n<li><span style=\"color: #000000;\">Un Link para hacer backup.<\/span><\/li>\n<li><span style=\"color: #000000;\">Un Link para reorganizar los archivos \u00edndices. Si el sistema detecta que no se cerro bien el soft, en la pr\u00f3xima ejecuci\u00f3n lo primero que ejecuta es una reorganizaci\u00f3n de archivos en forma autom\u00e1tica.<\/span><\/li>\n<li><span style=\"color: #000000;\">Un Link para ejecutar el sistema de caja en forma normal.-<\/span><\/li>\n<\/ul>\n<p><span style=\"color: #000000;\">Aclaraci\u00f3n, El sistema no borra ning\u00fan registro, lo marca como anulado, quedando siempre registro que comprobante se quiso cobrar.<\/span><\/p>\n","protected":false},"excerpt":{"rendered":"<p>Es un peque\u00f1o sistema para que alguna entidad financiera, por ejemplo mutuales, puedan cobrar los recibos del municipio y enviar la informaci\u00f3n de lo cobrado por medio electr\u00f3nico. Tambi\u00e9n puede ser \u00fatil para el cobro de tickets en lugares alejados de la municipalidad\/comuna, que no cuenten con internet o que no puedan estar conectados al [&hellip;]<\/p>\n","protected":false},"author":2,"featured_media":0,"parent":1835,"menu_order":0,"comment_status":"closed","ping_status":"closed","template":"","meta":{"footnotes":""},"class_list":["post-1851","page","type-page","status-publish","hentry"],"_links":{"self":[{"href":"https:\/\/uniremunicipios.com.ar\/manual\/index.php?rest_route=\/wp\/v2\/pages\/1851","targetHints":{"allow":["GET"]}}],"collection":[{"href":"https:\/\/uniremunicipios.com.ar\/manual\/index.php?rest_route=\/wp\/v2\/pages"}],"about":[{"href":"https:\/\/uniremunicipios.com.ar\/manual\/index.php?rest_route=\/wp\/v2\/types\/page"}],"author":[{"embeddable":true,"href":"https:\/\/uniremunicipios.com.ar\/manual\/index.php?rest_route=\/wp\/v2\/users\/2"}],"replies":[{"embeddable":true,"href":"https:\/\/uniremunicipios.com.ar\/manual\/index.php?rest_route=%2Fwp%2Fv2%2Fcomments&post=1851"}],"version-history":[{"count":4,"href":"https:\/\/uniremunicipios.com.ar\/manual\/index.php?rest_route=\/wp\/v2\/pages\/1851\/revisions"}],"predecessor-version":[{"id":3896,"href":"https:\/\/uniremunicipios.com.ar\/manual\/index.php?rest_route=\/wp\/v2\/pages\/1851\/revisions\/3896"}],"up":[{"embeddable":true,"href":"https:\/\/uniremunicipios.com.ar\/manual\/index.php?rest_route=\/wp\/v2\/pages\/1835"}],"wp:attachment":[{"href":"https:\/\/uniremunicipios.com.ar\/manual\/index.php?rest_route=%2Fwp%2Fv2%2Fmedia&parent=1851"}],"curies":[{"name":"wp","href":"https:\/\/api.w.org\/{rel}","templated":true}]}}