{"id":1893,"date":"2020-07-21T15:37:40","date_gmt":"2020-07-21T18:37:40","guid":{"rendered":"http:\/\/uniremunicipios.com.ar\/manual\/?page_id=1893"},"modified":"2020-07-21T15:37:40","modified_gmt":"2020-07-21T18:37:40","slug":"retenciones-drei-tasa-de-comercio-profilaxis","status":"publish","type":"page","link":"https:\/\/uniremunicipios.com.ar\/manual\/?page_id=1893","title":{"rendered":"Retenciones DReI &#8211; Tasa de Comercio &#8211; Profilaxis"},"content":{"rendered":"<p>Cuando el municipio es agente de retenci\u00f3n del propio DReI-TASA DE COMERCIO\/PROFILAXIS el sistema realiza los c\u00e1lculos en forma autom\u00e1tica.<\/p>\n<p>Cuando el Municipio abona a un Proveedor, el sistema directamente le retiene Ingresos Brutos, Ganancias y el DReI. Obviamente que retendr\u00e1 acorde a los par\u00e1metros que se hayan establecido.<\/p>\n<p>El DReI retenido se comportar\u00e1 de dos formas distintas:<\/p>\n<p>1\u00ba- retenido a proveedores locales: el valor descontado del pago se transformar\u00e1 en un cr\u00e9dito del mismo impuesto cuando el contribuyente realice la DDJJ siguiente.<\/p>\n<p>Se debe considerar que actuar\u00e1 como un anticipo al tributo que el contribuyente \/proveedor debe abonar.<\/p>\n<p>&nbsp;<\/p>\n<p>2\u00ba- retenido a proveedores no locales: es un ingreso neto, dado que el proveedor no lo puede recuperar.<\/p>\n","protected":false},"excerpt":{"rendered":"<p>Cuando el municipio es agente de retenci\u00f3n del propio DReI-TASA DE COMERCIO\/PROFILAXIS el sistema realiza los c\u00e1lculos en forma autom\u00e1tica. Cuando el Municipio abona a un Proveedor, el sistema directamente le retiene Ingresos Brutos, Ganancias y el DReI. Obviamente que retendr\u00e1 acorde a los par\u00e1metros que se hayan establecido. El DReI retenido se comportar\u00e1 de [&hellip;]<\/p>\n","protected":false},"author":4,"featured_media":0,"parent":515,"menu_order":0,"comment_status":"closed","ping_status":"closed","template":"","meta":{"footnotes":""},"class_list":["post-1893","page","type-page","status-publish","hentry"],"_links":{"self":[{"href":"https:\/\/uniremunicipios.com.ar\/manual\/index.php?rest_route=\/wp\/v2\/pages\/1893","targetHints":{"allow":["GET"]}}],"collection":[{"href":"https:\/\/uniremunicipios.com.ar\/manual\/index.php?rest_route=\/wp\/v2\/pages"}],"about":[{"href":"https:\/\/uniremunicipios.com.ar\/manual\/index.php?rest_route=\/wp\/v2\/types\/page"}],"author":[{"embeddable":true,"href":"https:\/\/uniremunicipios.com.ar\/manual\/index.php?rest_route=\/wp\/v2\/users\/4"}],"replies":[{"embeddable":true,"href":"https:\/\/uniremunicipios.com.ar\/manual\/index.php?rest_route=%2Fwp%2Fv2%2Fcomments&post=1893"}],"version-history":[{"count":1,"href":"https:\/\/uniremunicipios.com.ar\/manual\/index.php?rest_route=\/wp\/v2\/pages\/1893\/revisions"}],"predecessor-version":[{"id":1894,"href":"https:\/\/uniremunicipios.com.ar\/manual\/index.php?rest_route=\/wp\/v2\/pages\/1893\/revisions\/1894"}],"up":[{"embeddable":true,"href":"https:\/\/uniremunicipios.com.ar\/manual\/index.php?rest_route=\/wp\/v2\/pages\/515"}],"wp:attachment":[{"href":"https:\/\/uniremunicipios.com.ar\/manual\/index.php?rest_route=%2Fwp%2Fv2%2Fmedia&parent=1893"}],"curies":[{"name":"wp","href":"https:\/\/api.w.org\/{rel}","templated":true}]}}