{"id":1895,"date":"2020-07-21T15:39:12","date_gmt":"2020-07-21T18:39:12","guid":{"rendered":"http:\/\/uniremunicipios.com.ar\/manual\/?page_id=1895"},"modified":"2025-10-16T14:41:17","modified_gmt":"2025-10-16T17:41:17","slug":"1895-2","status":"publish","type":"page","link":"https:\/\/uniremunicipios.com.ar\/manual\/?page_id=1895","title":{"rendered":"Inmuebles SCIT"},"content":{"rendered":"<p class=\"MsoNormal\" style=\"line-height: 150%;\">Para acceder a los registros catastrales de la Provincia de Santa Fe, se debe ingresar a la p\u00e1gina<span style=\"mso-spacerun: yes;\"> del <strong><a href=\"https:\/\/www.santafe.gob.ar\/sigit\/mycv2\/index.php\">SCIT <\/a><\/strong><\/span>con el usuario y contrase\u00f1a de la municipalidad.<\/p>\n<p><img loading=\"lazy\" decoding=\"async\" class=\"wp-image-4453 aligncenter \" src=\"http:\/\/uniremunicipios.com.ar\/manual\/wp-content\/uploads\/2024\/08\/image-25.png\" alt=\"\" width=\"229\" height=\"32\" srcset=\"https:\/\/uniremunicipios.com.ar\/manual\/wp-content\/uploads\/2024\/08\/image-25.png 358w, https:\/\/uniremunicipios.com.ar\/manual\/wp-content\/uploads\/2024\/08\/image-25-300x42.png 300w\" sizes=\"auto, (max-width: 229px) 100vw, 229px\" \/><img loading=\"lazy\" decoding=\"async\" class=\"wp-image-4454 aligncenter size-medium\" src=\"http:\/\/uniremunicipios.com.ar\/manual\/wp-content\/uploads\/2024\/08\/image-26.png\" alt=\"\" width=\"210\" height=\"58\" \/><\/p>\n<p>Posteriormente se ingresa a Consulta donde luego se afilia a Partidas (fincas)<span style=\"mso-spacerun: yes;\">\u00a0\u00a0<\/span><\/p>\n<p><img loading=\"lazy\" decoding=\"async\" class=\"wp-image-4455 aligncenter \" src=\"http:\/\/uniremunicipios.com.ar\/manual\/wp-content\/uploads\/2024\/08\/image-27.png\" alt=\"\" width=\"244\" height=\"162\" srcset=\"https:\/\/uniremunicipios.com.ar\/manual\/wp-content\/uploads\/2024\/08\/image-27.png 317w, https:\/\/uniremunicipios.com.ar\/manual\/wp-content\/uploads\/2024\/08\/image-27-300x199.png 300w\" sizes=\"auto, (max-width: 244px) 100vw, 244px\" \/><\/p>\n<p class=\"MsoNormal\" style=\"line-height: 150%;\">A partir de esta selecci\u00f3n, el sistema presenta todos los inmuebles de la localidad. Cuando se presiona <img loading=\"lazy\" decoding=\"async\" class=\"wp-image-4456 alignnone\" src=\"http:\/\/uniremunicipios.com.ar\/manual\/wp-content\/uploads\/2024\/08\/image-28.png\" alt=\"\" width=\"201\" height=\"74\" \/><span style=\"mso-spacerun: yes;\">\u00a0<\/span>(Avanzada) se despliega el siguiente men\u00fa, donde es necesario tildar todos los \u00edtems.<\/p>\n<p><img loading=\"lazy\" decoding=\"async\" class=\"wp-image-4457 aligncenter \" src=\"http:\/\/uniremunicipios.com.ar\/manual\/wp-content\/uploads\/2024\/08\/image-29.png\" alt=\"\" width=\"240\" height=\"325\" srcset=\"https:\/\/uniremunicipios.com.ar\/manual\/wp-content\/uploads\/2024\/08\/image-29.png 300w, https:\/\/uniremunicipios.com.ar\/manual\/wp-content\/uploads\/2024\/08\/image-29-222x300.png 222w\" sizes=\"auto, (max-width: 240px) 100vw, 240px\" \/><\/p>\n<p class=\"MsoNormal\" style=\"line-height: 150%;\">El SCIT presenta toda la informaci\u00f3n seleccionada de todos los inmuebles registrados en la Provincia.<\/p>\n<p class=\"MsoNormal\" style=\"line-height: 150%;\">Para bajarlos a un Excel en la parte inferior de la p\u00e1gina se muestran varios botones, pudiendo imprimirla, grabarla en pdf, en Excel y txt.<\/p>\n<p class=\"MsoNormal\" style=\"line-height: 150%;\">Sugerimos bajarla en txt, ya que est\u00e1 lista para ser procesada.<\/p>\n<p class=\"MsoNormal\" style=\"text-align: justify; line-height: 150%;\">Una vez realizada la bajada de los datos del SCIT, se debe grabar en N:\\PS-IO\\ING\\API\\INMUEBLES\\SCIT. Si no cuenta con estas carpetas deber\u00e1n crearlas.<\/p>\n<p class=\"MsoNormal\" style=\"text-align: justify; line-height: 150%;\"><!-- [if gte vml 1]><v:shapetype id=\"_x0000_t32\" coordsize=\"21600,21600\" o:spt=\"32\" o:oned=\"t\" path=\"m,l21600,21600e\" filled=\"f\">\n<v:path arrowok=\"t\" fillok=\"f\" o:connecttype=\"none\"\/>\n<o:lock v:ext=\"edit\" shapetype=\"t\"\/>\n<\/v:shapetype><v:shape id=\"_x0039__x0020_Conector_x0020_recto_x0020_de_x0020_flecha\" o:spid=\"_x0000_s1026\" type=\"#_x0000_t32\" style='position:absolute;left:0; text-align:left;margin-left:85.35pt;margin-top:41.45pt;width:52.8pt;height:16pt; flip:x y;z-index:251659264;visibility:visible;mso-wrap-style:square; mso-wrap-distance-left:9pt;mso-wrap-distance-top:0;mso-wrap-distance-right:9pt; mso-wrap-distance-bottom:0;mso-position-horizontal:absolute; mso-position-horizontal-relative:text;mso-position-vertical:absolute; mso-position-vertical-relative:text' o:gfxdata=\"UEsDBBQABgAIAAAAIQC75UiUBQEAAB4CAAATAAAAW0NvbnRlbnRfVHlwZXNdLnhtbKSRvU7DMBSF dyTewfKKEqcMCKEmHfgZgaE8wMW+SSwc27JvS\/v23KTJgkoXFsu+P+c7Ol5vDoMTe0zZBl\/LVVlJ gV4HY31Xy4\/tS3EvRSbwBlzwWMsjZrlprq\/W22PELHjb51r2RPFBqax7HCCXIaLnThvSAMTP1KkI +gs6VLdVdad08ISeCho1ZLN+whZ2jsTzgcsnJwldluLxNDiyagkxOquB2Knae\/OLUsyEkjenmdzb mG\/YhlRnCWPnb8C898bRJGtQvEOiVxjYhtLOxs8AySiT4JuDystlVV4WPeM6tK3VaILeDZxIOSsu ti\/jidNGNZ3\/J08yC1dNv9v8AAAA\/\/8DAFBLAwQUAAYACAAAACEArTA\/8cEAAAAyAQAACwAAAF9y ZWxzLy5yZWxzhI\/NCsIwEITvgu8Q9m7TehCRpr2I4FX0AdZk2wbbJGTj39ubi6AgeJtl2G9m6vYx jeJGka13CqqiBEFOe2Ndr+B03C3WIDihMzh6RwqexNA281l9oBFTfuLBBhaZ4ljBkFLYSMl6oAm5 8IFcdjofJ0z5jL0MqC\/Yk1yW5UrGTwY0X0yxNwri3lQgjs+Qk\/+zfddZTVuvrxO59CNCmoj3vCwj MfaUFOjRhrPHaN4Wv0VV5OYgm1p+LW1eAAAA\/\/8DAFBLAwQUAAYACAAAACEAbc1mO\/IBAADKBAAA HwAAAGNsaXBib2FyZC9kcmF3aW5ncy9kcmF3aW5nMS54bWykVMFy0zAQvTPDP2h0p3ZCCamnTg+h KQcGOhS4L7Jka5Alz0q4zt+zshUnZJh2hubgrOL33r59Wfv6ZmgN6yV67WzJFxc5Z9IKV2lbl\/z7 t92bNWc+gK3AOCtLvpee32xev7qGokboGi0YKVhfQMmbELoiy7xoZAv+wnXS0j3lsIVAR6yzCuGR lFuTLfN8lbWgLd8cpT5AAPYb9X9IGSd+yWoLtgdPkkYUp78kj0a8XBkK299h99DdY3QuPvf3yHRV ckrOQksR8SzdSDA6Zmes+igwKGwj3inFhpIvF6vLfE1ae6qXi8s11aOeHAITBFi9z9+t6L6IgPwt 5Zj6NV+eURDN7ZMaZHIyQ8WJQTHYhy46tP02ludzXx3mvmJbWhERHDKMX6ySTBkpGpgTSQKHRE70 fNKNDoilu4+0jXysfsTq5RHN40HRoQ930rUsFiX3AUHXTSD7k\/+pHfSffJisHgjRhbHx6p3R1U4b Mx6w\/rk1yHowJd\/tcvrEkanjX7AA2tzaioV9R2sCiO4xwaJmRKcQfNgbOfX6KhVtV1yMMYLx2ZJz LxBC2rCcVQgdaYp8zcT8eWLCR6pUiv67mTwl8WTXmTF2dvZIbrV1+K\/uYVgky2rCT9NPU1MOaeWy s6d4RKW3TnxVnJ43fwAAAP\/\/AwBQSwMEFAAGAAgAAAAhAJxOXiHiBgAAOhwAABoAAABjbGlwYm9h cmQvdGhlbWUvdGhlbWUxLnhtbOxZT28bRRS\/I\/EdRntv4\/+NozpV7NgNtGmj2C3qcbwe704zu7Oa GSf1DbVHJCREQRyoxI0DAiq1EpfyaQJFUKR+Bd7M7K534jVJ2wgqaA7x7tvfvP\/vzZvdy1fuRQwd EiEpjzte9WLFQyT2+YTGQce7NRpcWPeQVDieYMZj0vHmRHpXNt9\/7zLe8BlNxhyLySgkEUHAKJYb uOOFSiUba2vSBzKWF3lCYng25SLCCm5FsDYR+AgERGytVqm01iJMY28TOCrNqM\/gX6ykJvhMDDUb gmIcgfSb0yn1icFODqoaIeeyxwQ6xKzjAc8JPxqRe8pDDEsFDzpexfx5a5uX1\/BGuoipFWsL6wbm L12XLpgc1IxMEYxzodVBo31pO+dvAEwt4\/r9fq9fzfkZAPZ9sNTqUuTZGKxXuxnPAsheLvPuVZqV hosv8K8v6dzudrvNdqqLZWpA9rKxhF+vtBpbNQdvQBbfXMI3ulu9XsvBG5DFt5bwg0vtVsPFG1DI aHywhNYBHQxS7jlkytlOKXwd4OuVFL5AQTbk2aVFTHmsVuVahO9yMQCABjKsaIzUPCFT7ENO9nA0 FhRrAXiD4MITS\/LlEknLQtIXNFEd78MEx14B8vLZ9y+fPUHH958e3\/\/p+MGD4\/s\/WkbOqh0cB8VV L7797M9HH6M\/nnzz4uEX5XhZxP\/6wye\/\/Px5ORDKZ2He8y8f\/\/b08fOvPv39u4cl8C2Bx0X4iEZE ohvkCO3zCAwzXnE1J2PxaitGIabFFVtxIHGMtZQS\/n0VOugbc8zS6Dh6dInrwdsC2kcZ8OrsrqPw MBQzRUskXwsjB7jLOetyUeqFa1pWwc2jWRyUCxezIm4f48My2T0cO\/HtzxLom1laOob3QuKoucdw rHBAYqKQfsYPCCmx7g6ljl93qS+45FOF7lDUxbTUJSM6drJpsWiHRhCXeZnNEG\/HN7u3UZezMqu3 yaGLhKrArET5EWGOG6\/imcJRGcsRjljR4dexCsuUHM6FX8T1pYJIB4Rx1J8QKcvW3BRgbyHo1zB0 rNKw77J55CKFogdlPK9jzovIbX7QC3GUlGGHNA6L2A\/kAaQoRntclcF3uVsh+h7igOOV4b5NiRPu 07vBLRo4Ki0SRD+ZiZJYXiXcyd\/hnE0xMa0GmrrTqyMa\/13jZhQ6t5Vwfo0bWuXzrx+V6P22tuwt 2L3KambnRKNehTvZnntcTOjb35238SzeI1AQy1vUu+b8rjl7\/\/nmvKqez78lL7owNGg9i9hB24zd 0cqpe0oZG6o5I9elGbwl7D2TARD1OnO6JPkpLAnhUlcyCHBwgcBmDRJcfURVOAxxAkN71dNMApmy DiRKuITDoiGX8tZ4GPyVPWo29SHEdg6J1S6fWHJdk7OzRs7GaBWYA20mqK4ZnFVY\/VLKFGx7HWFV rdSZpVWNaqYpOtJyk7WLzaEcXJ6bBsTcmzDUIBiFwMstON9r0XDYwYxMtN9tjLKwmCicZ4hkiCck jZG2ezlGVROkLFeWDNF22GTQB8dTvFaQ1tZs30DaWYJUFNdYIS6L3ptEKcvgRZSA28lyZHGxOFmM jjpeu1lresjHScebwjkZLqMEoi71HIlZAG+YfCVs2p9azKbKF9FsZ4a5RVCFVx\/W70sGO30gEVJt Yxna1DCP0hRgsZZk9a81wa3nZUBJNzqbFvV1SIZ\/TQvwoxtaMp0SXxWDXaBo39nbtJXymSJiGE6O 0JjNxD6G8OtUBXsmVMLrDtMR9A28m9PeNo\/c5pwWXfGNmMFZOmZJiNN2q0s0q2QLNw0p18HcFdQD 20p1N8a9uimm5M\/JlGIa\/89M0fsJvH2oT3QEfHjRKzDSldLxuFAhhy6UhNQfCBgcTO+AbIH3u\/AY kgreSptfQQ71r605y8OUNRwi1T4NkKCwH6lQELIHbclk3ynMquneZVmylJHJqIK6MrFqj8khYSPd A1t6b\/dQCKluuknaBgzuZP6592kFjQM95BTrzelk+d5ra+CfnnxsMYNRbh82A03m\/1zFfDxY7Kp2 vVme7b1FQ\/SDxZjVyKoChBW2gnZa9q+pwitutbZjLVlca2bKQRSXLQZiPhAl8A4J6X+w\/1HhM\/sF Q2+oI74PvRXBxwvNDNIGsvqCHTyQbpCWOIbByRJtMmlW1rXp6KS9lm3W5zzp5nJPOFtrdpZ4v6Kz 8+HMFefU4nk6O\/Ww42tLW+lqiOzJEgXSNDvImMCUfcnaxQkaB9WOB1+TIND34Aq+R3lAq2laTdPg Cj4ywbBkvwx1vPQio8BzS8kx9YxSzzCNjNLIKM2MAsNZ+g0mo7SgU+nPJvDZTv94KPtCAhNc+kUl a6rO577NvwAAAP\/\/AwBQSwMEFAAGAAgAAAAhAJxmRkG7AAAAJAEAACoAAABjbGlwYm9hcmQvZHJh d2luZ3MvX3JlbHMvZHJhd2luZzEueG1sLnJlbHOEj80KwjAQhO+C7xD2btJ6EJEmvYjQq9QHCMk2 LTY\/JFHs2xvoRUHwsjCz7DezTfuyM3liTJN3HGpaAUGnvJ6c4XDrL7sjkJSl03L2DjksmKAV201z xVnmcpTGKSRSKC5xGHMOJ8aSGtHKRH1AVzaDj1bmIqNhQaq7NMj2VXVg8ZMB4otJOs0hdroG0i+h JP9n+2GYFJ69elh0+UcEy6UXFqCMBjMHSldnnTUtXYGJhn39Jt4AAAD\/\/wMAUEsBAi0AFAAGAAgA AAAhALvlSJQFAQAAHgIAABMAAAAAAAAAAAAAAAAAAAAAAFtDb250ZW50X1R5cGVzXS54bWxQSwEC LQAUAAYACAAAACEArTA\/8cEAAAAyAQAACwAAAAAAAAAAAAAAAAA2AQAAX3JlbHMvLnJlbHNQSwEC LQAUAAYACAAAACEAbc1mO\/IBAADKBAAAHwAAAAAAAAAAAAAAAAAgAgAAY2xpcGJvYXJkL2RyYXdp bmdzL2RyYXdpbmcxLnhtbFBLAQItABQABgAIAAAAIQCcTl4h4gYAADocAAAaAAAAAAAAAAAAAAAA AE8EAABjbGlwYm9hcmQvdGhlbWUvdGhlbWUxLnhtbFBLAQItABQABgAIAAAAIQCcZkZBuwAAACQB AAAqAAAAAAAAAAAAAAAAAGkLAABjbGlwYm9hcmQvZHJhd2luZ3MvX3JlbHMvZHJhd2luZzEueG1s LnJlbHNQSwUGAAAAAAUABQBnAQAAbAwAAAAA \" strokecolor=\"red\" strokeweight=\"2pt\">\n<v:stroke endarrow=\"open\"\/>\n<v:shadow on=\"t\" color=\"black\" opacity=\"24903f\" origin=\",.5\" offset=\"0,.55556mm\"\/>\n<\/v:shape><![endif]--><!-- [if !vml]--><span style=\"mso-ignore: vglayout; position: absolute; z-index: 251659264; left: 0px; margin-left: 109px; margin-top: 46px; width: 77px; height: 35px;\"><br \/>\n<\/span><!--[endif]-->Para realizar la migraci\u00f3n de datos es necesario ingresar al m\u00f3dulo API<\/p>\n<p><img loading=\"lazy\" decoding=\"async\" class=\"wp-image-6180 size-medium aligncenter\" src=\"http:\/\/uniremunicipios.com.ar\/manual\/wp-content\/uploads\/2025\/10\/image-10.png\" alt=\"\" width=\"279\" height=\"206\" \/><\/p>\n<p class=\"MsoNormal\" style=\"text-align: justify; line-height: 150%;\">Una vez finalizada la importaci\u00f3n, se puede verificar en el \u00faltimo \u00edtem, \u201cInmuebles SCIT\u201d todos los bienes imponibles.<\/p>\n<p class=\"MsoNormal\" style=\"text-align: justify; line-height: 150%;\">El listado que aparecer\u00e1 ser\u00e1 de la siguiente manera:<\/p>\n<p class=\"MsoNormal\" style=\"text-align: justify; line-height: 150%;\"><img loading=\"lazy\" decoding=\"async\" class=\"aligncenter wp-image-4461\" src=\"http:\/\/uniremunicipios.com.ar\/manual\/wp-content\/uploads\/2024\/08\/321.png\" alt=\"\" width=\"211\" height=\"93\" \/><\/p>\n<p>El tilde que se observa a la izquierda solo aparece si es reconocida y se encuentra cargada en unire, para as\u00ed poder realizar un comparativo.<\/p>\n<p class=\"MsoNormal\" style=\"text-align: justify; line-height: 150%;\">Asimismo, con el <img loading=\"lazy\" decoding=\"async\" class=\"wp-image-6181 alignnone size-medium\" src=\"http:\/\/uniremunicipios.com.ar\/manual\/wp-content\/uploads\/2025\/10\/image-11.png\" alt=\"\" width=\"47\" height=\"48\" \/>,<span style=\"mso-spacerun: yes;\">\u00a0<\/span>se aplican dos filtros referentes al tema.<\/p>\n<p class=\"MsoNormal\" style=\"text-align: justify; line-height: 150%;\">Tambi\u00e9n en la pantalla de inmuebles, en cualquier m\u00f3dulo, se puede clickear el bot\u00f3n derecho del mouse sobre el inmueble y <img loading=\"lazy\" decoding=\"async\" class=\"wp-image-4460 alignnone\" src=\"http:\/\/uniremunicipios.com.ar\/manual\/wp-content\/uploads\/2024\/08\/image-32.png\" alt=\"\" width=\"130\" height=\"70\" \/><span style=\"mso-spacerun: yes;\">\u00a0<\/span>aparecer\u00e1n los datos tambi\u00e9n migrados del SCIT.<\/p>\n<p><iframe loading=\"lazy\" title=\"SCIT Catastro\" width=\"500\" height=\"281\" src=\"https:\/\/www.youtube.com\/embed\/wUH51dwbPOA?feature=oembed\" frameborder=\"0\" allow=\"accelerometer; autoplay; clipboard-write; encrypted-media; gyroscope; picture-in-picture; web-share\" referrerpolicy=\"strict-origin-when-cross-origin\" allowfullscreen><\/iframe><\/p>\n","protected":false},"excerpt":{"rendered":"<p>Para acceder a los registros catastrales de la Provincia de Santa Fe, se debe ingresar a la p\u00e1gina del SCIT con el usuario y contrase\u00f1a de la municipalidad. Posteriormente se ingresa a Consulta donde luego se afilia a Partidas (fincas)\u00a0\u00a0 A partir de esta selecci\u00f3n, el sistema presenta todos los inmuebles de la localidad. Cuando [&hellip;]<\/p>\n","protected":false},"author":4,"featured_media":0,"parent":315,"menu_order":0,"comment_status":"closed","ping_status":"closed","template":"","meta":{"footnotes":""},"class_list":["post-1895","page","type-page","status-publish","hentry"],"_links":{"self":[{"href":"https:\/\/uniremunicipios.com.ar\/manual\/index.php?rest_route=\/wp\/v2\/pages\/1895","targetHints":{"allow":["GET"]}}],"collection":[{"href":"https:\/\/uniremunicipios.com.ar\/manual\/index.php?rest_route=\/wp\/v2\/pages"}],"about":[{"href":"https:\/\/uniremunicipios.com.ar\/manual\/index.php?rest_route=\/wp\/v2\/types\/page"}],"author":[{"embeddable":true,"href":"https:\/\/uniremunicipios.com.ar\/manual\/index.php?rest_route=\/wp\/v2\/users\/4"}],"replies":[{"embeddable":true,"href":"https:\/\/uniremunicipios.com.ar\/manual\/index.php?rest_route=%2Fwp%2Fv2%2Fcomments&post=1895"}],"version-history":[{"count":9,"href":"https:\/\/uniremunicipios.com.ar\/manual\/index.php?rest_route=\/wp\/v2\/pages\/1895\/revisions"}],"predecessor-version":[{"id":6182,"href":"https:\/\/uniremunicipios.com.ar\/manual\/index.php?rest_route=\/wp\/v2\/pages\/1895\/revisions\/6182"}],"up":[{"embeddable":true,"href":"https:\/\/uniremunicipios.com.ar\/manual\/index.php?rest_route=\/wp\/v2\/pages\/315"}],"wp:attachment":[{"href":"https:\/\/uniremunicipios.com.ar\/manual\/index.php?rest_route=%2Fwp%2Fv2%2Fmedia&parent=1895"}],"curies":[{"name":"wp","href":"https:\/\/api.w.org\/{rel}","templated":true}]}}