{"id":1937,"date":"2020-08-11T16:26:33","date_gmt":"2020-08-11T19:26:33","guid":{"rendered":"http:\/\/uniremunicipios.com.ar\/manual\/?page_id=1937"},"modified":"2020-08-11T16:30:14","modified_gmt":"2020-08-11T19:30:14","slug":"carga-datos-fijos-novedad-y-no-liquida","status":"publish","type":"page","link":"https:\/\/uniremunicipios.com.ar\/manual\/?page_id=1937","title":{"rendered":"carga datos fijos novedad y no liquida"},"content":{"rendered":"<p><img decoding=\"async\" src=\"data:image\/png;base64,iVBORw0KGgoAAAANSUhEUgAAAH0AAAB3CAYAAAAuG09DAAAIiklEQVR4Ae1dO3LkNhCdcek2qyors2NHPoYP4MChM42u4TM4cLihQjvTVmnPI7M58zDNFkgCIEA2gObWCOgvuvtNg5jPSudffvvr4zRc5+HfeN2GK8FY588Cxxknjrq7mbDuxGdXV9n4867GQhii8\/IHlYHvYmcW03SE8WgzqwzTm8JUWXgaFr9yPvPhX0QnFJ30E\/9uLwK6k56ijG6cLzdhNqfTD3BtYz8VMND7wdplaqC7UvQzMdD7wdplaqC7UvQzMdD7wdplen5\/+3d8yeY4Nmm+Ag9\/\/\/O1+SQtwWkFzh\/DNWUZ1XoFHr5\/+6\/1HC2\/oQK0oz8\/P58I74fHp5+7KMpwdukiz5Akqzy9Xy6Xk92VQuD16zwQu7YuwOEzJO5edjI\/vH5ulZ3uT8W4oRUw0EMr1ZCegR4J5uPT1xM9lq4QnSX70rLxnl56kZb8v7\/9OqYD4EET08fTmLt1eiIqABtAYwQ\/0e0uZtbpG8pMANOrg8enC\/Ny3QkYQ93UQN8MycV5qKHLKVjb3h1k8RNs6aePy2js6HhXu1pYpyeUewIuAU5fOh3HSxWHOev0SNAd4AQyPV5uDmgEb5g6vZtY05AV9LlE5\/iaChESi8uDwKULgF9G6k7f5E7\/JtYyZNveKcG5g8z1lDsv11KMoDgAOJSfh8m4vYNxG0nvPDwUXllA54B\/8XxU+334WLMp4BUCGRNS1u09ZuFmdLHFY6wgsSydzruYutp38d3AJ6+SR1s7B5vmxFN+Zet0AO\/Lt0nAkShAxgi+4jEb6JQjAe+75vg+XfW80MNZqN4BCWfZ3g+Ie7Kk79sxId+qmTgJINxuRoDS6Rxb+zB182GKU3upJ\/vWfLN2OuV7xCUBlnTOmByQBDy29GE6XkTfOtzp3UQ5B5mfpNfWagJ0ShKJY1xLfIvcAcqB3wlwxI08MYIfMmYFnQ5suPjrdc6HvMSYUoDUOCbAny67dLiMNTXfbPf0pRM6FWhJLpOphXbA1xLwLc4snc4BpQ5Hl\/M5gK+sPk2GmwX0JivTcFJZQOddTO\/I4V05Pue7QcP1rCK1LKBTphx4mbkBLityLJ0NdEqDH2zQ7ZJ\/bLr31a9faNTxnzd9b7bcI80\/ywp6\/vDKeKQi08sdeuxdcF9GqS+9fL5CeNlesoUspkEHgCMWX8H5EwFyHw8+fDIfT+pz35iTzpItfGwZuwOdF2uuuACAy8mO8zGXfO4fOuRnbT5nx\/m55l2DzoHgBZVgc5lvHqsPH1gfNMZUf7BfG7u7p1OheVFpzosPmvOWihirz33xOMDf4g8+1sYuO50D7wPXB8ZSIWP019amdWL8LcU1J+sSdCqGD+xQPrflc15kzudz3xpczufcX855d9t7zuLV6stArxW5DXEb6BuKV6vpeE8vfXDIXRz6lWJ01Rb3GLSCH1V2OoF+9vz9EgX1rCIE+y3QVcCUL8jf\/\/jz9PDlx5\/yeTRPqivw8nL9zvZ4T7dfCqwaq+zBVXlPz16Fzhwa6J0BTuka6AZ6hxXoMOXxILeW9+PT5xP++5v9RYi1ummVJ2\/v8olANB5ak7W4rhUI6nQUC90NwGkkHmguxxy2S6N8OzXk40WyCdFbWpdkcm3ikV\/un89JXvsVBTqS5UCDx8cYwGHHAdy7yHxtXzw+OfRqHJNAL52or9OwJgcAXQoeaNIFj+ZzfJLNXXjiwRb+QJMdeDSf45NM26USdFkkWVzQGEkfIMEWNEbwfSMHjOTcL80hl75AY\/T51sjLCrq8t+dKGEVP9bcGCge51BqpfkvYZQU95V6+lpQELPYJAEBhB3pt3Rg5fJZcIyaeNd3kl2xrjrfIJdBbfMEWwIAuMe6xRo64kzod23iOAOADXUI0Lx7NuQz6nE9zTnMf3JZ0tlx7rLElvlDb8Q\/srn20OgcytnPIQYcuXoteiZ3niNzpjxi+vr6mf+DSKsASjFYA53kFbe9rAK\/J+YK1zbfeEjTmq\/Igp7FQLcVkoLeEZmAuBnpgoVpSM9BbQjMwFwM9sFAtqRnoLaEZmIuBHlioltQM9JbQDMwl6M0ZvM1KPvFGDHigA9czNQUV6LbT+QcxITjE6of4PEonGnR0eM6AqaCyqJLOuV7vvqJB771gLeQfdE+XicpuB437O9GYS9s5Gp9V+z7g4F0POfEwJ5+c9ulDx7d+CX0em2\/NI3nRoBOYAHmPwDmYtJ6kZQxSDhoj9InGxQGCHkboQN\/HJ3vJh53GMRr0kknEFI\/ryoIDoNBYc+nLOELX31svCfS9uz22KLxz12wlUCFPAJ9\/8GAPem39I+TqDnJULBRurSDQXSpwqK+1tebk0v9SLHM+9uYndfqeQQJYrLlW1Dl9yef+JHAkC9VHPNwHeFhD2xj9xUicynGYk\/S1YPbfmLUBTfFs\/mKkTArgY5Ryo\/VUIGh79wEZytOTqkWCCqg7yCEwG8tVwEAvV1u1ng10tdCUC8xAL1dbtZ4NdLXQlAvMQC9XW7WeDXS10JQLzEAvV1u1noPenMFbrpQF3pQBj2g+V5upBeYq0FSn8w89XIYZJqX8ZggtyUU06OjqpNVmjKiosrA+2qfncyltfTo+Xqqdz5dmXtD2fnQCBAb\/uFLSMj6uK2VLdKrdkk+NsqhOl\/fznAlRwX2d5gN4ThfxcD805w\/S4XJOc7604b4hA6+2MbrT+cFtkuzHQH2bcA4nCBzevRzUpeCW7KQ\/Ti\/51CSLBr1k8OhgzYUMfeKUrNNW30mgz3b71miU2y\/tAMpDn4QXdU+fWBYi0O1wL2niy+JD18awCiR1epjrfFoS+NDtX9ohojn+mnzNDvbax6gvRuL0Tknh9frcVs91tRSh9x0i6xcjNQKs5YmmMY6gTtcYuMUUX4GsnR6\/vFkcWQF1p\/cji9HL2gZ6L0izPA10Voxepv8DxSSeemlN28kAAAAASUVORK5CYII=\" \/><\/p>\n<p class=\"rvps5\"><span class=\"rvts111\">Dato Fijo <img decoding=\"async\" src=\"data:image\/png;base64,iVBORw0KGgoAAAANSUhEUgAAAB4AAAAZCAYAAAAmNZ4aAAAAoUlEQVRIDWO8cuHEf4YBAEwDYCfYylGL6RbyLIRs0jEwx1By5cJJDDFSBciKY3THgPgwTKwDiLYY5Etkn8Ish9EweRifkAOIthhmELLlMDFkmpA8TC3JFsM0UkoPfYtJTVwEsxOxQUps3MLMGzpBTWx2gfkMF010UKNbSGrQojuArKCm1FKQIxhHGwLocUErPllxTA3HjFpMjVAkyowBC2oAUKImM7O5EyoAAAAASUVORK5CYII=\" \/><\/span><span class=\"rvts59\">: estos se mantienen constantes en el tiempo y var\u00edan muy poco de liquidaci\u00f3n a liquidaci\u00f3n. Ejemplo: Obra social.<\/span><\/p>\n<p class=\"rvps5\"><span class=\"rvts111\">Novedad <img loading=\"lazy\" decoding=\"async\" class=\"\" src=\"data:image\/png;base64,iVBORw0KGgoAAAANSUhEUgAAABcAAAAUCAYAAABmvqYOAAAAkElEQVRIDe2UPQ6AIAyFxXgcBzfvv+HGwH00JXmkITY+JE0cZOkP5eNRCCGneE5OY3biFqwrfLGUr9tep3I6io8c4lpgOK7KKTgUGwLNNAU3Vz9M0PBWvcQ6p33sScHZCwQUloKjuNfS8DfqaXivaqn\/JhxtwqtBrE84pBxAWA0WP\/xfbtsSiYd6fgfUOVf4Ba1MH5LtqG+iAAAAAElFTkSuQmCC\" width=\"28\" height=\"24\" \/><\/span><span class=\"rvts59\">: se considera novedad a toda informaci\u00f3n que hay que revisar y\/o modificar de liquidaci\u00f3n a liquidaci\u00f3n, por los cambios en que incurren en cada una de ellas.<\/span><\/p>\n<p class=\"rvps5\"><span class=\"rvts59\">Respecto de las novedades, como se dijo anteriormente, se anulan al cerrar el periodo de liquidaci\u00f3n. Ejemplo: horas extras.<\/span><\/p>\n<p class=\"rvps5\"><span class=\"rvts111\">Nota: las novedades, como los cambios en los datos fijos no se realizan en funci\u00f3n de un per\u00edodo de liquidaci\u00f3n espec\u00edfico, sino que los cambios se efect\u00faan en cualquier momento, y la pr\u00f3xima liquidaci\u00f3n los considera.<\/span><\/p>\n","protected":false},"excerpt":{"rendered":"<p>Dato Fijo : estos se mantienen constantes en el tiempo y var\u00edan muy poco de liquidaci\u00f3n a liquidaci\u00f3n. Ejemplo: Obra social. Novedad : se considera novedad a toda informaci\u00f3n que hay que revisar y\/o modificar de liquidaci\u00f3n a liquidaci\u00f3n, por los cambios en que incurren en cada una de ellas. Respecto de las novedades, como [&hellip;]<\/p>\n","protected":false},"author":3,"featured_media":0,"parent":28,"menu_order":0,"comment_status":"closed","ping_status":"closed","template":"","meta":{"footnotes":""},"class_list":["post-1937","page","type-page","status-publish","hentry"],"_links":{"self":[{"href":"https:\/\/uniremunicipios.com.ar\/manual\/index.php?rest_route=\/wp\/v2\/pages\/1937","targetHints":{"allow":["GET"]}}],"collection":[{"href":"https:\/\/uniremunicipios.com.ar\/manual\/index.php?rest_route=\/wp\/v2\/pages"}],"about":[{"href":"https:\/\/uniremunicipios.com.ar\/manual\/index.php?rest_route=\/wp\/v2\/types\/page"}],"author":[{"embeddable":true,"href":"https:\/\/uniremunicipios.com.ar\/manual\/index.php?rest_route=\/wp\/v2\/users\/3"}],"replies":[{"embeddable":true,"href":"https:\/\/uniremunicipios.com.ar\/manual\/index.php?rest_route=%2Fwp%2Fv2%2Fcomments&post=1937"}],"version-history":[{"count":2,"href":"https:\/\/uniremunicipios.com.ar\/manual\/index.php?rest_route=\/wp\/v2\/pages\/1937\/revisions"}],"predecessor-version":[{"id":1940,"href":"https:\/\/uniremunicipios.com.ar\/manual\/index.php?rest_route=\/wp\/v2\/pages\/1937\/revisions\/1940"}],"up":[{"embeddable":true,"href":"https:\/\/uniremunicipios.com.ar\/manual\/index.php?rest_route=\/wp\/v2\/pages\/28"}],"wp:attachment":[{"href":"https:\/\/uniremunicipios.com.ar\/manual\/index.php?rest_route=%2Fwp%2Fv2%2Fmedia&parent=1937"}],"curies":[{"name":"wp","href":"https:\/\/api.w.org\/{rel}","templated":true}]}}