{"id":1941,"date":"2020-08-11T16:41:30","date_gmt":"2020-08-11T19:41:30","guid":{"rendered":"http:\/\/uniremunicipios.com.ar\/manual\/?page_id=1941"},"modified":"2022-10-17T08:33:53","modified_gmt":"2022-10-17T11:33:53","slug":"formulas-de-pago","status":"publish","type":"page","link":"https:\/\/uniremunicipios.com.ar\/manual\/?page_id=1941","title":{"rendered":"Formulas de pago"},"content":{"rendered":"<p><iframe loading=\"lazy\" title=\"Personal - Pago de sueldos, formulas de pago\" width=\"500\" height=\"281\" src=\"https:\/\/www.youtube.com\/embed\/dGlHSty0RE4?feature=oembed\" frameborder=\"0\" allow=\"accelerometer; autoplay; clipboard-write; encrypted-media; gyroscope; picture-in-picture; web-share\" referrerpolicy=\"strict-origin-when-cross-origin\" allowfullscreen><\/iframe><\/p>\n<p class=\"rvps5\"><span class=\"rvts59\">En FORMULAS DE PAGOS\u00a0 se definen las f\u00f3rmulas a trav\u00e9s de las cuales se abonan los haberes, existiendo tantas alternativas como formas de pago adopte el Municipio. Por ejemplo se puede definir que se abone s\u00f3lo hasta la categor\u00eda 16\u00a0 en primer t\u00e9rmino y luego el resto.<\/span><\/p>\n<p class=\"rvps5\"><span class=\"rvts59\">Tambi\u00e9n se puede configurar que se abone s\u00f3lo las horas extras o el 80 % del sueldo, y as\u00ed sucesivamente. Estas f\u00f3rmulas se crean para un uso o se pueden utilizar \u201cn\u201d cantidad de veces.\u00a0 En el siguiente cuadro se pueden observar distintas f\u00f3rmulas de variada complejidad seg\u00fan la necesidad:<\/span><\/p>\n<p class=\"rvps5\"><span class=\"rvts59\">\u00a0<\/span><\/p>\n<p class=\"rvps5\"><img loading=\"lazy\" decoding=\"async\" width=\"697\" height=\"389\" class=\"alignnone wp-image-1942 size-full\" src=\"http:\/\/uniremunicipios.com.ar\/manual\/wp-content\/uploads\/2020\/08\/Pasted-into-.png\" srcset=\"https:\/\/uniremunicipios.com.ar\/manual\/wp-content\/uploads\/2020\/08\/Pasted-into-.png 697w, https:\/\/uniremunicipios.com.ar\/manual\/wp-content\/uploads\/2020\/08\/Pasted-into--300x167.png 300w\" sizes=\"auto, (max-width: 697px) 100vw, 697px\" \/><\/p>\n","protected":false},"excerpt":{"rendered":"<p>En FORMULAS DE PAGOS\u00a0 se definen las f\u00f3rmulas a trav\u00e9s de las cuales se abonan los haberes, existiendo tantas alternativas como formas de pago adopte el Municipio. Por ejemplo se puede definir que se abone s\u00f3lo hasta la categor\u00eda 16\u00a0 en primer t\u00e9rmino y luego el resto. Tambi\u00e9n se puede configurar que se abone s\u00f3lo [&hellip;]<\/p>\n","protected":false},"author":3,"featured_media":0,"parent":28,"menu_order":0,"comment_status":"closed","ping_status":"closed","template":"","meta":{"footnotes":""},"class_list":["post-1941","page","type-page","status-publish","hentry"],"_links":{"self":[{"href":"https:\/\/uniremunicipios.com.ar\/manual\/index.php?rest_route=\/wp\/v2\/pages\/1941","targetHints":{"allow":["GET"]}}],"collection":[{"href":"https:\/\/uniremunicipios.com.ar\/manual\/index.php?rest_route=\/wp\/v2\/pages"}],"about":[{"href":"https:\/\/uniremunicipios.com.ar\/manual\/index.php?rest_route=\/wp\/v2\/types\/page"}],"author":[{"embeddable":true,"href":"https:\/\/uniremunicipios.com.ar\/manual\/index.php?rest_route=\/wp\/v2\/users\/3"}],"replies":[{"embeddable":true,"href":"https:\/\/uniremunicipios.com.ar\/manual\/index.php?rest_route=%2Fwp%2Fv2%2Fcomments&post=1941"}],"version-history":[{"count":4,"href":"https:\/\/uniremunicipios.com.ar\/manual\/index.php?rest_route=\/wp\/v2\/pages\/1941\/revisions"}],"predecessor-version":[{"id":3943,"href":"https:\/\/uniremunicipios.com.ar\/manual\/index.php?rest_route=\/wp\/v2\/pages\/1941\/revisions\/3943"}],"up":[{"embeddable":true,"href":"https:\/\/uniremunicipios.com.ar\/manual\/index.php?rest_route=\/wp\/v2\/pages\/28"}],"wp:attachment":[{"href":"https:\/\/uniremunicipios.com.ar\/manual\/index.php?rest_route=%2Fwp%2Fv2%2Fmedia&parent=1941"}],"curies":[{"name":"wp","href":"https:\/\/api.w.org\/{rel}","templated":true}]}}