{"id":1952,"date":"2020-08-11T18:03:31","date_gmt":"2020-08-11T21:03:31","guid":{"rendered":"http:\/\/uniremunicipios.com.ar\/manual\/?page_id=1952"},"modified":"2024-09-10T12:15:07","modified_gmt":"2024-09-10T15:15:07","slug":"embargo","status":"publish","type":"page","link":"https:\/\/uniremunicipios.com.ar\/manual\/?page_id=1952","title":{"rendered":"Embargo"},"content":{"rendered":"<p class=\"rvps4\"><span class=\"rvts262\">CARGA\u00a0Y DESCUENTO DE EMBARGOS<\/span><\/p>\n<p class=\"rvps11\"><span class=\"rvts139\">\u00a0<\/span><\/p>\n<p class=\"rvps11\"><span class=\"rvts139\">Click en\u00a0 <img loading=\"lazy\" decoding=\"async\" class=\"wp-image-4531 alignnone size-medium\" src=\"http:\/\/uniremunicipios.com.ar\/manual\/wp-content\/uploads\/2024\/09\/Pasted-6.png\" alt=\"\" width=\"39\" height=\"42\" \/> , s<\/span><span class=\"rvts139\">e abre<\/span><\/p>\n<p class=\"rvps11\"><img loading=\"lazy\" decoding=\"async\" class=\"wp-image-4532 alignnone size-medium\" src=\"http:\/\/uniremunicipios.com.ar\/manual\/wp-content\/uploads\/2024\/09\/Pasted-7.png\" alt=\"\" width=\"300\" height=\"129\" srcset=\"https:\/\/uniremunicipios.com.ar\/manual\/wp-content\/uploads\/2024\/09\/Pasted-7.png 310w, https:\/\/uniremunicipios.com.ar\/manual\/wp-content\/uploads\/2024\/09\/Pasted-7-300x129.png 300w\" sizes=\"auto, (max-width: 300px) 100vw, 300px\" \/><\/p>\n<p class=\"rvps11\"><span class=\"rvts139\">\u00a0<\/span><\/p>\n<p class=\"rvps11\"><span class=\"rvts139\">con AGREGAR cargo un nuevo embargo.<\/span><\/p>\n<p class=\"rvps11\"><span class=\"rvts139\"><img loading=\"lazy\" decoding=\"async\" width=\"623\" height=\"511\" class=\"alignnone wp-image-1954 size-full\" src=\"http:\/\/uniremunicipios.com.ar\/manual\/wp-content\/uploads\/2020\/08\/Pasted-into-embargo-1.png\" srcset=\"https:\/\/uniremunicipios.com.ar\/manual\/wp-content\/uploads\/2020\/08\/Pasted-into-embargo-1.png 623w, https:\/\/uniremunicipios.com.ar\/manual\/wp-content\/uploads\/2020\/08\/Pasted-into-embargo-1-300x246.png 300w\" sizes=\"auto, (max-width: 623px) 100vw, 623px\" \/><br \/>\n<\/span><\/p>\n<p class=\"rvps11\"><span class=\"rvts139\">\u00a0<\/span><span class=\"rvts68\">Por porcentaje en valor descuento va el porcentaje mensual.<\/span><\/p>\n<p class=\"rvps2\"><span class=\"rvts68\">En total siempre va la suma que el oficio nos notificada como el total del embargo.<\/span><\/p>\n<p class=\"rvps2\"><span class=\"rvts68\">En mantenimiento si hay un costo mensual por el dep\u00f3sito que debe descontarse.<\/span><\/p>\n<p class=\"rvps2\"><span class=\"rvts68\">Destinatario, el que indique el juez.<\/span><\/p>\n<p class=\"rvps2\"><span class=\"rvts68\">Banco, sucursal y cuenta: donde debe realizarse el dep\u00f3sito correspondiente.<\/span><\/p>\n<p class=\"rvps2\"><span class=\"rvts68\">Informaci\u00f3n judicial: la que figura en el oficio, solamente como dato informativo.<\/span><\/p>\n<p class=\"rvps11\"><span class=\"rvts139\">ME MUESTRA COMO QUEDA CARGADO EL EMBARGO<\/span><\/p>\n<p class=\"rvps11\"><img loading=\"lazy\" decoding=\"async\" class=\"wp-image-4533 alignnone size-medium\" src=\"http:\/\/uniremunicipios.com.ar\/manual\/wp-content\/uploads\/2024\/09\/Pasted-8.png\" alt=\"\" width=\"300\" height=\"38\" srcset=\"https:\/\/uniremunicipios.com.ar\/manual\/wp-content\/uploads\/2024\/09\/Pasted-8.png 984w, https:\/\/uniremunicipios.com.ar\/manual\/wp-content\/uploads\/2024\/09\/Pasted-8-300x38.png 300w, https:\/\/uniremunicipios.com.ar\/manual\/wp-content\/uploads\/2024\/09\/Pasted-8-768x97.png 768w\" sizes=\"auto, (max-width: 300px) 100vw, 300px\" \/><\/p>\n<p class=\"rvps2\"><span class=\"rvts68\">En el recibo puedo ver el descuento que realiza al liquidar el sueldo de dicho empleado.<\/span><\/p>\n<p class=\"rvps11\"><img loading=\"lazy\" decoding=\"async\" width=\"890\" height=\"370\" class=\"alignnone wp-image-1955 size-full\" src=\"http:\/\/uniremunicipios.com.ar\/manual\/wp-content\/uploads\/2020\/08\/Pasted-into-embargo-2.png\" srcset=\"https:\/\/uniremunicipios.com.ar\/manual\/wp-content\/uploads\/2020\/08\/Pasted-into-embargo-2.png 890w, https:\/\/uniremunicipios.com.ar\/manual\/wp-content\/uploads\/2020\/08\/Pasted-into-embargo-2-300x125.png 300w, https:\/\/uniremunicipios.com.ar\/manual\/wp-content\/uploads\/2020\/08\/Pasted-into-embargo-2-768x319.png 768w\" sizes=\"auto, (max-width: 890px) 100vw, 890px\" \/><\/p>\n<p class=\"rvps2\"><span class=\"rvts68\">En embargos me muestra el importe total, lo descontado y el saldo.<\/span><\/p>\n<p class=\"rvps11\"><span class=\"rvts139\"> <img loading=\"lazy\" decoding=\"async\" class=\"wp-image-4534 alignnone size-medium\" src=\"http:\/\/uniremunicipios.com.ar\/manual\/wp-content\/uploads\/2024\/09\/Pasted-9.png\" alt=\"\" width=\"300\" height=\"81\" srcset=\"https:\/\/uniremunicipios.com.ar\/manual\/wp-content\/uploads\/2024\/09\/Pasted-9.png 450w, https:\/\/uniremunicipios.com.ar\/manual\/wp-content\/uploads\/2024\/09\/Pasted-9-300x81.png 300w\" sizes=\"auto, (max-width: 300px) 100vw, 300px\" \/><\/span><\/p>\n<p class=\"rvps11\">Desde <img loading=\"lazy\" decoding=\"async\" class=\"wp-image-4535 alignnone size-medium\" src=\"http:\/\/uniremunicipios.com.ar\/manual\/wp-content\/uploads\/2024\/09\/Pasted-10.png\" alt=\"\" width=\"44\" height=\"46\" \/> veo todos los descuentos<\/p>\n<p><img loading=\"lazy\" decoding=\"async\" class=\"wp-image-4536 alignnone size-medium\" src=\"http:\/\/uniremunicipios.com.ar\/manual\/wp-content\/uploads\/2024\/09\/Pasted-11.png\" alt=\"\" width=\"300\" height=\"43\" srcset=\"https:\/\/uniremunicipios.com.ar\/manual\/wp-content\/uploads\/2024\/09\/Pasted-11.png 895w, https:\/\/uniremunicipios.com.ar\/manual\/wp-content\/uploads\/2024\/09\/Pasted-11-300x43.png 300w, https:\/\/uniremunicipios.com.ar\/manual\/wp-content\/uploads\/2024\/09\/Pasted-11-768x111.png 768w\" sizes=\"auto, (max-width: 300px) 100vw, 300px\" \/><\/p>\n<p class=\"rvps11\"><span class=\"rvts139\">\u00a0<\/span><\/p>\n<p class=\"rvps2\"><span class=\"rvts68\">Llega un nuevo embargo, se carga, pero sigue liquidando el primero hasta terminarlo por completo, al mes siguiente que termina uno, empieza el otro, puede haber &#8220;n&#8221; embargos en cola.<\/span><\/p>\n<p class=\"rvps11\"><span class=\"rvts68\">Actualmente en la mayor\u00eda de los casos el juez tiene en cuenta en el descuento el salario m\u00ednimo vital y m\u00f3vil, si el empleado gana un dinero que al compararse con dicho salario m\u00ednimo vital y m\u00f3vil, supera los dos SMVM, en la mayor\u00eda de los casos se descuenta el 20%, si no cubre dos de los mismos, el descuento es del 10%. Para realizar estos c\u00e1lculos se crea una f\u00f3rmula, previendo esto y la cancelaci\u00f3n, ya que en todos los casos, el saldo en alg\u00fan momento es menor al c\u00e1lculo correspondiente y se debe cerrar en cero. <\/span><span class=\"rvts68\">La misma debe carg\u00e1rsela al concepto embargo.<\/span><\/p>\n<p>EN EL CASO QUE SE NECESITE SABER CUANDO TERMINA UN EMBARGO Y COMIENZA UNO EN COLA, PODEMOS EMITIR UN REPORTE DESDE<\/p>\n<p><img loading=\"lazy\" decoding=\"async\" class=\"wp-image-4537 alignnone \" src=\"http:\/\/uniremunicipios.com.ar\/manual\/wp-content\/uploads\/2024\/09\/image-10.png\" alt=\"\" width=\"386\" height=\"409\" srcset=\"https:\/\/uniremunicipios.com.ar\/manual\/wp-content\/uploads\/2024\/09\/image-10.png 444w, https:\/\/uniremunicipios.com.ar\/manual\/wp-content\/uploads\/2024\/09\/image-10-283x300.png 283w\" sizes=\"auto, (max-width: 386px) 100vw, 386px\" \/><\/p>\n<p><img loading=\"lazy\" decoding=\"async\" class=\"wp-image-4539 alignnone \" src=\"http:\/\/uniremunicipios.com.ar\/manual\/wp-content\/uploads\/2024\/09\/image-12.png\" alt=\"\" width=\"394\" height=\"134\" srcset=\"https:\/\/uniremunicipios.com.ar\/manual\/wp-content\/uploads\/2024\/09\/image-12.png 395w, https:\/\/uniremunicipios.com.ar\/manual\/wp-content\/uploads\/2024\/09\/image-12-300x102.png 300w\" sizes=\"auto, (max-width: 394px) 100vw, 394px\" \/><\/p>\n<p>EMBARGOS TERMINADOS POR RANGO DE FECHA<\/p>\n<p><img loading=\"lazy\" decoding=\"async\" class=\"wp-image-4538 alignnone \" src=\"http:\/\/uniremunicipios.com.ar\/manual\/wp-content\/uploads\/2024\/09\/image-11.png\" alt=\"\" width=\"661\" height=\"174\" srcset=\"https:\/\/uniremunicipios.com.ar\/manual\/wp-content\/uploads\/2024\/09\/image-11.png 648w, https:\/\/uniremunicipios.com.ar\/manual\/wp-content\/uploads\/2024\/09\/image-11-300x79.png 300w\" sizes=\"auto, (max-width: 661px) 100vw, 661px\" \/><\/p>\n<p>SUCEDE QUE EL BANCO DE SANTA FE CIERRA LAS CUENTAS SIN MOVIMIENTOS POR MAS DE 60 DIAS, ES DECIR QUE SI UN EMBARGO QUED\u00d3 EN COLA POR M\u00c1S TIEMPO ES POSIBLE QUE LA CUENTA YA NO SIRVA AL MOMENTO DE NECESITARLA, ESTE REPORTE NOS PERMITE AL INICIAR UN MES SABER SI SE COMPLET\u00d3 UN EMBARGO Y SE EMPIEZA A DESCONTAR UNO NUEVO, PARA SOLICITAR AL BANCO UNA NUEVA CUENTA QUE NOS PERMITA DEPOSITAR<\/p>\n","protected":false},"excerpt":{"rendered":"<p>CARGA\u00a0Y DESCUENTO DE EMBARGOS \u00a0 Click en\u00a0 , se abre \u00a0 con AGREGAR cargo un nuevo embargo. \u00a0Por porcentaje en valor descuento va el porcentaje mensual. En total siempre va la suma que el oficio nos notificada como el total del embargo. En mantenimiento si hay un costo mensual por el dep\u00f3sito que debe descontarse. [&hellip;]<\/p>\n","protected":false},"author":3,"featured_media":0,"parent":28,"menu_order":0,"comment_status":"closed","ping_status":"closed","template":"","meta":{"footnotes":""},"class_list":["post-1952","page","type-page","status-publish","hentry"],"_links":{"self":[{"href":"https:\/\/uniremunicipios.com.ar\/manual\/index.php?rest_route=\/wp\/v2\/pages\/1952","targetHints":{"allow":["GET"]}}],"collection":[{"href":"https:\/\/uniremunicipios.com.ar\/manual\/index.php?rest_route=\/wp\/v2\/pages"}],"about":[{"href":"https:\/\/uniremunicipios.com.ar\/manual\/index.php?rest_route=\/wp\/v2\/types\/page"}],"author":[{"embeddable":true,"href":"https:\/\/uniremunicipios.com.ar\/manual\/index.php?rest_route=\/wp\/v2\/users\/3"}],"replies":[{"embeddable":true,"href":"https:\/\/uniremunicipios.com.ar\/manual\/index.php?rest_route=%2Fwp%2Fv2%2Fcomments&post=1952"}],"version-history":[{"count":4,"href":"https:\/\/uniremunicipios.com.ar\/manual\/index.php?rest_route=\/wp\/v2\/pages\/1952\/revisions"}],"predecessor-version":[{"id":4540,"href":"https:\/\/uniremunicipios.com.ar\/manual\/index.php?rest_route=\/wp\/v2\/pages\/1952\/revisions\/4540"}],"up":[{"embeddable":true,"href":"https:\/\/uniremunicipios.com.ar\/manual\/index.php?rest_route=\/wp\/v2\/pages\/28"}],"wp:attachment":[{"href":"https:\/\/uniremunicipios.com.ar\/manual\/index.php?rest_route=%2Fwp%2Fv2%2Fmedia&parent=1952"}],"curies":[{"name":"wp","href":"https:\/\/api.w.org\/{rel}","templated":true}]}}