{"id":196,"date":"2019-05-31T15:34:20","date_gmt":"2019-05-31T18:34:20","guid":{"rendered":"http:\/\/uniremunicipios.com.ar\/manual\/?page_id=196"},"modified":"2020-05-28T11:57:04","modified_gmt":"2020-05-28T14:57:04","slug":"bajada-de-archivos-bancarios-electronica","status":"publish","type":"page","link":"https:\/\/uniremunicipios.com.ar\/manual\/?page_id=196","title":{"rendered":"Ingreso Depositos por Archivos Bancarios Electronicos"},"content":{"rendered":"<p>M\u00f3dulo: UNIRE BANCOS<\/p>\n<p>Men\u00fa: Bancos\/Dep\u00f3sito por Cobranzas de Recibos\/Ingreso de Dep\u00f3sitos&#8230;<\/p>\n<p>Para realizar las bajadas de los registros online bancarios, es necesario a partir de la fecha configurar los registros de cada entidad recaudadora. (llamar al personal de UNIRE para verificar si sus registros son correctos)<\/p>\n<p>Se presiona el bot\u00f3n <img decoding=\"async\" src=\"data:image\/png;base64,iVBORw0KGgoAAAANSUhEUgAAACMAAAAhCAYAAABTERJSAAAA90lEQVRYCe2VwQ6CMAyGN+Pb6IGbvv8Jbzvg82A68sfZbELbkexQEjM3RvvxtUBc0ryGQY7LIBwZw2Fa1XAzbqZloLXuPdPFzG16BvqddajKdBZQlH6bSpAYfj9rS3qZpInNvNOcE3IQWrxPDxPMVXN1Bpq2K0sbVhixGQ6PsllBKK7KTAmUy1WxVO45+t9sZg2EE3M+qx0zDBoaQEct1PaZYSgogGoJJGvmnvmWZnvnUENr4dRmykcad49S4QnDiPN7o\/gNvBeQA0gsqc20oCTJeYzuMNwMT\/hvbm5gHnwoMxxOMu9eJklyvtdhuBHM3QxM8HEoMx+inDihmbVQxQAAAABJRU5ErkJggg==\" \/>\u00a0, y el sistema muestra la entidad bancaria sobre la que se va a trabajar, luego direcciona donde se hallan los registros pendientes (bajados del banco y ubicados en N:\\PS-IO\\ING\\BANCOS\u2026..), se selecciona el registro correspondiente y contin\u00faa el proceso id\u00e9ntico al que ven\u00edamos realizando.<\/p>\n<p>Si bien UNIRE tomar\u00e1 la fecha que el banco informa en cada registro es necesario, para armar las conciliaciones, utilizar la fecha real del dep\u00f3sito, siendo coincidente con la entidad bancaria \u00a0.<\/p>\n<p><img decoding=\"async\" src=\"data:image\/png;base64,iVBORw0KGgoAAAANSUhEUgAAAdIAAACXCAYAAAChgtpdAAAMrUlEQVR4Ae3dPXIUSRoGYGljnD3IGhCDMRwBnWDPMC4x1njEWBN4WITcvQLy8BDemmBAgLHmHGJMLTnEN5GqruzO6qouZXY9HQFdlX\/11ZMKvZQQ4vLu2+vCiwABAgQIEDhK4B9HzTKJAAECBAgQ+EtAkPpAIECAAAECMwQE6Qw8UwkQIECAgCD1MUCAAAECBGYICNIZeKYSIECAAIEfxgi+fv441qyNAAECBAhsRuD5L79evLt9d\/B+R4M0zXr0408HJxtAgAABAgTOUeDl7y+rb6sYpGkFT6bVjgYSIECAwEYF9gZpMnn67\/9slMZtEyBAgMAWBT7c\/Dzptn2z0SQugwkQIECAwH2Bg0+k94c7I0CAAAECywr8+b\/roxe8enZ18d8\/Hv01f6l1phYjSKeKGU+AAAECiwsc8z05b27e7tSx1Do7C+9paCpI408T\/\/zX8z0l6yJAgACBLQg8fvL03m1++fTh3nkrJ9VBGiGXF75k4MX6NWvmY\/PjvDbHBAgQINCvQIRohGc6T7\/ivObOhmvEnFJ79E99n\/zNRinoIuwixKZedGx8vu5Yf942ZWw+zzEBAgQIbEcgQjeCM915HEffEhrVT6TDi6UwS0GafpWCtdSe1oq+dDwM5EN9MX5sXLTFmLR+ekX797Pvv8eYsb58nGMCBAgQWFcgD7o54ZfWSfNjjXQX+dpL3NXkJ9LSRfNQimCKtpiT2od9MaamL+bGevn72PyxtnyOYwIECBBoWyACcE745XPz46Xu\/Ogn0lIBEYyl\/mPaY819QXrMukuvd0wN5hAgQIDAaQUijNNV0vHSYbp4kC4ZTmmtCNEEkI6XXD+t6UWAAAEC7QrMDb0I0VgnnS8dpkd\/aTcC7tTBltY\/1TXSPcR9tPthpDICBAhsVyCC7xiBYYimNfJAPWbNsTmTn0jz4MkDLh2PBVM+Zmzu2LyYk49PxUd7fiPD+el82Faam6\/jmAABAgTOSyBCc3hXpfbhuNrz6iAdC7HhRQ6NKfXPbR+bP9Y2td7heOcECBAgsK7A0qF3iuqrg\/QUF7cmAQIECBBIAmM\/7u8YmaXWmXLtVYK05ulwStHGEiBAgMD5CKQfPL\/Ea6l1ptaySpBOLcp4AgQIENiOQPzvLXPveKl1ptZx9HftTr2Q8QQIECBA4BwFDj6RTv2fws8RyT0RIECAAIGSgCfSkox2AgQIECBQISBIK5AMIUCAAAECJQFBWpLRToAAAQIEKgQEaQWSIQQIECBAoCQgSEsy2gkQIECAQIWAIK1AMoQAAQIECJQEBGlJRjsBAgQIEKgQEKQVSIYQIECAAIGSgCAtyWgnQIAAAQIVAoK0AskQAgQIECBQEhCkJRntBAgQIECgQkCQViAZQoAAAQIESgKCtCSjnQABAgQIVAgI0gokQwgQIECAQElAkJZktBMgQIAAgQoBQVqBZAgBAgQIECgJHPyPvUsTtROoEXhz87ZmmDEECHQq8OK3FxdfP3\/stPplyhakyzhaZY\/A7fvbPb26CBDoVeD69ateS1+0bkG6KOeyiz1+8vTegl8+fbh3Puckrb1vvUP9U6\/97vbd1CnGEyDQuMDWn0Rje\/wdaUg0+p7CLn4Ng\/XYkmtCMkJ2qWseW6t5BAgQaF1AkLa+Q1l9KdyWCLYIyWxphwQIECBwpIAv7R4J18q0PFgjIPO2VGe0p+O8b6w92tK40nFaJ72i\/\/vZtN8vLy\/\/nnB3d\/f3cak9BqT+GF8aW2ofWyO15WvGmHjf1xdjvBMgsG0BQdrx\/udhl24jP89DLtrjPW45zuN9uEaMi7XycaWxMWff+zCc4jzeY+7wPNrT+7AvzuM9xg7Poz3WyM+Hx2muFwECBA4JCNJDQo33p3Cb+0pBGSEZoTl3zX3z44ly35il+vZdK\/oE5lLa1iGwTQFB2vm+LxV8eZi2SrLv6bK25to1YpyQrZU1jsB2BXyzUUd7H0+NpZKPfTqNeRGmpfWXbk8hFYG15NqxrhBcUtVaBAiUBDyRlmQaaY+QS+UMnz6HwZf3j80rjc\/b8zXimmmt1J6Pi770fuwr\/9JqHJfWmhK4+Vr5vPy4dJ3UXjtu3xr6CBDYjoAgbXivh6E2VmppzNz2fH7peKyec2lLYRovwRoS3gkQGBPwpd0xFW0nFchDquZCSwTZlDXSE238SvXlT7g19RpDgMC2BDyRnuF+50+QLd5eCqY8TCOoSu1j91AaW2ofW0MbAQIElhAQpEsoWmOyQITncOJY+1hbmjelvTR23zqH+lK\/FwECBHxp18cAAQIECBCYISBIZ+CZSoAAAQIEBKmPAQIECBAgMENAkM7AM5UAAQIECAhSHwMECBAgQGCGgCCdgWcqAQIECBAQpD4GCBAgQIDADAH\/jnQGnql1AtevX118\/fyxbrBRBAgQ6ExAkHa2Yb2V++K3F72VrF4CBAhMEhCkk7gMnirgSXSqmPEECPQm4O9Ie9sx9RIgQIBAUwKCtKntUAwBAgQI9CYgSHvbMfUSIECAQFMCgrSp7VAMAQIECPQmIEh72zH1EiBAgEBTAoK0qe1QDAECBAj0JiBIe9sx9RIgQIBAUwKCtKntUAwBAgQI9CYgSHvbMfUSIECAQFMCgrSp7VAMAQIECPQmIEh72zH1EiBAgEBTAoK0qe1QDAECBAj0JiBIe9sx9RIgQIBAUwKCtKntUAwBAgQI9CYgSHvbMfUSIECAQFMCgrSp7VAMAQIECPQmIEh72zH1EiBAgEBTAoK0qe1QDAECBAj0JiBIe9sx9RIgQIBAUwKCtKntUAwBAgQI9CYgSHvbMfUSIECAQFMCgrSp7VAMAQIECPQmIEh72zH1EiBAgEBTAoK0qe1QDAECBAj0JiBIe9sx9RIgQIBAUwKCtKntUAwBAgQI9CYgSHvbMfUSIECAQFMCgrSp7VAMAQIECPQmIEh72zH1EiBAgEBTAj80VY1iCBA4a4HHT56e9f0durkvnz4cGrJI\/6Mff1pknR4XuXp2dXH9+tWqpQvSVbldjACBu7u7zSGkT+63729Xve+vnz+uer0WLvbm5u2DlCFIH4TdRQlsW2BLn+Qf6pP7tj\/C1r17f0e6rrerESBAgMCZCQjSM9tQt0OAAAEC6woI0nW9XY0AAQIEzkxAkJ7ZhrodAgQIEFhXQJCu6+1qBAgQIHBmAoL0zDbU7RAgQIDAugL++cu63q5GgMBKAsMf\/pD\/MITUl5+vVFLzl9lndsrie98PQXrKjw5rEyDwIAJjn5jH2h6kuEYvOuYz1tZo+Q9ali\/tPii\/ixMgQKBdAU\/tdXvjibTOySgCBM5UwFNX3cYmp3hFwIZd9EV7Ghdt6bimPY1Lr9K8771t\/i5I29wXVREgsIJABMEKl+r+EsMwjPPcMI7jPW46zuN92B7n6T3WTcfD8amtxZcgbXFX1ESAwMkFevkkfXKIygskr7FXHnxj\/aktH1NaJ+Ye6o9xLb0L0pZ2Qy0ECKwmkD65C9M67qHTnLDLQ3V49SWvM1z7lOe+2eiUutYmQKBpgQjTpot8wOLmBGZedmmdUns+t4djT6Q97JIaCRCYJDAWkKUnoRhb6p904Y4Hh0N+C2Ey1pePGx4Px5fWifaYP5wX7a2\/C9LWd0h9BAgcJTD8JJ0vMuwbnudjt3S8z2Gsb9iWn+fHueFYe96WH+fzWj72pd2Wd0dtBAgQINC8gCBtfosUSIAAAQItCwjSlndHbQQIECDQvIAgbX6LFEiAAAECLQsI0pZ3R20ECBAg0LyAIG1+ixRIgAABAi0L+OcvLe+O2gicqcCbm7dnemdua4sCgnSLu+6eCTygwNWzqwe8+nYu7Q8r6+21IF3P2pUIEPgmcPv+lsOJBfxh5cTAg+UF6QDEKQECpxPo8afWnE7jdCtfv351usWtvCPgm412SDQQIECAAIF6AUFab2UkAQIECBDYERCkOyQaCBAgQIBAvYAgrbcykgABAgQI7AgI0h0SDQQIECBAoF5AkNZbGUmAAAECBHYEBOkOiQYCBAgQIFAvIEjrrYwkQIAAAQI7AoJ0h0QDAQIECBCoFxCk9VZGEiBAgACBHQFBukOigQABAgQI1AsI0norIwkQIECAwI6AIN0h0UCAAAECBOoFBGm9lZEECBAgQGBHQJDukGggQIAAAQL1AoK03spIAgQIECCwI1D8j71f\/v5yZ7AGAgQIECBA4L7AaJA+\/+XX+6OcESBAgAABAqMCl3ffXqM9GgkQIECAAIGDAv6O9CCRAQQIECBAoCwgSMs2eggQIECAwEEBQXqQyAACBAgQIFAWEKRlGz0ECBAgQOCggCA9SGQAAQIECBAoC\/wf8g0nDodgncIAAAAASUVORK5CYII=\" \/><\/p>\n<p>Si los datos son correctos se confirma el proceso.<\/p>\n<p>Si el sistema halla datos no concordantes, ya sea que el ID no es id\u00e9ntico, o los importes no coinciden tira un reporte como el que se muestra a continuaci\u00f3n, donde se debe seleccionar y copiar en el BLOC DE NOTAS para corregir posteriormente en forma manual.<\/p>\n<ul>\n<li>No se encuentra &#8211; ID : 090002149135<\/li>\n<li>No se encuentra &#8211; ID : 020255132213<\/li>\n<li>Diferencia Importe &#8211; ID : 074055046040<\/li>\n<li>No se encuentra &#8211; ID : 090001149135<\/li>\n<li>Dif.Imp.-ID :122170041040 $ 685.17 $ 719.43<\/li>\n<\/ul>\n<p>Se debe tener en claro que los ID de UNIRE siempre terminan en 040 (cuando se inicia el sistema), por lo que es probable que los otros ID marcados sean del sistema anterior o no correspondan a nuestra cobranza.<\/p>\n<p>Para este ejemplo se debe anotar para tener en cuenta el ID que registra Diferencia de importe, ya que UNIRE est\u00e1 leyendo un cobro diferente al que emite el Banco.<\/p>\n<ul>\n<li>Si no tira ning\u00fan reporte de errores, el sistema ya ha procesado los recibos, y s\u00f3lo falta cambiar de <img decoding=\"async\" src=\"data:image\/png;base64,iVBORw0KGgoAAAANSUhEUgAAACUAAAAoCAYAAAB5ADPdAAABg0lEQVRYCe2YPY7CMBCFA6Kg5B6koFhp9xh7VI4BEkWKcA\/K7RYG9MLzxEnGP4UlnMbjmfHM5+eEiKz67vTfFHatC+N54lQo66kUqdTGSo+89vANs+m782DnNKKUEhgAtccfh2d\/cOdO0DiJgkJtAGGEP3WMhtIgep4CFnxPoVn\/e3qaAgMbsdQxWqnUxnPri4SKPj69U37qYF+71xHr3KV5NqU0gJ4vgXA8G5QUBQhG\/qHlpkt2MpR+8gCExpfbH0zzGHVPxSpgpQqGwuvF2uBys2a+85KP710qn1WhrFp+plJfu61VoCHvM5Uath9gVKWsYhWplPOaaT3\/RB7fGrwblNypmG9BSL4DJcVCGvma5\/CNoKaK+lTk3XOcN8Z+rg0\/5yI+gkIyEmSR+PRi7UOc13POnB9r0XMEpRMkUXwo6otLDuJip17mp09gGI4bQ5EpYM612COl9I41CDcGjDTS68Sn14pPLvZzvVe0aVYPZ\/28CDXmRvM9NVckd6xCWRW9AzZWhFOFB9SOAAAAAElFTkSuQmCC\" \/>\u00a0para darlo por terminado y que realice el asiento contable y el cierre del dep\u00f3sito.<\/li>\n<li>Si UNIRE tira el reporte similar al que figura mas arriba, significa que a\u00fan\u00a0 no ha procesado ning\u00fan registro. En primer lugar se debe ir a los registros bancarios, en N:\\PS-IO\\ING\\BANCOS\u2026., y se observar\u00e1 que ahora existe un registro <img loading=\"lazy\" decoding=\"async\" width=\"169\" height=\"68\" class=\"wp-image-200 size-full alignnone\" src=\"http:\/\/uniremunicipios.com.ar\/manual\/wp-content\/uploads\/2019\/05\/Pasted-into-1-3.png\" \/> , donde UNIRE ha separado en BIEN y en ERRORES.<\/li>\n<\/ul>\n<p>Una vez realizado este procedimiento se vuelve a realizar todo nuevamente con el archivo <u>*.bien<\/u>.<\/p>\n<p>Si se debe agregar un registro se puede luego poner MODIFICA y con el bot\u00f3n INGRESA se teclea el ID en cuesti\u00f3n que posee alguna diferencia.<\/p>\n<p>Se debe tener en cuenta que si se ha ingresado a mano un ID porque el sistema no lo ha bajado autom\u00e1ticamente, luego de ingresarlo y poner OK es necesario volver a poner MODIFICA y OK. Esto es para que tome los cambios.<\/p>\n<p>Para finalizar es el mismo procedimiento, se le cambia el estado y termina la operatoria.<\/p>\n","protected":false},"excerpt":{"rendered":"<p>M\u00f3dulo: UNIRE BANCOS Men\u00fa: Bancos\/Dep\u00f3sito por Cobranzas de Recibos\/Ingreso de Dep\u00f3sitos&#8230; Para realizar las bajadas de los registros online bancarios, es necesario a partir de la fecha configurar los registros de cada entidad recaudadora. (llamar al personal de UNIRE para verificar si sus registros son correctos) Se presiona el bot\u00f3n \u00a0, y el sistema muestra [&hellip;]<\/p>\n","protected":false},"author":4,"featured_media":0,"parent":194,"menu_order":0,"comment_status":"closed","ping_status":"closed","template":"","meta":{"footnotes":""},"class_list":["post-196","page","type-page","status-publish","hentry"],"_links":{"self":[{"href":"https:\/\/uniremunicipios.com.ar\/manual\/index.php?rest_route=\/wp\/v2\/pages\/196","targetHints":{"allow":["GET"]}}],"collection":[{"href":"https:\/\/uniremunicipios.com.ar\/manual\/index.php?rest_route=\/wp\/v2\/pages"}],"about":[{"href":"https:\/\/uniremunicipios.com.ar\/manual\/index.php?rest_route=\/wp\/v2\/types\/page"}],"author":[{"embeddable":true,"href":"https:\/\/uniremunicipios.com.ar\/manual\/index.php?rest_route=\/wp\/v2\/users\/4"}],"replies":[{"embeddable":true,"href":"https:\/\/uniremunicipios.com.ar\/manual\/index.php?rest_route=%2Fwp%2Fv2%2Fcomments&post=196"}],"version-history":[{"count":12,"href":"https:\/\/uniremunicipios.com.ar\/manual\/index.php?rest_route=\/wp\/v2\/pages\/196\/revisions"}],"predecessor-version":[{"id":5509,"href":"https:\/\/uniremunicipios.com.ar\/manual\/index.php?rest_route=\/wp\/v2\/pages\/196\/revisions\/5509"}],"up":[{"embeddable":true,"href":"https:\/\/uniremunicipios.com.ar\/manual\/index.php?rest_route=\/wp\/v2\/pages\/194"}],"wp:attachment":[{"href":"https:\/\/uniremunicipios.com.ar\/manual\/index.php?rest_route=%2Fwp%2Fv2%2Fmedia&parent=196"}],"curies":[{"name":"wp","href":"https:\/\/api.w.org\/{rel}","templated":true}]}}