{"id":1972,"date":"2020-08-13T11:48:05","date_gmt":"2020-08-13T14:48:05","guid":{"rendered":"http:\/\/uniremunicipios.com.ar\/manual\/?page_id=1972"},"modified":"2025-06-10T12:18:24","modified_gmt":"2025-06-10T15:18:24","slug":"creditos-personales","status":"publish","type":"page","link":"https:\/\/uniremunicipios.com.ar\/manual\/?page_id=1972","title":{"rendered":"Creditos Personales en sueldos"},"content":{"rendered":"<p>Si hay que descontarle a un empleado un monto fijo por varios meses se puede configurar un concepto y despu\u00e9s asignarlo en cr\u00e9ditos personales.<\/p>\n<p>En Cantidad : 1<br \/>\nen Precio : CuotaCredito()<\/p>\n<p><img loading=\"lazy\" decoding=\"async\" width=\"437\" height=\"315\" class=\"alignnone wp-image-1973 size-full\" src=\"http:\/\/uniremunicipios.com.ar\/manual\/wp-content\/uploads\/2020\/08\/Pasted-into-Creditos-Personales.png\" srcset=\"https:\/\/uniremunicipios.com.ar\/manual\/wp-content\/uploads\/2020\/08\/Pasted-into-Creditos-Personales.png 437w, https:\/\/uniremunicipios.com.ar\/manual\/wp-content\/uploads\/2020\/08\/Pasted-into-Creditos-Personales-300x216.png 300w\" sizes=\"auto, (max-width: 437px) 100vw, 437px\" \/><\/p>\n<p>&nbsp;<\/p>\n<p>Para cargar un cr\u00e9dito personal a un empleado, se debe posicionar sobre el empleado y en Descuentos &#8211;&gt; Cr\u00e9ditos Personales.<\/p>\n<p><img loading=\"lazy\" decoding=\"async\" width=\"397\" height=\"157\" class=\"alignnone wp-image-1974 size-full\" src=\"http:\/\/uniremunicipios.com.ar\/manual\/wp-content\/uploads\/2020\/08\/Pasted-into-Creditos-Personales-1.png\" srcset=\"https:\/\/uniremunicipios.com.ar\/manual\/wp-content\/uploads\/2020\/08\/Pasted-into-Creditos-Personales-1.png 397w, https:\/\/uniremunicipios.com.ar\/manual\/wp-content\/uploads\/2020\/08\/Pasted-into-Creditos-Personales-1-300x119.png 300w\" sizes=\"auto, (max-width: 397px) 100vw, 397px\" \/><\/p>\n<p>Luego hacer clic en Agregar y completar los datos necesarios.<\/p>\n<p><img loading=\"lazy\" decoding=\"async\" width=\"59\" height=\"64\" class=\"alignnone wp-image-3969 size-full\" src=\"http:\/\/uniremunicipios.com.ar\/manual\/wp-content\/uploads\/2022\/10\/Pasted-into-Creditos-Personales-en-sueldos-OK-1.png\" \/><\/p>\n<p><img loading=\"lazy\" decoding=\"async\" width=\"624\" height=\"297\" class=\"alignnone wp-image-3968 size-full\" src=\"http:\/\/uniremunicipios.com.ar\/manual\/wp-content\/uploads\/2022\/10\/Pasted-into-Creditos-Personales-en-sueldos-OK.png\" srcset=\"https:\/\/uniremunicipios.com.ar\/manual\/wp-content\/uploads\/2022\/10\/Pasted-into-Creditos-Personales-en-sueldos-OK.png 624w, https:\/\/uniremunicipios.com.ar\/manual\/wp-content\/uploads\/2022\/10\/Pasted-into-Creditos-Personales-en-sueldos-OK-300x143.png 300w\" sizes=\"auto, (max-width: 624px) 100vw, 624px\" \/><\/p>\n<p>En Concepto, vamos a asociar que va a salir reflejado en el recibo.<\/p>\n<p>En Otorgado, la fecha en el cual se dispuso el cr\u00e9dito<\/p>\n<p>Vigencia, permite poner una fecha desde la cual se empezar\u00e1 a descontar.<\/p>\n<p>En Valor descuento, lo que mensualmente va a ir descontando.<\/p>\n<p>En Total Cr\u00e9dito, el total acordado.<\/p>\n<p>&nbsp;<\/p>\n<p>Por \u00faltimo, resta reliquidar al empleado para que trabaje el concepto.<\/p>\n<p>NOTA: El concepto tiene que estar dentro del tipo de liquidaci\u00f3n.<\/p>\n<p><img loading=\"lazy\" decoding=\"async\" width=\"589\" height=\"38\" class=\"alignnone wp-image-1977 size-full\" src=\"http:\/\/uniremunicipios.com.ar\/manual\/wp-content\/uploads\/2020\/08\/Pasted-into-Creditos-Personales-4.png\" srcset=\"https:\/\/uniremunicipios.com.ar\/manual\/wp-content\/uploads\/2020\/08\/Pasted-into-Creditos-Personales-4.png 589w, https:\/\/uniremunicipios.com.ar\/manual\/wp-content\/uploads\/2020\/08\/Pasted-into-Creditos-Personales-4-300x19.png 300w\" sizes=\"auto, (max-width: 589px) 100vw, 589px\" \/><\/p>\n<p>En cualquier momento se puede revisar el estado del cr\u00e9dito de un empleado, ver el total de la deuda, cuanto ya cancelo, y cuanto es el saldo a cancelar.<\/p>\n","protected":false},"excerpt":{"rendered":"<p>Si hay que descontarle a un empleado un monto fijo por varios meses se puede configurar un concepto y despu\u00e9s asignarlo en cr\u00e9ditos personales. En Cantidad : 1 en Precio : CuotaCredito() &nbsp; Para cargar un cr\u00e9dito personal a un empleado, se debe posicionar sobre el empleado y en Descuentos &#8211;&gt; Cr\u00e9ditos Personales. Luego hacer [&hellip;]<\/p>\n","protected":false},"author":4,"featured_media":0,"parent":28,"menu_order":0,"comment_status":"closed","ping_status":"closed","template":"","meta":{"footnotes":""},"class_list":["post-1972","page","type-page","status-publish","hentry"],"_links":{"self":[{"href":"https:\/\/uniremunicipios.com.ar\/manual\/index.php?rest_route=\/wp\/v2\/pages\/1972","targetHints":{"allow":["GET"]}}],"collection":[{"href":"https:\/\/uniremunicipios.com.ar\/manual\/index.php?rest_route=\/wp\/v2\/pages"}],"about":[{"href":"https:\/\/uniremunicipios.com.ar\/manual\/index.php?rest_route=\/wp\/v2\/types\/page"}],"author":[{"embeddable":true,"href":"https:\/\/uniremunicipios.com.ar\/manual\/index.php?rest_route=\/wp\/v2\/users\/4"}],"replies":[{"embeddable":true,"href":"https:\/\/uniremunicipios.com.ar\/manual\/index.php?rest_route=%2Fwp%2Fv2%2Fcomments&post=1972"}],"version-history":[{"count":6,"href":"https:\/\/uniremunicipios.com.ar\/manual\/index.php?rest_route=\/wp\/v2\/pages\/1972\/revisions"}],"predecessor-version":[{"id":6030,"href":"https:\/\/uniremunicipios.com.ar\/manual\/index.php?rest_route=\/wp\/v2\/pages\/1972\/revisions\/6030"}],"up":[{"embeddable":true,"href":"https:\/\/uniremunicipios.com.ar\/manual\/index.php?rest_route=\/wp\/v2\/pages\/28"}],"wp:attachment":[{"href":"https:\/\/uniremunicipios.com.ar\/manual\/index.php?rest_route=%2Fwp%2Fv2%2Fmedia&parent=1972"}],"curies":[{"name":"wp","href":"https:\/\/api.w.org\/{rel}","templated":true}]}}