{"id":1990,"date":"2020-08-19T13:59:21","date_gmt":"2020-08-19T16:59:21","guid":{"rendered":"http:\/\/uniremunicipios.com.ar\/manual\/?page_id=1990"},"modified":"2025-01-20T12:38:26","modified_gmt":"2025-01-20T15:38:26","slug":"creditos-a-descontar-en-las-liquidaciones","status":"publish","type":"page","link":"https:\/\/uniremunicipios.com.ar\/manual\/?page_id=1990","title":{"rendered":"Cr\u00e9ditos a descontar en las liquidaciones"},"content":{"rendered":"<p>Ingresando a cualquier bien imponible: por ejemplo Inmuebles Urbanos, Rurales, etc.<\/p>\n<p>Elegimos la cuenta deseada.<\/p>\n<p>Clic en el bot\u00f3n TB (tributos).<\/p>\n<p>Elegimos el tributo al que se refiere el cr\u00e9dito.<\/p>\n<p>Y tendremos disponible el siguiente men\u00fa donde aparece la opci\u00f3n CREDITOS para descontar&#8230;<\/p>\n<p><img loading=\"lazy\" decoding=\"async\" class=\"wp-image-5218 alignnone \" src=\"http:\/\/uniremunicipios.com.ar\/manual\/wp-content\/uploads\/2024\/10\/image-176.png\" alt=\"\" width=\"330\" height=\"361\" srcset=\"https:\/\/uniremunicipios.com.ar\/manual\/wp-content\/uploads\/2024\/10\/image-176.png 335w, https:\/\/uniremunicipios.com.ar\/manual\/wp-content\/uploads\/2024\/10\/image-176-274x300.png 274w\" sizes=\"auto, (max-width: 330px) 100vw, 330px\" \/><\/p>\n<p>Si el operador tiene los permisos para realizar esta carga de datos le aparecer\u00e1 el bot\u00f3n AGREGAR.<\/p>\n<p>Le aparecer\u00e1 una ventana para agregar un importe y una observaci\u00f3n.<\/p>\n<p>Este importe ser\u00e1 descontado en la pr\u00f3xima liquidaci\u00f3n de ese impuesto.<\/p>\n","protected":false},"excerpt":{"rendered":"<p>Ingresando a cualquier bien imponible: por ejemplo Inmuebles Urbanos, Rurales, etc. Elegimos la cuenta deseada. Clic en el bot\u00f3n TB (tributos). Elegimos el tributo al que se refiere el cr\u00e9dito. Y tendremos disponible el siguiente men\u00fa donde aparece la opci\u00f3n CREDITOS para descontar&#8230; Si el operador tiene los permisos para realizar esta carga de datos [&hellip;]<\/p>\n","protected":false},"author":2,"featured_media":0,"parent":515,"menu_order":0,"comment_status":"closed","ping_status":"closed","template":"","meta":{"footnotes":""},"class_list":["post-1990","page","type-page","status-publish","hentry"],"_links":{"self":[{"href":"https:\/\/uniremunicipios.com.ar\/manual\/index.php?rest_route=\/wp\/v2\/pages\/1990","targetHints":{"allow":["GET"]}}],"collection":[{"href":"https:\/\/uniremunicipios.com.ar\/manual\/index.php?rest_route=\/wp\/v2\/pages"}],"about":[{"href":"https:\/\/uniremunicipios.com.ar\/manual\/index.php?rest_route=\/wp\/v2\/types\/page"}],"author":[{"embeddable":true,"href":"https:\/\/uniremunicipios.com.ar\/manual\/index.php?rest_route=\/wp\/v2\/users\/2"}],"replies":[{"embeddable":true,"href":"https:\/\/uniremunicipios.com.ar\/manual\/index.php?rest_route=%2Fwp%2Fv2%2Fcomments&post=1990"}],"version-history":[{"count":5,"href":"https:\/\/uniremunicipios.com.ar\/manual\/index.php?rest_route=\/wp\/v2\/pages\/1990\/revisions"}],"predecessor-version":[{"id":5869,"href":"https:\/\/uniremunicipios.com.ar\/manual\/index.php?rest_route=\/wp\/v2\/pages\/1990\/revisions\/5869"}],"up":[{"embeddable":true,"href":"https:\/\/uniremunicipios.com.ar\/manual\/index.php?rest_route=\/wp\/v2\/pages\/515"}],"wp:attachment":[{"href":"https:\/\/uniremunicipios.com.ar\/manual\/index.php?rest_route=%2Fwp%2Fv2%2Fmedia&parent=1990"}],"curies":[{"name":"wp","href":"https:\/\/api.w.org\/{rel}","templated":true}]}}