{"id":1999,"date":"2020-08-20T18:20:11","date_gmt":"2020-08-20T21:20:11","guid":{"rendered":"http:\/\/uniremunicipios.com.ar\/manual\/?page_id=1999"},"modified":"2024-11-14T15:18:51","modified_gmt":"2024-11-14T18:18:51","slug":"carga-infracciones","status":"publish","type":"page","link":"https:\/\/uniremunicipios.com.ar\/manual\/?page_id=1999","title":{"rendered":"Proceso Alta de una Infraccion"},"content":{"rendered":"<p>&nbsp;<\/p>\n<p><img loading=\"lazy\" decoding=\"async\" class=\"wp-image-5487 alignnone \" src=\"http:\/\/uniremunicipios.com.ar\/manual\/wp-content\/uploads\/2024\/11\/Pasted-26.png\" alt=\"\" width=\"514\" height=\"101\" srcset=\"https:\/\/uniremunicipios.com.ar\/manual\/wp-content\/uploads\/2024\/11\/Pasted-26.png 563w, https:\/\/uniremunicipios.com.ar\/manual\/wp-content\/uploads\/2024\/11\/Pasted-26-300x59.png 300w\" sizes=\"auto, (max-width: 514px) 100vw, 514px\" \/><\/p>\n<p>SELECCIONO EL TIPO DE INFRACCI\u00d3N<\/p>\n<p><img loading=\"lazy\" decoding=\"async\" class=\"wp-image-5488 alignnone size-medium\" src=\"http:\/\/uniremunicipios.com.ar\/manual\/wp-content\/uploads\/2024\/11\/Pasted-27.png\" alt=\"\" width=\"300\" height=\"128\" srcset=\"https:\/\/uniremunicipios.com.ar\/manual\/wp-content\/uploads\/2024\/11\/Pasted-27.png 453w, https:\/\/uniremunicipios.com.ar\/manual\/wp-content\/uploads\/2024\/11\/Pasted-27-300x128.png 300w\" sizes=\"auto, (max-width: 300px) 100vw, 300px\" \/><\/p>\n<p>ME MUESTRA LAS QUE YA EST\u00c1N CARGADAS ACTIVAS, PRESIONO <strong>AGREGAR<\/strong><\/p>\n<p><img loading=\"lazy\" decoding=\"async\" class=\"wp-image-5489 alignnone size-medium\" src=\"http:\/\/uniremunicipios.com.ar\/manual\/wp-content\/uploads\/2024\/11\/Pasted-28.png\" alt=\"\" width=\"300\" height=\"70\" srcset=\"https:\/\/uniremunicipios.com.ar\/manual\/wp-content\/uploads\/2024\/11\/Pasted-28.png 618w, https:\/\/uniremunicipios.com.ar\/manual\/wp-content\/uploads\/2024\/11\/Pasted-28-300x70.png 300w\" sizes=\"auto, (max-width: 300px) 100vw, 300px\" \/><\/p>\n<p>&nbsp;<\/p>\n<p><img loading=\"lazy\" decoding=\"async\" width=\"641\" height=\"582\" class=\"alignnone wp-image-2004 size-full\" src=\"http:\/\/uniremunicipios.com.ar\/manual\/wp-content\/uploads\/2020\/08\/Pasted-into-CARGA-INFRACCIONES-4.png\" srcset=\"https:\/\/uniremunicipios.com.ar\/manual\/wp-content\/uploads\/2020\/08\/Pasted-into-CARGA-INFRACCIONES-4.png 641w, https:\/\/uniremunicipios.com.ar\/manual\/wp-content\/uploads\/2020\/08\/Pasted-into-CARGA-INFRACCIONES-4-300x272.png 300w\" sizes=\"auto, (max-width: 641px) 100vw, 641px\" \/><\/p>\n<p>COLOCO EL NRO DE ACTA DE INFRACCI\u00d3N, EL D\u00cdA Y LA HORA EN QUE SE PRODUJO, LUEGO DEBO SELECCIONAR UNA CALLE DE LAS URBANAS (SI CONOZCO EL NUMERO DE LA CALLE LO COLOCO DIRECTAMENTE, SINO PRESIONO AL LADO YME MUESTRA TODAS LAS CALLES URBANAS Y DE OTRAS CIUDADES, RECORDAR QUE DEBE SER URBANA)<\/p>\n<p>EN CASO DE HABER SUCEDIDO EN UNA ESQUINA IGUAL DEBO COLOCAR CALLE Y ALTURA Y EN OBSERVACI\u00d3N <img loading=\"lazy\" decoding=\"async\" class=\"wp-image-5490 alignnone size-medium\" src=\"http:\/\/uniremunicipios.com.ar\/manual\/wp-content\/uploads\/2024\/11\/Pasted-29.png\" alt=\"\" width=\"246\" height=\"65\" \/>PUEDO ACLARAR LA ESQUINA<\/p>\n<p><img loading=\"lazy\" decoding=\"async\" class=\"wp-image-5491 alignnone size-medium\" src=\"http:\/\/uniremunicipios.com.ar\/manual\/wp-content\/uploads\/2024\/11\/Pasted-30.png\" alt=\"\" width=\"300\" height=\"126\" srcset=\"https:\/\/uniremunicipios.com.ar\/manual\/wp-content\/uploads\/2024\/11\/Pasted-30.png 511w, https:\/\/uniremunicipios.com.ar\/manual\/wp-content\/uploads\/2024\/11\/Pasted-30-300x126.png 300w\" sizes=\"auto, (max-width: 300px) 100vw, 300px\" \/><\/p>\n<p><img loading=\"lazy\" decoding=\"async\" class=\"wp-image-5492 alignnone size-medium\" src=\"http:\/\/uniremunicipios.com.ar\/manual\/wp-content\/uploads\/2024\/11\/Pasted-31.png\" alt=\"\" width=\"300\" height=\"148\" srcset=\"https:\/\/uniremunicipios.com.ar\/manual\/wp-content\/uploads\/2024\/11\/Pasted-31.png 454w, https:\/\/uniremunicipios.com.ar\/manual\/wp-content\/uploads\/2024\/11\/Pasted-31-300x148.png 300w\" sizes=\"auto, (max-width: 300px) 100vw, 300px\" \/><\/p>\n<p>COLOCO LUEGO LA ALTURA, EL PISO Y EL DPTO SI CORRESPONDIERA<\/p>\n<p><img loading=\"lazy\" decoding=\"async\" class=\"wp-image-5493 alignnone size-medium\" src=\"http:\/\/uniremunicipios.com.ar\/manual\/wp-content\/uploads\/2024\/11\/Pasted-32.png\" alt=\"\" width=\"300\" height=\"129\" srcset=\"https:\/\/uniremunicipios.com.ar\/manual\/wp-content\/uploads\/2024\/11\/Pasted-32.png 507w, https:\/\/uniremunicipios.com.ar\/manual\/wp-content\/uploads\/2024\/11\/Pasted-32-300x129.png 300w\" sizes=\"auto, (max-width: 300px) 100vw, 300px\" \/><\/p>\n<p>LUEGO CARGO EL O LOS MOTIVOS DE INFRACCI\u00d3N<\/p>\n<p><img loading=\"lazy\" decoding=\"async\" class=\"wp-image-5494 alignnone size-medium\" src=\"http:\/\/uniremunicipios.com.ar\/manual\/wp-content\/uploads\/2024\/11\/Pasted-33.png\" alt=\"\" width=\"300\" height=\"146\" srcset=\"https:\/\/uniremunicipios.com.ar\/manual\/wp-content\/uploads\/2024\/11\/Pasted-33.png 542w, https:\/\/uniremunicipios.com.ar\/manual\/wp-content\/uploads\/2024\/11\/Pasted-33-300x146.png 300w\" sizes=\"auto, (max-width: 300px) 100vw, 300px\" \/><\/p>\n<p>EL INFRACTOR (PUEDE SER PERSONA FISICA O ASOCIACION\/GRUPO)<\/p>\n<p><img loading=\"lazy\" decoding=\"async\" class=\"wp-image-5495 alignnone size-medium\" src=\"http:\/\/uniremunicipios.com.ar\/manual\/wp-content\/uploads\/2024\/11\/Pasted-34.png\" alt=\"\" width=\"300\" height=\"97\" srcset=\"https:\/\/uniremunicipios.com.ar\/manual\/wp-content\/uploads\/2024\/11\/Pasted-34.png 538w, https:\/\/uniremunicipios.com.ar\/manual\/wp-content\/uploads\/2024\/11\/Pasted-34-300x97.png 300w\" sizes=\"auto, (max-width: 300px) 100vw, 300px\" \/><\/p>\n<p>BUSCO POR DOCUMENTO O NOMBRE (LO QUE DISPONGA) ( EN EL CASO DE QUE LA PERSONA NO EST\u00c9 CARGADA AL SISTEMA, DEBO INGRESARLA EN PERSONAS F\u00cdSICAS, CONSULTAR A LA GENTE DE C\u00d3MPUTOS O UNIRE)<\/p>\n<p><img loading=\"lazy\" decoding=\"async\" class=\"wp-image-5496 alignnone size-medium\" src=\"http:\/\/uniremunicipios.com.ar\/manual\/wp-content\/uploads\/2024\/11\/Pasted-35.png\" alt=\"\" width=\"300\" height=\"124\" srcset=\"https:\/\/uniremunicipios.com.ar\/manual\/wp-content\/uploads\/2024\/11\/Pasted-35.png 410w, https:\/\/uniremunicipios.com.ar\/manual\/wp-content\/uploads\/2024\/11\/Pasted-35-300x124.png 300w\" sizes=\"auto, (max-width: 300px) 100vw, 300px\" \/><\/p>\n<p>MARCO SI ES INFRACTOR-CONDUCTOR O TITULAR REGISTRAL, SI TENGO DATOS DE LOS DOS, CARGO UNO Y LUEGO EL OTRO<\/p>\n<p><img loading=\"lazy\" decoding=\"async\" class=\"wp-image-5497 alignnone size-medium\" src=\"http:\/\/uniremunicipios.com.ar\/manual\/wp-content\/uploads\/2024\/11\/Pasted-36.png\" alt=\"\" width=\"300\" height=\"101\" srcset=\"https:\/\/uniremunicipios.com.ar\/manual\/wp-content\/uploads\/2024\/11\/Pasted-36.png 521w, https:\/\/uniremunicipios.com.ar\/manual\/wp-content\/uploads\/2024\/11\/Pasted-36-300x101.png 300w\" sizes=\"auto, (max-width: 300px) 100vw, 300px\" \/><\/p>\n<p>CARGO EL VEHICULO, PRIMERO BUSCO POR PATENTE, (LOS MUNICIPIOS Y COMUNAS PUEDAN BAJAR DEUDA DE PATENTES DESDE API, ESA INFORMACI\u00d3N VA A LA BASE DE DATOS, POR LO QUE PUEDE SUCEDER QUE DICHA PATENTE EST\u00c9 CARGADA, SI LA ENCUENTRO LA ASOCIO)<\/p>\n<p><img loading=\"lazy\" decoding=\"async\" class=\"wp-image-5498 alignnone size-medium\" src=\"http:\/\/uniremunicipios.com.ar\/manual\/wp-content\/uploads\/2024\/11\/Pasted-37.png\" alt=\"\" width=\"300\" height=\"154\" srcset=\"https:\/\/uniremunicipios.com.ar\/manual\/wp-content\/uploads\/2024\/11\/Pasted-37.png 505w, https:\/\/uniremunicipios.com.ar\/manual\/wp-content\/uploads\/2024\/11\/Pasted-37-300x154.png 300w\" sizes=\"auto, (max-width: 300px) 100vw, 300px\" \/><\/p>\n<p><img loading=\"lazy\" decoding=\"async\" class=\"wp-image-5499 alignnone size-medium\" src=\"http:\/\/uniremunicipios.com.ar\/manual\/wp-content\/uploads\/2024\/11\/Pasted-38.png\" alt=\"\" width=\"300\" height=\"73\" srcset=\"https:\/\/uniremunicipios.com.ar\/manual\/wp-content\/uploads\/2024\/11\/Pasted-38.png 546w, https:\/\/uniremunicipios.com.ar\/manual\/wp-content\/uploads\/2024\/11\/Pasted-38-300x73.png 300w\" sizes=\"auto, (max-width: 300px) 100vw, 300px\" \/><\/p>\n<p>SI NO LA ENCUENTRO DEBO AGREGARLA, COMO M\u00cdNIMO COLOCAR LA PATENTE (DOMINIO)<\/p>\n<p><img loading=\"lazy\" decoding=\"async\" class=\"wp-image-5486 alignnone size-medium\" src=\"http:\/\/uniremunicipios.com.ar\/manual\/wp-content\/uploads\/2024\/11\/image-86.png\" alt=\"\" width=\"300\" height=\"229\" srcset=\"https:\/\/uniremunicipios.com.ar\/manual\/wp-content\/uploads\/2024\/11\/image-86.png 683w, https:\/\/uniremunicipios.com.ar\/manual\/wp-content\/uploads\/2024\/11\/image-86-300x229.png 300w\" sizes=\"auto, (max-width: 300px) 100vw, 300px\" \/><\/p>\n<p>DARLE OK<\/p>\n<p>&nbsp;<\/p>\n<p>&nbsp;<\/p>\n<p>Y LUEGO <img loading=\"lazy\" decoding=\"async\" class=\"wp-image-5501 alignnone size-medium\" src=\"http:\/\/uniremunicipios.com.ar\/manual\/wp-content\/uploads\/2024\/11\/Pasted-39.png\" alt=\"\" width=\"56\" height=\"50\" \/><\/p>\n<p>AGREGAR AL MENOS UN INSPECTOR (PRESIONAR INGRESA)<\/p>\n<p><img loading=\"lazy\" decoding=\"async\" class=\"wp-image-5502 alignnone size-medium\" src=\"http:\/\/uniremunicipios.com.ar\/manual\/wp-content\/uploads\/2024\/11\/Pasted-40.png\" alt=\"\" width=\"300\" height=\"80\" srcset=\"https:\/\/uniremunicipios.com.ar\/manual\/wp-content\/uploads\/2024\/11\/Pasted-40.png 622w, https:\/\/uniremunicipios.com.ar\/manual\/wp-content\/uploads\/2024\/11\/Pasted-40-300x80.png 300w\" sizes=\"auto, (max-width: 300px) 100vw, 300px\" \/><\/p>\n<p>ASOCIAR UNO O LOS QUE CORRESPONDAN (SI TRABAJAN EN EQUIPO)<\/p>\n<p><img loading=\"lazy\" decoding=\"async\" class=\"wp-image-5503 alignnone size-medium\" src=\"http:\/\/uniremunicipios.com.ar\/manual\/wp-content\/uploads\/2024\/11\/Pasted-41.png\" alt=\"\" width=\"300\" height=\"140\" srcset=\"https:\/\/uniremunicipios.com.ar\/manual\/wp-content\/uploads\/2024\/11\/Pasted-41.png 393w, https:\/\/uniremunicipios.com.ar\/manual\/wp-content\/uploads\/2024\/11\/Pasted-41-300x140.png 300w\" sizes=\"auto, (max-width: 300px) 100vw, 300px\" \/><\/p>\n<p>AS\u00cd QUEDA UNA PARTE<\/p>\n<p><img loading=\"lazy\" decoding=\"async\" width=\"637\" height=\"573\" class=\"alignnone wp-image-2002 size-full\" src=\"http:\/\/uniremunicipios.com.ar\/manual\/wp-content\/uploads\/2020\/08\/Pasted-into-CARGA-INFRACCIONES-2.png\" srcset=\"https:\/\/uniremunicipios.com.ar\/manual\/wp-content\/uploads\/2020\/08\/Pasted-into-CARGA-INFRACCIONES-2.png 637w, https:\/\/uniremunicipios.com.ar\/manual\/wp-content\/uploads\/2020\/08\/Pasted-into-CARGA-INFRACCIONES-2-300x270.png 300w\" sizes=\"auto, (max-width: 637px) 100vw, 637px\" \/><\/p>\n<p>AS\u00cd LA OTRA<\/p>\n<p><img loading=\"lazy\" decoding=\"async\" width=\"638\" height=\"577\" class=\"alignnone wp-image-2003 size-full\" src=\"http:\/\/uniremunicipios.com.ar\/manual\/wp-content\/uploads\/2020\/08\/Pasted-into-CARGA-INFRACCIONES-3.png\" srcset=\"https:\/\/uniremunicipios.com.ar\/manual\/wp-content\/uploads\/2020\/08\/Pasted-into-CARGA-INFRACCIONES-3.png 638w, https:\/\/uniremunicipios.com.ar\/manual\/wp-content\/uploads\/2020\/08\/Pasted-into-CARGA-INFRACCIONES-3-300x271.png 300w\" sizes=\"auto, (max-width: 638px) 100vw, 638px\" \/><\/p>\n<p>SI EL VEH\u00cdCULO CORRESPONDE A UNA EMPRESA Y QUIERE AGREGARSE EL DATO DE ESTA, SE PROCEDE DE IGUAL MANERA QUE CON EL INFRACTOR<\/p>\n<p>&nbsp;<\/p>\n<p>FINALMENTE LA INFRACCI\u00d3N QUEDA CARGADA<\/p>\n<p><img loading=\"lazy\" decoding=\"async\" class=\"wp-image-5504 alignnone size-medium\" src=\"http:\/\/uniremunicipios.com.ar\/manual\/wp-content\/uploads\/2024\/11\/Pasted-42.png\" alt=\"\" width=\"300\" height=\"80\" srcset=\"https:\/\/uniremunicipios.com.ar\/manual\/wp-content\/uploads\/2024\/11\/Pasted-42.png 645w, https:\/\/uniremunicipios.com.ar\/manual\/wp-content\/uploads\/2024\/11\/Pasted-42-300x80.png 300w\" sizes=\"auto, (max-width: 300px) 100vw, 300px\" \/><\/p>\n<p>CUANDO SE DEBA CARGAR UN INMUEBLE DEBE PROCEDERSE IGUAL QUE CON EL VEH\u00cdCULO, PERO AL MOMENTO DE SELECCIONARLO SE DEBE REALIZAR DOBLE CLICK Y LUEGO ASOCIA PARA QUE LO TOME (SE BUSCA POR PARTIDA, POR TITULAR, O POR CALLE Y ALTURA)<\/p>\n<p><img loading=\"lazy\" decoding=\"async\" class=\"wp-image-5505 alignnone size-medium\" src=\"http:\/\/uniremunicipios.com.ar\/manual\/wp-content\/uploads\/2024\/11\/Pasted-43.png\" alt=\"\" width=\"300\" height=\"87\" srcset=\"https:\/\/uniremunicipios.com.ar\/manual\/wp-content\/uploads\/2024\/11\/Pasted-43.png 588w, https:\/\/uniremunicipios.com.ar\/manual\/wp-content\/uploads\/2024\/11\/Pasted-43-300x87.png 300w\" sizes=\"auto, (max-width: 300px) 100vw, 300px\" \/><\/p>\n<p>EL INMUEBLE QUEDA ASOCIADO A LA INFRACCI\u00d3N<\/p>\n<p><img loading=\"lazy\" decoding=\"async\" class=\"wp-image-5506 alignnone size-medium\" src=\"http:\/\/uniremunicipios.com.ar\/manual\/wp-content\/uploads\/2024\/11\/Pasted-44.png\" alt=\"\" width=\"300\" height=\"57\" srcset=\"https:\/\/uniremunicipios.com.ar\/manual\/wp-content\/uploads\/2024\/11\/Pasted-44.png 557w, https:\/\/uniremunicipios.com.ar\/manual\/wp-content\/uploads\/2024\/11\/Pasted-44-300x57.png 300w\" sizes=\"auto, (max-width: 300px) 100vw, 300px\" \/><\/p>\n<p>&nbsp;<\/p>\n<h2>VIDEO<\/h2>\n<p><iframe loading=\"lazy\" title=\"Asociar una Imagen a una Infraccion\" width=\"500\" height=\"281\" src=\"https:\/\/www.youtube.com\/embed\/IdYWouJdoZg?feature=oembed\" frameborder=\"0\" allow=\"accelerometer; autoplay; clipboard-write; encrypted-media; gyroscope; picture-in-picture; web-share\" referrerpolicy=\"strict-origin-when-cross-origin\" allowfullscreen><\/iframe><\/p>\n","protected":false},"excerpt":{"rendered":"<p>&nbsp; SELECCIONO EL TIPO DE INFRACCI\u00d3N ME MUESTRA LAS QUE YA EST\u00c1N CARGADAS ACTIVAS, PRESIONO AGREGAR &nbsp; COLOCO EL NRO DE ACTA DE INFRACCI\u00d3N, EL D\u00cdA Y LA HORA EN QUE SE PRODUJO, LUEGO DEBO SELECCIONAR UNA CALLE DE LAS URBANAS (SI CONOZCO EL NUMERO DE LA CALLE LO COLOCO DIRECTAMENTE, SINO PRESIONO AL LADO [&hellip;]<\/p>\n","protected":false},"author":3,"featured_media":0,"parent":100,"menu_order":0,"comment_status":"closed","ping_status":"closed","template":"","meta":{"footnotes":""},"class_list":["post-1999","page","type-page","status-publish","hentry"],"_links":{"self":[{"href":"https:\/\/uniremunicipios.com.ar\/manual\/index.php?rest_route=\/wp\/v2\/pages\/1999","targetHints":{"allow":["GET"]}}],"collection":[{"href":"https:\/\/uniremunicipios.com.ar\/manual\/index.php?rest_route=\/wp\/v2\/pages"}],"about":[{"href":"https:\/\/uniremunicipios.com.ar\/manual\/index.php?rest_route=\/wp\/v2\/types\/page"}],"author":[{"embeddable":true,"href":"https:\/\/uniremunicipios.com.ar\/manual\/index.php?rest_route=\/wp\/v2\/users\/3"}],"replies":[{"embeddable":true,"href":"https:\/\/uniremunicipios.com.ar\/manual\/index.php?rest_route=%2Fwp%2Fv2%2Fcomments&post=1999"}],"version-history":[{"count":5,"href":"https:\/\/uniremunicipios.com.ar\/manual\/index.php?rest_route=\/wp\/v2\/pages\/1999\/revisions"}],"predecessor-version":[{"id":5507,"href":"https:\/\/uniremunicipios.com.ar\/manual\/index.php?rest_route=\/wp\/v2\/pages\/1999\/revisions\/5507"}],"up":[{"embeddable":true,"href":"https:\/\/uniremunicipios.com.ar\/manual\/index.php?rest_route=\/wp\/v2\/pages\/100"}],"wp:attachment":[{"href":"https:\/\/uniremunicipios.com.ar\/manual\/index.php?rest_route=%2Fwp%2Fv2%2Fmedia&parent=1999"}],"curies":[{"name":"wp","href":"https:\/\/api.w.org\/{rel}","templated":true}]}}